{"id":14051,"date":"2022-03-01T11:41:04","date_gmt":"2022-03-01T03:41:04","guid":{"rendered":"https:\/\/www.hydrax.io\/blog\/rfq-trading-gaining-liquidity-access-copy\/"},"modified":"2025-09-15T14:34:07","modified_gmt":"2025-09-15T06:34:07","slug":"hydrax-cms-licence-mas","status":"publish","type":"page","link":"https:\/\/www.hydrax.io\/vn\/blog\/hydrax-cms-licence-mas\/","title":{"rendered":"Hydra X Nh\u1eadn Gi\u1ea5y Ph\u00e9p D\u1ecbch V\u1ee5 Th\u1ecb Tr\u01b0\u1eddng V\u1ed1n t\u1eeb MAS"},"content":{"rendered":"<div data-elementor-type=\"wp-post\" data-elementor-id=\"14051\" class=\"elementor elementor-14051\" data-elementor-post-type=\"page\">\n\t\t\t\t\t\t<section class=\"elementor-section elementor-top-section elementor-element elementor-element-7bd2e7c0 elementor-section-content-top elementor-section-boxed elementor-section-height-default elementor-section-height-default\" data-id=\"7bd2e7c0\" data-element_type=\"section\" data-settings=\"{&quot;background_background&quot;:&quot;classic&quot;,&quot;animation&quot;:&quot;none&quot;}\">\n\t\t\t\t\t\t\t<div class=\"elementor-background-overlay\"><\/div>\n\t\t\t\t\t\t\t<div class=\"elementor-container elementor-column-gap-default\">\n\t\t\t\t\t<div class=\"elementor-column elementor-col-100 elementor-top-column elementor-element elementor-element-d279c4d\" data-id=\"d279c4d\" data-element_type=\"column\">\n\t\t\t<div class=\"elementor-widget-wrap\">\n\t\t\t\t\t\t\t<\/div>\n\t\t<\/div>\n\t\t\t\t\t<\/div>\n\t\t<\/section>\n\t\t\t\t<section class=\"elementor-section elementor-top-section elementor-element elementor-element-7bcd538e elementor-section-boxed elementor-section-height-default elementor-section-height-default\" data-id=\"7bcd538e\" data-element_type=\"section\" data-settings=\"{&quot;background_background&quot;:&quot;classic&quot;}\">\n\t\t\t\t\t\t<div class=\"elementor-container elementor-column-gap-default\">\n\t\t\t\t\t<div class=\"elementor-column elementor-col-100 elementor-top-column elementor-element elementor-element-1cbba6a5\" data-id=\"1cbba6a5\" data-element_type=\"column\">\n\t\t\t<div class=\"elementor-widget-wrap elementor-element-populated\">\n\t\t\t\t\t\t<div class=\"elementor-element elementor-element-65557e37 elementor-widget elementor-widget-heading\" data-id=\"65557e37\" data-element_type=\"widget\" data-widget_type=\"heading.default\">\n\t\t\t\t<div class=\"elementor-widget-container\">\n\t\t\t<h3 class=\"elementor-heading-title elementor-size-default\">Hydra X Nh\u1eadn Gi\u1ea5y Ph\u00e9p D\u1ecbch V\u1ee5 Th\u1ecb Tr\u01b0\u1eddng V\u1ed1n t\u1eeb MAS<\/h3>\t\t<\/div>\n\t\t\t\t<\/div>\n\t\t\t\t<section class=\"elementor-section elementor-inner-section elementor-element elementor-element-032ff6c elementor-section-boxed elementor-section-height-default elementor-section-height-default\" data-id=\"032ff6c\" data-element_type=\"section\">\n\t\t\t\t\t\t<div class=\"elementor-container elementor-column-gap-default\">\n\t\t\t\t\t<div class=\"elementor-column elementor-col-50 elementor-inner-column elementor-element elementor-element-f591468\" data-id=\"f591468\" data-element_type=\"column\">\n\t\t\t<div class=\"elementor-widget-wrap elementor-element-populated\">\n\t\t\t\t\t\t<div class=\"elementor-element elementor-element-177a2162 elementor-widget-tablet__width-inherit elementor-widget elementor-widget-text-editor\" data-id=\"177a2162\" data-element_type=\"widget\" data-widget_type=\"text-editor.default\">\n\t\t\t\t<div class=\"elementor-widget-container\">\n\t\t\t\t\t\t\t<article><div><section class=\"eh ei ej ek el\"><div class=\"n p\"><div class=\"z ab ac ae af em ah ai\"><p id=\"94fc\" class=\"hh hi cl bq hj b hk hl hm hn ho hp hq hr hs ht hu eh\" data-selectable-paragraph=\"\"><time class=\"article-timestamp\" datetime=\"2017-07-21T19:31:04.302Z\" data-type=\"updated\" data-status=\"localized\">2 Th\u00e1ng 3 2022, 5:00 PM SGT<\/time><\/p><\/div><\/div><\/section><\/div><\/article>\t\t\t\t\t\t<\/div>\n\t\t\t\t<\/div>\n\t\t\t\t\t<\/div>\n\t\t<\/div>\n\t\t\t\t<div class=\"elementor-column elementor-col-50 elementor-inner-column elementor-element elementor-element-ad5d138\" data-id=\"ad5d138\" data-element_type=\"column\">\n\t\t\t<div class=\"elementor-widget-wrap\">\n\t\t\t\t\t\t\t<\/div>\n\t\t<\/div>\n\t\t\t\t\t<\/div>\n\t\t<\/section>\n\t\t\t\t<div class=\"elementor-element elementor-element-490d3ff elementor-widget-tablet__width-inherit elementor-widget elementor-widget-text-editor\" data-id=\"490d3ff\" data-element_type=\"widget\" data-widget_type=\"text-editor.default\">\n\t\t\t\t<div class=\"elementor-widget-container\">\n\t\t\t\t\t\t\t<article><p class=\"p1\"><span class=\"s1\"><b>Singapore, 2 Th\u00e1ng 3 2022<\/b> \u2013 <\/span>Hydra X, c\u00f4ng ty c\u00f4ng ngh\u1ec7 t\u00e0i ch\u00ednh c\u00f3 tr\u1ee5 s\u1edf t\u1ea1i Singapore, h\u00f4m nay th\u00f4ng b\u00e1o r\u1eb1ng C\u01a1 quan Ti\u1ec1n t\u1ec7 Singapore (MAS) \u0111\u00e3 ph\u00ea duy\u1ec7t \u0111\u01a1n xin c\u1ea5p gi\u1ea5y ph\u00e9p d\u1ecbch v\u1ee5 th\u1ecb tr\u01b0\u1eddng v\u1ed1n (\u201cCMS\u201d). Gi\u1ea5y ph\u00e9p CMS s\u1ebd cho ph\u00e9p Hydra X tham gia giao d\u1ecbch v\u00e0 cung c\u1ea5p <a href=\"https:\/\/www.hydrax.io\/vn\/services\/custody\/\">d\u1ecbch v\u1ee5 l\u01b0u k\u00fd cho s\u1ea3n ph\u1ea9m th\u1ecb tr\u01b0\u1eddng v\u1ed1n<\/a>, bao g\u1ed3m ch\u1ee9ng kho\u00e1n \u0111\u01b0\u1ee3c token h\u00f3a.<span class=\"Apple-converted-space\">\u00a0<\/span><\/p><p class=\"p1\">V\u1edbi s\u1ef1 ch\u1ea5p thu\u1eadn n\u00e0y, Hydra X c\u0169ng \u0111\u00e3 t\u1ed1t nghi\u1ec7p kh\u1ecfi Sandbox Quy \u0111\u1ecbnh Fintech c\u1ee7a MAS cho vi\u1ec7c cung c\u1ea5p d\u1ecbch v\u1ee5 l\u01b0u k\u00fd sau khi \u0111\u00e3 tu\u00e2n th\u1ee7 c\u00e1c ti\u00eau chu\u1ea9n v\u00e0 \u0111i\u1ec1u ki\u1ec7n c\u1ea5p ph\u00e9p do MAS \u0111\u1eb7t ra. Hydra X l\u00e0 c\u00f4ng ty \u0111\u1ea7u ti\u00ean t\u1ed1t nghi\u1ec7p s\u1edbm kh\u1ecfi Sandbox, tr\u01b0\u1edbc th\u1eddi h\u1ea1n \u0111\u01b0\u1ee3c MAS quy \u0111\u1ecbnh. <span class=\"Apple-converted-space\">\u00a0<\/span><\/p><p class=\"p1\">\u201cVi\u1ec7c cung c\u1ea5p c\u00e1c d\u1ecbch v\u1ee5 t\u00e0i ch\u00ednh \u0111\u1ed9c l\u1eadp, tu\u00e2n th\u1ee7 quy \u0111\u1ecbnh l\u00e0 n\u1ec1n t\u1ea3ng c\u1ea7n thi\u1ebft cho s\u1ef1 ph\u00e1t tri\u1ec3n b\u1ec1n v\u1eefng c\u1ee7a h\u1ec7 sinh th\u00e1i t\u00e0i s\u1ea3n s\u1ed1. Gi\u1ea5y ph\u00e9p n\u00e0y s\u1ebd m\u1edf r\u1ed9ng ph\u1ea1m vi d\u1ecbch v\u1ee5 m\u00e0 ch\u00fang t\u00f4i c\u00f3 th\u1ec3 cung c\u1ea5p cho kh\u00e1ch h\u00e0ng \u0111ang t\u00ecm c\u00e1ch khai th\u00e1c gi\u00e1 tr\u1ecb t\u00e0i s\u1ea3n c\u1ee7a h\u1ecd th\u00f4ng qua token h\u00f3a. \u0110\u1ed3ng th\u1eddi, vi\u1ec7c cung c\u1ea5p quy\u1ec1n truy c\u1eadp v\u00e0o c\u00e1c d\u1ecbch v\u1ee5 l\u01b0u k\u00fd tu\u00e2n th\u1ee7 quy \u0111\u1ecbnh c\u0169ng r\u1ea5t quan tr\u1ecdng \u0111\u1ec3 th\u00fac \u0111\u1ea9y ni\u1ec1m tin trong h\u1ec7 sinh th\u00e1i t\u00e0i s\u1ea3n s\u1ed1 \u0111ang ph\u00e1t tri\u1ec3n.<span class=\"Apple-converted-space\">\u00a0<\/span><\/p><p class=\"p1\">S\u1ef1 h\u1ed7 tr\u1ee3 v\u1ec1 quy \u0111\u1ecbnh \u0111\u01b0\u1ee3c MAS cung c\u1ea5p th\u00f4ng qua khung sandbox c\u0169ng \u0111\u00e3 \u0111\u00f3ng vai tr\u00f2 quan tr\u1ecdng trong vi\u1ec7c t\u1ea1o \u0111i\u1ec1u ki\u1ec7n cho s\u1ef1 ph\u00e1t tri\u1ec3n n\u00e0y. N\u00f3 \u0111\u00e3 cho ph\u00e9p ch\u00fang t\u00f4i th\u01b0\u01a1ng m\u1ea1i h\u00f3a c\u00f4ng ngh\u1ec7 c\u1ee7a m\u00ecnh trong m\u1ed9t m\u00f4i tr\u01b0\u1eddng th\u1ef1c t\u1ebf v\u1edbi t\u01b0 c\u00e1ch l\u00e0 m\u1ed9t trong nh\u1eefng \u0111\u01a1n v\u1ecb ti\u00ean phong trong l\u0129nh v\u1ef1c n\u00e0y, \u0111\u1ed3ng th\u1eddi cung c\u1ea5p s\u1ef1 gi\u00e1m s\u00e1t quy \u0111\u1ecbnh \u0111\u1ea7y \u0111\u1ee7 \u0111\u1ec3 khuy\u1ebfn kh\u00edch s\u1ef1 ch\u1ea5p nh\u1eadn t\u1eeb c\u00e1c kh\u00e1ch h\u00e0ng t\u1ed5 ch\u1ee9c.<span class=\"Apple-converted-space\">\u00a0<\/span><\/p><p class=\"p1\">\u201cCh\u00fang t\u00f4i ti\u1ebfp t\u1ee5c nh\u1eadn th\u1ea5y s\u1ef1 quan t\u00e2m ng\u00e0y c\u00e0ng t\u0103ng trong l\u0129nh v\u1ef1c s\u1ed1 h\u00f3a t\u00e0i s\u1ea3n v\u00e0 k\u1ef3 v\u1ecdng s\u1ebd \u0111\u00f3ng vai tr\u00f2 l\u1edbn h\u01a1n trong s\u1ef1 ph\u00e1t tri\u1ec3n c\u1ee7a th\u1ecb tr\u01b0\u1eddng t\u00e0i ch\u00ednh hi\u1ec7n \u0111\u1ea1i,\u201d \u00f4ng Daryl Low, CEO c\u1ee7a Hydra X, cho bi\u1ebft.<span class=\"Apple-converted-space\">\u00a0<\/span><\/p><p class=\"p1\">\u00d4ng Sopnendu Mohanty, Gi\u00e1m \u0111\u1ed1c FinTech c\u1ee7a MAS, cho bi\u1ebft: \"C\u00e1c d\u1ecbch v\u1ee5 t\u00e0i s\u1ea3n s\u1ed1 \u0111ang n\u1ed5i l\u00ean tr\u00ean to\u00e0n chu\u1ed7i gi\u00e1 tr\u1ecb th\u1ecb tr\u01b0\u1eddng v\u1ed1n \u0111\u1ec3 \u0111\u00e1p \u1ee9ng nhu c\u1ea7u ng\u00e0y c\u00e0ng t\u0103ng. Ch\u00fang t\u00f4i r\u1ea5t vui m\u1eebng v\u00ec sandbox quy \u0111\u1ecbnh \u0111\u00e3 cho ph\u00e9p Hydra X ki\u1ec3m ch\u1ee9ng gi\u1ea3i ph\u00e1p l\u01b0u k\u00fd t\u00e0i s\u1ea3n s\u1ed1 cho m\u1ed9t lo\u1ea1i t\u00e0i s\u1ea3n m\u1edbi n\u1ed5i, v\u00e0 xin ch\u00fac m\u1eebng Hydra X \u0111\u00e3 t\u1ed1t nghi\u1ec7p s\u1edbm kh\u1ecfi sandbox. MAS s\u1ebd ti\u1ebfp t\u1ee5c h\u1ee3p t\u00e1c v\u1edbi ng\u00e0nh v\u00e0 h\u1ed7 tr\u1ee3 th\u1eed nghi\u1ec7m c\u00e1c d\u1ecbch v\u1ee5 t\u00e0i ch\u00ednh s\u00e1ng t\u1ea1o t\u1ea1i Singapore.\"<\/p><p class=\"p1\">\u0110\u1ec3 bi\u1ebft th\u00eam th\u00f4ng tin, vui l\u00f2ng truy c\u1eadp trang web c\u1ee7a Hydra X <a href=\"https:\/\/www.hydrax.io\/vn\/\"><span class=\"s2\">www.hydrax.io<\/span><\/a>.<\/p><\/article><p>-H\u1ebeT-<\/p><h6>\u00a0<\/h6><h6 class=\"p1\"><b>Li\u00ean h\u1ec7 Truy\u1ec1n th\u00f4ng<span class=\"Apple-converted-space\">\u00a0<\/span><\/b><\/h6><p class=\"p1\">Trina GAN<\/p><p class=\"p1\"><a href=\"mailto:trina@hydrax.io\">trina@hydrax.io<\/a><\/p><h6>\u00a0<\/h6><h6 class=\"p1\"><b>V\u1ec1 Hydra X<\/b><\/h6><p class=\"p1\">Hydra X l\u00e0 m\u1ed9t n\u1ec1n t\u1ea3ng t\u00edch h\u1ee3p tu\u00e2n th\u1ee7 quy \u0111\u1ecbnh, cho ph\u00e9p truy c\u1eadp v\u00e0o h\u1ec7 sinh th\u00e1i t\u00e0i ch\u00ednh \u0111\u01b0\u1ee3c token h\u00f3a. N\u1ec1n t\u1ea3ng n\u00e0y cung c\u1ea5p c\u01a1 s\u1edf h\u1ea1 t\u1ea7ng \u0111\u1ea7u-cu\u1ed1i cho vi\u1ec7c giao d\u1ecbch t\u00e0i s\u1ea3n token h\u00f3a, gi\u00fap doanh nghi\u1ec7p v\u00e0 kh\u00e1ch h\u00e0ng t\u1ed5 ch\u1ee9c \u00e1p d\u1ee5ng v\u00e0 m\u1edf r\u1ed9ng trong th\u1ecb tr\u01b0\u1eddng v\u1ed1n s\u1ed1. \u0110\u1ee9ng \u0111\u1ea7u l\u00e0 CEO s\u00e1ng l\u1eadp Daryl Low, \u0111\u1ed9i ng\u0169 qu\u1ea3n l\u00fd c\u1ee7a Hydra X c\u00f3 h\u01a1n 60 n\u0103m kinh nghi\u1ec7m trong t\u00e0i ch\u00ednh, qu\u1ea3n l\u00fd t\u00e0i ch\u00ednh, ph\u00e1p lu\u1eadt v\u00e0 c\u00f4ng ngh\u1ec7. T\u00ecm hi\u1ec3u th\u00eam v\u1ec1 Hydra X t\u1ea1i <span class=\"s1\"><a href=\"https:\/\/www.hydrax.io\/vn\/\">www.hydrax.io<\/a>.<\/span><\/p>\t\t\t\t\t\t<\/div>\n\t\t\t\t<\/div>\n\t\t\t\t<div class=\"elementor-element elementor-element-751e02a elementor-widget-divider--view-line elementor-widget elementor-widget-divider\" data-id=\"751e02a\" data-element_type=\"widget\" data-widget_type=\"divider.default\">\n\t\t\t\t<div class=\"elementor-widget-container\">\n\t\t\t\t\t<div class=\"elementor-divider\">\n\t\t\t<span class=\"elementor-divider-separator\">\n\t\t\t\t\t\t<\/span>\n\t\t<\/div>\n\t\t\t\t<\/div>\n\t\t\t\t<\/div>\n\t\t\t\t<div class=\"elementor-element elementor-element-ba27c05 elementor-align-right elementor-widget elementor-widget-button\" data-id=\"ba27c05\" data-element_type=\"widget\" data-widget_type=\"button.default\">\n\t\t\t\t<div class=\"elementor-widget-container\">\n\t\t\t\t\t<div class=\"elementor-button-wrapper\">\n\t\t\t<a class=\"elementor-button elementor-button-link elementor-size-sm\" href=\"https:\/\/www.hydrax.io\/vn\/blog\/\">\n\t\t\t\t\t\t<span class=\"elementor-button-content-wrapper\">\n\t\t\t\t\t\t<span class=\"elementor-button-icon\">\n\t\t\t\t<i aria-hidden=\"true\" class=\"fas fa-angle-left\"><\/i>\t\t\t<\/span>\n\t\t\t\t\t\t\t\t\t<span class=\"elementor-button-text\">QUAY L\u1ea0I BLOG<\/span>\n\t\t\t\t\t<\/span>\n\t\t\t\t\t<\/a>\n\t\t<\/div>\n\t\t\t\t<\/div>\n\t\t\t\t<\/div>\n\t\t\t\t\t<\/div>\n\t\t<\/div>\n\t\t\t\t\t<\/div>\n\t\t<\/section>\n\t\t\t\t<\/div>","protected":false},"excerpt":{"rendered":"<p>Hydra X Receives Capital Markets Services Licence from MAS 2 March 2022, 5:00 PM SGT Singapore, 2 March 2022 \u2013 Singapore-headquartered financial technology company Hydra X today announced that the Monetary Authority of Singapore (MAS) has approved its application for a capital markets services (\u201cCMS\u201d) licence. The CMS licence will allow Hydra X to deal [&hellip;]<\/p>","protected":false},"author":4,"featured_media":14069,"parent":1158,"menu_order":0,"comment_status":"closed","ping_status":"closed","template":"","meta":{"_monsterinsights_skip_tracking":false,"_monsterinsights_sitenote_active":false,"_monsterinsights_sitenote_note":"","_monsterinsights_sitenote_category":0,"footnotes":""},"class_list":["post-14051","page","type-page","status-publish","has-post-thumbnail","hentry"],"yoast_head":"<!-- This site is optimized with the Yoast SEO plugin v23.6 - https:\/\/yoast.com\/wordpress\/plugins\/seo\/ -->\n<title>Hydra X Receives Capital Markets Services Licence from MAS<\/title>\n<meta name=\"description\" content=\"Monetary Authority of Singapore (MAS) has approved Hydra X&#039;s application for a capital markets services (\u201cCMS\u201d) licence.\" \/>\n<meta name=\"robots\" content=\"index, follow, max-snippet:-1, max-image-preview:large, max-video-preview:-1\" \/>\n<link rel=\"canonical\" href=\"https:\/\/www.hydrax.io\/vn\/blog\/hydrax-cms-licence-mas\/\" \/>\n<meta property=\"og:locale\" content=\"vi_VN\" \/>\n<meta property=\"og:type\" content=\"article\" \/>\n<meta property=\"og:title\" content=\"Hydra X Receives Capital Markets Services Licence from MAS\" \/>\n<meta property=\"og:description\" content=\"Monetary Authority of Singapore (MAS) has approved Hydra X&#039;s application for a capital markets services (\u201cCMS\u201d) licence.\" \/>\n<meta property=\"og:url\" content=\"https:\/\/www.hydrax.io\/vn\/blog\/hydrax-cms-licence-mas\/\" \/>\n<meta property=\"og:site_name\" content=\"Hydra X\" \/>\n<meta property=\"article:modified_time\" content=\"2025-09-15T06:34:07+00:00\" \/>\n<meta property=\"og:image\" content=\"https:\/\/www.hydrax.io\/wp-content\/uploads\/2022\/03\/MAS-CMS-Licence.jpg\" \/>\n\t<meta property=\"og:image:width\" content=\"500\" \/>\n\t<meta property=\"og:image:height\" content=\"281\" \/>\n\t<meta property=\"og:image:type\" content=\"image\/jpeg\" \/>\n<meta name=\"twitter:card\" content=\"summary_large_image\" \/>\n<meta name=\"twitter:label1\" content=\"\u01af\u1edbc t\u00ednh th\u1eddi gian \u0111\u1ecdc\" \/>\n\t<meta name=\"twitter:data1\" content=\"2 ph\u00fat\" \/>\n<script type=\"application\/ld+json\" class=\"yoast-schema-graph\">{\"@context\":\"https:\/\/schema.org\",\"@graph\":[{\"@type\":\"WebPage\",\"@id\":\"https:\/\/www.hydrax.io\/blog\/hydrax-cms-licence-mas\/\",\"url\":\"https:\/\/www.hydrax.io\/blog\/hydrax-cms-licence-mas\/\",\"name\":\"Hydra X Receives Capital Markets Services Licence from MAS\",\"isPartOf\":{\"@id\":\"https:\/\/www.hydrax.io\/#website\"},\"primaryImageOfPage\":{\"@id\":\"https:\/\/www.hydrax.io\/blog\/hydrax-cms-licence-mas\/#primaryimage\"},\"image\":{\"@id\":\"https:\/\/www.hydrax.io\/blog\/hydrax-cms-licence-mas\/#primaryimage\"},\"thumbnailUrl\":\"https:\/\/www.hydrax.io\/wp-content\/uploads\/2022\/03\/MAS-CMS-Licence.jpg\",\"datePublished\":\"2022-03-01T03:41:04+00:00\",\"dateModified\":\"2025-09-15T06:34:07+00:00\",\"description\":\"Monetary Authority of Singapore (MAS) has approved Hydra X's application for a capital markets services (\u201cCMS\u201d) licence.\",\"breadcrumb\":{\"@id\":\"https:\/\/www.hydrax.io\/blog\/hydrax-cms-licence-mas\/#breadcrumb\"},\"inLanguage\":\"vi\",\"potentialAction\":[{\"@type\":\"ReadAction\",\"target\":[\"https:\/\/www.hydrax.io\/blog\/hydrax-cms-licence-mas\/\"]}]},{\"@type\":\"ImageObject\",\"inLanguage\":\"vi\",\"@id\":\"https:\/\/www.hydrax.io\/blog\/hydrax-cms-licence-mas\/#primaryimage\",\"url\":\"https:\/\/www.hydrax.io\/wp-content\/uploads\/2022\/03\/MAS-CMS-Licence.jpg\",\"contentUrl\":\"https:\/\/www.hydrax.io\/wp-content\/uploads\/2022\/03\/MAS-CMS-Licence.jpg\",\"width\":500,\"height\":281,\"caption\":\"MAS CMS Licence Singapore Hydra X\"},{\"@type\":\"BreadcrumbList\",\"@id\":\"https:\/\/www.hydrax.io\/blog\/hydrax-cms-licence-mas\/#breadcrumb\",\"itemListElement\":[{\"@type\":\"ListItem\",\"position\":1,\"name\":\"Home\",\"item\":\"https:\/\/www.hydrax.io\/\"},{\"@type\":\"ListItem\",\"position\":2,\"name\":\"HydraX Blog\",\"item\":\"https:\/\/www.hydrax.io\/blog\/\"},{\"@type\":\"ListItem\",\"position\":3,\"name\":\"Hydra X Receives Capital Markets Services Licence from MAS\"}]},{\"@type\":\"WebSite\",\"@id\":\"https:\/\/www.hydrax.io\/#website\",\"url\":\"https:\/\/www.hydrax.io\/\",\"name\":\"Hydra X\",\"description\":\"Professional Trading Technology\",\"publisher\":{\"@id\":\"https:\/\/www.hydrax.io\/#organization\"},\"potentialAction\":[{\"@type\":\"SearchAction\",\"target\":{\"@type\":\"EntryPoint\",\"urlTemplate\":\"https:\/\/www.hydrax.io\/?s={search_term_string}\"},\"query-input\":{\"@type\":\"PropertyValueSpecification\",\"valueRequired\":true,\"valueName\":\"search_term_string\"}}],\"inLanguage\":\"vi\"},{\"@type\":\"Organization\",\"@id\":\"https:\/\/www.hydrax.io\/#organization\",\"name\":\"Hydra X\",\"url\":\"https:\/\/www.hydrax.io\/\",\"logo\":{\"@type\":\"ImageObject\",\"inLanguage\":\"vi\",\"@id\":\"https:\/\/www.hydrax.io\/#\/schema\/logo\/image\/\",\"url\":\"https:\/\/www.hydrax.io\/wp-content\/uploads\/2019\/10\/Hydra-X-Logo-Blue.png\",\"contentUrl\":\"https:\/\/www.hydrax.io\/wp-content\/uploads\/2019\/10\/Hydra-X-Logo-Blue.png\",\"width\":1052,\"height\":849,\"caption\":\"Hydra X\"},\"image\":{\"@id\":\"https:\/\/www.hydrax.io\/#\/schema\/logo\/image\/\"}}]}<\/script>\n<!-- \/ Yoast SEO plugin. -->","yoast_head_json":{"title":"Hydra X Nh\u1eadn Gi\u1ea5y Ph\u00e9p D\u1ecbch V\u1ee5 Th\u1ecb Tr\u01b0\u1eddng V\u1ed1n t\u1eeb MAS","description":"Monetary Authority of Singapore (MAS) has approved Hydra X's application for a capital markets services (\u201cCMS\u201d) licence.","robots":{"index":"index","follow":"follow","max-snippet":"max-snippet:-1","max-image-preview":"max-image-preview:large","max-video-preview":"max-video-preview:-1"},"canonical":"https:\/\/www.hydrax.io\/vn\/blog\/hydrax-cms-licence-mas\/","og_locale":"vi_VN","og_type":"article","og_title":"Hydra X Receives Capital Markets Services Licence from MAS","og_description":"Monetary Authority of Singapore (MAS) has approved Hydra X's application for a capital markets services (\u201cCMS\u201d) licence.","og_url":"https:\/\/www.hydrax.io\/vn\/blog\/hydrax-cms-licence-mas\/","og_site_name":"Hydra X","article_modified_time":"2025-09-15T06:34:07+00:00","og_image":[{"width":500,"height":281,"url":"https:\/\/www.hydrax.io\/wp-content\/uploads\/2022\/03\/MAS-CMS-Licence.jpg","type":"image\/jpeg"}],"twitter_card":"summary_large_image","twitter_misc":{"\u01af\u1edbc t\u00ednh th\u1eddi gian \u0111\u1ecdc":"2 ph\u00fat"},"schema":{"@context":"https:\/\/schema.org","@graph":[{"@type":"WebPage","@id":"https:\/\/www.hydrax.io\/blog\/hydrax-cms-licence-mas\/","url":"https:\/\/www.hydrax.io\/blog\/hydrax-cms-licence-mas\/","name":"Hydra X Nh\u1eadn Gi\u1ea5y Ph\u00e9p D\u1ecbch V\u1ee5 Th\u1ecb Tr\u01b0\u1eddng V\u1ed1n t\u1eeb MAS","isPartOf":{"@id":"https:\/\/www.hydrax.io\/#website"},"primaryImageOfPage":{"@id":"https:\/\/www.hydrax.io\/blog\/hydrax-cms-licence-mas\/#primaryimage"},"image":{"@id":"https:\/\/www.hydrax.io\/blog\/hydrax-cms-licence-mas\/#primaryimage"},"thumbnailUrl":"https:\/\/www.hydrax.io\/wp-content\/uploads\/2022\/03\/MAS-CMS-Licence.jpg","datePublished":"2022-03-01T03:41:04+00:00","dateModified":"2025-09-15T06:34:07+00:00","description":"Monetary Authority of Singapore (MAS) has approved Hydra X's application for a capital markets services (\u201cCMS\u201d) licence.","breadcrumb":{"@id":"https:\/\/www.hydrax.io\/blog\/hydrax-cms-licence-mas\/#breadcrumb"},"inLanguage":"vi","potentialAction":[{"@type":"ReadAction","target":["https:\/\/www.hydrax.io\/blog\/hydrax-cms-licence-mas\/"]}]},{"@type":"ImageObject","inLanguage":"vi","@id":"https:\/\/www.hydrax.io\/blog\/hydrax-cms-licence-mas\/#primaryimage","url":"https:\/\/www.hydrax.io\/wp-content\/uploads\/2022\/03\/MAS-CMS-Licence.jpg","contentUrl":"https:\/\/www.hydrax.io\/wp-content\/uploads\/2022\/03\/MAS-CMS-Licence.jpg","width":500,"height":281,"caption":"MAS CMS Licence Singapore Hydra X"},{"@type":"BreadcrumbList","@id":"https:\/\/www.hydrax.io\/blog\/hydrax-cms-licence-mas\/#breadcrumb","itemListElement":[{"@type":"ListItem","position":1,"name":"Home","item":"https:\/\/www.hydrax.io\/"},{"@type":"ListItem","position":2,"name":"HydraX Blog","item":"https:\/\/www.hydrax.io\/blog\/"},{"@type":"ListItem","position":3,"name":"Hydra X Receives Capital Markets Services Licence from MAS"}]},{"@type":"WebSite","@id":"https:\/\/www.hydrax.io\/#website","url":"https:\/\/www.hydrax.io\/","name":"Hydra X","description":"Professional Trading Technology","publisher":{"@id":"https:\/\/www.hydrax.io\/#organization"},"potentialAction":[{"@type":"SearchAction","target":{"@type":"EntryPoint","urlTemplate":"https:\/\/www.hydrax.io\/?s={search_term_string}"},"query-input":{"@type":"PropertyValueSpecification","valueRequired":true,"valueName":"search_term_string"}}],"inLanguage":"vi"},{"@type":"Organization","@id":"https:\/\/www.hydrax.io\/#organization","name":"Hydra X","url":"https:\/\/www.hydrax.io\/","logo":{"@type":"ImageObject","inLanguage":"vi","@id":"https:\/\/www.hydrax.io\/#\/schema\/logo\/image\/","url":"https:\/\/www.hydrax.io\/wp-content\/uploads\/2019\/10\/Hydra-X-Logo-Blue.png","contentUrl":"https:\/\/www.hydrax.io\/wp-content\/uploads\/2019\/10\/Hydra-X-Logo-Blue.png","width":1052,"height":849,"caption":"Hydra X"},"image":{"@id":"https:\/\/www.hydrax.io\/#\/schema\/logo\/image\/"}}]}},"_links":{"self":[{"href":"https:\/\/www.hydrax.io\/vn\/wp-json\/wp\/v2\/pages\/14051"}],"collection":[{"href":"https:\/\/www.hydrax.io\/vn\/wp-json\/wp\/v2\/pages"}],"about":[{"href":"https:\/\/www.hydrax.io\/vn\/wp-json\/wp\/v2\/types\/page"}],"author":[{"embeddable":true,"href":"https:\/\/www.hydrax.io\/vn\/wp-json\/wp\/v2\/users\/4"}],"replies":[{"embeddable":true,"href":"https:\/\/www.hydrax.io\/vn\/wp-json\/wp\/v2\/comments?post=14051"}],"version-history":[{"count":24,"href":"https:\/\/www.hydrax.io\/vn\/wp-json\/wp\/v2\/pages\/14051\/revisions"}],"predecessor-version":[{"id":25187,"href":"https:\/\/www.hydrax.io\/vn\/wp-json\/wp\/v2\/pages\/14051\/revisions\/25187"}],"up":[{"embeddable":true,"href":"https:\/\/www.hydrax.io\/vn\/wp-json\/wp\/v2\/pages\/1158"}],"wp:featuredmedia":[{"embeddable":true,"href":"https:\/\/www.hydrax.io\/vn\/wp-json\/wp\/v2\/media\/14069"}],"wp:attachment":[{"href":"https:\/\/www.hydrax.io\/vn\/wp-json\/wp\/v2\/media?parent=14051"}],"curies":[{"name":"wp","href":"https:\/\/api.w.org\/{rel}","templated":true}]}}