{"id":14146,"date":"2022-05-04T14:00:39","date_gmt":"2022-05-04T06:00:39","guid":{"rendered":"https:\/\/www.hydrax.io\/blog\/hydrax-cms-licence-mas-copy\/"},"modified":"2025-09-15T14:32:35","modified_gmt":"2025-09-15T06:32:35","slug":"hydrax-wir-cooperation","status":"publish","type":"page","link":"https:\/\/www.hydrax.io\/vn\/blog\/hydrax-wir-cooperation\/","title":{"rendered":"Hydra X &#038; WIR Group Announce Cooperation to Bring Digital Capital Markets to the WIR Ecosystem"},"content":{"rendered":"<div data-elementor-type=\"wp-post\" data-elementor-id=\"14146\" class=\"elementor elementor-14146\" data-elementor-post-type=\"page\">\n\t\t\t\t\t\t<section class=\"elementor-section elementor-top-section elementor-element elementor-element-7bd2e7c0 elementor-section-content-top elementor-section-boxed elementor-section-height-default elementor-section-height-default\" data-id=\"7bd2e7c0\" data-element_type=\"section\" data-settings=\"{&quot;background_background&quot;:&quot;classic&quot;,&quot;animation&quot;:&quot;none&quot;}\">\n\t\t\t\t\t\t\t<div class=\"elementor-background-overlay\"><\/div>\n\t\t\t\t\t\t\t<div class=\"elementor-container elementor-column-gap-default\">\n\t\t\t\t\t<div class=\"elementor-column elementor-col-100 elementor-top-column elementor-element elementor-element-d279c4d\" data-id=\"d279c4d\" data-element_type=\"column\">\n\t\t\t<div class=\"elementor-widget-wrap\">\n\t\t\t\t\t\t\t<\/div>\n\t\t<\/div>\n\t\t\t\t\t<\/div>\n\t\t<\/section>\n\t\t\t\t<section class=\"elementor-section elementor-top-section elementor-element elementor-element-7bcd538e elementor-section-boxed elementor-section-height-default elementor-section-height-default\" data-id=\"7bcd538e\" data-element_type=\"section\" data-settings=\"{&quot;background_background&quot;:&quot;classic&quot;}\">\n\t\t\t\t\t\t<div class=\"elementor-container elementor-column-gap-default\">\n\t\t\t\t\t<div class=\"elementor-column elementor-col-100 elementor-top-column elementor-element elementor-element-1cbba6a5\" data-id=\"1cbba6a5\" data-element_type=\"column\">\n\t\t\t<div class=\"elementor-widget-wrap elementor-element-populated\">\n\t\t\t\t\t\t<div class=\"elementor-element elementor-element-65557e37 elementor-widget elementor-widget-heading\" data-id=\"65557e37\" data-element_type=\"widget\" data-widget_type=\"heading.default\">\n\t\t\t\t<div class=\"elementor-widget-container\">\n\t\t\t<h3 class=\"elementor-heading-title elementor-size-default\">Hydra X &amp; WIR Group C\u00f4ng B\u1ed1 H\u1ee3p T\u00e1c \u0110\u01b0a Th\u1ecb Tr\u01b0\u1eddng V\u1ed1n S\u1ed1 V\u00e0o H\u1ec7 Sinh Th\u00e1i WIR<\/h3>\t\t<\/div>\n\t\t\t\t<\/div>\n\t\t\t\t<section class=\"elementor-section elementor-inner-section elementor-element elementor-element-032ff6c elementor-section-boxed elementor-section-height-default elementor-section-height-default\" data-id=\"032ff6c\" data-element_type=\"section\">\n\t\t\t\t\t\t<div class=\"elementor-container elementor-column-gap-default\">\n\t\t\t\t\t<div class=\"elementor-column elementor-col-50 elementor-inner-column elementor-element elementor-element-f591468\" data-id=\"f591468\" data-element_type=\"column\">\n\t\t\t<div class=\"elementor-widget-wrap elementor-element-populated\">\n\t\t\t\t\t\t<div class=\"elementor-element elementor-element-177a2162 elementor-widget-tablet__width-inherit elementor-widget elementor-widget-text-editor\" data-id=\"177a2162\" data-element_type=\"widget\" data-widget_type=\"text-editor.default\">\n\t\t\t\t<div class=\"elementor-widget-container\">\n\t\t\t\t\t\t\t<article><div><section class=\"eh ei ej ek el\"><div class=\"n p\"><div class=\"z ab ac ae af em ah ai\"><p id=\"94fc\" class=\"hh hi cl bq hj b hk hl hm hn ho hp hq hr hs ht hu eh\" data-selectable-paragraph=\"\"><time class=\"article-timestamp\" datetime=\"2017-07-21T19:31:04.302Z\" data-type=\"updated\" data-status=\"localized\">4 Th\u00e1ng 5 2022, 2:00 PM SGT<\/time><\/p><\/div><\/div><\/section><\/div><\/article>\t\t\t\t\t\t<\/div>\n\t\t\t\t<\/div>\n\t\t\t\t\t<\/div>\n\t\t<\/div>\n\t\t\t\t<div class=\"elementor-column elementor-col-50 elementor-inner-column elementor-element elementor-element-ad5d138\" data-id=\"ad5d138\" data-element_type=\"column\">\n\t\t\t<div class=\"elementor-widget-wrap\">\n\t\t\t\t\t\t\t<\/div>\n\t\t<\/div>\n\t\t\t\t\t<\/div>\n\t\t<\/section>\n\t\t\t\t<div class=\"elementor-element elementor-element-490d3ff elementor-widget-tablet__width-inherit elementor-widget elementor-widget-text-editor\" data-id=\"490d3ff\" data-element_type=\"widget\" data-widget_type=\"text-editor.default\">\n\t\t\t\t<div class=\"elementor-widget-container\">\n\t\t\t\t\t\t\t<article><p><b>Singapore, 4 Th\u00e1ng 5 2022<\/b> \u2013 Hydra X, m\u1ed9t startup fintech c\u00f3 tr\u1ee5 s\u1edf t\u1ea1i Singapore chuy\u00ean cung c\u1ea5p c\u00f4ng ngh\u1ec7 th\u1ecb tr\u01b0\u1eddng d\u1ef1a tr\u00ean blockchain cho c\u00e1c t\u1ed5 ch\u1ee9c t\u00e0i ch\u00ednh, v\u00e0 WIR Group, m\u1ed9t c\u00f4ng ty ni\u00eam y\u1ebft tr\u00ean S\u1edf Giao d\u1ecbch Ch\u1ee9ng kho\u00e1n Indonesia t\u1eadp trung v\u00e0o c\u00f4ng ngh\u1ec7 th\u1ef1c t\u1ebf t\u0103ng c\u01b0\u1eddng (AR) v\u00e0 th\u1ef1c t\u1ebf \u1ea3o (VR), \u0111\u00e3 k\u00fd k\u1ebft bi\u00ean b\u1ea3n ghi nh\u1edb (MoU) v\u1ec1 h\u1ee3p t\u00e1c chi\u1ebfn l\u01b0\u1ee3c t\u1ea1i Indonesia. Hai b\u00ean \u0111\u1eb7t m\u1ee5c ti\u00eau c\u00f9ng ph\u00e1t tri\u1ec3n v\u00e0 th\u00fac \u0111\u1ea9y d\u1ecbch v\u1ee5 ng\u00e2n h\u00e0ng s\u1ed1 t\u00edch h\u1ee3p, n\u1ec1n t\u1ea3ng\u00a0<a href=\"https:\/\/www.hydrax.io\/vn\/enterprise-solutions\/\" target=\"_blank\" rel=\"noopener\">s\u00e0n giao d\u1ecbch<\/a>\u00a0v\u00e0\u00a0<a href=\"https:\/\/www.hydrax.io\/vn\/custody-solution\/\" target=\"_blank\" rel=\"noopener\">l\u01b0u k\u00fd<\/a>\u00a0t\u1ea1i Indonesia, nh\u1eb1m mang \u0111\u1ebfn cho ng\u01b0\u1eddi d\u00f9ng kh\u1ea3 n\u0103ng ti\u1ebfp c\u1eadn t\u00e0i s\u1ea3n s\u1ed1.<\/p><p><span style=\"font-family: var( --e-global-typography-text-font-family ); font-weight: var( --e-global-typography-text-font-weight ); letter-spacing: 0.3px;\">L\u00e0 nh\u1eefng doanh nghi\u1ec7p h\u00e0ng \u0111\u1ea7u trong ng\u00e0nh c\u00f4ng nghi\u1ec7p s\u1ed1, s\u1ef1 h\u1ee3p t\u00e1c chi\u1ebfn l\u01b0\u1ee3c n\u00e0y s\u1ebd t\u1eadn d\u1ee5ng th\u1ebf m\u1ea1nh c\u1ee7a h\u1ecd v\u00e0 cho ph\u00e9p hai c\u00f4ng ty c\u00f9ng h\u1ee3p t\u00e1c trong c\u00e1c \u0111\u1ed5i m\u1edbi, bao g\u1ed3m \u1ee9ng d\u1ee5ng c\u00f4ng ngh\u1ec7 t\u00e0i ch\u00ednh tu\u00e2n th\u1ee7 quy \u0111\u1ecbnh cho kh\u00e1ch h\u00e0ng t\u1ea1i Indonesia. N\u1ec1n t\u1ea3ng ng\u00e2n h\u00e0ng s\u1ed1 n\u00e0y s\u1ebd c\u00f3 th\u1ec3 truy c\u1eadp th\u00f4ng qua metaverse c\u1ee7a WIR. Nh\u01b0 m\u1ed9t ph\u1ea7n trong k\u1ebf ho\u1ea1ch x\u00e2y d\u1ef1ng h\u1ec7 sinh th\u00e1i d\u1ecbch v\u1ee5 t\u00e0i ch\u00ednh s\u1ed1, WIR Group c\u0169ng \u0111\u00e3 c\u00f4ng b\u1ed1 c\u00e1c MoU h\u1ee3p t\u00e1c li\u00ean ng\u00e0nh \u0111\u1ec3 tham gia v\u00e0o metaverse WIR, bao g\u1ed3m Ng\u00e2n h\u00e0ng Rakyat Indonesia, Ng\u00e2n h\u00e0ng Mandiri v\u00e0 Ng\u00e2n h\u00e0ng Negara Indonesia. MoU \u0111\u01b0\u1ee3c k\u00fd k\u1ebft b\u1edfi Daryl Low, CEO c\u1ee7a Hydra X, v\u00e0 Michael Budi, T\u1ed5ng Gi\u00e1m \u0111\u1ed1c c\u1ee7a WIR Group.<\/span><\/p><p><span style=\"font-family: var( --e-global-typography-text-font-family ); font-weight: var( --e-global-typography-text-font-weight ); letter-spacing: 0.3px;\">\u201cHydra X r\u1ea5t vui m\u1eebng \u0111\u01b0\u1ee3c h\u1ee3p t\u00e1c c\u00f9ng WIR Group, v\u00e0 c\u00f9ng nhau th\u00fac \u0111\u1ea9y s\u1ef1 ph\u00e1t tri\u1ec3n c\u1ee7a th\u1ecb tr\u01b0\u1eddng t\u00e0i ch\u00ednh s\u1ed1. Ch\u00fang t\u00f4i mong mu\u1ed1n \u0111\u00f3ng vai tr\u00f2 trong vi\u1ec7c \u0111\u01b0a c\u00e1c t\u1ed5 ch\u1ee9c t\u00e0i ch\u00ednh v\u00e0 s\u1ea3n ph\u1ea9m truy\u1ec1n th\u1ed1ng ti\u1ebfn v\u00e0o m\u1ed9t t\u01b0\u01a1ng lai ng\u00e0y c\u00e0ng s\u1ed1 h\u00f3a. H\u1ec7 sinh th\u00e1i WIR c\u00f3 t\u1ea7m nh\u00ecn lo\u1ea1i b\u1ecf c\u00e1c r\u00e0o c\u1ea3n trong vi\u1ec7c cung c\u1ea5p d\u1ecbch v\u1ee5 ng\u00e2n h\u00e0ng s\u1ed1 v\u00e0 th\u1ecb tr\u01b0\u1eddng v\u1ed1n, v\u00e0 ch\u00fang t\u00f4i mong mu\u1ed1n mang \u0111\u1ebfn chuy\u00ean m\u00f4n v\u00e0 gi\u1ea3i ph\u00e1p c\u1ee7a m\u00ecnh \u0111\u1ec3 h\u1ed7 tr\u1ee3 b\u01b0\u1edbc ti\u1ebfn n\u00e0y,\u201d Daryl Low cho bi\u1ebft.\u00a0<\/span><\/p><p><span style=\"font-family: var( --e-global-typography-text-font-family ); font-weight: var( --e-global-typography-text-font-weight ); letter-spacing: 0.3px;\">Michael Budi t\u1eeb WIR Group cho bi\u1ebft: \u201cCh\u00fang t\u00f4i r\u1ea5t h\u00e0o h\u1ee9ng \u0111\u01b0\u1ee3c h\u1ee3p t\u00e1c v\u1edbi Hydra X trong m\u1ed9t trong nh\u1eefng l\u0129nh v\u1ef1c chi\u1ebfn l\u01b0\u1ee3c then ch\u1ed1t, v\u00e0 t\u1eadn d\u1ee5ng c\u01a1 h\u1ed9i trong l\u0129nh v\u1ef1c ng\u00e2n h\u00e0ng s\u1ed1 v\u00e0 t\u00e0i ch\u00ednh \u0111ang ph\u00e1t tri\u1ec3n. Vi\u1ec7c \u00e1p d\u1ee5ng gi\u1ea3i ph\u00e1p c\u1ee7a h\u1ecd cho kh\u00f4ng gian t\u00e0i s\u1ea3n s\u1ed1, k\u1ebft h\u1ee3p v\u1edbi n\u0103ng l\u1ef1c v\u00e0 uy t\u00edn c\u1ee7a WIR Group trong ph\u00e1t tri\u1ec3n c\u00f4ng ngh\u1ec7 AR\/VR, s\u1ebd mang l\u1ea1i cho ch\u00fang t\u00f4i l\u1ee3i th\u1ebf ti\u00ean phong trong l\u0129nh v\u1ef1c metaverse.\u201d\u00a0<\/span><\/p><p><span style=\"font-family: var( --e-global-typography-text-font-family ); font-weight: var( --e-global-typography-text-font-weight ); letter-spacing: 0.3px;\">Hydra X cung c\u1ea5p h\u1ea1 t\u1ea7ng t\u00edch h\u1ee3p \u0111\u1ea7u-cu\u1ed1i cho vi\u1ec7c giao d\u1ecbch t\u00e0i s\u1ea3n \u0111\u01b0\u1ee3c token h\u00f3a, cho ph\u00e9p doanh nghi\u1ec7p v\u00e0 kh\u00e1ch h\u00e0ng t\u1ed5 ch\u1ee9c \u00e1p d\u1ee5ng v\u00e0 m\u1edf r\u1ed9ng trong th\u1ecb tr\u01b0\u1eddng v\u1ed1n s\u1ed1. G\u1ea7n \u0111\u00e2y, c\u00f4ng ty \u0111\u00e3 nh\u1eadn \u0111\u01b0\u1ee3c gi\u1ea5y ph\u00e9p d\u1ecbch v\u1ee5 th\u1ecb tr\u01b0\u1eddng v\u1ed1n t\u1eeb C\u01a1 quan Ti\u1ec1n t\u1ec7 Singapore, cho ph\u00e9p giao d\u1ecbch v\u00e0 cung c\u1ea5p d\u1ecbch v\u1ee5 l\u01b0u k\u00fd cho c\u00e1c s\u1ea3n ph\u1ea9m th\u1ecb tr\u01b0\u1eddng v\u1ed1n, bao g\u1ed3m ch\u1ee9ng kho\u00e1n \u0111\u01b0\u1ee3c token h\u00f3a.<\/span><\/p><div><span style=\"font-family: var( --e-global-typography-text-font-family ); font-weight: var( --e-global-typography-text-font-weight ); letter-spacing: 0.3px;\">\u0110\u1ec3 bi\u1ebft th\u00eam th\u00f4ng tin, vui l\u00f2ng truy c\u1eadp trang web c\u1ee7a Hydra X <\/span><a style=\"font-family: var( --e-global-typography-text-font-family ); font-weight: var( --e-global-typography-text-font-weight ); letter-spacing: 0.3px;\" href=\"https:\/\/www.hydrax.io\/vn\/\">www.hydrax.io<\/a><span style=\"font-family: var( --e-global-typography-text-font-family ); font-weight: var( --e-global-typography-text-font-weight ); letter-spacing: 0.3px;\">.<\/span><\/div><div><span style=\"font-family: var( --e-global-typography-text-font-family ); font-weight: var( --e-global-typography-text-font-weight ); letter-spacing: 0.3px;\">\u00a0<\/span><\/div><\/article><p>-H\u1ebeT-<\/p><h6>\u00a0<\/h6><h6><b>Li\u00ean h\u1ec7 Truy\u1ec1n th\u00f4ng\u00a0<\/b><\/h6><p>Trina GAN<\/p><p><a href=\"mailto:trina@hydrax.io\">trina@hydrax.io<\/a><\/p><h6>\u00a0<\/h6><h6><b>V\u1ec1 Hydra X<\/b><\/h6><p>Hydra X l\u00e0 m\u1ed9t n\u1ec1n t\u1ea3ng t\u00edch h\u1ee3p tu\u00e2n th\u1ee7 quy \u0111\u1ecbnh, cho ph\u00e9p truy c\u1eadp v\u00e0o h\u1ec7 sinh th\u00e1i t\u00e0i ch\u00ednh \u0111\u01b0\u1ee3c token h\u00f3a. N\u1ec1n t\u1ea3ng n\u00e0y cung c\u1ea5p c\u01a1 s\u1edf h\u1ea1 t\u1ea7ng \u0111\u1ea7u-cu\u1ed1i cho vi\u1ec7c giao d\u1ecbch t\u00e0i s\u1ea3n token h\u00f3a, gi\u00fap doanh nghi\u1ec7p v\u00e0 kh\u00e1ch h\u00e0ng t\u1ed5 ch\u1ee9c \u00e1p d\u1ee5ng v\u00e0 m\u1edf r\u1ed9ng trong th\u1ecb tr\u01b0\u1eddng v\u1ed1n s\u1ed1. \u0110\u1ee9ng \u0111\u1ea7u l\u00e0 CEO s\u00e1ng l\u1eadp Daryl Low, \u0111\u1ed9i ng\u0169 qu\u1ea3n l\u00fd c\u1ee7a Hydra X c\u00f3 h\u01a1n 60 n\u0103m kinh nghi\u1ec7m trong t\u00e0i ch\u00ednh, qu\u1ea3n l\u00fd t\u00e0i ch\u00ednh, ph\u00e1p lu\u1eadt v\u00e0 c\u00f4ng ngh\u1ec7. T\u00ecm hi\u1ec3u th\u00eam v\u1ec1 Hydra X t\u1ea1i <a href=\"https:\/\/www.hydrax.io\/vn\/\">www.hydrax.io<\/a>.<\/p>\t\t\t\t\t\t<\/div>\n\t\t\t\t<\/div>\n\t\t\t\t<div class=\"elementor-element elementor-element-751e02a elementor-widget-divider--view-line elementor-widget elementor-widget-divider\" data-id=\"751e02a\" data-element_type=\"widget\" data-widget_type=\"divider.default\">\n\t\t\t\t<div class=\"elementor-widget-container\">\n\t\t\t\t\t<div class=\"elementor-divider\">\n\t\t\t<span class=\"elementor-divider-separator\">\n\t\t\t\t\t\t<\/span>\n\t\t<\/div>\n\t\t\t\t<\/div>\n\t\t\t\t<\/div>\n\t\t\t\t<div class=\"elementor-element elementor-element-ba27c05 elementor-align-right elementor-widget elementor-widget-button\" data-id=\"ba27c05\" data-element_type=\"widget\" data-widget_type=\"button.default\">\n\t\t\t\t<div class=\"elementor-widget-container\">\n\t\t\t\t\t<div class=\"elementor-button-wrapper\">\n\t\t\t<a class=\"elementor-button elementor-button-link elementor-size-sm\" href=\"https:\/\/www.hydrax.io\/vn\/blog\/\">\n\t\t\t\t\t\t<span class=\"elementor-button-content-wrapper\">\n\t\t\t\t\t\t<span class=\"elementor-button-icon\">\n\t\t\t\t<i aria-hidden=\"true\" class=\"fas fa-angle-left\"><\/i>\t\t\t<\/span>\n\t\t\t\t\t\t\t\t\t<span class=\"elementor-button-text\">QUAY L\u1ea0I BLOG<\/span>\n\t\t\t\t\t<\/span>\n\t\t\t\t\t<\/a>\n\t\t<\/div>\n\t\t\t\t<\/div>\n\t\t\t\t<\/div>\n\t\t\t\t\t<\/div>\n\t\t<\/div>\n\t\t\t\t\t<\/div>\n\t\t<\/section>\n\t\t\t\t<\/div>","protected":false},"excerpt":{"rendered":"<p>Hydra X &amp; WIR Group Announce Cooperation to Bring Digital Capital Markets to the WIR Ecosystem 4 May 2022, 2:00 PM SGT Singapore, 4 May 2022 \u2013\u00a0Hydra X, a Singapore-based fintech startup that provides blockchain-enabled market technology to financial institutions, and WIR Group, an Indonesia Stock Exchange-listed company focusing on augmented reality (AR) and virtual [&hellip;]<\/p>","protected":false},"author":1,"featured_media":14069,"parent":1158,"menu_order":0,"comment_status":"closed","ping_status":"closed","template":"","meta":{"_monsterinsights_skip_tracking":false,"_monsterinsights_sitenote_active":false,"_monsterinsights_sitenote_note":"","_monsterinsights_sitenote_category":0,"footnotes":""},"class_list":["post-14146","page","type-page","status-publish","has-post-thumbnail","hentry"],"yoast_head":"<!-- This site is optimized with the Yoast SEO plugin v23.6 - https:\/\/yoast.com\/wordpress\/plugins\/seo\/ -->\n<title>Hydra X &amp; WIR Group Announce Cooperation to Bring Digital Capital Markets to the WIR Ecosystem<\/title>\n<meta name=\"description\" content=\"Hydra X and WIR Group, an Indonesia Stock Exchange-listed company focusing on augmented reality (AR) and virtual reality (VR)-based technology, have entered into a memorandum of understanding (MoU) to jointly develop and promote an integrated digital banking service, exchange and custody platform in Indonesia, to provide users access to digital assets.\" \/>\n<meta name=\"robots\" content=\"index, follow, max-snippet:-1, max-image-preview:large, max-video-preview:-1\" \/>\n<link rel=\"canonical\" href=\"https:\/\/www.hydrax.io\/vn\/blog\/hydrax-wir-cooperation\/\" \/>\n<meta property=\"og:locale\" content=\"vi_VN\" \/>\n<meta property=\"og:type\" content=\"article\" \/>\n<meta property=\"og:title\" content=\"Hydra X &amp; WIR Group Announce Cooperation to Bring Digital Capital Markets to the WIR Ecosystem\" \/>\n<meta property=\"og:description\" content=\"Hydra X and WIR Group, an Indonesia Stock Exchange-listed company focusing on augmented reality (AR) and virtual reality (VR)-based technology, have entered into a memorandum of understanding (MoU) to jointly develop and promote an integrated digital banking service, exchange and custody platform in Indonesia, to provide users access to digital assets.\" \/>\n<meta property=\"og:url\" content=\"https:\/\/www.hydrax.io\/vn\/blog\/hydrax-wir-cooperation\/\" \/>\n<meta property=\"og:site_name\" content=\"Hydra X\" \/>\n<meta property=\"article:modified_time\" content=\"2025-09-15T06:32:35+00:00\" \/>\n<meta property=\"og:image\" content=\"https:\/\/www.hydrax.io\/wp-content\/uploads\/2022\/03\/MAS-CMS-Licence.jpg\" \/>\n\t<meta property=\"og:image:width\" content=\"500\" \/>\n\t<meta property=\"og:image:height\" content=\"281\" \/>\n\t<meta property=\"og:image:type\" content=\"image\/jpeg\" \/>\n<meta name=\"twitter:card\" content=\"summary_large_image\" \/>\n<meta name=\"twitter:label1\" content=\"\u01af\u1edbc t\u00ednh th\u1eddi gian \u0111\u1ecdc\" \/>\n\t<meta name=\"twitter:data1\" content=\"3 ph\u00fat\" \/>\n<script type=\"application\/ld+json\" class=\"yoast-schema-graph\">{\"@context\":\"https:\/\/schema.org\",\"@graph\":[{\"@type\":\"WebPage\",\"@id\":\"https:\/\/www.hydrax.io\/blog\/hydrax-wir-cooperation\/\",\"url\":\"https:\/\/www.hydrax.io\/blog\/hydrax-wir-cooperation\/\",\"name\":\"Hydra X & WIR Group Announce Cooperation to Bring Digital Capital Markets to the WIR Ecosystem\",\"isPartOf\":{\"@id\":\"https:\/\/www.hydrax.io\/#website\"},\"primaryImageOfPage\":{\"@id\":\"https:\/\/www.hydrax.io\/blog\/hydrax-wir-cooperation\/#primaryimage\"},\"image\":{\"@id\":\"https:\/\/www.hydrax.io\/blog\/hydrax-wir-cooperation\/#primaryimage\"},\"thumbnailUrl\":\"https:\/\/www.hydrax.io\/wp-content\/uploads\/2022\/03\/MAS-CMS-Licence.jpg\",\"datePublished\":\"2022-05-04T06:00:39+00:00\",\"dateModified\":\"2025-09-15T06:32:35+00:00\",\"description\":\"Hydra X and WIR Group, an Indonesia Stock Exchange-listed company focusing on augmented reality (AR) and virtual reality (VR)-based technology, have entered into a memorandum of understanding (MoU) to jointly develop and promote an integrated digital banking service, exchange and custody platform in Indonesia, to provide users access to digital assets.\",\"breadcrumb\":{\"@id\":\"https:\/\/www.hydrax.io\/blog\/hydrax-wir-cooperation\/#breadcrumb\"},\"inLanguage\":\"vi\",\"potentialAction\":[{\"@type\":\"ReadAction\",\"target\":[\"https:\/\/www.hydrax.io\/blog\/hydrax-wir-cooperation\/\"]}]},{\"@type\":\"ImageObject\",\"inLanguage\":\"vi\",\"@id\":\"https:\/\/www.hydrax.io\/blog\/hydrax-wir-cooperation\/#primaryimage\",\"url\":\"https:\/\/www.hydrax.io\/wp-content\/uploads\/2022\/03\/MAS-CMS-Licence.jpg\",\"contentUrl\":\"https:\/\/www.hydrax.io\/wp-content\/uploads\/2022\/03\/MAS-CMS-Licence.jpg\",\"width\":500,\"height\":281,\"caption\":\"MAS CMS Licence Singapore Hydra X\"},{\"@type\":\"BreadcrumbList\",\"@id\":\"https:\/\/www.hydrax.io\/blog\/hydrax-wir-cooperation\/#breadcrumb\",\"itemListElement\":[{\"@type\":\"ListItem\",\"position\":1,\"name\":\"Home\",\"item\":\"https:\/\/www.hydrax.io\/\"},{\"@type\":\"ListItem\",\"position\":2,\"name\":\"HydraX Blog\",\"item\":\"https:\/\/www.hydrax.io\/blog\/\"},{\"@type\":\"ListItem\",\"position\":3,\"name\":\"Hydra X &#038; WIR Group Announce Cooperation to Bring Digital Capital Markets to the WIR Ecosystem\"}]},{\"@type\":\"WebSite\",\"@id\":\"https:\/\/www.hydrax.io\/#website\",\"url\":\"https:\/\/www.hydrax.io\/\",\"name\":\"Hydra X\",\"description\":\"Professional Trading Technology\",\"publisher\":{\"@id\":\"https:\/\/www.hydrax.io\/#organization\"},\"potentialAction\":[{\"@type\":\"SearchAction\",\"target\":{\"@type\":\"EntryPoint\",\"urlTemplate\":\"https:\/\/www.hydrax.io\/?s={search_term_string}\"},\"query-input\":{\"@type\":\"PropertyValueSpecification\",\"valueRequired\":true,\"valueName\":\"search_term_string\"}}],\"inLanguage\":\"vi\"},{\"@type\":\"Organization\",\"@id\":\"https:\/\/www.hydrax.io\/#organization\",\"name\":\"Hydra X\",\"url\":\"https:\/\/www.hydrax.io\/\",\"logo\":{\"@type\":\"ImageObject\",\"inLanguage\":\"vi\",\"@id\":\"https:\/\/www.hydrax.io\/#\/schema\/logo\/image\/\",\"url\":\"https:\/\/www.hydrax.io\/wp-content\/uploads\/2019\/10\/Hydra-X-Logo-Blue.png\",\"contentUrl\":\"https:\/\/www.hydrax.io\/wp-content\/uploads\/2019\/10\/Hydra-X-Logo-Blue.png\",\"width\":1052,\"height\":849,\"caption\":\"Hydra X\"},\"image\":{\"@id\":\"https:\/\/www.hydrax.io\/#\/schema\/logo\/image\/\"}}]}<\/script>\n<!-- \/ Yoast SEO plugin. -->","yoast_head_json":{"title":"Hydra X & WIR Group Announce Cooperation to Bring Digital Capital Markets to the WIR Ecosystem","description":"Hydra X and WIR Group, an Indonesia Stock Exchange-listed company focusing on augmented reality (AR) and virtual reality (VR)-based technology, have entered into a memorandum of understanding (MoU) to jointly develop and promote an integrated digital banking service, exchange and custody platform in Indonesia, to provide users access to digital assets.","robots":{"index":"index","follow":"follow","max-snippet":"max-snippet:-1","max-image-preview":"max-image-preview:large","max-video-preview":"max-video-preview:-1"},"canonical":"https:\/\/www.hydrax.io\/vn\/blog\/hydrax-wir-cooperation\/","og_locale":"vi_VN","og_type":"article","og_title":"Hydra X & WIR Group Announce Cooperation to Bring Digital Capital Markets to the WIR Ecosystem","og_description":"Hydra X and WIR Group, an Indonesia Stock Exchange-listed company focusing on augmented reality (AR) and virtual reality (VR)-based technology, have entered into a memorandum of understanding (MoU) to jointly develop and promote an integrated digital banking service, exchange and custody platform in Indonesia, to provide users access to digital assets.","og_url":"https:\/\/www.hydrax.io\/vn\/blog\/hydrax-wir-cooperation\/","og_site_name":"Hydra X","article_modified_time":"2025-09-15T06:32:35+00:00","og_image":[{"width":500,"height":281,"url":"https:\/\/www.hydrax.io\/wp-content\/uploads\/2022\/03\/MAS-CMS-Licence.jpg","type":"image\/jpeg"}],"twitter_card":"summary_large_image","twitter_misc":{"\u01af\u1edbc t\u00ednh th\u1eddi gian \u0111\u1ecdc":"3 ph\u00fat"},"schema":{"@context":"https:\/\/schema.org","@graph":[{"@type":"WebPage","@id":"https:\/\/www.hydrax.io\/blog\/hydrax-wir-cooperation\/","url":"https:\/\/www.hydrax.io\/blog\/hydrax-wir-cooperation\/","name":"Hydra X & WIR Group Announce Cooperation to Bring Digital Capital Markets to the WIR Ecosystem","isPartOf":{"@id":"https:\/\/www.hydrax.io\/#website"},"primaryImageOfPage":{"@id":"https:\/\/www.hydrax.io\/blog\/hydrax-wir-cooperation\/#primaryimage"},"image":{"@id":"https:\/\/www.hydrax.io\/blog\/hydrax-wir-cooperation\/#primaryimage"},"thumbnailUrl":"https:\/\/www.hydrax.io\/wp-content\/uploads\/2022\/03\/MAS-CMS-Licence.jpg","datePublished":"2022-05-04T06:00:39+00:00","dateModified":"2025-09-15T06:32:35+00:00","description":"Hydra X and WIR Group, an Indonesia Stock Exchange-listed company focusing on augmented reality (AR) and virtual reality (VR)-based technology, have entered into a memorandum of understanding (MoU) to jointly develop and promote an integrated digital banking service, exchange and custody platform in Indonesia, to provide users access to digital assets.","breadcrumb":{"@id":"https:\/\/www.hydrax.io\/blog\/hydrax-wir-cooperation\/#breadcrumb"},"inLanguage":"vi","potentialAction":[{"@type":"ReadAction","target":["https:\/\/www.hydrax.io\/blog\/hydrax-wir-cooperation\/"]}]},{"@type":"ImageObject","inLanguage":"vi","@id":"https:\/\/www.hydrax.io\/blog\/hydrax-wir-cooperation\/#primaryimage","url":"https:\/\/www.hydrax.io\/wp-content\/uploads\/2022\/03\/MAS-CMS-Licence.jpg","contentUrl":"https:\/\/www.hydrax.io\/wp-content\/uploads\/2022\/03\/MAS-CMS-Licence.jpg","width":500,"height":281,"caption":"MAS CMS Licence Singapore Hydra X"},{"@type":"BreadcrumbList","@id":"https:\/\/www.hydrax.io\/blog\/hydrax-wir-cooperation\/#breadcrumb","itemListElement":[{"@type":"ListItem","position":1,"name":"Home","item":"https:\/\/www.hydrax.io\/"},{"@type":"ListItem","position":2,"name":"HydraX Blog","item":"https:\/\/www.hydrax.io\/blog\/"},{"@type":"ListItem","position":3,"name":"Hydra X &#038; WIR Group Announce Cooperation to Bring Digital Capital Markets to the WIR Ecosystem"}]},{"@type":"WebSite","@id":"https:\/\/www.hydrax.io\/#website","url":"https:\/\/www.hydrax.io\/","name":"Hydra X","description":"Professional Trading Technology","publisher":{"@id":"https:\/\/www.hydrax.io\/#organization"},"potentialAction":[{"@type":"SearchAction","target":{"@type":"EntryPoint","urlTemplate":"https:\/\/www.hydrax.io\/?s={search_term_string}"},"query-input":{"@type":"PropertyValueSpecification","valueRequired":true,"valueName":"search_term_string"}}],"inLanguage":"vi"},{"@type":"Organization","@id":"https:\/\/www.hydrax.io\/#organization","name":"Hydra X","url":"https:\/\/www.hydrax.io\/","logo":{"@type":"ImageObject","inLanguage":"vi","@id":"https:\/\/www.hydrax.io\/#\/schema\/logo\/image\/","url":"https:\/\/www.hydrax.io\/wp-content\/uploads\/2019\/10\/Hydra-X-Logo-Blue.png","contentUrl":"https:\/\/www.hydrax.io\/wp-content\/uploads\/2019\/10\/Hydra-X-Logo-Blue.png","width":1052,"height":849,"caption":"Hydra X"},"image":{"@id":"https:\/\/www.hydrax.io\/#\/schema\/logo\/image\/"}}]}},"_links":{"self":[{"href":"https:\/\/www.hydrax.io\/vn\/wp-json\/wp\/v2\/pages\/14146"}],"collection":[{"href":"https:\/\/www.hydrax.io\/vn\/wp-json\/wp\/v2\/pages"}],"about":[{"href":"https:\/\/www.hydrax.io\/vn\/wp-json\/wp\/v2\/types\/page"}],"author":[{"embeddable":true,"href":"https:\/\/www.hydrax.io\/vn\/wp-json\/wp\/v2\/users\/1"}],"replies":[{"embeddable":true,"href":"https:\/\/www.hydrax.io\/vn\/wp-json\/wp\/v2\/comments?post=14146"}],"version-history":[{"count":26,"href":"https:\/\/www.hydrax.io\/vn\/wp-json\/wp\/v2\/pages\/14146\/revisions"}],"predecessor-version":[{"id":25184,"href":"https:\/\/www.hydrax.io\/vn\/wp-json\/wp\/v2\/pages\/14146\/revisions\/25184"}],"up":[{"embeddable":true,"href":"https:\/\/www.hydrax.io\/vn\/wp-json\/wp\/v2\/pages\/1158"}],"wp:featuredmedia":[{"embeddable":true,"href":"https:\/\/www.hydrax.io\/vn\/wp-json\/wp\/v2\/media\/14069"}],"wp:attachment":[{"href":"https:\/\/www.hydrax.io\/vn\/wp-json\/wp\/v2\/media?parent=14146"}],"curies":[{"name":"wp","href":"https:\/\/api.w.org\/{rel}","templated":true}]}}