{"id":15012,"date":"2023-07-18T14:55:15","date_gmt":"2023-07-18T06:55:15","guid":{"rendered":"https:\/\/www.hydrax.io\/services\/custody-copy\/"},"modified":"2024-12-10T09:50:33","modified_gmt":"2024-12-10T01:50:33","slug":"digitalsecurities-exchange","status":"publish","type":"page","link":"https:\/\/www.hydrax.io\/vn\/services\/digitalsecurities-exchange\/","title":{"rendered":"Services &#8211; Exchange"},"content":{"rendered":"<div data-elementor-type=\"wp-post\" data-elementor-id=\"15012\" class=\"elementor elementor-15012\" data-elementor-post-type=\"page\">\n\t\t\t\t<div class=\"elementor-element elementor-element-5b7f89e e-flex e-con-boxed e-con e-parent\" data-id=\"5b7f89e\" data-element_type=\"container\" data-settings=\"{&quot;background_background&quot;:&quot;classic&quot;}\">\n\t\t\t\t\t<div class=\"e-con-inner\">\n\t\t<div class=\"elementor-element elementor-element-d1fd288 e-con-full e-flex e-con e-child\" data-id=\"d1fd288\" data-element_type=\"container\">\n\t\t\t\t<div class=\"elementor-element elementor-element-c3fb9e9 elementor-widget elementor-widget-heading\" data-id=\"c3fb9e9\" data-element_type=\"widget\" data-widget_type=\"heading.default\">\n\t\t\t\t<div class=\"elementor-widget-container\">\n\t\t\t<h5 class=\"elementor-heading-title elementor-size-default\">D\u1ecaCH V\u1ee4 TH\u1eca TR\u01af\u1edcNG<\/h5>\t\t<\/div>\n\t\t\t\t<\/div>\n\t\t\t\t<div class=\"elementor-element elementor-element-f451efc elementor-widget elementor-widget-heading\" data-id=\"f451efc\" data-element_type=\"widget\" data-widget_type=\"heading.default\">\n\t\t\t\t<div class=\"elementor-widget-container\">\n\t\t\t<h2 class=\"elementor-heading-title elementor-size-default\">Trao \u0111\u1ed5i<\/h2>\t\t<\/div>\n\t\t\t\t<\/div>\n\t\t\t\t<\/div>\n\t\t\t\t<div class=\"elementor-element elementor-element-6c3190b elementor-align-left elementor-widget__width-inherit elementor-widget elementor-widget-button\" data-id=\"6c3190b\" data-element_type=\"widget\" data-widget_type=\"button.default\">\n\t\t\t\t<div class=\"elementor-widget-container\">\n\t\t\t\t\t<div class=\"elementor-button-wrapper\">\n\t\t\t<a class=\"elementor-button elementor-button-link elementor-size-md\" href=\"#contact\">\n\t\t\t\t\t\t<span class=\"elementor-button-content-wrapper\">\n\t\t\t\t\t\t\t\t\t<span class=\"elementor-button-text\">LI\u00caN H\u1ec6 V\u1edaI CH\u00daNG T\u00d4I<\/span>\n\t\t\t\t\t<\/span>\n\t\t\t\t\t<\/a>\n\t\t<\/div>\n\t\t\t\t<\/div>\n\t\t\t\t<\/div>\n\t\t\t\t\t<\/div>\n\t\t\t\t<\/div>\n\t\t<div class=\"elementor-element elementor-element-8ada557 e-flex e-con-boxed e-con e-parent\" data-id=\"8ada557\" data-element_type=\"container\" data-settings=\"{&quot;background_background&quot;:&quot;classic&quot;}\">\n\t\t\t\t\t<div class=\"e-con-inner\">\n\t\t<div class=\"elementor-element elementor-element-e62b9e6 e-con-full e-flex e-con e-child\" data-id=\"e62b9e6\" data-element_type=\"container\">\n\t\t<div class=\"elementor-element elementor-element-41bfa65 e-con-full e-flex elementor-invisible e-con e-child\" data-id=\"41bfa65\" data-element_type=\"container\" data-settings=\"{&quot;animation&quot;:&quot;fadeInUp&quot;,&quot;animation_delay&quot;:400}\">\n\t\t\t\t<div class=\"elementor-element elementor-element-785263b elementor-widget elementor-widget-heading\" data-id=\"785263b\" data-element_type=\"widget\" data-widget_type=\"heading.default\">\n\t\t\t\t<div class=\"elementor-widget-container\">\n\t\t\t<h5 class=\"elementor-heading-title elementor-size-default\">D\u1ecaCH V\u1ee4 C\u1ee6A CH\u00daNG T\u00d4I<\/h5>\t\t<\/div>\n\t\t\t\t<\/div>\n\t\t\t\t<div class=\"elementor-element elementor-element-93f6c55 elementor-widget__width-inherit elementor-widget elementor-widget-text-editor\" data-id=\"93f6c55\" data-element_type=\"widget\" data-widget_type=\"text-editor.default\">\n\t\t\t\t<div class=\"elementor-widget-container translation-block\">Ch\u00fang t\u00f4i v\u1eadn h\u00e0nh m\u1ed9t s\u00e0n giao d\u1ecbch \u0111\u01b0\u1ee3c C\u01a1 quan Ti\u1ec1n t\u1ec7 Singapore (MAS) qu\u1ea3n l\u00fd \u0111\u1ea7y \u0111\u1ee7, cung c\u1ea5p <span class=\"responsive-text\" style=\"color: #20b3ab;font-family: 'Source Serif Pro';font-weight: 500\"><em>giao d\u1ecbch th\u1ee9 c\u1ea5p<\/em><\/span> tr\u00ean n\u1ec1n t\u1ea3ng an to\u00e0n v\u00e0 tu\u00e2n th\u1ee7.<\/div>\n\t\t\t\t<\/div>\n\t\t\t\t<div class=\"elementor-element elementor-element-94b398f elementor-widget elementor-widget-image\" data-id=\"94b398f\" data-element_type=\"widget\" data-widget_type=\"image.default\">\n\t\t\t\t<div class=\"elementor-widget-container\">\n\t\t\t\t\t\t\t\t\t\t\t\t\t<img decoding=\"async\" data-src=\"https:\/\/www.hydrax.io\/wp-content\/uploads\/2024\/11\/MAS-RMO.png\" title=\"MAS-RMO\" alt=\"\" loading=\"lazy\" src=\"data:image\/gif;base64,R0lGODlhAQABAAAAACH5BAEKAAEALAAAAAABAAEAAAICTAEAOw==\" class=\"lazyload\" style=\"--smush-placeholder-width: 738px; --smush-placeholder-aspect-ratio: 738\/270;\" \/><noscript><img decoding=\"async\" src=\"https:\/\/www.hydrax.io\/wp-content\/uploads\/2024\/11\/MAS-RMO.png\" title=\"MAS-RMO\" alt=\"\" loading=\"lazy\" \/><\/noscript>\t\t\t\t\t\t\t\t\t\t\t\t\t<\/div>\n\t\t\t\t<\/div>\n\t\t\t\t<div class=\"elementor-element elementor-element-f06ef1e elementor-widget elementor-widget-image\" data-id=\"f06ef1e\" data-element_type=\"widget\" data-widget_type=\"image.default\">\n\t\t\t\t<div class=\"elementor-widget-container\">\n\t\t\t\t\t\t\t\t\t\t\t\t\t<img decoding=\"async\" data-src=\"https:\/\/www.hydrax.io\/wp-content\/uploads\/2024\/11\/Labuan-Combined.png\" title=\"Labuan-Combined\" alt=\"\" loading=\"lazy\" src=\"data:image\/gif;base64,R0lGODlhAQABAAAAACH5BAEKAAEALAAAAAABAAEAAAICTAEAOw==\" class=\"lazyload\" style=\"--smush-placeholder-width: 961px; --smush-placeholder-aspect-ratio: 961\/270;\" \/><noscript><img decoding=\"async\" src=\"https:\/\/www.hydrax.io\/wp-content\/uploads\/2024\/11\/Labuan-Combined.png\" title=\"Labuan-Combined\" alt=\"\" loading=\"lazy\" \/><\/noscript>\t\t\t\t\t\t\t\t\t\t\t\t\t<\/div>\n\t\t\t\t<\/div>\n\t\t\t\t<\/div>\n\t\t<div class=\"elementor-element elementor-element-92c331e e-con-full e-flex e-con e-child\" data-id=\"92c331e\" data-element_type=\"container\">\n\t\t\t\t<div class=\"elementor-element elementor-element-769f8e2 elementor-widget-divider--view-line elementor-widget elementor-widget-divider\" data-id=\"769f8e2\" data-element_type=\"widget\" data-widget_type=\"divider.default\">\n\t\t\t\t<div class=\"elementor-widget-container\">\n\t\t\t\t\t<div class=\"elementor-divider\">\n\t\t\t<span class=\"elementor-divider-separator\">\n\t\t\t\t\t\t<\/span>\n\t\t<\/div>\n\t\t\t\t<\/div>\n\t\t\t\t<\/div>\n\t\t<div class=\"elementor-element elementor-element-f56a542 e-con-full e-flex elementor-invisible e-con e-child\" data-id=\"f56a542\" data-element_type=\"container\" data-settings=\"{&quot;animation&quot;:&quot;fadeInUp&quot;,&quot;animation_delay&quot;:0}\">\n\t\t\t\t<div class=\"elementor-element elementor-element-d21244a elementor-widget-tablet__width-initial elementor-widget elementor-widget-image\" data-id=\"d21244a\" data-element_type=\"widget\" data-widget_type=\"image.default\">\n\t\t\t\t<div class=\"elementor-widget-container\">\n\t\t\t\t\t\t\t\t\t\t\t\t\t<img decoding=\"async\" data-src=\"https:\/\/www.hydrax.io\/wp-content\/uploads\/2024\/11\/Exchange-01.png\" title=\"Exchange 01\" alt=\"\" loading=\"lazy\" src=\"data:image\/gif;base64,R0lGODlhAQABAAAAACH5BAEKAAEALAAAAAABAAEAAAICTAEAOw==\" class=\"lazyload\" style=\"--smush-placeholder-width: 80px; --smush-placeholder-aspect-ratio: 80\/80;\" \/><noscript><img decoding=\"async\" src=\"https:\/\/www.hydrax.io\/wp-content\/uploads\/2024\/11\/Exchange-01.png\" title=\"Exchange 01\" alt=\"\" loading=\"lazy\" \/><\/noscript>\t\t\t\t\t\t\t\t\t\t\t\t\t<\/div>\n\t\t\t\t<\/div>\n\t\t<div class=\"elementor-element elementor-element-90f68f6 e-con-full e-flex e-con e-child\" data-id=\"90f68f6\" data-element_type=\"container\">\n\t\t\t\t<div class=\"elementor-element elementor-element-2e24ced elementor-widget__width-initial elementor-widget elementor-widget-text-editor\" data-id=\"2e24ced\" data-element_type=\"widget\" data-widget_type=\"text-editor.default\">\n\t\t\t\t<div class=\"elementor-widget-container\">\n\t\t\t\t\t\t\t<p>S\u00e0n giao d\u1ecbch c\u1ee7a ch\u00fang t\u00f4i cho ph\u00e9p c\u00e1c t\u1ed5 ch\u1ee9c ph\u00e1t h\u00e0nh ni\u00eam y\u1ebft ch\u1ee9ng kho\u00e1n \u0111\u01b0\u1ee3c m\u00e3 ho\u00e1, mang l\u1ea1i kh\u1ea3 n\u0103ng ti\u1ebfp c\u1eadn thanh kho\u1ea3n th\u1ee9 c\u1ea5p m\u1ed9t c\u00e1ch li\u1ec1n m\u1ea1ch cho nhi\u1ec1u lo\u1ea1i t\u00e0i s\u1ea3n s\u1ed1.<\/p>\t\t\t\t\t\t<\/div>\n\t\t\t\t<\/div>\n\t\t\t\t<\/div>\n\t\t\t\t<\/div>\n\t\t\t\t<div class=\"elementor-element elementor-element-a8b6da2 elementor-widget-divider--view-line elementor-widget elementor-widget-divider\" data-id=\"a8b6da2\" data-element_type=\"widget\" data-widget_type=\"divider.default\">\n\t\t\t\t<div class=\"elementor-widget-container\">\n\t\t\t\t\t<div class=\"elementor-divider\">\n\t\t\t<span class=\"elementor-divider-separator\">\n\t\t\t\t\t\t<\/span>\n\t\t<\/div>\n\t\t\t\t<\/div>\n\t\t\t\t<\/div>\n\t\t<div class=\"elementor-element elementor-element-7b6ac9f e-con-full e-flex elementor-invisible e-con e-child\" data-id=\"7b6ac9f\" data-element_type=\"container\" data-settings=\"{&quot;animation&quot;:&quot;fadeInUp&quot;,&quot;animation_delay&quot;:0}\">\n\t\t\t\t<div class=\"elementor-element elementor-element-eed8707 elementor-widget-tablet__width-initial elementor-widget elementor-widget-image\" data-id=\"eed8707\" data-element_type=\"widget\" data-widget_type=\"image.default\">\n\t\t\t\t<div class=\"elementor-widget-container\">\n\t\t\t\t\t\t\t\t\t\t\t\t\t<img decoding=\"async\" data-src=\"https:\/\/www.hydrax.io\/wp-content\/uploads\/2024\/11\/Exchange-02.png\" title=\"Exchange 02\" alt=\"\" loading=\"lazy\" src=\"data:image\/gif;base64,R0lGODlhAQABAAAAACH5BAEKAAEALAAAAAABAAEAAAICTAEAOw==\" class=\"lazyload\" style=\"--smush-placeholder-width: 80px; --smush-placeholder-aspect-ratio: 80\/80;\" \/><noscript><img decoding=\"async\" src=\"https:\/\/www.hydrax.io\/wp-content\/uploads\/2024\/11\/Exchange-02.png\" title=\"Exchange 02\" alt=\"\" loading=\"lazy\" \/><\/noscript>\t\t\t\t\t\t\t\t\t\t\t\t\t<\/div>\n\t\t\t\t<\/div>\n\t\t<div class=\"elementor-element elementor-element-5d6d719 e-con-full e-flex e-con e-child\" data-id=\"5d6d719\" data-element_type=\"container\">\n\t\t\t\t<div class=\"elementor-element elementor-element-262a372 elementor-widget__width-initial elementor-widget elementor-widget-text-editor\" data-id=\"262a372\" data-element_type=\"widget\" data-widget_type=\"text-editor.default\">\n\t\t\t\t<div class=\"elementor-widget-container\">\n\t\t\t\t\t\t\t<p>N\u1ec1n t\u1ea3ng \u0111\u01b0\u1ee3c thi\u1ebft k\u1ebf v\u1edbi hi\u1ec7u su\u1ea5t c\u1ea5p t\u1ed5 ch\u1ee9c, \u0111\u1ea3m b\u1ea3o h\u1ed7 tr\u1ee3 giao d\u1ecbch kh\u1ed1i l\u01b0\u1ee3ng l\u1edbn v\u00e0 kh\u1ea3 n\u0103ng ti\u1ebfp c\u1eadn th\u1ecb tr\u01b0\u1eddng \u0111\u00e1ng tin c\u1eady.<\/p>\t\t\t\t\t\t<\/div>\n\t\t\t\t<\/div>\n\t\t\t\t<\/div>\n\t\t\t\t<\/div>\n\t\t\t\t<\/div>\n\t\t\t\t<\/div>\n\t\t<div class=\"elementor-element elementor-element-688f942 e-con-full e-flex elementor-invisible e-con e-child\" data-id=\"688f942\" data-element_type=\"container\" data-settings=\"{&quot;background_background&quot;:&quot;classic&quot;,&quot;animation&quot;:&quot;fadeInUp&quot;}\">\n\t\t\t\t<div class=\"elementor-element elementor-element-ba0fe7e elementor-widget elementor-widget-spacer\" data-id=\"ba0fe7e\" data-element_type=\"widget\" data-widget_type=\"spacer.default\">\n\t\t\t\t<div class=\"elementor-widget-container\">\n\t\t\t\t\t<div class=\"elementor-spacer\">\n\t\t\t<div class=\"elementor-spacer-inner\"><\/div>\n\t\t<\/div>\n\t\t\t\t<\/div>\n\t\t\t\t<\/div>\n\t\t\t\t<\/div>\n\t\t\t\t\t<\/div>\n\t\t\t\t<\/div>\n\t\t<div class=\"elementor-element elementor-element-b1dd03b e-flex e-con-boxed e-con e-parent\" data-id=\"b1dd03b\" data-element_type=\"container\" id=\"contact\" data-settings=\"{&quot;background_background&quot;:&quot;slideshow&quot;,&quot;background_slideshow_gallery&quot;:[{&quot;id&quot;:21090,&quot;url&quot;:&quot;https:\\\/\\\/www.hydrax.io\\\/wp-content\\\/uploads\\\/2024\\\/11\\\/Contact-Us.jpg&quot;}],&quot;background_slideshow_loop&quot;:&quot;yes&quot;,&quot;background_slideshow_slide_duration&quot;:5000,&quot;background_slideshow_slide_transition&quot;:&quot;fade&quot;,&quot;background_slideshow_transition_duration&quot;:500}\">\n\t\t\t\t\t<div class=\"e-con-inner\">\n\t\t<div class=\"elementor-element elementor-element-556ca61 e-con-full e-flex e-con e-child\" data-id=\"556ca61\" data-element_type=\"container\">\n\t\t\t\t<div class=\"elementor-element elementor-element-ab54969 elementor-widget__width-initial elementor-widget elementor-widget-heading\" data-id=\"ab54969\" data-element_type=\"widget\" data-widget_type=\"heading.default\">\n\t\t\t\t<div class=\"elementor-widget-container\">\n\t\t\t<h2 class=\"elementor-heading-title elementor-size-default\">Li\u00ean h\u1ec7 v\u1edbi ch\u00fang t\u00f4i<\/h2>\t\t<\/div>\n\t\t\t\t<\/div>\n\t\t\t\t<div class=\"elementor-element elementor-element-4170c77 elementor-widget__width-initial elementor-widget elementor-widget-text-editor\" data-id=\"4170c77\" data-element_type=\"widget\" data-widget_type=\"text-editor.default\">\n\t\t\t\t<div class=\"elementor-widget-container\">\n\t\t\t\t\t\t\t<p>Quan t\u00e2m \u0111\u1ebfn \u0111\u1ed5i m\u1edbi? H\u00e3y li\u00ean h\u1ec7 v\u1edbi ch\u00fang t\u00f4i \u0111\u1ec3 kh\u00e1m ph\u00e1 c\u00e1c c\u01a1 h\u1ed9i.<\/p>\t\t\t\t\t\t<\/div>\n\t\t\t\t<\/div>\n\t\t\t\t<\/div>\n\t\t<div class=\"elementor-element elementor-element-508c8d7 e-con-full e-flex e-con e-child\" data-id=\"508c8d7\" data-element_type=\"container\">\n\t\t\t\t<div class=\"elementor-element elementor-element-2744ca6 elementor-widget__width-initial elementor-widget elementor-widget-html\" data-id=\"2744ca6\" data-element_type=\"widget\" data-widget_type=\"html.default\">\n\t\t\t\t<div class=\"elementor-widget-container\">\n\t\t\t<div class=\"_form_4\"><\/div><script src=\"https:\/\/hydrax.activehosted.com\/f\/embed.php?id=4\" charset=\"utf-8\"><\/script>\t\t<\/div>\n\t\t\t\t<\/div>\n\t\t\t\t<div class=\"elementor-element elementor-element-9f6279d elementor-widget__width-initial elementor-widget elementor-widget-text-editor\" data-id=\"9f6279d\" data-element_type=\"widget\" data-widget_type=\"text-editor.default\">\n\t\t\t\t<div class=\"elementor-widget-container\">\n\t\t\t\t\t\t\t<p>Hydra X c\u00f3 th\u1ec3 li\u00ean h\u1ec7 v\u1edbi b\u1ea1n v\u1ec1 c\u00e1c s\u1ea3n ph\u1ea9m v\u00e0 d\u1ecbch v\u1ee5 c\u1ee7a ch\u00fang t\u00f4i c\u0169ng nh\u01b0 nh\u1eefng th\u00f4ng tin m\u1edbi nh\u1ea5t trong ng\u00e0nh. B\u1ea1n c\u00f3 th\u1ec3 ch\u1ecdn kh\u00f4ng nh\u1eadn th\u00f4ng tin li\u00ean l\u1ea1c t\u1eeb ch\u00fang t\u00f4i b\u1ea5t k\u1ef3 l\u00fac n\u00e0o.<\/p>\t\t\t\t\t\t<\/div>\n\t\t\t\t<\/div>\n\t\t\t\t<\/div>\n\t\t\t\t\t<\/div>\n\t\t\t\t<\/div>\n\t\t\t\t<\/div>","protected":false},"excerpt":{"rendered":"<p>MARKET SERVICES Exchange CONTACT US OUR SERVICES We operate a fully MAS-regulated exchange that supports secondary trading on a secure and compliant platform. Our exchange enables issuers to list their tokenised securities, providing seamless access to secondary liquidity for a wide range of digital assets. The platform is designed for institutional-grade performance, ensuring support for [&hellip;]<\/p>","protected":false},"author":1,"featured_media":23635,"parent":9725,"menu_order":0,"comment_status":"closed","ping_status":"closed","template":"","meta":{"_monsterinsights_skip_tracking":false,"_monsterinsights_sitenote_active":false,"_monsterinsights_sitenote_note":"","_monsterinsights_sitenote_category":0,"footnotes":""},"class_list":["post-15012","page","type-page","status-publish","has-post-thumbnail","hentry"],"yoast_head":"<!-- This site is optimized with the Yoast SEO plugin v23.6 - https:\/\/yoast.com\/wordpress\/plugins\/seo\/ -->\n<title>Hydra X | Secure Secondary Trading through Regulated Exchange<\/title>\n<meta name=\"description\" content=\"Designed for institutional-grade performance, our exchange ensures reliable market access and high-volume trading of tokenised securities.\" \/>\n<meta name=\"robots\" content=\"index, follow, max-snippet:-1, max-image-preview:large, max-video-preview:-1\" \/>\n<link rel=\"canonical\" href=\"https:\/\/www.hydrax.io\/vn\/services\/digitalsecurities-exchange\/\" \/>\n<meta property=\"og:locale\" content=\"vi_VN\" \/>\n<meta property=\"og:type\" content=\"article\" \/>\n<meta property=\"og:title\" content=\"Hydra X | Secure Secondary Trading through Regulated Exchange\" \/>\n<meta property=\"og:description\" content=\"Designed for institutional-grade performance, our exchange ensures reliable market access and high-volume trading of tokenised securities.\" \/>\n<meta property=\"og:url\" content=\"https:\/\/www.hydrax.io\/vn\/services\/digitalsecurities-exchange\/\" \/>\n<meta property=\"og:site_name\" content=\"Hydra X\" \/>\n<meta property=\"article:modified_time\" content=\"2024-12-10T01:50:33+00:00\" \/>\n<meta property=\"og:image\" content=\"https:\/\/www.hydrax.io\/wp-content\/uploads\/2024\/11\/Market-Services-Exchange.png\" \/>\n\t<meta property=\"og:image:width\" content=\"500\" \/>\n\t<meta property=\"og:image:height\" content=\"500\" \/>\n\t<meta property=\"og:image:type\" content=\"image\/png\" \/>\n<meta name=\"twitter:card\" content=\"summary_large_image\" \/>\n<meta name=\"twitter:label1\" content=\"\u01af\u1edbc t\u00ednh th\u1eddi gian \u0111\u1ecdc\" \/>\n\t<meta name=\"twitter:data1\" content=\"4 ph\u00fat\" \/>\n<script type=\"application\/ld+json\" class=\"yoast-schema-graph\">{\"@context\":\"https:\/\/schema.org\",\"@graph\":[{\"@type\":\"WebPage\",\"@id\":\"https:\/\/www.hydrax.io\/services\/digitalsecurities-exchange\/\",\"url\":\"https:\/\/www.hydrax.io\/services\/digitalsecurities-exchange\/\",\"name\":\"Hydra X | Secure Secondary Trading through Regulated Exchange\",\"isPartOf\":{\"@id\":\"https:\/\/www.hydrax.io\/#website\"},\"primaryImageOfPage\":{\"@id\":\"https:\/\/www.hydrax.io\/services\/digitalsecurities-exchange\/#primaryimage\"},\"image\":{\"@id\":\"https:\/\/www.hydrax.io\/services\/digitalsecurities-exchange\/#primaryimage\"},\"thumbnailUrl\":\"https:\/\/www.hydrax.io\/wp-content\/uploads\/2024\/11\/Market-Services-Exchange.png\",\"datePublished\":\"2023-07-18T06:55:15+00:00\",\"dateModified\":\"2024-12-10T01:50:33+00:00\",\"description\":\"Designed for institutional-grade performance, our exchange ensures reliable market access and high-volume trading of tokenised securities.\",\"breadcrumb\":{\"@id\":\"https:\/\/www.hydrax.io\/services\/digitalsecurities-exchange\/#breadcrumb\"},\"inLanguage\":\"vi\",\"potentialAction\":[{\"@type\":\"ReadAction\",\"target\":[\"https:\/\/www.hydrax.io\/services\/digitalsecurities-exchange\/\"]}]},{\"@type\":\"ImageObject\",\"inLanguage\":\"vi\",\"@id\":\"https:\/\/www.hydrax.io\/services\/digitalsecurities-exchange\/#primaryimage\",\"url\":\"https:\/\/www.hydrax.io\/wp-content\/uploads\/2024\/11\/Market-Services-Exchange.png\",\"contentUrl\":\"https:\/\/www.hydrax.io\/wp-content\/uploads\/2024\/11\/Market-Services-Exchange.png\",\"width\":500,\"height\":500},{\"@type\":\"BreadcrumbList\",\"@id\":\"https:\/\/www.hydrax.io\/services\/digitalsecurities-exchange\/#breadcrumb\",\"itemListElement\":[{\"@type\":\"ListItem\",\"position\":1,\"name\":\"Home\",\"item\":\"https:\/\/www.hydrax.io\/\"},{\"@type\":\"ListItem\",\"position\":2,\"name\":\"Services\",\"item\":\"https:\/\/www.hydrax.io\/services\/\"},{\"@type\":\"ListItem\",\"position\":3,\"name\":\"Services &#8211; Exchange\"}]},{\"@type\":\"WebSite\",\"@id\":\"https:\/\/www.hydrax.io\/#website\",\"url\":\"https:\/\/www.hydrax.io\/\",\"name\":\"Hydra X\",\"description\":\"Professional Trading Technology\",\"publisher\":{\"@id\":\"https:\/\/www.hydrax.io\/#organization\"},\"potentialAction\":[{\"@type\":\"SearchAction\",\"target\":{\"@type\":\"EntryPoint\",\"urlTemplate\":\"https:\/\/www.hydrax.io\/?s={search_term_string}\"},\"query-input\":{\"@type\":\"PropertyValueSpecification\",\"valueRequired\":true,\"valueName\":\"search_term_string\"}}],\"inLanguage\":\"vi\"},{\"@type\":\"Organization\",\"@id\":\"https:\/\/www.hydrax.io\/#organization\",\"name\":\"Hydra X\",\"url\":\"https:\/\/www.hydrax.io\/\",\"logo\":{\"@type\":\"ImageObject\",\"inLanguage\":\"vi\",\"@id\":\"https:\/\/www.hydrax.io\/#\/schema\/logo\/image\/\",\"url\":\"https:\/\/www.hydrax.io\/wp-content\/uploads\/2019\/10\/Hydra-X-Logo-Blue.png\",\"contentUrl\":\"https:\/\/www.hydrax.io\/wp-content\/uploads\/2019\/10\/Hydra-X-Logo-Blue.png\",\"width\":1052,\"height\":849,\"caption\":\"Hydra X\"},\"image\":{\"@id\":\"https:\/\/www.hydrax.io\/#\/schema\/logo\/image\/\"}}]}<\/script>\n<!-- \/ Yoast SEO plugin. -->","yoast_head_json":{"title":"Hydra X | Secure Secondary Trading through Regulated Exchange","description":"Designed for institutional-grade performance, our exchange ensures reliable market access and high-volume trading of tokenised securities.","robots":{"index":"index","follow":"follow","max-snippet":"max-snippet:-1","max-image-preview":"max-image-preview:large","max-video-preview":"max-video-preview:-1"},"canonical":"https:\/\/www.hydrax.io\/vn\/services\/digitalsecurities-exchange\/","og_locale":"vi_VN","og_type":"article","og_title":"Hydra X | Secure Secondary Trading through Regulated Exchange","og_description":"Designed for institutional-grade performance, our exchange ensures reliable market access and high-volume trading of tokenised securities.","og_url":"https:\/\/www.hydrax.io\/vn\/services\/digitalsecurities-exchange\/","og_site_name":"Hydra X","article_modified_time":"2024-12-10T01:50:33+00:00","og_image":[{"width":500,"height":500,"url":"https:\/\/www.hydrax.io\/wp-content\/uploads\/2024\/11\/Market-Services-Exchange.png","type":"image\/png"}],"twitter_card":"summary_large_image","twitter_misc":{"\u01af\u1edbc t\u00ednh th\u1eddi gian \u0111\u1ecdc":"4 ph\u00fat"},"schema":{"@context":"https:\/\/schema.org","@graph":[{"@type":"WebPage","@id":"https:\/\/www.hydrax.io\/services\/digitalsecurities-exchange\/","url":"https:\/\/www.hydrax.io\/services\/digitalsecurities-exchange\/","name":"Hydra X | Secure Secondary Trading through Regulated Exchange","isPartOf":{"@id":"https:\/\/www.hydrax.io\/#website"},"primaryImageOfPage":{"@id":"https:\/\/www.hydrax.io\/services\/digitalsecurities-exchange\/#primaryimage"},"image":{"@id":"https:\/\/www.hydrax.io\/services\/digitalsecurities-exchange\/#primaryimage"},"thumbnailUrl":"https:\/\/www.hydrax.io\/wp-content\/uploads\/2024\/11\/Market-Services-Exchange.png","datePublished":"2023-07-18T06:55:15+00:00","dateModified":"2024-12-10T01:50:33+00:00","description":"Designed for institutional-grade performance, our exchange ensures reliable market access and high-volume trading of tokenised securities.","breadcrumb":{"@id":"https:\/\/www.hydrax.io\/services\/digitalsecurities-exchange\/#breadcrumb"},"inLanguage":"vi","potentialAction":[{"@type":"ReadAction","target":["https:\/\/www.hydrax.io\/services\/digitalsecurities-exchange\/"]}]},{"@type":"ImageObject","inLanguage":"vi","@id":"https:\/\/www.hydrax.io\/services\/digitalsecurities-exchange\/#primaryimage","url":"https:\/\/www.hydrax.io\/wp-content\/uploads\/2024\/11\/Market-Services-Exchange.png","contentUrl":"https:\/\/www.hydrax.io\/wp-content\/uploads\/2024\/11\/Market-Services-Exchange.png","width":500,"height":500},{"@type":"BreadcrumbList","@id":"https:\/\/www.hydrax.io\/services\/digitalsecurities-exchange\/#breadcrumb","itemListElement":[{"@type":"ListItem","position":1,"name":"Home","item":"https:\/\/www.hydrax.io\/"},{"@type":"ListItem","position":2,"name":"Services","item":"https:\/\/www.hydrax.io\/services\/"},{"@type":"ListItem","position":3,"name":"Services &#8211; Exchange"}]},{"@type":"WebSite","@id":"https:\/\/www.hydrax.io\/#website","url":"https:\/\/www.hydrax.io\/","name":"Hydra X","description":"Professional Trading Technology","publisher":{"@id":"https:\/\/www.hydrax.io\/#organization"},"potentialAction":[{"@type":"SearchAction","target":{"@type":"EntryPoint","urlTemplate":"https:\/\/www.hydrax.io\/?s={search_term_string}"},"query-input":{"@type":"PropertyValueSpecification","valueRequired":true,"valueName":"search_term_string"}}],"inLanguage":"vi"},{"@type":"Organization","@id":"https:\/\/www.hydrax.io\/#organization","name":"Hydra X","url":"https:\/\/www.hydrax.io\/","logo":{"@type":"ImageObject","inLanguage":"vi","@id":"https:\/\/www.hydrax.io\/#\/schema\/logo\/image\/","url":"https:\/\/www.hydrax.io\/wp-content\/uploads\/2019\/10\/Hydra-X-Logo-Blue.png","contentUrl":"https:\/\/www.hydrax.io\/wp-content\/uploads\/2019\/10\/Hydra-X-Logo-Blue.png","width":1052,"height":849,"caption":"Hydra X"},"image":{"@id":"https:\/\/www.hydrax.io\/#\/schema\/logo\/image\/"}}]}},"_links":{"self":[{"href":"https:\/\/www.hydrax.io\/vn\/wp-json\/wp\/v2\/pages\/15012"}],"collection":[{"href":"https:\/\/www.hydrax.io\/vn\/wp-json\/wp\/v2\/pages"}],"about":[{"href":"https:\/\/www.hydrax.io\/vn\/wp-json\/wp\/v2\/types\/page"}],"author":[{"embeddable":true,"href":"https:\/\/www.hydrax.io\/vn\/wp-json\/wp\/v2\/users\/1"}],"replies":[{"embeddable":true,"href":"https:\/\/www.hydrax.io\/vn\/wp-json\/wp\/v2\/comments?post=15012"}],"version-history":[{"count":52,"href":"https:\/\/www.hydrax.io\/vn\/wp-json\/wp\/v2\/pages\/15012\/revisions"}],"predecessor-version":[{"id":24383,"href":"https:\/\/www.hydrax.io\/vn\/wp-json\/wp\/v2\/pages\/15012\/revisions\/24383"}],"up":[{"embeddable":true,"href":"https:\/\/www.hydrax.io\/vn\/wp-json\/wp\/v2\/pages\/9725"}],"wp:featuredmedia":[{"embeddable":true,"href":"https:\/\/www.hydrax.io\/vn\/wp-json\/wp\/v2\/media\/23635"}],"wp:attachment":[{"href":"https:\/\/www.hydrax.io\/vn\/wp-json\/wp\/v2\/media?parent=15012"}],"curies":[{"name":"wp","href":"https:\/\/api.w.org\/{rel}","templated":true}]}}