{"id":15029,"date":"2023-07-18T15:38:04","date_gmt":"2023-07-18T07:38:04","guid":{"rendered":"https:\/\/www.hydrax.io\/services\/custody-copy\/"},"modified":"2024-12-10T09:50:10","modified_gmt":"2024-12-10T01:50:10","slug":"regulated-brokerdealer","status":"publish","type":"page","link":"https:\/\/www.hydrax.io\/vn\/services\/regulated-brokerdealer\/","title":{"rendered":"Services &#8211; Issuance"},"content":{"rendered":"<div data-elementor-type=\"wp-post\" data-elementor-id=\"15029\" class=\"elementor elementor-15029\" data-elementor-post-type=\"page\">\n\t\t\t\t<div class=\"elementor-element elementor-element-6f1e20d e-flex e-con-boxed e-con e-parent\" data-id=\"6f1e20d\" data-element_type=\"container\" data-settings=\"{&quot;background_background&quot;:&quot;classic&quot;}\">\n\t\t\t\t\t<div class=\"e-con-inner\">\n\t\t<div class=\"elementor-element elementor-element-d08025a e-con-full e-flex e-con e-child\" data-id=\"d08025a\" data-element_type=\"container\">\n\t\t\t\t<div class=\"elementor-element elementor-element-3553b11 elementor-widget elementor-widget-heading\" data-id=\"3553b11\" data-element_type=\"widget\" data-widget_type=\"heading.default\">\n\t\t\t\t<div class=\"elementor-widget-container\">\n\t\t\t<h5 class=\"elementor-heading-title elementor-size-default\">D\u1ecaCH V\u1ee4 TH\u1eca TR\u01af\u1edcNG<\/h5>\t\t<\/div>\n\t\t\t\t<\/div>\n\t\t\t\t<div class=\"elementor-element elementor-element-2428cd8 elementor-widget elementor-widget-heading\" data-id=\"2428cd8\" data-element_type=\"widget\" data-widget_type=\"heading.default\">\n\t\t\t\t<div class=\"elementor-widget-container\">\n\t\t\t<h2 class=\"elementor-heading-title elementor-size-default\">Giao d\u1ecbch<\/h2>\t\t<\/div>\n\t\t\t\t<\/div>\n\t\t\t\t<\/div>\n\t\t\t\t<div class=\"elementor-element elementor-element-a5e1656 elementor-align-left elementor-widget__width-inherit elementor-widget elementor-widget-button\" data-id=\"a5e1656\" data-element_type=\"widget\" data-widget_type=\"button.default\">\n\t\t\t\t<div class=\"elementor-widget-container\">\n\t\t\t\t\t<div class=\"elementor-button-wrapper\">\n\t\t\t<a class=\"elementor-button elementor-button-link elementor-size-md\" href=\"#contact\">\n\t\t\t\t\t\t<span class=\"elementor-button-content-wrapper\">\n\t\t\t\t\t\t\t\t\t<span class=\"elementor-button-text\">LI\u00caN H\u1ec6 V\u1edaI CH\u00daNG T\u00d4I<\/span>\n\t\t\t\t\t<\/span>\n\t\t\t\t\t<\/a>\n\t\t<\/div>\n\t\t\t\t<\/div>\n\t\t\t\t<\/div>\n\t\t\t\t\t<\/div>\n\t\t\t\t<\/div>\n\t\t<div class=\"elementor-element elementor-element-646e474 e-flex e-con-boxed e-con e-parent\" data-id=\"646e474\" data-element_type=\"container\" data-settings=\"{&quot;background_background&quot;:&quot;classic&quot;}\">\n\t\t\t\t\t<div class=\"e-con-inner\">\n\t\t<div class=\"elementor-element elementor-element-640d1ec e-con-full e-flex e-con e-child\" data-id=\"640d1ec\" data-element_type=\"container\">\n\t\t<div class=\"elementor-element elementor-element-e1ba0bc e-con-full e-flex elementor-invisible e-con e-child\" data-id=\"e1ba0bc\" data-element_type=\"container\" data-settings=\"{&quot;animation&quot;:&quot;fadeInUp&quot;,&quot;animation_delay&quot;:400}\">\n\t\t\t\t<div class=\"elementor-element elementor-element-dca310b elementor-widget elementor-widget-heading\" data-id=\"dca310b\" data-element_type=\"widget\" data-widget_type=\"heading.default\">\n\t\t\t\t<div class=\"elementor-widget-container\">\n\t\t\t<h5 class=\"elementor-heading-title elementor-size-default\">D\u1ecaCH V\u1ee4 C\u1ee6A CH\u00daNG T\u00d4I<\/h5>\t\t<\/div>\n\t\t\t\t<\/div>\n\t\t\t\t<div class=\"elementor-element elementor-element-0932c06 elementor-widget__width-inherit elementor-widget elementor-widget-text-editor\" data-id=\"0932c06\" data-element_type=\"widget\" data-widget_type=\"text-editor.default\">\n\t\t\t\t<div class=\"elementor-widget-container translation-block\">Ch\u00fang t\u00f4i \u0111\u01b0\u1ee3c C\u01a1 quan Ti\u1ec1n t\u1ec7 Singapore (MAS) c\u1ea5p ph\u00e9p \u0111\u1ec3 cung c\u1ea5p <span class=\"responsive-text\" style=\"color: #20b3ab;font-family: 'Source Serif Pro';font-weight: 500\"><em>d\u1ecbch v\u1ee5 giao d\u1ecbch<\/em><\/span> nh\u1eb1m t\u1ea1o \u0111i\u1ec1u ki\u1ec7n cho <span class=\"responsive-text\" style=\"color: #20b3ab;font-family: 'Source Serif Pro';font-weight: 500\"><em>mua v\u00e0 b\u00e1n<\/em><\/span> c\u1ea3 ch\u1ee9ng kho\u00e1n truy\u1ec1n th\u1ed1ng v\u00e0 ch\u1ee9ng kho\u00e1n m\u00e3 h\u00f3a.<\/div>\n\t\t\t\t<\/div>\n\t\t\t\t<div class=\"elementor-element elementor-element-bff564d elementor-widget__width-initial elementor-widget elementor-widget-text-editor\" data-id=\"bff564d\" data-element_type=\"widget\" data-widget_type=\"text-editor.default\">\n\t\t\t\t<div class=\"elementor-widget-container\">\n\t\t\t\t\t\t\t<p>Gi\u1ea5y ph\u00e9p n\u00e0y cho ph\u00e9p ch\u00fang t\u00f4i mua ch\u1ee9ng kho\u00e1n c\u01a1 s\u1edf cho tr\u00e1i phi\u1ebfu m\u00e3 h\u00f3a ho\u1eb7c qu\u1ef9 th\u1ecb tr\u01b0\u1eddng ti\u1ec1n t\u1ec7, \u0111\u1ed3ng th\u1eddi ti\u1ebfp th\u1ecb v\u00e0 b\u00e1n ch\u1ee9ng kho\u00e1n ri\u00eang l\u1ebb.<\/p>\t\t\t\t\t\t<\/div>\n\t\t\t\t<\/div>\n\t\t\t\t<div class=\"elementor-element elementor-element-a377b42 elementor-widget elementor-widget-image\" data-id=\"a377b42\" data-element_type=\"widget\" data-widget_type=\"image.default\">\n\t\t\t\t<div class=\"elementor-widget-container\">\n\t\t\t\t\t\t\t\t\t\t\t\t\t<img decoding=\"async\" data-src=\"https:\/\/www.hydrax.io\/wp-content\/uploads\/2024\/11\/CMS-Dealing.png\" title=\"CMS-Dealing\" alt=\"\" loading=\"lazy\" src=\"data:image\/gif;base64,R0lGODlhAQABAAAAACH5BAEKAAEALAAAAAABAAEAAAICTAEAOw==\" class=\"lazyload\" style=\"--smush-placeholder-width: 738px; --smush-placeholder-aspect-ratio: 738\/270;\" \/><noscript><img decoding=\"async\" src=\"https:\/\/www.hydrax.io\/wp-content\/uploads\/2024\/11\/CMS-Dealing.png\" title=\"CMS-Dealing\" alt=\"\" loading=\"lazy\" \/><\/noscript>\t\t\t\t\t\t\t\t\t\t\t\t\t<\/div>\n\t\t\t\t<\/div>\n\t\t\t\t<\/div>\n\t\t\t\t<\/div>\n\t\t<div class=\"elementor-element elementor-element-59a5188 e-con-full e-flex elementor-invisible e-con e-child\" data-id=\"59a5188\" data-element_type=\"container\" data-settings=\"{&quot;background_background&quot;:&quot;classic&quot;,&quot;animation&quot;:&quot;fadeInUp&quot;}\">\n\t\t\t\t<div class=\"elementor-element elementor-element-bb63088 elementor-invisible elementor-widget elementor-widget-spacer\" data-id=\"bb63088\" data-element_type=\"widget\" data-settings=\"{&quot;_animation&quot;:&quot;fadeInUp&quot;}\" data-widget_type=\"spacer.default\">\n\t\t\t\t<div class=\"elementor-widget-container\">\n\t\t\t\t\t<div class=\"elementor-spacer\">\n\t\t\t<div class=\"elementor-spacer-inner\"><\/div>\n\t\t<\/div>\n\t\t\t\t<\/div>\n\t\t\t\t<\/div>\n\t\t\t\t<\/div>\n\t\t\t\t\t<\/div>\n\t\t\t\t<\/div>\n\t\t<div class=\"elementor-element elementor-element-33b3a86 e-flex e-con-boxed e-con e-parent\" data-id=\"33b3a86\" data-element_type=\"container\" id=\"contact\" data-settings=\"{&quot;background_background&quot;:&quot;slideshow&quot;,&quot;background_slideshow_gallery&quot;:[{&quot;id&quot;:21090,&quot;url&quot;:&quot;https:\\\/\\\/www.hydrax.io\\\/wp-content\\\/uploads\\\/2024\\\/11\\\/Contact-Us.jpg&quot;}],&quot;background_slideshow_loop&quot;:&quot;yes&quot;,&quot;background_slideshow_slide_duration&quot;:5000,&quot;background_slideshow_slide_transition&quot;:&quot;fade&quot;,&quot;background_slideshow_transition_duration&quot;:500}\">\n\t\t\t\t\t<div class=\"e-con-inner\">\n\t\t<div class=\"elementor-element elementor-element-438f56e e-con-full e-flex e-con e-child\" data-id=\"438f56e\" data-element_type=\"container\">\n\t\t\t\t<div class=\"elementor-element elementor-element-50f0ee4 elementor-widget__width-initial elementor-widget elementor-widget-heading\" data-id=\"50f0ee4\" data-element_type=\"widget\" data-widget_type=\"heading.default\">\n\t\t\t\t<div class=\"elementor-widget-container\">\n\t\t\t<h2 class=\"elementor-heading-title elementor-size-default\">Li\u00ean h\u1ec7 v\u1edbi ch\u00fang t\u00f4i<\/h2>\t\t<\/div>\n\t\t\t\t<\/div>\n\t\t\t\t<div class=\"elementor-element elementor-element-68d69cf elementor-widget__width-initial elementor-widget elementor-widget-text-editor\" data-id=\"68d69cf\" data-element_type=\"widget\" data-widget_type=\"text-editor.default\">\n\t\t\t\t<div class=\"elementor-widget-container\">\n\t\t\t\t\t\t\t<p>Quan t\u00e2m \u0111\u1ebfn \u0111\u1ed5i m\u1edbi? H\u00e3y li\u00ean h\u1ec7 v\u1edbi ch\u00fang t\u00f4i \u0111\u1ec3 kh\u00e1m ph\u00e1 c\u00e1c c\u01a1 h\u1ed9i.<\/p>\t\t\t\t\t\t<\/div>\n\t\t\t\t<\/div>\n\t\t\t\t<\/div>\n\t\t<div class=\"elementor-element elementor-element-cb5717e e-con-full e-flex e-con e-child\" data-id=\"cb5717e\" data-element_type=\"container\">\n\t\t\t\t<div class=\"elementor-element elementor-element-8c28945 elementor-widget__width-initial elementor-widget elementor-widget-html\" data-id=\"8c28945\" data-element_type=\"widget\" data-widget_type=\"html.default\">\n\t\t\t\t<div class=\"elementor-widget-container\">\n\t\t\t<div class=\"_form_4\"><\/div><script src=\"https:\/\/hydrax.activehosted.com\/f\/embed.php?id=4\" charset=\"utf-8\"><\/script>\t\t<\/div>\n\t\t\t\t<\/div>\n\t\t\t\t<div class=\"elementor-element elementor-element-4f8ccc1 elementor-widget__width-initial elementor-widget elementor-widget-text-editor\" data-id=\"4f8ccc1\" data-element_type=\"widget\" data-widget_type=\"text-editor.default\">\n\t\t\t\t<div class=\"elementor-widget-container\">\n\t\t\t\t\t\t\t<p>Hydra X c\u00f3 th\u1ec3 li\u00ean h\u1ec7 v\u1edbi b\u1ea1n v\u1ec1 c\u00e1c s\u1ea3n ph\u1ea9m v\u00e0 d\u1ecbch v\u1ee5 c\u1ee7a ch\u00fang t\u00f4i c\u0169ng nh\u01b0 nh\u1eefng th\u00f4ng tin m\u1edbi nh\u1ea5t trong ng\u00e0nh. B\u1ea1n c\u00f3 th\u1ec3 ch\u1ecdn kh\u00f4ng nh\u1eadn th\u00f4ng tin li\u00ean l\u1ea1c t\u1eeb ch\u00fang t\u00f4i b\u1ea5t k\u1ef3 l\u00fac n\u00e0o.<\/p>\t\t\t\t\t\t<\/div>\n\t\t\t\t<\/div>\n\t\t\t\t<\/div>\n\t\t\t\t\t<\/div>\n\t\t\t\t<\/div>\n\t\t\t\t<\/div>","protected":false},"excerpt":{"rendered":"<p>MARKET SERVICES Dealing CONTACT US OUR SERVICES We are licensed by MAS to offer dealing services that facilitate the buying and selling of both traditional and tokenised securities. This includes the purchase of underlying securities for tokenised treasuries or money market funds, as well as the marketing and sale of private securities. Contact Us Interested [&hellip;]<\/p>","protected":false},"author":1,"featured_media":23634,"parent":9725,"menu_order":0,"comment_status":"closed","ping_status":"closed","template":"","meta":{"_monsterinsights_skip_tracking":false,"_monsterinsights_sitenote_active":false,"_monsterinsights_sitenote_note":"","_monsterinsights_sitenote_category":0,"footnotes":""},"class_list":["post-15029","page","type-page","status-publish","has-post-thumbnail","hentry"],"yoast_head":"<!-- This site is optimized with the Yoast SEO plugin v23.6 - https:\/\/yoast.com\/wordpress\/plugins\/seo\/ -->\n<title>Hydra X | Licensed Dealing Services: Secure Transactions<\/title>\n<meta name=\"description\" content=\"Our licensed dealing services facilitate the issuance of all type of securities, with flexible transaction options.\" \/>\n<meta name=\"robots\" content=\"index, follow, max-snippet:-1, max-image-preview:large, max-video-preview:-1\" \/>\n<link rel=\"canonical\" href=\"https:\/\/www.hydrax.io\/vn\/services\/regulated-brokerdealer\/\" \/>\n<meta property=\"og:locale\" content=\"vi_VN\" \/>\n<meta property=\"og:type\" content=\"article\" \/>\n<meta property=\"og:title\" content=\"Hydra X | Licensed Dealing Services: Secure Transactions\" \/>\n<meta property=\"og:description\" content=\"Our licensed dealing services facilitate the issuance of all type of securities, with flexible transaction options.\" \/>\n<meta property=\"og:url\" content=\"https:\/\/www.hydrax.io\/vn\/services\/regulated-brokerdealer\/\" \/>\n<meta property=\"og:site_name\" content=\"Hydra X\" \/>\n<meta property=\"article:modified_time\" content=\"2024-12-10T01:50:10+00:00\" \/>\n<meta property=\"og:image\" content=\"https:\/\/www.hydrax.io\/wp-content\/uploads\/2024\/11\/Market-Services-Dealing.png\" \/>\n\t<meta property=\"og:image:width\" content=\"734\" \/>\n\t<meta property=\"og:image:height\" content=\"734\" \/>\n\t<meta property=\"og:image:type\" content=\"image\/png\" \/>\n<meta name=\"twitter:card\" content=\"summary_large_image\" \/>\n<meta name=\"twitter:label1\" content=\"\u01af\u1edbc t\u00ednh th\u1eddi gian \u0111\u1ecdc\" \/>\n\t<meta name=\"twitter:data1\" content=\"3 ph\u00fat\" \/>\n<script type=\"application\/ld+json\" class=\"yoast-schema-graph\">{\"@context\":\"https:\/\/schema.org\",\"@graph\":[{\"@type\":\"WebPage\",\"@id\":\"https:\/\/www.hydrax.io\/services\/regulated-brokerdealer\/\",\"url\":\"https:\/\/www.hydrax.io\/services\/regulated-brokerdealer\/\",\"name\":\"Hydra X | Licensed Dealing Services: Secure Transactions\",\"isPartOf\":{\"@id\":\"https:\/\/www.hydrax.io\/#website\"},\"primaryImageOfPage\":{\"@id\":\"https:\/\/www.hydrax.io\/services\/regulated-brokerdealer\/#primaryimage\"},\"image\":{\"@id\":\"https:\/\/www.hydrax.io\/services\/regulated-brokerdealer\/#primaryimage\"},\"thumbnailUrl\":\"https:\/\/www.hydrax.io\/wp-content\/uploads\/2024\/11\/Market-Services-Dealing.png\",\"datePublished\":\"2023-07-18T07:38:04+00:00\",\"dateModified\":\"2024-12-10T01:50:10+00:00\",\"description\":\"Our licensed dealing services facilitate the issuance of all type of securities, with flexible transaction options.\",\"breadcrumb\":{\"@id\":\"https:\/\/www.hydrax.io\/services\/regulated-brokerdealer\/#breadcrumb\"},\"inLanguage\":\"vi\",\"potentialAction\":[{\"@type\":\"ReadAction\",\"target\":[\"https:\/\/www.hydrax.io\/services\/regulated-brokerdealer\/\"]}]},{\"@type\":\"ImageObject\",\"inLanguage\":\"vi\",\"@id\":\"https:\/\/www.hydrax.io\/services\/regulated-brokerdealer\/#primaryimage\",\"url\":\"https:\/\/www.hydrax.io\/wp-content\/uploads\/2024\/11\/Market-Services-Dealing.png\",\"contentUrl\":\"https:\/\/www.hydrax.io\/wp-content\/uploads\/2024\/11\/Market-Services-Dealing.png\",\"width\":734,\"height\":734},{\"@type\":\"BreadcrumbList\",\"@id\":\"https:\/\/www.hydrax.io\/services\/regulated-brokerdealer\/#breadcrumb\",\"itemListElement\":[{\"@type\":\"ListItem\",\"position\":1,\"name\":\"Home\",\"item\":\"https:\/\/www.hydrax.io\/\"},{\"@type\":\"ListItem\",\"position\":2,\"name\":\"Services\",\"item\":\"https:\/\/www.hydrax.io\/services\/\"},{\"@type\":\"ListItem\",\"position\":3,\"name\":\"Services &#8211; Issuance\"}]},{\"@type\":\"WebSite\",\"@id\":\"https:\/\/www.hydrax.io\/#website\",\"url\":\"https:\/\/www.hydrax.io\/\",\"name\":\"Hydra X\",\"description\":\"Professional Trading Technology\",\"publisher\":{\"@id\":\"https:\/\/www.hydrax.io\/#organization\"},\"potentialAction\":[{\"@type\":\"SearchAction\",\"target\":{\"@type\":\"EntryPoint\",\"urlTemplate\":\"https:\/\/www.hydrax.io\/?s={search_term_string}\"},\"query-input\":{\"@type\":\"PropertyValueSpecification\",\"valueRequired\":true,\"valueName\":\"search_term_string\"}}],\"inLanguage\":\"vi\"},{\"@type\":\"Organization\",\"@id\":\"https:\/\/www.hydrax.io\/#organization\",\"name\":\"Hydra X\",\"url\":\"https:\/\/www.hydrax.io\/\",\"logo\":{\"@type\":\"ImageObject\",\"inLanguage\":\"vi\",\"@id\":\"https:\/\/www.hydrax.io\/#\/schema\/logo\/image\/\",\"url\":\"https:\/\/www.hydrax.io\/wp-content\/uploads\/2019\/10\/Hydra-X-Logo-Blue.png\",\"contentUrl\":\"https:\/\/www.hydrax.io\/wp-content\/uploads\/2019\/10\/Hydra-X-Logo-Blue.png\",\"width\":1052,\"height\":849,\"caption\":\"Hydra X\"},\"image\":{\"@id\":\"https:\/\/www.hydrax.io\/#\/schema\/logo\/image\/\"}}]}<\/script>\n<!-- \/ Yoast SEO plugin. -->","yoast_head_json":{"title":"Hydra X | Licensed Dealing Services: Secure Transactions","description":"Our licensed dealing services facilitate the issuance of all type of securities, with flexible transaction options.","robots":{"index":"index","follow":"follow","max-snippet":"max-snippet:-1","max-image-preview":"max-image-preview:large","max-video-preview":"max-video-preview:-1"},"canonical":"https:\/\/www.hydrax.io\/vn\/services\/regulated-brokerdealer\/","og_locale":"vi_VN","og_type":"article","og_title":"Hydra X | Licensed Dealing Services: Secure Transactions","og_description":"Our licensed dealing services facilitate the issuance of all type of securities, with flexible transaction options.","og_url":"https:\/\/www.hydrax.io\/vn\/services\/regulated-brokerdealer\/","og_site_name":"Hydra X","article_modified_time":"2024-12-10T01:50:10+00:00","og_image":[{"width":734,"height":734,"url":"https:\/\/www.hydrax.io\/wp-content\/uploads\/2024\/11\/Market-Services-Dealing.png","type":"image\/png"}],"twitter_card":"summary_large_image","twitter_misc":{"\u01af\u1edbc t\u00ednh th\u1eddi gian \u0111\u1ecdc":"3 ph\u00fat"},"schema":{"@context":"https:\/\/schema.org","@graph":[{"@type":"WebPage","@id":"https:\/\/www.hydrax.io\/services\/regulated-brokerdealer\/","url":"https:\/\/www.hydrax.io\/services\/regulated-brokerdealer\/","name":"Hydra X | Licensed Dealing Services: Secure Transactions","isPartOf":{"@id":"https:\/\/www.hydrax.io\/#website"},"primaryImageOfPage":{"@id":"https:\/\/www.hydrax.io\/services\/regulated-brokerdealer\/#primaryimage"},"image":{"@id":"https:\/\/www.hydrax.io\/services\/regulated-brokerdealer\/#primaryimage"},"thumbnailUrl":"https:\/\/www.hydrax.io\/wp-content\/uploads\/2024\/11\/Market-Services-Dealing.png","datePublished":"2023-07-18T07:38:04+00:00","dateModified":"2024-12-10T01:50:10+00:00","description":"Our licensed dealing services facilitate the issuance of all type of securities, with flexible transaction options.","breadcrumb":{"@id":"https:\/\/www.hydrax.io\/services\/regulated-brokerdealer\/#breadcrumb"},"inLanguage":"vi","potentialAction":[{"@type":"ReadAction","target":["https:\/\/www.hydrax.io\/services\/regulated-brokerdealer\/"]}]},{"@type":"ImageObject","inLanguage":"vi","@id":"https:\/\/www.hydrax.io\/services\/regulated-brokerdealer\/#primaryimage","url":"https:\/\/www.hydrax.io\/wp-content\/uploads\/2024\/11\/Market-Services-Dealing.png","contentUrl":"https:\/\/www.hydrax.io\/wp-content\/uploads\/2024\/11\/Market-Services-Dealing.png","width":734,"height":734},{"@type":"BreadcrumbList","@id":"https:\/\/www.hydrax.io\/services\/regulated-brokerdealer\/#breadcrumb","itemListElement":[{"@type":"ListItem","position":1,"name":"Home","item":"https:\/\/www.hydrax.io\/"},{"@type":"ListItem","position":2,"name":"Services","item":"https:\/\/www.hydrax.io\/services\/"},{"@type":"ListItem","position":3,"name":"Services &#8211; Issuance"}]},{"@type":"WebSite","@id":"https:\/\/www.hydrax.io\/#website","url":"https:\/\/www.hydrax.io\/","name":"Hydra X","description":"Professional Trading Technology","publisher":{"@id":"https:\/\/www.hydrax.io\/#organization"},"potentialAction":[{"@type":"SearchAction","target":{"@type":"EntryPoint","urlTemplate":"https:\/\/www.hydrax.io\/?s={search_term_string}"},"query-input":{"@type":"PropertyValueSpecification","valueRequired":true,"valueName":"search_term_string"}}],"inLanguage":"vi"},{"@type":"Organization","@id":"https:\/\/www.hydrax.io\/#organization","name":"Hydra X","url":"https:\/\/www.hydrax.io\/","logo":{"@type":"ImageObject","inLanguage":"vi","@id":"https:\/\/www.hydrax.io\/#\/schema\/logo\/image\/","url":"https:\/\/www.hydrax.io\/wp-content\/uploads\/2019\/10\/Hydra-X-Logo-Blue.png","contentUrl":"https:\/\/www.hydrax.io\/wp-content\/uploads\/2019\/10\/Hydra-X-Logo-Blue.png","width":1052,"height":849,"caption":"Hydra X"},"image":{"@id":"https:\/\/www.hydrax.io\/#\/schema\/logo\/image\/"}}]}},"_links":{"self":[{"href":"https:\/\/www.hydrax.io\/vn\/wp-json\/wp\/v2\/pages\/15029"}],"collection":[{"href":"https:\/\/www.hydrax.io\/vn\/wp-json\/wp\/v2\/pages"}],"about":[{"href":"https:\/\/www.hydrax.io\/vn\/wp-json\/wp\/v2\/types\/page"}],"author":[{"embeddable":true,"href":"https:\/\/www.hydrax.io\/vn\/wp-json\/wp\/v2\/users\/1"}],"replies":[{"embeddable":true,"href":"https:\/\/www.hydrax.io\/vn\/wp-json\/wp\/v2\/comments?post=15029"}],"version-history":[{"count":70,"href":"https:\/\/www.hydrax.io\/vn\/wp-json\/wp\/v2\/pages\/15029\/revisions"}],"predecessor-version":[{"id":24380,"href":"https:\/\/www.hydrax.io\/vn\/wp-json\/wp\/v2\/pages\/15029\/revisions\/24380"}],"up":[{"embeddable":true,"href":"https:\/\/www.hydrax.io\/vn\/wp-json\/wp\/v2\/pages\/9725"}],"wp:featuredmedia":[{"embeddable":true,"href":"https:\/\/www.hydrax.io\/vn\/wp-json\/wp\/v2\/media\/23634"}],"wp:attachment":[{"href":"https:\/\/www.hydrax.io\/vn\/wp-json\/wp\/v2\/media?parent=15029"}],"curies":[{"name":"wp","href":"https:\/\/api.w.org\/{rel}","templated":true}]}}