{"id":17936,"date":"2024-06-28T16:32:19","date_gmt":"2024-06-28T08:32:19","guid":{"rendered":"https:\/\/www.hydrax.io\/?page_id=17936"},"modified":"2025-09-15T12:17:31","modified_gmt":"2025-09-15T04:17:31","slug":"hydra-x-and-dinari-team-up","status":"publish","type":"page","link":"https:\/\/www.hydrax.io\/vn\/blog\/hydra-x-and-dinari-team-up\/","title":{"rendered":"Hydra X and Dinari Team Up to Offer Regulatory-Compliant, White-Label Trading Platform for Tokenized US Stocks"},"content":{"rendered":"<div data-elementor-type=\"wp-page\" data-elementor-id=\"17936\" class=\"elementor elementor-17936\" data-elementor-post-type=\"page\">\n\t\t\t\t\t\t<section class=\"elementor-section elementor-top-section elementor-element elementor-element-7be2fcc elementor-section-content-top elementor-section-boxed elementor-section-height-default elementor-section-height-default\" data-id=\"7be2fcc\" data-element_type=\"section\" data-settings=\"{&quot;background_background&quot;:&quot;classic&quot;,&quot;animation&quot;:&quot;none&quot;}\">\n\t\t\t\t\t\t\t<div class=\"elementor-background-overlay\"><\/div>\n\t\t\t\t\t\t\t<div class=\"elementor-container elementor-column-gap-default\">\n\t\t\t\t\t<div class=\"elementor-column elementor-col-100 elementor-top-column elementor-element elementor-element-879060f\" data-id=\"879060f\" data-element_type=\"column\">\n\t\t\t<div class=\"elementor-widget-wrap\">\n\t\t\t\t\t\t\t<\/div>\n\t\t<\/div>\n\t\t\t\t\t<\/div>\n\t\t<\/section>\n\t\t\t\t<section class=\"elementor-section elementor-top-section elementor-element elementor-element-4c7e826 elementor-section-boxed elementor-section-height-default elementor-section-height-default\" data-id=\"4c7e826\" data-element_type=\"section\" data-settings=\"{&quot;background_background&quot;:&quot;classic&quot;}\">\n\t\t\t\t\t\t<div class=\"elementor-container elementor-column-gap-default\">\n\t\t\t\t\t<div class=\"elementor-column elementor-col-100 elementor-top-column elementor-element elementor-element-56c811f\" data-id=\"56c811f\" data-element_type=\"column\">\n\t\t\t<div class=\"elementor-widget-wrap elementor-element-populated\">\n\t\t\t\t\t\t<div class=\"elementor-element elementor-element-24e5da7 elementor-widget elementor-widget-heading\" data-id=\"24e5da7\" data-element_type=\"widget\" data-widget_type=\"heading.default\">\n\t\t\t\t<div class=\"elementor-widget-container\">\n\t\t\t<h3 class=\"elementor-heading-title elementor-size-default\"><h4 data-elementor-setting-key=\"title\" data-pen-placeholder=\"Type Here...\" style=\"font-family: var( --e-global-typography-primary-font-family )\"><\/h4><h3 data-elementor-setting-key=\"title\" data-pen-placeholder=\"Type Here...\" style=\"font-family: var( --e-global-typography-primary-font-family )\">Hydra X &amp; Dinari H\u1ee3p T\u00e1c Cung C\u1ea5p N\u1ec1n T\u1ea3ng Giao D\u1ecbch Nh\u00e3n Tr\u1eafng Tu\u00e2n Th\u1ee7 Quy \u0110\u1ecbnh Cho C\u1ed5 Phi\u1ebfu M\u1ef9 \u0110\u01b0\u1ee3c Token H\u00f3a<\/h3><\/h3>\t\t<\/div>\n\t\t\t\t<\/div>\n\t\t\t\t<section class=\"elementor-section elementor-inner-section elementor-element elementor-element-88c7c9f elementor-section-boxed elementor-section-height-default elementor-section-height-default\" data-id=\"88c7c9f\" data-element_type=\"section\">\n\t\t\t\t\t\t<div class=\"elementor-container elementor-column-gap-default\">\n\t\t\t\t\t<div class=\"elementor-column elementor-col-50 elementor-inner-column elementor-element elementor-element-40fbedd\" data-id=\"40fbedd\" data-element_type=\"column\">\n\t\t\t<div class=\"elementor-widget-wrap elementor-element-populated\">\n\t\t\t\t\t\t<div class=\"elementor-element elementor-element-c9b1660 elementor-widget-tablet__width-inherit elementor-widget elementor-widget-text-editor\" data-id=\"c9b1660\" data-element_type=\"widget\" data-widget_type=\"text-editor.default\">\n\t\t\t\t<div class=\"elementor-widget-container\">\n\t\t\t\t\t\t\t<article><div><section class=\"eh ei ej ek el\"><div class=\"n p\"><div class=\"z ab ac ae af em ah ai\"><p id=\"94fc\" class=\"hh hi cl bq hj b hk hl hm hn ho hp hq hr hs ht hu eh\" data-selectable-paragraph=\"\"><time class=\"article-timestamp\" datetime=\"2017-07-21T19:31:04.302Z\" data-type=\"updated\" data-status=\"localized\">2 Th\u00e1ng 7 2024, 5:00 PM SGT<\/time><\/p><\/div><\/div><\/section><\/div><\/article>\t\t\t\t\t\t<\/div>\n\t\t\t\t<\/div>\n\t\t\t\t\t<\/div>\n\t\t<\/div>\n\t\t\t\t<div class=\"elementor-column elementor-col-50 elementor-inner-column elementor-element elementor-element-daaefea\" data-id=\"daaefea\" data-element_type=\"column\">\n\t\t\t<div class=\"elementor-widget-wrap\">\n\t\t\t\t\t\t\t<\/div>\n\t\t<\/div>\n\t\t\t\t\t<\/div>\n\t\t<\/section>\n\t\t\t\t<div class=\"elementor-element elementor-element-241cde6 elementor-widget-tablet__width-inherit elementor-widget elementor-widget-text-editor\" data-id=\"241cde6\" data-element_type=\"widget\" data-widget_type=\"text-editor.default\">\n\t\t\t\t<div class=\"elementor-widget-container\">\n\t\t\t\t\t\t\t<article><p><b>Singapore, 2 Th\u00e1ng 7 2024<\/b> \u2013<span style=\"font-weight: 400;\">Hydra X v\u00e0 Dinari \u0111\u00e3 \u0111\u1ed3ng \u00fd h\u1ee3p t\u00e1c \u0111\u1ec3 cung c\u1ea5p cho c\u00e1c t\u1ed5 ch\u1ee9c \u0111\u01b0\u1ee3c qu\u1ea3n l\u00fd m\u1ed9t n\u1ec1n t\u1ea3ng tr\u1ecdn g\u00f3i nh\u1eb1m cung c\u1ea5p c\u1ed5 phi\u1ebfu M\u1ef9 \u0111\u01b0\u1ee3c token h\u00f3a cho kh\u00e1ch h\u00e0ng c\u1ee7a h\u1ecd.<\/span><\/p><p><span style=\"font-weight: 400;\">Hydra X, m\u1ed9t nh\u00e0 x\u00e2y d\u1ef1ng h\u1ea1 t\u1ea7ng c\u00f4ng ngh\u1ec7 cho th\u1ecb tr\u01b0\u1eddng v\u1ed1n s\u1ed1, cung c\u1ea5p n\u1ec1n t\u1ea3ng giao d\u1ecbch nh\u00e3n tr\u1eafng tu\u00e2n th\u1ee7 quy \u0111\u1ecbnh cho c\u00e1c t\u1ed5 ch\u1ee9c t\u00e0i ch\u00ednh \u0111\u1ec3 h\u1ed7 tr\u1ee3 qu\u00e1 tr\u00ecnh chuy\u1ec3n \u0111\u1ed5i sang Web 3.0. Dinari \u0111ang c\u00e1ch m\u1ea1ng h\u00f3a vi\u1ec7c giao d\u1ecbch ch\u1ee9ng kho\u00e1n \u0111\u01b0\u1ee3c token h\u00f3a b\u1eb1ng c\u00e1ch ph\u00e1t h\u00e0nh token dShares, \u0111\u01b0\u1ee3c b\u1ea3o ch\u1ee9ng 1:1 b\u1eb1ng l\u01b0\u1ee3ng t\u00e0i s\u1ea3n th\u1ef1c t\u1ebf c\u01a1 s\u1edf t\u01b0\u01a1ng \u1ee9ng, bao g\u1ed3m nh\u01b0ng kh\u00f4ng gi\u1edbi h\u1ea1n \u1edf c\u1ed5 phi\u1ebfu, ETF, tr\u00e1i phi\u1ebfu, REIT, v.v.<\/span><\/p><p><span style=\"font-weight: 400;\">B\u1eb1ng c\u00e1ch t\u00edch h\u1ee3p c\u1ea3 hai n\u1ec1n t\u1ea3ng c\u00f4ng ngh\u1ec7, s\u1ef1 h\u1ee3p t\u00e1c n\u00e0y nh\u1eb1m mang l\u1ea1i m\u1ed9t n\u1ec1n t\u1ea3ng \u0111\u1ea7u-cu\u1ed1i tu\u00e2n th\u1ee7 quy \u0111\u1ecbnh, h\u1ed7 tr\u1ee3 giao d\u1ecbch c\u1ed5 phi\u1ebfu M\u1ef9 \u0111\u01b0\u1ee3c token h\u00f3a b\u00ean ngo\u00e0i n\u01b0\u1edbc M\u1ef9.\u00a0<\/span><\/p><p><span style=\"font-weight: 400;\">\u201cS\u1ef1 h\u1ee3p t\u00e1c n\u00e0y l\u00e0m phong ph\u00fa th\u00eam s\u1ea3n ph\u1ea9m c\u1ee7a ch\u00fang t\u00f4i v\u00e0 quan tr\u1ecdng nh\u1ea5t l\u00e0 ph\u00f9 h\u1ee3p v\u1edbi tr\u1ecdng t\u00e2m tu\u00e2n th\u1ee7 quy \u0111\u1ecbnh,\u201d Daryl Low, CEO c\u1ee7a Hydra X cho bi\u1ebft. \u201cT\u00edch h\u1ee3p gi\u1ea3i ph\u00e1p c\u1ee7a Dinari s\u1ebd cho ph\u00e9p kh\u00e1ch h\u00e0ng c\u1ee7a ch\u00fang t\u00f4i ti\u1ebfp c\u1eadn th\u1ecb tr\u01b0\u1eddng ch\u1ee9ng kho\u00e1n M\u1ef9 theo c\u00e1ch tu\u00e2n th\u1ee7, \u0111\u01b0\u1ee3c b\u1ea3o \u0111\u1ea3m b\u1edfi nh\u1eefng ti\u00eau chu\u1ea9n cao nh\u1ea5t v\u1ec1 uy t\u00edn v\u00e0 an to\u00e0n,\u201d \u00f4ng b\u1ed5 sung.<\/span><\/p><p><span style=\"font-weight: 400;\">Gabriel Otte, CEO c\u1ee7a Dinari, c\u0169ng b\u00e0y t\u1ecf s\u1ef1 ph\u1ea5n kh\u1edfi: \u201cCh\u00fang t\u00f4i r\u1ea5t vui m\u1eebng \u0111\u01b0\u1ee3c h\u1ee3p t\u00e1c v\u1edbi Hydra X. Dinari cam k\u1ebft mang \u0111\u1ebfn quy\u1ec1n truy c\u1eadp tu\u00e2n th\u1ee7 \u0111\u1ed1i v\u1edbi m\u1ed9t s\u1ed1 t\u00e0i s\u1ea3n th\u1ef1c \u0111\u00e1ng tin c\u1eady nh\u1ea5t cho c\u00e1c \u0111\u1ed1i t\u00e1c th\u00f4ng qua Solid Violet API. Th\u00f4ng qua s\u1ef1 t\u00edch h\u1ee3p n\u00e0y, Hydra X v\u00e0 Dinari hi\u1ec7n c\u00f3 th\u1ec3 mang th\u1ecb tr\u01b0\u1eddng ch\u1ee9ng kho\u00e1n M\u1ef9 \u0111\u1ebfn v\u1edbi t\u1ea5t c\u1ea3 kh\u00e1ch h\u00e0ng c\u1ee7a h\u1ecd m\u1ed9t c\u00e1ch an to\u00e0n, hi\u1ec7u qu\u1ea3 v\u00e0 tu\u00e2n th\u1ee7.\u201d<\/span><\/p><h6><b>V\u1ec1 Hydra X<\/b><\/h6><p><span style=\"font-weight: 400;\">Hydra X Pte. Ltd. l\u00e0 m\u1ed9t n\u1ec1n t\u1ea3ng t\u00edch h\u1ee3p tu\u00e2n th\u1ee7 quy \u0111\u1ecbnh, cho ph\u00e9p truy c\u1eadp v\u00e0o h\u1ec7 sinh th\u00e1i t\u00e0i ch\u00ednh \u0111\u01b0\u1ee3c token h\u00f3a. N\u1ec1n t\u1ea3ng n\u00e0y cung c\u1ea5p c\u01a1 s\u1edf h\u1ea1 t\u1ea7ng \u0111\u1ea7u-cu\u1ed1i cho vi\u1ec7c giao d\u1ecbch t\u00e0i s\u1ea3n token h\u00f3a, gi\u00fap doanh nghi\u1ec7p v\u00e0 kh\u00e1ch h\u00e0ng t\u1ed5 ch\u1ee9c c\u00f3 th\u1ec3 \u00e1p d\u1ee5ng v\u00e0 m\u1edf r\u1ed9ng trong th\u1ecb tr\u01b0\u1eddng v\u1ed1n s\u1ed1. \u0110\u1ee9ng \u0111\u1ea7u l\u00e0 CEO s\u00e1ng l\u1eadp Daryl Low, \u0111\u1ed9i ng\u0169 qu\u1ea3n l\u00fd c\u1ee7a Hydra X c\u00f3 h\u01a1n 60 n\u0103m kinh nghi\u1ec7m trong l\u0129nh v\u1ef1c t\u00e0i ch\u00ednh, qu\u1ea3n l\u00fd t\u00e0i ch\u00ednh, ph\u00e1p lu\u1eadt v\u00e0 c\u00f4ng ngh\u1ec7.<\/span><\/p><p><span style=\"font-weight: 400;\">\u00a0<\/span><\/p><p><b>Dinari Inc<\/b><span style=\"font-weight: 400;\"> l\u00e0 m\u1ed9t c\u00f4ng ty c\u00f3 tr\u1ee5 s\u1edf t\u1ea1i M\u1ef9, cung c\u1ea5p quy\u1ec1n truy c\u1eadp v\u00e0o m\u1ed9t s\u1ed1 t\u00e0i s\u1ea3n \u0111\u00e1ng tin c\u1eady nh\u1ea5t th\u1ebf gi\u1edbi nh\u01b0 c\u1ed5 phi\u1ebfu, ETF, REIT th\u00f4ng qua SolidViolet API. L\u00e0 m\u1ed9t \u0111\u1ea1i l\u00fd chuy\u1ec3n nh\u01b0\u1ee3ng \u0111\u00e3 \u0111\u0103ng k\u00fd v\u1edbi SEC, Dinari \u0111\u1ea3m b\u1ea3o t\u00ednh minh b\u1ea1ch v\u00e0 an to\u00e0n, n\u1eafm gi\u1eef d\u1ef1 tr\u1eef c\u1ee7a t\u1eebng t\u00e0i s\u1ea3n c\u01a1 s\u1edf trong c\u00e1c kho \u0111\u01b0\u1ee3c ki\u1ec3m to\u00e1n \u0111\u1ecbnh k\u1ef3. Dinari \u0111\u01b0\u1ee3c h\u1ed7 tr\u1ee3 b\u1edfi c\u00e1c nh\u00e0 \u0111\u1ea7u t\u01b0 nh\u01b0 500 Global, Susquehanna SIG, Alchemy v\u00e0 Alliance DAO.<\/span><\/p><p><span style=\"font-weight: 400;\">\u0110\u1ec3 bi\u1ebft th\u00eam th\u00f4ng tin, vui l\u00f2ng truy c\u1eadp <\/span><a href=\"https:\/\/www.hydrax.io\/vn\/\"><span style=\"font-weight: 400;\">Hydra X<\/span><\/a><span style=\"font-weight: 400;\"> v\u00e0 <\/span><a href=\"https:\/\/www.dinari.com\/\"><span style=\"font-weight: 400;\">Dinari<\/span><\/a><span style=\"font-weight: 400;\">.<\/span><\/p><div><span style=\"font-family: var( --e-global-typography-text-font-family ); font-weight: var( --e-global-typography-text-font-weight ); letter-spacing: 0.3px;\">\u00a0<\/span><\/div><\/article><p>-H\u1ebeT-<\/p><h6>\u00a0<\/h6><h6><b>Li\u00ean h\u1ec7 Truy\u1ec1n th\u00f4ng\u00a0<\/b><\/h6><p>Trina GAN<\/p><p><a href=\"mailto:trina@hydrax.io\">trina@hydrax.io<\/a><\/p>\t\t\t\t\t\t<\/div>\n\t\t\t\t<\/div>\n\t\t\t\t<div class=\"elementor-element elementor-element-a48f5cb elementor-widget-divider--view-line elementor-widget elementor-widget-divider\" data-id=\"a48f5cb\" data-element_type=\"widget\" data-widget_type=\"divider.default\">\n\t\t\t\t<div class=\"elementor-widget-container\">\n\t\t\t\t\t<div class=\"elementor-divider\">\n\t\t\t<span class=\"elementor-divider-separator\">\n\t\t\t\t\t\t<\/span>\n\t\t<\/div>\n\t\t\t\t<\/div>\n\t\t\t\t<\/div>\n\t\t\t\t<div class=\"elementor-element elementor-element-6e5ccbd elementor-align-right elementor-widget elementor-widget-button\" data-id=\"6e5ccbd\" data-element_type=\"widget\" data-widget_type=\"button.default\">\n\t\t\t\t<div class=\"elementor-widget-container\">\n\t\t\t\t\t<div class=\"elementor-button-wrapper\">\n\t\t\t<a class=\"elementor-button elementor-button-link elementor-size-sm\" href=\"https:\/\/www.hydrax.io\/vn\/blog\/\">\n\t\t\t\t\t\t<span class=\"elementor-button-content-wrapper\">\n\t\t\t\t\t\t<span class=\"elementor-button-icon\">\n\t\t\t\t<i aria-hidden=\"true\" class=\"fas fa-angle-left\"><\/i>\t\t\t<\/span>\n\t\t\t\t\t\t\t\t\t<span class=\"elementor-button-text\">QUAY L\u1ea0I BLOG<\/span>\n\t\t\t\t\t<\/span>\n\t\t\t\t\t<\/a>\n\t\t<\/div>\n\t\t\t\t<\/div>\n\t\t\t\t<\/div>\n\t\t\t\t\t<\/div>\n\t\t<\/div>\n\t\t\t\t\t<\/div>\n\t\t<\/section>\n\t\t\t\t<\/div>","protected":false},"excerpt":{"rendered":"<p>Hydra X &amp; Dinari Team Up to Offer Regulatory-Compliant, White Label Trading Platform for Tokenized US Stocks 2 Jul 2024, 5:00 PM SGT Singapore, 2 Jul 2024 \u2013Hydra X and Dinari have agreed to collaborate to provide regulated institutions with a turnkey platform to offer tokenized US stocks to its customers. Hydra X, a technology [&hellip;]<\/p>","protected":false},"author":4,"featured_media":17939,"parent":1158,"menu_order":0,"comment_status":"closed","ping_status":"closed","template":"","meta":{"_monsterinsights_skip_tracking":false,"_monsterinsights_sitenote_active":false,"_monsterinsights_sitenote_note":"","_monsterinsights_sitenote_category":0,"footnotes":""},"class_list":["post-17936","page","type-page","status-publish","has-post-thumbnail","hentry"],"yoast_head":"<!-- This site is optimized with the Yoast SEO plugin v23.6 - https:\/\/yoast.com\/wordpress\/plugins\/seo\/ -->\n<title>Hydra X and Dinari Team Up<\/title>\n<meta name=\"robots\" content=\"index, follow, max-snippet:-1, max-image-preview:large, max-video-preview:-1\" \/>\n<link rel=\"canonical\" href=\"https:\/\/www.hydrax.io\/vn\/blog\/hydra-x-and-dinari-team-up\/\" \/>\n<meta property=\"og:locale\" content=\"vi_VN\" \/>\n<meta property=\"og:type\" content=\"article\" \/>\n<meta property=\"og:title\" content=\"Hydra X and Dinari Team Up\" \/>\n<meta property=\"og:description\" content=\"Hydra X &amp; Dinari Team Up to Offer Regulatory-Compliant, White Label Trading Platform for Tokenized US Stocks 2 Jul 2024, 5:00 PM SGT Singapore, 2 Jul 2024 \u2013Hydra X and Dinari have agreed to collaborate to provide regulated institutions with a turnkey platform to offer tokenized US stocks to its customers. Hydra X, a technology [&hellip;]\" \/>\n<meta property=\"og:url\" content=\"https:\/\/www.hydrax.io\/vn\/blog\/hydra-x-and-dinari-team-up\/\" \/>\n<meta property=\"og:site_name\" content=\"Hydra X\" \/>\n<meta property=\"article:modified_time\" content=\"2025-09-15T04:17:31+00:00\" \/>\n<meta property=\"og:image\" content=\"https:\/\/www.hydrax.io\/wp-content\/uploads\/2024\/06\/Dinari-HX-Announcement-Pic.png\" \/>\n\t<meta property=\"og:image:width\" content=\"1920\" \/>\n\t<meta property=\"og:image:height\" content=\"1080\" \/>\n\t<meta property=\"og:image:type\" content=\"image\/png\" \/>\n<meta name=\"twitter:card\" content=\"summary_large_image\" \/>\n<meta name=\"twitter:label1\" content=\"\u01af\u1edbc t\u00ednh th\u1eddi gian \u0111\u1ecdc\" \/>\n\t<meta name=\"twitter:data1\" content=\"2 ph\u00fat\" \/>\n<script type=\"application\/ld+json\" class=\"yoast-schema-graph\">{\"@context\":\"https:\/\/schema.org\",\"@graph\":[{\"@type\":\"WebPage\",\"@id\":\"https:\/\/www.hydrax.io\/blog\/hydra-x-and-dinari-team-up\/\",\"url\":\"https:\/\/www.hydrax.io\/blog\/hydra-x-and-dinari-team-up\/\",\"name\":\"Hydra X and Dinari Team Up\",\"isPartOf\":{\"@id\":\"https:\/\/www.hydrax.io\/#website\"},\"primaryImageOfPage\":{\"@id\":\"https:\/\/www.hydrax.io\/blog\/hydra-x-and-dinari-team-up\/#primaryimage\"},\"image\":{\"@id\":\"https:\/\/www.hydrax.io\/blog\/hydra-x-and-dinari-team-up\/#primaryimage\"},\"thumbnailUrl\":\"https:\/\/www.hydrax.io\/wp-content\/uploads\/2024\/06\/Dinari-HX-Announcement-Pic.png\",\"datePublished\":\"2024-06-28T08:32:19+00:00\",\"dateModified\":\"2025-09-15T04:17:31+00:00\",\"breadcrumb\":{\"@id\":\"https:\/\/www.hydrax.io\/blog\/hydra-x-and-dinari-team-up\/#breadcrumb\"},\"inLanguage\":\"vi\",\"potentialAction\":[{\"@type\":\"ReadAction\",\"target\":[\"https:\/\/www.hydrax.io\/blog\/hydra-x-and-dinari-team-up\/\"]}]},{\"@type\":\"ImageObject\",\"inLanguage\":\"vi\",\"@id\":\"https:\/\/www.hydrax.io\/blog\/hydra-x-and-dinari-team-up\/#primaryimage\",\"url\":\"https:\/\/www.hydrax.io\/wp-content\/uploads\/2024\/06\/Dinari-HX-Announcement-Pic.png\",\"contentUrl\":\"https:\/\/www.hydrax.io\/wp-content\/uploads\/2024\/06\/Dinari-HX-Announcement-Pic.png\",\"width\":1920,\"height\":1080},{\"@type\":\"BreadcrumbList\",\"@id\":\"https:\/\/www.hydrax.io\/blog\/hydra-x-and-dinari-team-up\/#breadcrumb\",\"itemListElement\":[{\"@type\":\"ListItem\",\"position\":1,\"name\":\"Home\",\"item\":\"https:\/\/www.hydrax.io\/\"},{\"@type\":\"ListItem\",\"position\":2,\"name\":\"HydraX Blog\",\"item\":\"https:\/\/www.hydrax.io\/blog\/\"},{\"@type\":\"ListItem\",\"position\":3,\"name\":\"Hydra X and Dinari Team Up to Offer Regulatory-Compliant, White-Label Trading Platform for Tokenized US Stocks\"}]},{\"@type\":\"WebSite\",\"@id\":\"https:\/\/www.hydrax.io\/#website\",\"url\":\"https:\/\/www.hydrax.io\/\",\"name\":\"Hydra X\",\"description\":\"Professional Trading Technology\",\"publisher\":{\"@id\":\"https:\/\/www.hydrax.io\/#organization\"},\"potentialAction\":[{\"@type\":\"SearchAction\",\"target\":{\"@type\":\"EntryPoint\",\"urlTemplate\":\"https:\/\/www.hydrax.io\/?s={search_term_string}\"},\"query-input\":{\"@type\":\"PropertyValueSpecification\",\"valueRequired\":true,\"valueName\":\"search_term_string\"}}],\"inLanguage\":\"vi\"},{\"@type\":\"Organization\",\"@id\":\"https:\/\/www.hydrax.io\/#organization\",\"name\":\"Hydra X\",\"url\":\"https:\/\/www.hydrax.io\/\",\"logo\":{\"@type\":\"ImageObject\",\"inLanguage\":\"vi\",\"@id\":\"https:\/\/www.hydrax.io\/#\/schema\/logo\/image\/\",\"url\":\"https:\/\/www.hydrax.io\/wp-content\/uploads\/2019\/10\/Hydra-X-Logo-Blue.png\",\"contentUrl\":\"https:\/\/www.hydrax.io\/wp-content\/uploads\/2019\/10\/Hydra-X-Logo-Blue.png\",\"width\":1052,\"height\":849,\"caption\":\"Hydra X\"},\"image\":{\"@id\":\"https:\/\/www.hydrax.io\/#\/schema\/logo\/image\/\"}}]}<\/script>\n<!-- \/ Yoast SEO plugin. -->","yoast_head_json":{"title":"Hydra X and Dinari Team Up","robots":{"index":"index","follow":"follow","max-snippet":"max-snippet:-1","max-image-preview":"max-image-preview:large","max-video-preview":"max-video-preview:-1"},"canonical":"https:\/\/www.hydrax.io\/vn\/blog\/hydra-x-and-dinari-team-up\/","og_locale":"vi_VN","og_type":"article","og_title":"Hydra X and Dinari Team Up","og_description":"Hydra X &amp; Dinari Team Up to Offer Regulatory-Compliant, White Label Trading Platform for Tokenized US Stocks 2 Jul 2024, 5:00 PM SGT Singapore, 2 Jul 2024 \u2013Hydra X and Dinari have agreed to collaborate to provide regulated institutions with a turnkey platform to offer tokenized US stocks to its customers. Hydra X, a technology [&hellip;]","og_url":"https:\/\/www.hydrax.io\/vn\/blog\/hydra-x-and-dinari-team-up\/","og_site_name":"Hydra X","article_modified_time":"2025-09-15T04:17:31+00:00","og_image":[{"width":1920,"height":1080,"url":"https:\/\/www.hydrax.io\/wp-content\/uploads\/2024\/06\/Dinari-HX-Announcement-Pic.png","type":"image\/png"}],"twitter_card":"summary_large_image","twitter_misc":{"\u01af\u1edbc t\u00ednh th\u1eddi gian \u0111\u1ecdc":"2 ph\u00fat"},"schema":{"@context":"https:\/\/schema.org","@graph":[{"@type":"WebPage","@id":"https:\/\/www.hydrax.io\/blog\/hydra-x-and-dinari-team-up\/","url":"https:\/\/www.hydrax.io\/blog\/hydra-x-and-dinari-team-up\/","name":"Hydra X and Dinari Team Up","isPartOf":{"@id":"https:\/\/www.hydrax.io\/#website"},"primaryImageOfPage":{"@id":"https:\/\/www.hydrax.io\/blog\/hydra-x-and-dinari-team-up\/#primaryimage"},"image":{"@id":"https:\/\/www.hydrax.io\/blog\/hydra-x-and-dinari-team-up\/#primaryimage"},"thumbnailUrl":"https:\/\/www.hydrax.io\/wp-content\/uploads\/2024\/06\/Dinari-HX-Announcement-Pic.png","datePublished":"2024-06-28T08:32:19+00:00","dateModified":"2025-09-15T04:17:31+00:00","breadcrumb":{"@id":"https:\/\/www.hydrax.io\/blog\/hydra-x-and-dinari-team-up\/#breadcrumb"},"inLanguage":"vi","potentialAction":[{"@type":"ReadAction","target":["https:\/\/www.hydrax.io\/blog\/hydra-x-and-dinari-team-up\/"]}]},{"@type":"ImageObject","inLanguage":"vi","@id":"https:\/\/www.hydrax.io\/blog\/hydra-x-and-dinari-team-up\/#primaryimage","url":"https:\/\/www.hydrax.io\/wp-content\/uploads\/2024\/06\/Dinari-HX-Announcement-Pic.png","contentUrl":"https:\/\/www.hydrax.io\/wp-content\/uploads\/2024\/06\/Dinari-HX-Announcement-Pic.png","width":1920,"height":1080},{"@type":"BreadcrumbList","@id":"https:\/\/www.hydrax.io\/blog\/hydra-x-and-dinari-team-up\/#breadcrumb","itemListElement":[{"@type":"ListItem","position":1,"name":"Home","item":"https:\/\/www.hydrax.io\/"},{"@type":"ListItem","position":2,"name":"HydraX Blog","item":"https:\/\/www.hydrax.io\/blog\/"},{"@type":"ListItem","position":3,"name":"Hydra X and Dinari Team Up to Offer Regulatory-Compliant, White-Label Trading Platform for Tokenized US Stocks"}]},{"@type":"WebSite","@id":"https:\/\/www.hydrax.io\/#website","url":"https:\/\/www.hydrax.io\/","name":"Hydra X","description":"Professional Trading Technology","publisher":{"@id":"https:\/\/www.hydrax.io\/#organization"},"potentialAction":[{"@type":"SearchAction","target":{"@type":"EntryPoint","urlTemplate":"https:\/\/www.hydrax.io\/?s={search_term_string}"},"query-input":{"@type":"PropertyValueSpecification","valueRequired":true,"valueName":"search_term_string"}}],"inLanguage":"vi"},{"@type":"Organization","@id":"https:\/\/www.hydrax.io\/#organization","name":"Hydra X","url":"https:\/\/www.hydrax.io\/","logo":{"@type":"ImageObject","inLanguage":"vi","@id":"https:\/\/www.hydrax.io\/#\/schema\/logo\/image\/","url":"https:\/\/www.hydrax.io\/wp-content\/uploads\/2019\/10\/Hydra-X-Logo-Blue.png","contentUrl":"https:\/\/www.hydrax.io\/wp-content\/uploads\/2019\/10\/Hydra-X-Logo-Blue.png","width":1052,"height":849,"caption":"Hydra X"},"image":{"@id":"https:\/\/www.hydrax.io\/#\/schema\/logo\/image\/"}}]}},"_links":{"self":[{"href":"https:\/\/www.hydrax.io\/vn\/wp-json\/wp\/v2\/pages\/17936"}],"collection":[{"href":"https:\/\/www.hydrax.io\/vn\/wp-json\/wp\/v2\/pages"}],"about":[{"href":"https:\/\/www.hydrax.io\/vn\/wp-json\/wp\/v2\/types\/page"}],"author":[{"embeddable":true,"href":"https:\/\/www.hydrax.io\/vn\/wp-json\/wp\/v2\/users\/4"}],"replies":[{"embeddable":true,"href":"https:\/\/www.hydrax.io\/vn\/wp-json\/wp\/v2\/comments?post=17936"}],"version-history":[{"count":29,"href":"https:\/\/www.hydrax.io\/vn\/wp-json\/wp\/v2\/pages\/17936\/revisions"}],"predecessor-version":[{"id":25178,"href":"https:\/\/www.hydrax.io\/vn\/wp-json\/wp\/v2\/pages\/17936\/revisions\/25178"}],"up":[{"embeddable":true,"href":"https:\/\/www.hydrax.io\/vn\/wp-json\/wp\/v2\/pages\/1158"}],"wp:featuredmedia":[{"embeddable":true,"href":"https:\/\/www.hydrax.io\/vn\/wp-json\/wp\/v2\/media\/17939"}],"wp:attachment":[{"href":"https:\/\/www.hydrax.io\/vn\/wp-json\/wp\/v2\/media?parent=17936"}],"curies":[{"name":"wp","href":"https:\/\/api.w.org\/{rel}","templated":true}]}}