{"id":17964,"date":"2024-07-02T11:36:33","date_gmt":"2024-07-02T03:36:33","guid":{"rendered":"https:\/\/www.hydrax.io\/?page_id=17964"},"modified":"2025-09-15T12:06:50","modified_gmt":"2025-09-15T04:06:50","slug":"hydra-x-joins-the-global-synchronizer","status":"publish","type":"page","link":"https:\/\/www.hydrax.io\/vn\/blog\/hydra-x-joins-the-global-synchronizer\/","title":{"rendered":"Hydra X Joins the Launch of the Canton Network&#8217;s Global Synchronizer"},"content":{"rendered":"<div data-elementor-type=\"wp-page\" data-elementor-id=\"17964\" class=\"elementor elementor-17964\" data-elementor-post-type=\"page\">\n\t\t\t\t\t\t<section class=\"elementor-section elementor-top-section elementor-element elementor-element-cdfb977 elementor-section-content-top elementor-section-boxed elementor-section-height-default elementor-section-height-default\" data-id=\"cdfb977\" data-element_type=\"section\" data-settings=\"{&quot;background_background&quot;:&quot;classic&quot;,&quot;animation&quot;:&quot;none&quot;}\">\n\t\t\t\t\t\t\t<div class=\"elementor-background-overlay\"><\/div>\n\t\t\t\t\t\t\t<div class=\"elementor-container elementor-column-gap-default\">\n\t\t\t\t\t<div class=\"elementor-column elementor-col-100 elementor-top-column elementor-element elementor-element-d19cea1\" data-id=\"d19cea1\" data-element_type=\"column\">\n\t\t\t<div class=\"elementor-widget-wrap\">\n\t\t\t\t\t\t\t<\/div>\n\t\t<\/div>\n\t\t\t\t\t<\/div>\n\t\t<\/section>\n\t\t\t\t<section class=\"elementor-section elementor-top-section elementor-element elementor-element-9d8f6ff elementor-section-boxed elementor-section-height-default elementor-section-height-default\" data-id=\"9d8f6ff\" data-element_type=\"section\" data-settings=\"{&quot;background_background&quot;:&quot;classic&quot;}\">\n\t\t\t\t\t\t<div class=\"elementor-container elementor-column-gap-default\">\n\t\t\t\t\t<div class=\"elementor-column elementor-col-100 elementor-top-column elementor-element elementor-element-3bd6fae\" data-id=\"3bd6fae\" data-element_type=\"column\">\n\t\t\t<div class=\"elementor-widget-wrap elementor-element-populated\">\n\t\t\t\t\t\t<div class=\"elementor-element elementor-element-8341924 elementor-widget elementor-widget-heading\" data-id=\"8341924\" data-element_type=\"widget\" data-widget_type=\"heading.default\">\n\t\t\t\t<div class=\"elementor-widget-container\">\n\t\t\t<h3 class=\"elementor-heading-title elementor-size-default\"><h4 data-elementor-setting-key=\"title\" data-pen-placeholder=\"Type Here...\" style=\"font-family: var( --e-global-typography-primary-font-family )\"><\/h4><h3 data-elementor-setting-key=\"title\" data-pen-placeholder=\"Type Here...\" style=\"font-family: var( --e-global-typography-primary-font-family )\">Hydra X Tham Gia Ra M\u1eaft Global Synchronizer c\u1ee7a Canton Network <\/h3><\/h3>\t\t<\/div>\n\t\t\t\t<\/div>\n\t\t\t\t<section class=\"elementor-section elementor-inner-section elementor-element elementor-element-c3bc28f elementor-section-boxed elementor-section-height-default elementor-section-height-default\" data-id=\"c3bc28f\" data-element_type=\"section\">\n\t\t\t\t\t\t<div class=\"elementor-container elementor-column-gap-default\">\n\t\t\t\t\t<div class=\"elementor-column elementor-col-50 elementor-inner-column elementor-element elementor-element-df5f2b3\" data-id=\"df5f2b3\" data-element_type=\"column\">\n\t\t\t<div class=\"elementor-widget-wrap elementor-element-populated\">\n\t\t\t\t\t\t<div class=\"elementor-element elementor-element-7d8e26c elementor-widget-tablet__width-inherit elementor-widget elementor-widget-text-editor\" data-id=\"7d8e26c\" data-element_type=\"widget\" data-widget_type=\"text-editor.default\">\n\t\t\t\t<div class=\"elementor-widget-container\">\n\t\t\t\t\t\t\t<article><div><section class=\"eh ei ej ek el\"><div class=\"n p\"><div class=\"z ab ac ae af em ah ai\"><p id=\"94fc\" class=\"hh hi cl bq hj b hk hl hm hn ho hp hq hr hs ht hu eh\" data-selectable-paragraph=\"\"><time class=\"article-timestamp\" datetime=\"2017-07-21T19:31:04.302Z\" data-type=\"updated\" data-status=\"localized\">4 Th\u00e1ng 7 2024, 9:00 AM SGT<\/time><\/p><\/div><\/div><\/section><\/div><\/article>\t\t\t\t\t\t<\/div>\n\t\t\t\t<\/div>\n\t\t\t\t\t<\/div>\n\t\t<\/div>\n\t\t\t\t<div class=\"elementor-column elementor-col-50 elementor-inner-column elementor-element elementor-element-81c6604\" data-id=\"81c6604\" data-element_type=\"column\">\n\t\t\t<div class=\"elementor-widget-wrap\">\n\t\t\t\t\t\t\t<\/div>\n\t\t<\/div>\n\t\t\t\t\t<\/div>\n\t\t<\/section>\n\t\t\t\t<div class=\"elementor-element elementor-element-6baa832 elementor-widget-tablet__width-inherit elementor-widget elementor-widget-text-editor\" data-id=\"6baa832\" data-element_type=\"widget\" data-widget_type=\"text-editor.default\">\n\t\t\t\t<div class=\"elementor-widget-container\">\n\t\t\t\t\t\t\t<article><p>D\u1eabn \u0110\u1ea7u Trong K\u1ebft N\u1ed1i T\u00e0i Ch\u00ednh v\u00e0 \u0110\u1ed5i M\u1edbi<\/p><p class=\"translation-block\"><b>Singapore, 4 Th\u00e1ng 7 2024 \u2013<\/b> Ch\u00fang t\u00f4i r\u1ea5t vui m\u1eebng th\u00f4ng b\u00e1o r\u1eb1ng Hydra X l\u00e0 m\u1ed9t ph\u1ea7n c\u1ee7a s\u1ef1 ki\u1ec7n ra m\u1eaft l\u1ecbch s\u1eed c\u1ee7a Global Synchronizer thu\u1ed9c Canton Network v\u00e0 token ti\u1ec7n \u00edch c\u1ee7a n\u00f3, Canton Coin. C\u1ed9t m\u1ed1c n\u00e0y \u0111\u00e1nh d\u1ea5u m\u1ed9t b\u01b0\u1edbc ti\u1ebfn quan tr\u1ecdng trong c\u00f4ng ngh\u1ec7 t\u00e0i ch\u00ednh, n\u00e2ng cao kh\u1ea3 n\u0103ng c\u1ee7a c\u00e1c th\u1ecb tr\u01b0\u1eddng t\u00e0i ch\u00ednh \u0111\u1ed3ng b\u1ed9 v\u00e0 d\u1ecbch v\u1ee5 l\u01b0u k\u00fd t\u00e0i s\u1ea3n an to\u00e0n.<\/p><h6><b>Vai Tr\u00f2 v\u00e0 Chuy\u00ean M\u00f4n c\u1ee7a Hydra X<\/b><\/h6><p>T\u1eadn d\u1ee5ng h\u1ea1 t\u1ea7ng node v\u1eefng ch\u1eafc v\u00e0 d\u1ecbch v\u1ee5 l\u01b0u k\u00fd c\u1ee7a m\u00ecnh, Hydra X \u0111ang \u0111\u00f3ng vai tr\u00f2 then ch\u1ed1t trong s\u00e1ng ki\u1ebfn mang t\u00ednh \u0111\u1ed9t ph\u00e1 n\u00e0y. V\u1edbi t\u01b0 c\u00e1ch l\u00e0 m\u1ed9t th\u00e0nh vi\u00ean ch\u1ee7 ch\u1ed1t, ch\u00fang t\u00f4i s\u1ebd v\u1eadn h\u00e0nh m\u1ed9t node tr\u00ean Canton Network, \u0111\u1ea3m b\u1ea3o c\u00e1c t\u1ed5 ch\u1ee9c c\u00f3 th\u1ec3 l\u01b0u k\u00fd t\u00e0i s\u1ea3n c\u1ee7a h\u1ecd tr\u00ean m\u1ea1ng m\u1ed9t c\u00e1ch an to\u00e0n v\u00e0 tu\u00e2n th\u1ee7 quy \u0111\u1ecbnh. S\u1ef1 tham gia n\u00e0y nh\u1ea5n m\u1ea1nh cam k\u1ebft c\u1ee7a ch\u00fang t\u00f4i trong vi\u1ec7c th\u00fac \u0111\u1ea9y c\u00f4ng ngh\u1ec7 t\u00e0i ch\u00ednh v\u00e0 cung c\u1ea5p d\u1ecbch v\u1ee5 h\u00e0ng \u0111\u1ea7u cho kh\u00e1ch h\u00e0ng.<\/p><h6><b>N\u00e2ng Cao Th\u1ecb Tr\u01b0\u1eddng T\u00e0i Ch\u00ednh<\/b><\/h6><p>Global Synchronizer \u0111\u1ea1i di\u1ec7n cho m\u1ed9t b\u01b0\u1edbc \u0111i then ch\u1ed1t nh\u1eb1m khai m\u1edf to\u00e0n b\u1ed9 ti\u1ec1m n\u0103ng c\u1ee7a c\u00e1c th\u1ecb tr\u01b0\u1eddng t\u00e0i ch\u00ednh \u0111\u1ed3ng b\u1ed9. Sau qu\u00e1 tr\u00ecnh ph\u00e1t tri\u1ec3n v\u00e0 th\u1eed nghi\u1ec7m r\u1ed9ng r\u00e3i, n\u00f3 hi\u1ec7n mang \u0111\u1ebfn kh\u1ea3 n\u0103ng k\u1ebft n\u1ed1i l\u1ea7n \u0111\u1ea7u ti\u00ean cho vi\u1ec7c token h\u00f3a v\u00e0 trao \u0111\u1ed5i li\u1ec1n m\u1ea1ch c\u00e1c t\u00e0i s\u1ea3n t\u00e0i ch\u00ednh \u0111\u01b0\u1ee3c qu\u1ea3n l\u00fd. H\u1ea1 t\u1ea7ng s\u00e1ng t\u1ea1o n\u00e0y mang l\u1ea1i hi\u1ec7u qu\u1ea3 cao h\u01a1n, gi\u1ea3m chi ph\u00ed v\u1eadn h\u00e0nh v\u00e0 h\u1ea1n ch\u1ebf r\u1ee7i ro, ho\u00e0n to\u00e0n ph\u00f9 h\u1ee3p v\u1edbi s\u1ee9 m\u1ec7nh c\u1ee7a Hydra X trong vi\u1ec7c th\u00fac \u0111\u1ea9y \u0111\u1ed5i m\u1edbi v\u00e0 hi\u1ec7u qu\u1ea3 trong l\u0129nh v\u1ef1c t\u00e0i ch\u00ednh.<\/p><h6><b>Th\u00fac \u0110\u1ea9y \u0110\u1ed5i M\u1edbi V\u1edbi Canton Coin<\/b><\/h6><p>M\u1ed9t t\u00ednh n\u0103ng \u0111\u00e1ng ch\u00fa \u00fd c\u1ee7a Global Synchronizer l\u00e0 Canton Coin, m\u1ed9t token ti\u1ec7n \u00edch \u0111\u01b0\u1ee3c thi\u1ebft k\u1ebf \u0111\u1ec3 th\u00fac \u0111\u1ea9y c\u00e1c th\u1ecb tr\u01b0\u1eddng v\u1ed1n k\u1ebft n\u1ed1i. B\u1eb1ng c\u00e1ch s\u1eed d\u1ee5ng Canton Coin, nh\u1eefng ng\u01b0\u1eddi tham gia m\u1ea1ng c\u00f3 th\u1ec3 tr\u1ea3 ph\u00ed giao d\u1ecbch v\u00e0 khuy\u1ebfn kh\u00edch c\u00e1c b\u00ean th\u1ee9 ba x\u00e2y d\u1ef1ng \u1ee9ng d\u1ee5ng nh\u1eb1m n\u00e2ng cao h\u1ec7 sinh th\u00e1i. \u0110i\u1ec1u n\u00e0y t\u1ea1o ra nh\u1eefng c\u01a1 h\u1ed9i m\u1edbi cho t\u0103ng tr\u01b0\u1edfng v\u00e0 ph\u00e1t tri\u1ec3n trong ng\u00e0nh t\u00e0i ch\u00ednh.<\/p><h6><b>Cam K\u1ebft C\u1ee7a Hydra X V\u1edbi T\u01b0\u01a1ng Lai<\/b><\/h6><p>T\u1ea1i Hydra X, ch\u00fang t\u00f4i t\u1ef1 h\u00e0o \u0111\u01b0\u1ee3c \u0111i \u0111\u1ea7u trong phong tr\u00e0o chuy\u1ec3n \u0111\u1ed5i n\u00e0y. Vi\u1ec7c tham gia Canton Network nh\u1ea5n m\u1ea1nh cam k\u1ebft c\u1ee7a ch\u00fang t\u00f4i trong vi\u1ec7c t\u1eadn d\u1ee5ng c\u00f4ng ngh\u1ec7 ti\u00ean ti\u1ebfn \u0111\u1ec3 \u0111\u1ecbnh h\u00ecnh t\u01b0\u01a1ng lai c\u1ee7a k\u1ebft n\u1ed1i v\u00e0 \u0111\u1ed5i m\u1edbi t\u00e0i ch\u00ednh. Ch\u00fang t\u00f4i tin r\u1eb1ng s\u00e1ng ki\u1ebfn n\u00e0y s\u1ebd c\u00e1ch m\u1ea1ng h\u00f3a c\u00e1ch th\u1ee9c giao d\u1ecbch t\u00e0i ch\u00ednh \u0111\u01b0\u1ee3c th\u1ef1c hi\u1ec7n, t\u1ea1o ra nh\u1eefng hi\u1ec7u qu\u1ea3 v\u00e0 c\u01a1 h\u1ed9i m\u1edbi cho kh\u00e1ch h\u00e0ng.<\/p><h6><b>T\u00ecm Hi\u1ec3u Th\u00eam<\/b><\/h6><p>\u0110\u1ec3 t\u00ecm hi\u1ec3u th\u00eam v\u1ec1 Canton Network v\u00e0 Global Synchronizer, vui l\u00f2ng \u0111\u1ecdc to\u00e0n b\u1ed9 th\u00f4ng c\u00e1o b\u00e1o ch\u00ed\u00a0<a href=\"https:\/\/www.prnewswire.com\/news-releases\/the-canton-networks-global-synchronizer-and-canton-coin-go-live-302186479.html\" target=\"_blank\" rel=\"noopener noreferrer\" data-saferedirecturl=\"https:\/\/www.google.com\/url?q=https:\/\/www.prnewswire.com\/news-releases\/the-canton-networks-global-synchronizer-and-canton-coin-go-live-302186479.html&amp;source=gmail&amp;ust=1720078944251000&amp;usg=AOvVaw20-Vy5f7EvZ7Hp7HiZJ6Yr\">t\u1ea1i \u0111\u00e2y<\/a>.<\/p><div><span style=\"font-family: var( --e-global-typography-text-font-family ); font-weight: var( --e-global-typography-text-font-weight ); letter-spacing: 0.3px;\">\u00a0<\/span><\/div><\/article><p>-H\u1ebeT-<\/p><h6>\u00a0<\/h6><h6><b>Li\u00ean h\u1ec7 Truy\u1ec1n th\u00f4ng\u00a0<\/b><\/h6><p>Trina GAN<\/p><p><a href=\"mailto:trina@hydrax.io\">trina@hydrax.io<\/a><\/p>\t\t\t\t\t\t<\/div>\n\t\t\t\t<\/div>\n\t\t\t\t<div class=\"elementor-element elementor-element-e2f4101 elementor-widget-divider--view-line elementor-widget elementor-widget-divider\" data-id=\"e2f4101\" data-element_type=\"widget\" data-widget_type=\"divider.default\">\n\t\t\t\t<div class=\"elementor-widget-container\">\n\t\t\t\t\t<div class=\"elementor-divider\">\n\t\t\t<span class=\"elementor-divider-separator\">\n\t\t\t\t\t\t<\/span>\n\t\t<\/div>\n\t\t\t\t<\/div>\n\t\t\t\t<\/div>\n\t\t\t\t<div class=\"elementor-element elementor-element-851a421 elementor-align-right elementor-widget elementor-widget-button\" data-id=\"851a421\" data-element_type=\"widget\" data-widget_type=\"button.default\">\n\t\t\t\t<div class=\"elementor-widget-container\">\n\t\t\t\t\t<div class=\"elementor-button-wrapper\">\n\t\t\t<a class=\"elementor-button elementor-button-link elementor-size-sm\" href=\"https:\/\/www.hydrax.io\/vn\/blog\/\">\n\t\t\t\t\t\t<span class=\"elementor-button-content-wrapper\">\n\t\t\t\t\t\t<span class=\"elementor-button-icon\">\n\t\t\t\t<i aria-hidden=\"true\" class=\"fas fa-angle-left\"><\/i>\t\t\t<\/span>\n\t\t\t\t\t\t\t\t\t<span class=\"elementor-button-text\">QUAY L\u1ea0I BLOG<\/span>\n\t\t\t\t\t<\/span>\n\t\t\t\t\t<\/a>\n\t\t<\/div>\n\t\t\t\t<\/div>\n\t\t\t\t<\/div>\n\t\t\t\t\t<\/div>\n\t\t<\/div>\n\t\t\t\t\t<\/div>\n\t\t<\/section>\n\t\t\t\t<\/div>","protected":false},"excerpt":{"rendered":"<p>Hydra X Joins the Launch of the Canton Network&#8217;s Global Synchronizer 4 Jul 2024, 9:00 AM SGT Leading the Charge in Financial Connectivity and Innovation Singapore, 4 Jul 2024 &#8211;We are excited to announce that Hydra X is part of the historic launch of the Canton Network&#8217;s Global Synchronizer and its utility token, Canton Coin. [&hellip;]<\/p>","protected":false},"author":4,"featured_media":0,"parent":1158,"menu_order":0,"comment_status":"closed","ping_status":"closed","template":"","meta":{"_monsterinsights_skip_tracking":false,"_monsterinsights_sitenote_active":false,"_monsterinsights_sitenote_note":"","_monsterinsights_sitenote_category":0,"footnotes":""},"class_list":["post-17964","page","type-page","status-publish","hentry"],"yoast_head":"<!-- This site is optimized with the Yoast SEO plugin v23.6 - https:\/\/yoast.com\/wordpress\/plugins\/seo\/ -->\n<title>Hydra X Joins the Launch of the Canton Network&#039;s Global Synchronizer - Hydra X<\/title>\n<meta name=\"robots\" content=\"index, follow, max-snippet:-1, max-image-preview:large, max-video-preview:-1\" \/>\n<link rel=\"canonical\" href=\"https:\/\/www.hydrax.io\/vn\/blog\/hydra-x-joins-the-global-synchronizer\/\" \/>\n<meta property=\"og:locale\" content=\"vi_VN\" \/>\n<meta property=\"og:type\" content=\"article\" \/>\n<meta property=\"og:title\" content=\"Hydra X Joins the Launch of the Canton Network&#039;s Global Synchronizer - Hydra X\" \/>\n<meta property=\"og:description\" content=\"Hydra X Joins the Launch of the Canton Network&#8217;s Global Synchronizer 4 Jul 2024, 9:00 AM SGT Leading the Charge in Financial Connectivity and Innovation Singapore, 4 Jul 2024 &#8211;We are excited to announce that Hydra X is part of the historic launch of the Canton Network&#8217;s Global Synchronizer and its utility token, Canton Coin. [&hellip;]\" \/>\n<meta property=\"og:url\" content=\"https:\/\/www.hydrax.io\/vn\/blog\/hydra-x-joins-the-global-synchronizer\/\" \/>\n<meta property=\"og:site_name\" content=\"Hydra X\" \/>\n<meta property=\"article:modified_time\" content=\"2025-09-15T04:06:50+00:00\" \/>\n<meta name=\"twitter:card\" content=\"summary_large_image\" \/>\n<meta name=\"twitter:label1\" content=\"\u01af\u1edbc t\u00ednh th\u1eddi gian \u0111\u1ecdc\" \/>\n\t<meta name=\"twitter:data1\" content=\"2 ph\u00fat\" \/>\n<script type=\"application\/ld+json\" class=\"yoast-schema-graph\">{\"@context\":\"https:\/\/schema.org\",\"@graph\":[{\"@type\":\"WebPage\",\"@id\":\"https:\/\/www.hydrax.io\/blog\/hydra-x-joins-the-global-synchronizer\/\",\"url\":\"https:\/\/www.hydrax.io\/blog\/hydra-x-joins-the-global-synchronizer\/\",\"name\":\"Hydra X Joins the Launch of the Canton Network's Global Synchronizer - Hydra X\",\"isPartOf\":{\"@id\":\"https:\/\/www.hydrax.io\/#website\"},\"datePublished\":\"2024-07-02T03:36:33+00:00\",\"dateModified\":\"2025-09-15T04:06:50+00:00\",\"breadcrumb\":{\"@id\":\"https:\/\/www.hydrax.io\/blog\/hydra-x-joins-the-global-synchronizer\/#breadcrumb\"},\"inLanguage\":\"vi\",\"potentialAction\":[{\"@type\":\"ReadAction\",\"target\":[\"https:\/\/www.hydrax.io\/blog\/hydra-x-joins-the-global-synchronizer\/\"]}]},{\"@type\":\"BreadcrumbList\",\"@id\":\"https:\/\/www.hydrax.io\/blog\/hydra-x-joins-the-global-synchronizer\/#breadcrumb\",\"itemListElement\":[{\"@type\":\"ListItem\",\"position\":1,\"name\":\"Home\",\"item\":\"https:\/\/www.hydrax.io\/\"},{\"@type\":\"ListItem\",\"position\":2,\"name\":\"HydraX Blog\",\"item\":\"https:\/\/www.hydrax.io\/blog\/\"},{\"@type\":\"ListItem\",\"position\":3,\"name\":\"Hydra X Joins the Launch of the Canton Network&#8217;s Global Synchronizer\"}]},{\"@type\":\"WebSite\",\"@id\":\"https:\/\/www.hydrax.io\/#website\",\"url\":\"https:\/\/www.hydrax.io\/\",\"name\":\"Hydra X\",\"description\":\"Professional Trading Technology\",\"publisher\":{\"@id\":\"https:\/\/www.hydrax.io\/#organization\"},\"potentialAction\":[{\"@type\":\"SearchAction\",\"target\":{\"@type\":\"EntryPoint\",\"urlTemplate\":\"https:\/\/www.hydrax.io\/?s={search_term_string}\"},\"query-input\":{\"@type\":\"PropertyValueSpecification\",\"valueRequired\":true,\"valueName\":\"search_term_string\"}}],\"inLanguage\":\"vi\"},{\"@type\":\"Organization\",\"@id\":\"https:\/\/www.hydrax.io\/#organization\",\"name\":\"Hydra X\",\"url\":\"https:\/\/www.hydrax.io\/\",\"logo\":{\"@type\":\"ImageObject\",\"inLanguage\":\"vi\",\"@id\":\"https:\/\/www.hydrax.io\/#\/schema\/logo\/image\/\",\"url\":\"https:\/\/www.hydrax.io\/wp-content\/uploads\/2019\/10\/Hydra-X-Logo-Blue.png\",\"contentUrl\":\"https:\/\/www.hydrax.io\/wp-content\/uploads\/2019\/10\/Hydra-X-Logo-Blue.png\",\"width\":1052,\"height\":849,\"caption\":\"Hydra X\"},\"image\":{\"@id\":\"https:\/\/www.hydrax.io\/#\/schema\/logo\/image\/\"}}]}<\/script>\n<!-- \/ Yoast SEO plugin. -->","yoast_head_json":{"title":"Hydra X Joins the Launch of the Canton Network's Global Synchronizer - Hydra X","robots":{"index":"index","follow":"follow","max-snippet":"max-snippet:-1","max-image-preview":"max-image-preview:large","max-video-preview":"max-video-preview:-1"},"canonical":"https:\/\/www.hydrax.io\/vn\/blog\/hydra-x-joins-the-global-synchronizer\/","og_locale":"vi_VN","og_type":"article","og_title":"Hydra X Joins the Launch of the Canton Network's Global Synchronizer - Hydra X","og_description":"Hydra X Joins the Launch of the Canton Network&#8217;s Global Synchronizer 4 Jul 2024, 9:00 AM SGT Leading the Charge in Financial Connectivity and Innovation Singapore, 4 Jul 2024 &#8211;We are excited to announce that Hydra X is part of the historic launch of the Canton Network&#8217;s Global Synchronizer and its utility token, Canton Coin. [&hellip;]","og_url":"https:\/\/www.hydrax.io\/vn\/blog\/hydra-x-joins-the-global-synchronizer\/","og_site_name":"Hydra X","article_modified_time":"2025-09-15T04:06:50+00:00","twitter_card":"summary_large_image","twitter_misc":{"\u01af\u1edbc t\u00ednh th\u1eddi gian \u0111\u1ecdc":"2 ph\u00fat"},"schema":{"@context":"https:\/\/schema.org","@graph":[{"@type":"WebPage","@id":"https:\/\/www.hydrax.io\/blog\/hydra-x-joins-the-global-synchronizer\/","url":"https:\/\/www.hydrax.io\/blog\/hydra-x-joins-the-global-synchronizer\/","name":"Hydra X Joins the Launch of the Canton Network's Global Synchronizer - Hydra X","isPartOf":{"@id":"https:\/\/www.hydrax.io\/#website"},"datePublished":"2024-07-02T03:36:33+00:00","dateModified":"2025-09-15T04:06:50+00:00","breadcrumb":{"@id":"https:\/\/www.hydrax.io\/blog\/hydra-x-joins-the-global-synchronizer\/#breadcrumb"},"inLanguage":"vi","potentialAction":[{"@type":"ReadAction","target":["https:\/\/www.hydrax.io\/blog\/hydra-x-joins-the-global-synchronizer\/"]}]},{"@type":"BreadcrumbList","@id":"https:\/\/www.hydrax.io\/blog\/hydra-x-joins-the-global-synchronizer\/#breadcrumb","itemListElement":[{"@type":"ListItem","position":1,"name":"Home","item":"https:\/\/www.hydrax.io\/"},{"@type":"ListItem","position":2,"name":"HydraX Blog","item":"https:\/\/www.hydrax.io\/blog\/"},{"@type":"ListItem","position":3,"name":"Hydra X Joins the Launch of the Canton Network&#8217;s Global Synchronizer"}]},{"@type":"WebSite","@id":"https:\/\/www.hydrax.io\/#website","url":"https:\/\/www.hydrax.io\/","name":"Hydra X","description":"Professional Trading Technology","publisher":{"@id":"https:\/\/www.hydrax.io\/#organization"},"potentialAction":[{"@type":"SearchAction","target":{"@type":"EntryPoint","urlTemplate":"https:\/\/www.hydrax.io\/?s={search_term_string}"},"query-input":{"@type":"PropertyValueSpecification","valueRequired":true,"valueName":"search_term_string"}}],"inLanguage":"vi"},{"@type":"Organization","@id":"https:\/\/www.hydrax.io\/#organization","name":"Hydra X","url":"https:\/\/www.hydrax.io\/","logo":{"@type":"ImageObject","inLanguage":"vi","@id":"https:\/\/www.hydrax.io\/#\/schema\/logo\/image\/","url":"https:\/\/www.hydrax.io\/wp-content\/uploads\/2019\/10\/Hydra-X-Logo-Blue.png","contentUrl":"https:\/\/www.hydrax.io\/wp-content\/uploads\/2019\/10\/Hydra-X-Logo-Blue.png","width":1052,"height":849,"caption":"Hydra X"},"image":{"@id":"https:\/\/www.hydrax.io\/#\/schema\/logo\/image\/"}}]}},"_links":{"self":[{"href":"https:\/\/www.hydrax.io\/vn\/wp-json\/wp\/v2\/pages\/17964"}],"collection":[{"href":"https:\/\/www.hydrax.io\/vn\/wp-json\/wp\/v2\/pages"}],"about":[{"href":"https:\/\/www.hydrax.io\/vn\/wp-json\/wp\/v2\/types\/page"}],"author":[{"embeddable":true,"href":"https:\/\/www.hydrax.io\/vn\/wp-json\/wp\/v2\/users\/4"}],"replies":[{"embeddable":true,"href":"https:\/\/www.hydrax.io\/vn\/wp-json\/wp\/v2\/comments?post=17964"}],"version-history":[{"count":39,"href":"https:\/\/www.hydrax.io\/vn\/wp-json\/wp\/v2\/pages\/17964\/revisions"}],"predecessor-version":[{"id":25169,"href":"https:\/\/www.hydrax.io\/vn\/wp-json\/wp\/v2\/pages\/17964\/revisions\/25169"}],"up":[{"embeddable":true,"href":"https:\/\/www.hydrax.io\/vn\/wp-json\/wp\/v2\/pages\/1158"}],"wp:attachment":[{"href":"https:\/\/www.hydrax.io\/vn\/wp-json\/wp\/v2\/media?parent=17964"}],"curies":[{"name":"wp","href":"https:\/\/api.w.org\/{rel}","templated":true}]}}