{"id":23640,"date":"2024-11-25T11:40:48","date_gmt":"2024-11-25T03:40:48","guid":{"rendered":"https:\/\/www.hydrax.io\/?page_id=23640"},"modified":"2024-11-26T17:41:22","modified_gmt":"2024-11-26T09:41:22","slug":"distribution-solution","status":"publish","type":"page","link":"https:\/\/www.hydrax.io\/vn\/distribution-solution\/","title":{"rendered":"Technology &#8211; Distribution"},"content":{"rendered":"<div data-elementor-type=\"wp-post\" data-elementor-id=\"23640\" class=\"elementor elementor-23640\" data-elementor-post-type=\"page\">\n\t\t\t\t<div class=\"elementor-element elementor-element-f025e93 e-flex e-con-boxed e-con e-parent\" data-id=\"f025e93\" data-element_type=\"container\" data-settings=\"{&quot;background_background&quot;:&quot;classic&quot;}\">\n\t\t\t\t\t<div class=\"e-con-inner\">\n\t\t<div class=\"elementor-element elementor-element-8b3fce4 e-con-full e-flex e-con e-child\" data-id=\"8b3fce4\" data-element_type=\"container\">\n\t\t\t\t<div class=\"elementor-element elementor-element-5339327 elementor-widget elementor-widget-heading\" data-id=\"5339327\" data-element_type=\"widget\" data-widget_type=\"heading.default\">\n\t\t\t\t<div class=\"elementor-widget-container\">\n\t\t\t<h5 class=\"elementor-heading-title elementor-size-default\">C\u00d4NG NGH\u1ec6 TH\u1eca TR\u01af\u1edcNG<\/h5>\t\t<\/div>\n\t\t\t\t<\/div>\n\t\t\t\t<div class=\"elementor-element elementor-element-dcba62f elementor-widget elementor-widget-heading\" data-id=\"dcba62f\" data-element_type=\"widget\" data-widget_type=\"heading.default\">\n\t\t\t\t<div class=\"elementor-widget-container\">\n\t\t\t<h2 class=\"elementor-heading-title elementor-size-default\">Ph\u00e2n ph\u1ed1i<\/h2>\t\t<\/div>\n\t\t\t\t<\/div>\n\t\t\t\t<\/div>\n\t\t\t\t<div class=\"elementor-element elementor-element-e97580c elementor-align-left elementor-widget__width-inherit elementor-widget elementor-widget-button\" data-id=\"e97580c\" data-element_type=\"widget\" data-widget_type=\"button.default\">\n\t\t\t\t<div class=\"elementor-widget-container\">\n\t\t\t\t\t<div class=\"elementor-button-wrapper\">\n\t\t\t<a class=\"elementor-button elementor-button-link elementor-size-md\" href=\"#contact\">\n\t\t\t\t\t\t<span class=\"elementor-button-content-wrapper\">\n\t\t\t\t\t\t\t\t\t<span class=\"elementor-button-text\">Y\u00caU C\u1ea6U B\u1ea2N DEMO<\/span>\n\t\t\t\t\t<\/span>\n\t\t\t\t\t<\/a>\n\t\t<\/div>\n\t\t\t\t<\/div>\n\t\t\t\t<\/div>\n\t\t\t\t\t<\/div>\n\t\t\t\t<\/div>\n\t\t<div class=\"elementor-element elementor-element-7a0bc5c e-flex e-con-boxed e-con e-parent\" data-id=\"7a0bc5c\" data-element_type=\"container\" data-settings=\"{&quot;background_background&quot;:&quot;classic&quot;}\">\n\t\t\t\t\t<div class=\"e-con-inner\">\n\t\t<div class=\"elementor-element elementor-element-f61f144 e-con-full e-flex elementor-invisible e-con e-child\" data-id=\"f61f144\" data-element_type=\"container\" data-settings=\"{&quot;background_background&quot;:&quot;classic&quot;,&quot;animation&quot;:&quot;fadeInUp&quot;}\">\n\t\t\t\t<div class=\"elementor-element elementor-element-fde35de elementor-widget elementor-widget-spacer\" data-id=\"fde35de\" data-element_type=\"widget\" data-widget_type=\"spacer.default\">\n\t\t\t\t<div class=\"elementor-widget-container\">\n\t\t\t\t\t<div class=\"elementor-spacer\">\n\t\t\t<div class=\"elementor-spacer-inner\"><\/div>\n\t\t<\/div>\n\t\t\t\t<\/div>\n\t\t\t\t<\/div>\n\t\t\t\t<\/div>\n\t\t<div class=\"elementor-element elementor-element-e60b1ad e-con-full e-flex elementor-invisible e-con e-child\" data-id=\"e60b1ad\" data-element_type=\"container\" data-settings=\"{&quot;animation&quot;:&quot;fadeInUp&quot;,&quot;animation_delay&quot;:400}\">\n\t\t<div class=\"elementor-element elementor-element-b305fe7 e-con-full e-flex e-con e-child\" data-id=\"b305fe7\" data-element_type=\"container\">\n\t\t\t\t<div class=\"elementor-element elementor-element-a01364f elementor-widget elementor-widget-heading\" data-id=\"a01364f\" data-element_type=\"widget\" data-widget_type=\"heading.default\">\n\t\t\t\t<div class=\"elementor-widget-container\">\n\t\t\t<h5 class=\"elementor-heading-title elementor-size-default\">C\u00d4NG NGH\u1ec6 C\u1ee6A CH\u00daNG T\u00d4I<\/h5>\t\t<\/div>\n\t\t\t\t<\/div>\n\t\t\t\t<div class=\"elementor-element elementor-element-6ee9931 elementor-widget__width-inherit elementor-widget elementor-widget-text-editor\" data-id=\"6ee9931\" data-element_type=\"widget\" data-widget_type=\"text-editor.default\">\n\t\t\t\t<div class=\"elementor-widget-container translation-block\">N\u1ec1n t\u1ea3ng ph\u00e2n ph\u1ed1i s\u1ed1 c\u1ee7a ch\u00fang t\u00f4i <span class=\"responsive-text\" style=\"color: #20b3ab;font-family: 'Source Serif Pro';font-weight: 500\"><em>r\u00fat ng\u1eafn quy tr\u00ecnh huy \u0111\u1ed9ng v\u1ed1n<\/em><\/span> t\u1eeb ch\u00e0o b\u00e1n token ch\u1ee9ng kho\u00e1n (STO) \u0111\u1ebfn ph\u00e1t h\u00e0nh ri\u00eang l\u1ebb, v\u1edbi t\u01b0\u01a1ng t\u00e1c th\u1eddi gian th\u1ef1c gi\u1eefa nh\u00e0 ph\u00e1t h\u00e0nh, nh\u00e0 \u0111\u1ea7u t\u01b0 v\u00e0 c\u00e1c b\u00ean trung gian, \u0111\u1ed3ng th\u1eddi <span class=\"responsive-text\" style=\"color: #20b3ab;font-family: 'Source Serif Pro';font-weight: 500\"><em>tinh g\u1ecdn ph\u00e2n b\u1ed5 v\u00e0 \u0111\u0103ng k\u00fd, minh b\u1ea1ch tuy\u1ec7t \u0111\u1ed1i<\/em><\/span>.<\/div>\n\t\t\t\t<\/div>\n\t\t\t\t<\/div>\n\t\t\t\t<\/div>\n\t\t\t\t\t<\/div>\n\t\t\t\t<\/div>\n\t\t<div class=\"elementor-element elementor-element-b94585c e-flex e-con-boxed e-con e-parent\" data-id=\"b94585c\" data-element_type=\"container\" data-settings=\"{&quot;background_background&quot;:&quot;classic&quot;}\">\n\t\t\t\t\t<div class=\"e-con-inner\">\n\t\t\t\t<div class=\"elementor-element elementor-element-1dbadaf elementor-widget elementor-widget-heading\" data-id=\"1dbadaf\" data-element_type=\"widget\" data-widget_type=\"heading.default\">\n\t\t\t\t<div class=\"elementor-widget-container\">\n\t\t\t<h5 class=\"elementor-heading-title elementor-size-default\">C\u00c1C T\u00cdNH N\u0102NG CH\u00cdNH<\/h5>\t\t<\/div>\n\t\t\t\t<\/div>\n\t\t<div class=\"elementor-element elementor-element-5fc685f e-con-full e-flex e-con e-child\" data-id=\"5fc685f\" data-element_type=\"container\">\n\t\t<div class=\"elementor-element elementor-element-03afe48 e-con-full e-flex elementor-invisible e-con e-child\" data-id=\"03afe48\" data-element_type=\"container\" data-settings=\"{&quot;animation&quot;:&quot;fadeInUp&quot;}\">\n\t\t\t\t<div class=\"elementor-element elementor-element-8ba6f1a elementor-widget-tablet__width-initial elementor-widget elementor-widget-image\" data-id=\"8ba6f1a\" data-element_type=\"widget\" data-widget_type=\"image.default\">\n\t\t\t\t<div class=\"elementor-widget-container\">\n\t\t\t\t\t\t\t\t\t\t\t\t\t<img decoding=\"async\" data-src=\"https:\/\/www.hydrax.io\/wp-content\/uploads\/2024\/11\/Comprehensive-Capital-Raising.png\" title=\"Huy \u0111\u1ed9ng V\u1ed1n To\u00e0n di\u1ec7n\" alt=\"\" loading=\"lazy\" src=\"data:image\/gif;base64,R0lGODlhAQABAAAAACH5BAEKAAEALAAAAAABAAEAAAICTAEAOw==\" class=\"lazyload\" style=\"--smush-placeholder-width: 71px; --smush-placeholder-aspect-ratio: 71\/80;\" \/><noscript><img decoding=\"async\" src=\"https:\/\/www.hydrax.io\/wp-content\/uploads\/2024\/11\/Comprehensive-Capital-Raising.png\" title=\"Huy \u0111\u1ed9ng V\u1ed1n To\u00e0n di\u1ec7n\" alt=\"\" loading=\"lazy\" \/><\/noscript>\t\t\t\t\t\t\t\t\t\t\t\t\t<\/div>\n\t\t\t\t<\/div>\n\t\t<div class=\"elementor-element elementor-element-7a8ce9e e-con-full e-flex e-con e-child\" data-id=\"7a8ce9e\" data-element_type=\"container\">\n\t\t\t\t<div class=\"elementor-element elementor-element-2fa90bb elementor-widget__width-initial elementor-widget elementor-widget-heading\" data-id=\"2fa90bb\" data-element_type=\"widget\" data-widget_type=\"heading.default\">\n\t\t\t\t<div class=\"elementor-widget-container\">\n\t\t\t<h2 class=\"elementor-heading-title elementor-size-default\">Huy \u0111\u1ed9ng V\u1ed1n To\u00e0n di\u1ec7n<\/h2>\t\t<\/div>\n\t\t\t\t<\/div>\n\t\t\t\t<div class=\"elementor-element elementor-element-67bd0a6 elementor-widget elementor-widget-text-editor\" data-id=\"67bd0a6\" data-element_type=\"widget\" data-widget_type=\"text-editor.default\">\n\t\t\t\t<div class=\"elementor-widget-container\">\n\t\t\t\t\t\t\t<p>H\u1ed7 tr\u1ee3 IPO, STO v\u00e0 huy \u0111\u1ed9ng v\u1ed1n ri\u00eang l\u1ebb, gi\u00fap qu\u00e1 tr\u00ecnh th\u1ef1c hi\u1ec7n di\u1ec5n ra su\u00f4n s\u1ebb t\u1eeb \u0111\u1ea7u \u0111\u1ebfn cu\u1ed1i.<\/p>\t\t\t\t\t\t<\/div>\n\t\t\t\t<\/div>\n\t\t\t\t<\/div>\n\t\t\t\t<\/div>\n\t\t<div class=\"elementor-element elementor-element-a8e6e2a e-con-full e-flex elementor-invisible e-con e-child\" data-id=\"a8e6e2a\" data-element_type=\"container\" data-settings=\"{&quot;animation&quot;:&quot;fadeInUp&quot;,&quot;animation_delay&quot;:400}\">\n\t\t\t\t<div class=\"elementor-element elementor-element-672202a elementor-widget-tablet__width-initial elementor-widget elementor-widget-image\" data-id=\"672202a\" data-element_type=\"widget\" data-widget_type=\"image.default\">\n\t\t\t\t<div class=\"elementor-widget-container\">\n\t\t\t\t\t\t\t\t\t\t\t\t\t<img decoding=\"async\" data-src=\"https:\/\/www.hydrax.io\/wp-content\/uploads\/2024\/11\/Real-Time-Investor-Visibility.png\" title=\"Th\u00f4ng tin Nh\u00e0 \u0111\u1ea7u t\u01b0 C\u1eadp nh\u1eadt t\u1ee9c th\u00ec\" alt=\"\" loading=\"lazy\" src=\"data:image\/gif;base64,R0lGODlhAQABAAAAACH5BAEKAAEALAAAAAABAAEAAAICTAEAOw==\" class=\"lazyload\" style=\"--smush-placeholder-width: 57px; --smush-placeholder-aspect-ratio: 57\/80;\" \/><noscript><img decoding=\"async\" src=\"https:\/\/www.hydrax.io\/wp-content\/uploads\/2024\/11\/Real-Time-Investor-Visibility.png\" title=\"Th\u00f4ng tin Nh\u00e0 \u0111\u1ea7u t\u01b0 C\u1eadp nh\u1eadt t\u1ee9c th\u00ec\" alt=\"\" loading=\"lazy\" \/><\/noscript>\t\t\t\t\t\t\t\t\t\t\t\t\t<\/div>\n\t\t\t\t<\/div>\n\t\t<div class=\"elementor-element elementor-element-fd94966 e-con-full e-flex e-con e-child\" data-id=\"fd94966\" data-element_type=\"container\">\n\t\t\t\t<div class=\"elementor-element elementor-element-fc4bd6c elementor-widget__width-initial elementor-widget elementor-widget-heading\" data-id=\"fc4bd6c\" data-element_type=\"widget\" data-widget_type=\"heading.default\">\n\t\t\t\t<div class=\"elementor-widget-container\">\n\t\t\t<h2 class=\"elementor-heading-title elementor-size-default\">Th\u00f4ng tin Nh\u00e0 \u0111\u1ea7u t\u01b0 C\u1eadp nh\u1eadt t\u1ee9c th\u00ec<\/h2>\t\t<\/div>\n\t\t\t\t<\/div>\n\t\t\t\t<div class=\"elementor-element elementor-element-1468fa2 elementor-widget elementor-widget-text-editor\" data-id=\"1468fa2\" data-element_type=\"widget\" data-widget_type=\"text-editor.default\">\n\t\t\t\t<div class=\"elementor-widget-container\">\n\t\t\t\t\t\t\t<p>Theo d\u00f5i cam k\u1ebft c\u1ee7a nh\u00e0 \u0111\u1ea7u t\u01b0 theo th\u1eddi gian th\u1ef1c, gi\u00fap t\u1ed1i \u01b0u h\u00f3a vi\u1ec7c c\u1eadp nh\u1eadt v\u00e0 ph\u00e2n b\u1ed5 v\u1ed1n.<\/p>\t\t\t\t\t\t<\/div>\n\t\t\t\t<\/div>\n\t\t\t\t<\/div>\n\t\t\t\t<\/div>\n\t\t<div class=\"elementor-element elementor-element-5f43834 e-con-full e-flex elementor-invisible e-con e-child\" data-id=\"5f43834\" data-element_type=\"container\" data-settings=\"{&quot;animation&quot;:&quot;fadeInUp&quot;,&quot;animation_delay&quot;:800}\">\n\t\t\t\t<div class=\"elementor-element elementor-element-92f1204 elementor-widget-tablet__width-initial elementor-widget elementor-widget-image\" data-id=\"92f1204\" data-element_type=\"widget\" data-widget_type=\"image.default\">\n\t\t\t\t<div class=\"elementor-widget-container\">\n\t\t\t\t\t\t\t\t\t\t\t\t\t<img decoding=\"async\" data-src=\"https:\/\/www.hydrax.io\/wp-content\/uploads\/2024\/11\/Compliance-Ready-Workflows.png\" title=\"Compliance Ready Workflows\" alt=\"\" loading=\"lazy\" src=\"data:image\/gif;base64,R0lGODlhAQABAAAAACH5BAEKAAEALAAAAAABAAEAAAICTAEAOw==\" class=\"lazyload\" style=\"--smush-placeholder-width: 76px; --smush-placeholder-aspect-ratio: 76\/80;\" \/><noscript><img decoding=\"async\" src=\"https:\/\/www.hydrax.io\/wp-content\/uploads\/2024\/11\/Compliance-Ready-Workflows.png\" title=\"Compliance Ready Workflows\" alt=\"\" loading=\"lazy\" \/><\/noscript>\t\t\t\t\t\t\t\t\t\t\t\t\t<\/div>\n\t\t\t\t<\/div>\n\t\t<div class=\"elementor-element elementor-element-c1cba21 e-con-full e-flex e-con e-child\" data-id=\"c1cba21\" data-element_type=\"container\">\n\t\t\t\t<div class=\"elementor-element elementor-element-f243b14 elementor-widget elementor-widget-heading\" data-id=\"f243b14\" data-element_type=\"widget\" data-widget_type=\"heading.default\">\n\t\t\t\t<div class=\"elementor-widget-container\">\n\t\t\t<h2 class=\"elementor-heading-title elementor-size-default\">C\u1ea5u h\u00ecnh Quy tr\u00ecnh Tu\u00e2n th\u1ee7 Quy \u0111\u1ecbnh<\/h2>\t\t<\/div>\n\t\t\t\t<\/div>\n\t\t\t\t<div class=\"elementor-element elementor-element-8f41e97 elementor-widget elementor-widget-text-editor\" data-id=\"8f41e97\" data-element_type=\"widget\" data-widget_type=\"text-editor.default\">\n\t\t\t\t<div class=\"elementor-widget-container\">\n\t\t\t\t\t\t\t<p>T\u00edch h\u1ee3p c\u00e1c quy tr\u00ecnh c\u00f3 th\u1ec3 t\u00f9y ch\u1ec9nh nh\u1eb1m \u0111\u1ea3m b\u1ea3o tu\u00e2n th\u1ee7 c\u00e1c y\u00eau c\u1ea7u ph\u00e1p l\u00fd tr\u00ean nhi\u1ec1u khu v\u1ef1c ph\u00e1p l\u00fd kh\u00e1c nhau.<\/p>\t\t\t\t\t\t<\/div>\n\t\t\t\t<\/div>\n\t\t\t\t<\/div>\n\t\t\t\t<\/div>\n\t\t\t\t<\/div>\n\t\t\t\t\t<\/div>\n\t\t\t\t<\/div>\n\t\t<div class=\"elementor-element elementor-element-9ae2601 e-flex e-con-boxed e-con e-parent\" data-id=\"9ae2601\" data-element_type=\"container\" id=\"contact\" data-settings=\"{&quot;background_background&quot;:&quot;slideshow&quot;,&quot;background_slideshow_gallery&quot;:[{&quot;id&quot;:21090,&quot;url&quot;:&quot;https:\\\/\\\/www.hydrax.io\\\/wp-content\\\/uploads\\\/2024\\\/11\\\/Contact-Us.jpg&quot;}],&quot;background_slideshow_loop&quot;:&quot;yes&quot;,&quot;background_slideshow_slide_duration&quot;:5000,&quot;background_slideshow_slide_transition&quot;:&quot;fade&quot;,&quot;background_slideshow_transition_duration&quot;:500}\">\n\t\t\t\t\t<div class=\"e-con-inner\">\n\t\t<div class=\"elementor-element elementor-element-eea00d3 e-con-full e-flex e-con e-child\" data-id=\"eea00d3\" data-element_type=\"container\">\n\t\t\t\t<div class=\"elementor-element elementor-element-9b15add elementor-widget__width-initial elementor-widget elementor-widget-heading\" data-id=\"9b15add\" data-element_type=\"widget\" data-widget_type=\"heading.default\">\n\t\t\t\t<div class=\"elementor-widget-container\">\n\t\t\t<h2 class=\"elementor-heading-title elementor-size-default\">Li\u00ean h\u1ec7 v\u1edbi ch\u00fang t\u00f4i<\/h2>\t\t<\/div>\n\t\t\t\t<\/div>\n\t\t\t\t<div class=\"elementor-element elementor-element-61bdf02 elementor-widget__width-initial elementor-widget elementor-widget-text-editor\" data-id=\"61bdf02\" data-element_type=\"widget\" data-widget_type=\"text-editor.default\">\n\t\t\t\t<div class=\"elementor-widget-container\">\n\t\t\t\t\t\t\t<p>Quan t\u00e2m \u0111\u1ebfn \u0111\u1ed5i m\u1edbi? H\u00e3y li\u00ean h\u1ec7 v\u1edbi ch\u00fang t\u00f4i \u0111\u1ec3 kh\u00e1m ph\u00e1 c\u00e1c c\u01a1 h\u1ed9i.<\/p>\t\t\t\t\t\t<\/div>\n\t\t\t\t<\/div>\n\t\t\t\t<\/div>\n\t\t<div class=\"elementor-element elementor-element-906b60d e-con-full e-flex e-con e-child\" data-id=\"906b60d\" data-element_type=\"container\">\n\t\t\t\t<div class=\"elementor-element elementor-element-93a962c elementor-widget__width-initial elementor-widget elementor-widget-html\" data-id=\"93a962c\" data-element_type=\"widget\" data-widget_type=\"html.default\">\n\t\t\t\t<div class=\"elementor-widget-container\">\n\t\t\t<div class=\"_form_4\"><\/div><script src=\"https:\/\/hydrax.activehosted.com\/f\/embed.php?id=4\" charset=\"utf-8\"><\/script>\t\t<\/div>\n\t\t\t\t<\/div>\n\t\t\t\t<div class=\"elementor-element elementor-element-1b20903 elementor-widget__width-initial elementor-widget elementor-widget-text-editor\" data-id=\"1b20903\" data-element_type=\"widget\" data-widget_type=\"text-editor.default\">\n\t\t\t\t<div class=\"elementor-widget-container\">\n\t\t\t\t\t\t\t<p>Hydra X c\u00f3 th\u1ec3 li\u00ean h\u1ec7 v\u1edbi b\u1ea1n v\u1ec1 c\u00e1c s\u1ea3n ph\u1ea9m v\u00e0 d\u1ecbch v\u1ee5 c\u1ee7a ch\u00fang t\u00f4i c\u0169ng nh\u01b0 nh\u1eefng th\u00f4ng tin m\u1edbi nh\u1ea5t trong ng\u00e0nh. B\u1ea1n c\u00f3 th\u1ec3 ch\u1ecdn kh\u00f4ng nh\u1eadn th\u00f4ng tin li\u00ean l\u1ea1c t\u1eeb ch\u00fang t\u00f4i b\u1ea5t k\u1ef3 l\u00fac n\u00e0o.<\/p>\t\t\t\t\t\t<\/div>\n\t\t\t\t<\/div>\n\t\t\t\t<\/div>\n\t\t\t\t\t<\/div>\n\t\t\t\t<\/div>\n\t\t\t\t<\/div>","protected":false},"excerpt":{"rendered":"<p>MARKET TECHNOLOGY Distribution REQUEST A DEMO OUR TECHNOLOGY Our digital distribution platform accelerates capital raising processes, from security token offerings (STOs) to private placements, by enabling real-time engagement between issuers, investors, and intermediaries. It streamlines allocation and subscription workflows with full transparency. KEY FEATURES Comprehensive Capital Raising Supports IPOs, STOs, and private capital raises, facilitating [&hellip;]<\/p>","protected":false},"author":4,"featured_media":23650,"parent":0,"menu_order":0,"comment_status":"closed","ping_status":"closed","template":"","meta":{"_monsterinsights_skip_tracking":false,"_monsterinsights_sitenote_active":false,"_monsterinsights_sitenote_note":"","_monsterinsights_sitenote_category":0,"footnotes":""},"class_list":["post-23640","page","type-page","status-publish","has-post-thumbnail","hentry"],"yoast_head":"<!-- This site is optimized with the Yoast SEO plugin v23.6 - https:\/\/yoast.com\/wordpress\/plugins\/seo\/ -->\n<title>Hydra X | Streamline Capital Raising with Our Issuance Solution<\/title>\n<meta name=\"description\" content=\"Our issuance platform accelerates capital raising by streamlining STOs, IPOs, and private placements, ensuring efficient investor allocations and fund management.\" \/>\n<meta name=\"robots\" content=\"index, follow, max-snippet:-1, max-image-preview:large, max-video-preview:-1\" \/>\n<link rel=\"canonical\" href=\"https:\/\/www.hydrax.io\/vn\/distribution-solution\/\" \/>\n<meta property=\"og:locale\" content=\"vi_VN\" \/>\n<meta property=\"og:type\" content=\"article\" \/>\n<meta property=\"og:title\" content=\"Hydra X | Streamline Capital Raising with Our Issuance Solution\" \/>\n<meta property=\"og:description\" content=\"Our issuance platform accelerates capital raising by streamlining STOs, IPOs, and private placements, ensuring efficient investor allocations and fund management.\" \/>\n<meta property=\"og:url\" content=\"https:\/\/www.hydrax.io\/vn\/distribution-solution\/\" \/>\n<meta property=\"og:site_name\" content=\"Hydra X\" \/>\n<meta property=\"article:modified_time\" content=\"2024-11-26T09:41:22+00:00\" \/>\n<meta property=\"og:image\" content=\"https:\/\/www.hydrax.io\/wp-content\/uploads\/2024\/11\/distribution.jpg\" \/>\n\t<meta property=\"og:image:width\" content=\"1000\" \/>\n\t<meta property=\"og:image:height\" content=\"1000\" \/>\n\t<meta property=\"og:image:type\" content=\"image\/jpeg\" \/>\n<meta name=\"twitter:card\" content=\"summary_large_image\" \/>\n<meta name=\"twitter:label1\" content=\"\u01af\u1edbc t\u00ednh th\u1eddi gian \u0111\u1ecdc\" \/>\n\t<meta name=\"twitter:data1\" content=\"4 ph\u00fat\" \/>\n<script type=\"application\/ld+json\" class=\"yoast-schema-graph\">{\"@context\":\"https:\/\/schema.org\",\"@graph\":[{\"@type\":\"WebPage\",\"@id\":\"https:\/\/www.hydrax.io\/distribution-solution\/\",\"url\":\"https:\/\/www.hydrax.io\/distribution-solution\/\",\"name\":\"Hydra X | Streamline Capital Raising with Our Issuance Solution\",\"isPartOf\":{\"@id\":\"https:\/\/www.hydrax.io\/#website\"},\"primaryImageOfPage\":{\"@id\":\"https:\/\/www.hydrax.io\/distribution-solution\/#primaryimage\"},\"image\":{\"@id\":\"https:\/\/www.hydrax.io\/distribution-solution\/#primaryimage\"},\"thumbnailUrl\":\"https:\/\/www.hydrax.io\/wp-content\/uploads\/2024\/11\/distribution.jpg\",\"datePublished\":\"2024-11-25T03:40:48+00:00\",\"dateModified\":\"2024-11-26T09:41:22+00:00\",\"description\":\"Our issuance platform accelerates capital raising by streamlining STOs, IPOs, and private placements, ensuring efficient investor allocations and fund management.\",\"breadcrumb\":{\"@id\":\"https:\/\/www.hydrax.io\/distribution-solution\/#breadcrumb\"},\"inLanguage\":\"vi\",\"potentialAction\":[{\"@type\":\"ReadAction\",\"target\":[\"https:\/\/www.hydrax.io\/distribution-solution\/\"]}]},{\"@type\":\"ImageObject\",\"inLanguage\":\"vi\",\"@id\":\"https:\/\/www.hydrax.io\/distribution-solution\/#primaryimage\",\"url\":\"https:\/\/www.hydrax.io\/wp-content\/uploads\/2024\/11\/distribution.jpg\",\"contentUrl\":\"https:\/\/www.hydrax.io\/wp-content\/uploads\/2024\/11\/distribution.jpg\",\"width\":1000,\"height\":1000},{\"@type\":\"BreadcrumbList\",\"@id\":\"https:\/\/www.hydrax.io\/distribution-solution\/#breadcrumb\",\"itemListElement\":[{\"@type\":\"ListItem\",\"position\":1,\"name\":\"Home\",\"item\":\"https:\/\/www.hydrax.io\/\"},{\"@type\":\"ListItem\",\"position\":2,\"name\":\"Technology &#8211; Distribution\"}]},{\"@type\":\"WebSite\",\"@id\":\"https:\/\/www.hydrax.io\/#website\",\"url\":\"https:\/\/www.hydrax.io\/\",\"name\":\"Hydra X\",\"description\":\"Professional Trading Technology\",\"publisher\":{\"@id\":\"https:\/\/www.hydrax.io\/#organization\"},\"potentialAction\":[{\"@type\":\"SearchAction\",\"target\":{\"@type\":\"EntryPoint\",\"urlTemplate\":\"https:\/\/www.hydrax.io\/?s={search_term_string}\"},\"query-input\":{\"@type\":\"PropertyValueSpecification\",\"valueRequired\":true,\"valueName\":\"search_term_string\"}}],\"inLanguage\":\"vi\"},{\"@type\":\"Organization\",\"@id\":\"https:\/\/www.hydrax.io\/#organization\",\"name\":\"Hydra X\",\"url\":\"https:\/\/www.hydrax.io\/\",\"logo\":{\"@type\":\"ImageObject\",\"inLanguage\":\"vi\",\"@id\":\"https:\/\/www.hydrax.io\/#\/schema\/logo\/image\/\",\"url\":\"https:\/\/www.hydrax.io\/wp-content\/uploads\/2019\/10\/Hydra-X-Logo-Blue.png\",\"contentUrl\":\"https:\/\/www.hydrax.io\/wp-content\/uploads\/2019\/10\/Hydra-X-Logo-Blue.png\",\"width\":1052,\"height\":849,\"caption\":\"Hydra X\"},\"image\":{\"@id\":\"https:\/\/www.hydrax.io\/#\/schema\/logo\/image\/\"}}]}<\/script>\n<!-- \/ Yoast SEO plugin. -->","yoast_head_json":{"title":"Hydra X | Streamline Capital Raising with Our Issuance Solution","description":"Our issuance platform accelerates capital raising by streamlining STOs, IPOs, and private placements, ensuring efficient investor allocations and fund management.","robots":{"index":"index","follow":"follow","max-snippet":"max-snippet:-1","max-image-preview":"max-image-preview:large","max-video-preview":"max-video-preview:-1"},"canonical":"https:\/\/www.hydrax.io\/vn\/distribution-solution\/","og_locale":"vi_VN","og_type":"article","og_title":"Hydra X | Streamline Capital Raising with Our Issuance Solution","og_description":"Our issuance platform accelerates capital raising by streamlining STOs, IPOs, and private placements, ensuring efficient investor allocations and fund management.","og_url":"https:\/\/www.hydrax.io\/vn\/distribution-solution\/","og_site_name":"Hydra X","article_modified_time":"2024-11-26T09:41:22+00:00","og_image":[{"width":1000,"height":1000,"url":"https:\/\/www.hydrax.io\/wp-content\/uploads\/2024\/11\/distribution.jpg","type":"image\/jpeg"}],"twitter_card":"summary_large_image","twitter_misc":{"\u01af\u1edbc t\u00ednh th\u1eddi gian \u0111\u1ecdc":"4 ph\u00fat"},"schema":{"@context":"https:\/\/schema.org","@graph":[{"@type":"WebPage","@id":"https:\/\/www.hydrax.io\/distribution-solution\/","url":"https:\/\/www.hydrax.io\/distribution-solution\/","name":"Hydra X | Streamline Capital Raising with Our Issuance Solution","isPartOf":{"@id":"https:\/\/www.hydrax.io\/#website"},"primaryImageOfPage":{"@id":"https:\/\/www.hydrax.io\/distribution-solution\/#primaryimage"},"image":{"@id":"https:\/\/www.hydrax.io\/distribution-solution\/#primaryimage"},"thumbnailUrl":"https:\/\/www.hydrax.io\/wp-content\/uploads\/2024\/11\/distribution.jpg","datePublished":"2024-11-25T03:40:48+00:00","dateModified":"2024-11-26T09:41:22+00:00","description":"Our issuance platform accelerates capital raising by streamlining STOs, IPOs, and private placements, ensuring efficient investor allocations and fund management.","breadcrumb":{"@id":"https:\/\/www.hydrax.io\/distribution-solution\/#breadcrumb"},"inLanguage":"vi","potentialAction":[{"@type":"ReadAction","target":["https:\/\/www.hydrax.io\/distribution-solution\/"]}]},{"@type":"ImageObject","inLanguage":"vi","@id":"https:\/\/www.hydrax.io\/distribution-solution\/#primaryimage","url":"https:\/\/www.hydrax.io\/wp-content\/uploads\/2024\/11\/distribution.jpg","contentUrl":"https:\/\/www.hydrax.io\/wp-content\/uploads\/2024\/11\/distribution.jpg","width":1000,"height":1000},{"@type":"BreadcrumbList","@id":"https:\/\/www.hydrax.io\/distribution-solution\/#breadcrumb","itemListElement":[{"@type":"ListItem","position":1,"name":"Home","item":"https:\/\/www.hydrax.io\/"},{"@type":"ListItem","position":2,"name":"Technology &#8211; Distribution"}]},{"@type":"WebSite","@id":"https:\/\/www.hydrax.io\/#website","url":"https:\/\/www.hydrax.io\/","name":"Hydra X","description":"Professional Trading Technology","publisher":{"@id":"https:\/\/www.hydrax.io\/#organization"},"potentialAction":[{"@type":"SearchAction","target":{"@type":"EntryPoint","urlTemplate":"https:\/\/www.hydrax.io\/?s={search_term_string}"},"query-input":{"@type":"PropertyValueSpecification","valueRequired":true,"valueName":"search_term_string"}}],"inLanguage":"vi"},{"@type":"Organization","@id":"https:\/\/www.hydrax.io\/#organization","name":"Hydra X","url":"https:\/\/www.hydrax.io\/","logo":{"@type":"ImageObject","inLanguage":"vi","@id":"https:\/\/www.hydrax.io\/#\/schema\/logo\/image\/","url":"https:\/\/www.hydrax.io\/wp-content\/uploads\/2019\/10\/Hydra-X-Logo-Blue.png","contentUrl":"https:\/\/www.hydrax.io\/wp-content\/uploads\/2019\/10\/Hydra-X-Logo-Blue.png","width":1052,"height":849,"caption":"Hydra X"},"image":{"@id":"https:\/\/www.hydrax.io\/#\/schema\/logo\/image\/"}}]}},"_links":{"self":[{"href":"https:\/\/www.hydrax.io\/vn\/wp-json\/wp\/v2\/pages\/23640"}],"collection":[{"href":"https:\/\/www.hydrax.io\/vn\/wp-json\/wp\/v2\/pages"}],"about":[{"href":"https:\/\/www.hydrax.io\/vn\/wp-json\/wp\/v2\/types\/page"}],"author":[{"embeddable":true,"href":"https:\/\/www.hydrax.io\/vn\/wp-json\/wp\/v2\/users\/4"}],"replies":[{"embeddable":true,"href":"https:\/\/www.hydrax.io\/vn\/wp-json\/wp\/v2\/comments?post=23640"}],"version-history":[{"count":9,"href":"https:\/\/www.hydrax.io\/vn\/wp-json\/wp\/v2\/pages\/23640\/revisions"}],"predecessor-version":[{"id":24186,"href":"https:\/\/www.hydrax.io\/vn\/wp-json\/wp\/v2\/pages\/23640\/revisions\/24186"}],"wp:featuredmedia":[{"embeddable":true,"href":"https:\/\/www.hydrax.io\/vn\/wp-json\/wp\/v2\/media\/23650"}],"wp:attachment":[{"href":"https:\/\/www.hydrax.io\/vn\/wp-json\/wp\/v2\/media?parent=23640"}],"curies":[{"name":"wp","href":"https:\/\/api.w.org\/{rel}","templated":true}]}}