{"id":23652,"date":"2024-11-25T11:49:08","date_gmt":"2024-11-25T03:49:08","guid":{"rendered":"https:\/\/www.hydrax.io\/?page_id=23652"},"modified":"2024-12-10T09:49:37","modified_gmt":"2024-12-10T01:49:37","slug":"tokenisation-services","status":"publish","type":"page","link":"https:\/\/www.hydrax.io\/vn\/services\/tokenisation-services\/","title":{"rendered":"Services &#8211; Tokenisation"},"content":{"rendered":"<div data-elementor-type=\"wp-post\" data-elementor-id=\"23652\" class=\"elementor elementor-23652\" data-elementor-post-type=\"page\">\n\t\t\t\t<div class=\"elementor-element elementor-element-f025e93 e-flex e-con-boxed e-con e-parent\" data-id=\"f025e93\" data-element_type=\"container\" data-settings=\"{&quot;background_background&quot;:&quot;classic&quot;}\">\n\t\t\t\t\t<div class=\"e-con-inner\">\n\t\t<div class=\"elementor-element elementor-element-8b3fce4 e-con-full e-flex e-con e-child\" data-id=\"8b3fce4\" data-element_type=\"container\">\n\t\t\t\t<div class=\"elementor-element elementor-element-5339327 elementor-widget elementor-widget-heading\" data-id=\"5339327\" data-element_type=\"widget\" data-widget_type=\"heading.default\">\n\t\t\t\t<div class=\"elementor-widget-container\">\n\t\t\t<h5 class=\"elementor-heading-title elementor-size-default\">D\u1ecaCH V\u1ee4 TH\u1eca TR\u01af\u1edcNG<\/h5>\t\t<\/div>\n\t\t\t\t<\/div>\n\t\t\t\t<div class=\"elementor-element elementor-element-dcba62f elementor-widget elementor-widget-heading\" data-id=\"dcba62f\" data-element_type=\"widget\" data-widget_type=\"heading.default\">\n\t\t\t\t<div class=\"elementor-widget-container\">\n\t\t\t<h2 class=\"elementor-heading-title elementor-size-default\">M\u00e3 h\u00f3a t\u00e0i s\u1ea3n<\/h2>\t\t<\/div>\n\t\t\t\t<\/div>\n\t\t\t\t<\/div>\n\t\t\t\t<div class=\"elementor-element elementor-element-e97580c elementor-align-left elementor-widget__width-inherit elementor-widget elementor-widget-button\" data-id=\"e97580c\" data-element_type=\"widget\" data-widget_type=\"button.default\">\n\t\t\t\t<div class=\"elementor-widget-container\">\n\t\t\t\t\t<div class=\"elementor-button-wrapper\">\n\t\t\t<a class=\"elementor-button elementor-button-link elementor-size-md\" href=\"#contact\">\n\t\t\t\t\t\t<span class=\"elementor-button-content-wrapper\">\n\t\t\t\t\t\t\t\t\t<span class=\"elementor-button-text\">LI\u00caN H\u1ec6 V\u1edaI CH\u00daNG T\u00d4I<\/span>\n\t\t\t\t\t<\/span>\n\t\t\t\t\t<\/a>\n\t\t<\/div>\n\t\t\t\t<\/div>\n\t\t\t\t<\/div>\n\t\t\t\t\t<\/div>\n\t\t\t\t<\/div>\n\t\t<div class=\"elementor-element elementor-element-7a0bc5c e-flex e-con-boxed e-con e-parent\" data-id=\"7a0bc5c\" data-element_type=\"container\" data-settings=\"{&quot;background_background&quot;:&quot;classic&quot;}\">\n\t\t\t\t\t<div class=\"e-con-inner\">\n\t\t<div class=\"elementor-element elementor-element-e60b1ad e-con-full e-flex e-con e-child\" data-id=\"e60b1ad\" data-element_type=\"container\">\n\t\t<div class=\"elementor-element elementor-element-b305fe7 e-con-full e-flex elementor-invisible e-con e-child\" data-id=\"b305fe7\" data-element_type=\"container\" data-settings=\"{&quot;animation&quot;:&quot;fadeInUp&quot;,&quot;animation_delay&quot;:400}\">\n\t\t\t\t<div class=\"elementor-element elementor-element-a01364f elementor-widget elementor-widget-heading\" data-id=\"a01364f\" data-element_type=\"widget\" data-widget_type=\"heading.default\">\n\t\t\t\t<div class=\"elementor-widget-container\">\n\t\t\t<h5 class=\"elementor-heading-title elementor-size-default\">D\u1ecaCH V\u1ee4 C\u1ee6A CH\u00daNG T\u00d4I<\/h5>\t\t<\/div>\n\t\t\t\t<\/div>\n\t\t\t\t<div class=\"elementor-element elementor-element-6ee9931 elementor-widget__width-inherit elementor-widget elementor-widget-text-editor\" data-id=\"6ee9931\" data-element_type=\"widget\" data-widget_type=\"text-editor.default\">\n\t\t\t\t<div class=\"elementor-widget-container translation-block\">D\u1ecbch v\u1ee5 m\u00e3 h\u00f3a c\u1ee7a ch\u00fang t\u00f4i gi\u00fap c\u00e1c <span class=\"responsive-text\" style=\"color: #20b3ab;font-family: 'Source Serif Pro';font-weight: 500\"><em>t\u1ed5 ch\u1ee9c ph\u00e1t h\u00e0nh t\u1ea1o token<\/em><\/span>\n\u0111\u1ea1i di\u1ec7n cho nhi\u1ec1u lo\u1ea1i t\u00e0i s\u1ea3n, t\u1eeb <span class=\"responsive-text\" style=\"color: #20b3ab;font-family: 'Source Serif Pro';font-weight: 500\"><em>ch\u1ee9ng kho\u00e1n truy\u1ec1n th\u1ed1ng<\/em><\/span> \u0111\u1ebfn <span class=\"responsive-text\" style=\"color: #20b3ab;font-family: 'Source Serif Pro';font-weight: 500\"><em>t\u00e0i s\u1ea3n th\u1ef1c<\/em><\/span>.\u200b<\/div>\n\t\t\t\t<\/div>\n\t\t\t\t<\/div>\n\t\t<div class=\"elementor-element elementor-element-3700e8b e-con-full e-flex e-con e-child\" data-id=\"3700e8b\" data-element_type=\"container\">\n\t\t\t\t<div class=\"elementor-element elementor-element-3515d57 elementor-widget-divider--view-line elementor-widget elementor-widget-divider\" data-id=\"3515d57\" data-element_type=\"widget\" data-widget_type=\"divider.default\">\n\t\t\t\t<div class=\"elementor-widget-container\">\n\t\t\t\t\t<div class=\"elementor-divider\">\n\t\t\t<span class=\"elementor-divider-separator\">\n\t\t\t\t\t\t<\/span>\n\t\t<\/div>\n\t\t\t\t<\/div>\n\t\t\t\t<\/div>\n\t\t<div class=\"elementor-element elementor-element-320bda0 e-con-full e-flex elementor-invisible e-con e-child\" data-id=\"320bda0\" data-element_type=\"container\" data-settings=\"{&quot;animation&quot;:&quot;fadeInUp&quot;,&quot;animation_delay&quot;:400}\">\n\t\t\t\t<div class=\"elementor-element elementor-element-06eb15e elementor-widget-tablet__width-initial elementor-widget elementor-widget-image\" data-id=\"06eb15e\" data-element_type=\"widget\" data-widget_type=\"image.default\">\n\t\t\t\t<div class=\"elementor-widget-container\">\n\t\t\t\t\t\t\t\t\t\t\t\t\t<img decoding=\"async\" data-src=\"https:\/\/www.hydrax.io\/wp-content\/uploads\/2024\/11\/Tokenisation-01.png\" title=\"Tokenisation 01\" alt=\"\" loading=\"lazy\" src=\"data:image\/gif;base64,R0lGODlhAQABAAAAACH5BAEKAAEALAAAAAABAAEAAAICTAEAOw==\" class=\"lazyload\" style=\"--smush-placeholder-width: 72px; --smush-placeholder-aspect-ratio: 72\/80;\" \/><noscript><img decoding=\"async\" src=\"https:\/\/www.hydrax.io\/wp-content\/uploads\/2024\/11\/Tokenisation-01.png\" title=\"Tokenisation 01\" alt=\"\" loading=\"lazy\" \/><\/noscript>\t\t\t\t\t\t\t\t\t\t\t\t\t<\/div>\n\t\t\t\t<\/div>\n\t\t<div class=\"elementor-element elementor-element-9841bf4 e-con-full e-flex e-con e-child\" data-id=\"9841bf4\" data-element_type=\"container\">\n\t\t\t\t<div class=\"elementor-element elementor-element-fa5c6b9 elementor-widget__width-initial elementor-widget elementor-widget-text-editor\" data-id=\"fa5c6b9\" data-element_type=\"widget\" data-widget_type=\"text-editor.default\">\n\t\t\t\t<div class=\"elementor-widget-container\">\n\t\t\t\t\t\t\t<p>Hydra X \u0111\u01a1n gi\u1ea3n h\u00f3a quy tr\u00ecnh ph\u00e1t h\u00e0nh b\u1eb1ng c\u00e1ch h\u1ee3p t\u00e1c v\u1edbi c\u00e1c c\u1ed1 v\u1ea5n ph\u00e1p l\u00fd, \u0111\u1ea3m b\u1ea3o tu\u00e2n th\u1ee7 quy \u0111\u1ecbnh v\u00e0 \u0111\u00e1p \u1ee9ng y\u00eau c\u1ea7u ni\u00eam y\u1ebft.<\/p>\t\t\t\t\t\t<\/div>\n\t\t\t\t<\/div>\n\t\t\t\t<\/div>\n\t\t\t\t<\/div>\n\t\t\t\t<div class=\"elementor-element elementor-element-fb24b7a elementor-widget-divider--view-line elementor-widget elementor-widget-divider\" data-id=\"fb24b7a\" data-element_type=\"widget\" data-widget_type=\"divider.default\">\n\t\t\t\t<div class=\"elementor-widget-container\">\n\t\t\t\t\t<div class=\"elementor-divider\">\n\t\t\t<span class=\"elementor-divider-separator\">\n\t\t\t\t\t\t<\/span>\n\t\t<\/div>\n\t\t\t\t<\/div>\n\t\t\t\t<\/div>\n\t\t<div class=\"elementor-element elementor-element-9719bde e-con-full e-flex elementor-invisible e-con e-child\" data-id=\"9719bde\" data-element_type=\"container\" data-settings=\"{&quot;animation&quot;:&quot;fadeInUp&quot;,&quot;animation_delay&quot;:400}\">\n\t\t\t\t<div class=\"elementor-element elementor-element-dab506e elementor-widget-tablet__width-initial elementor-widget elementor-widget-image\" data-id=\"dab506e\" data-element_type=\"widget\" data-widget_type=\"image.default\">\n\t\t\t\t<div class=\"elementor-widget-container\">\n\t\t\t\t\t\t\t\t\t\t\t\t\t<img decoding=\"async\" data-src=\"https:\/\/www.hydrax.io\/wp-content\/uploads\/2024\/11\/Tokenisation-02.png\" title=\"Tokenisation 02\" alt=\"\" loading=\"lazy\" src=\"data:image\/gif;base64,R0lGODlhAQABAAAAACH5BAEKAAEALAAAAAABAAEAAAICTAEAOw==\" class=\"lazyload\" style=\"--smush-placeholder-width: 87px; --smush-placeholder-aspect-ratio: 87\/80;\" \/><noscript><img decoding=\"async\" src=\"https:\/\/www.hydrax.io\/wp-content\/uploads\/2024\/11\/Tokenisation-02.png\" title=\"Tokenisation 02\" alt=\"\" loading=\"lazy\" \/><\/noscript>\t\t\t\t\t\t\t\t\t\t\t\t\t<\/div>\n\t\t\t\t<\/div>\n\t\t<div class=\"elementor-element elementor-element-155bd6b e-con-full e-flex e-con e-child\" data-id=\"155bd6b\" data-element_type=\"container\">\n\t\t\t\t<div class=\"elementor-element elementor-element-349ba7f elementor-widget__width-initial elementor-widget elementor-widget-text-editor\" data-id=\"349ba7f\" data-element_type=\"widget\" data-widget_type=\"text-editor.default\">\n\t\t\t\t<div class=\"elementor-widget-container\">\n\t\t\t\t\t\t\t<p>T\u00edch h\u1ee3p li\u1ec1n m\u1ea1ch v\u1edbi d\u1ecbch v\u1ee5 l\u01b0u k\u00fd, cho ph\u00e9p ph\u00e1t h\u00e0nh tr\u1ef1c ti\u1ebfp v\u00e0o v\u00ed c\u1ee7a ng\u01b0\u1eddi \u0111\u0103ng k\u00fd v\u00e0 h\u1ed7 tr\u1ee3 c\u00e1c d\u1ecbch v\u1ee5 t\u00e0i s\u1ea3n c\u0169ng nh\u01b0 h\u00e0nh \u0111\u1ed9ng doanh nghi\u1ec7p.<\/p>\t\t\t\t\t\t<\/div>\n\t\t\t\t<\/div>\n\t\t\t\t<\/div>\n\t\t\t\t<\/div>\n\t\t\t\t<\/div>\n\t\t\t\t<\/div>\n\t\t<div class=\"elementor-element elementor-element-f61f144 e-con-full e-flex elementor-invisible e-con e-child\" data-id=\"f61f144\" data-element_type=\"container\" data-settings=\"{&quot;background_background&quot;:&quot;classic&quot;,&quot;animation&quot;:&quot;fadeInUp&quot;}\">\n\t\t\t\t<div class=\"elementor-element elementor-element-fde35de elementor-widget elementor-widget-spacer\" data-id=\"fde35de\" data-element_type=\"widget\" data-widget_type=\"spacer.default\">\n\t\t\t\t<div class=\"elementor-widget-container\">\n\t\t\t\t\t<div class=\"elementor-spacer\">\n\t\t\t<div class=\"elementor-spacer-inner\"><\/div>\n\t\t<\/div>\n\t\t\t\t<\/div>\n\t\t\t\t<\/div>\n\t\t\t\t<\/div>\n\t\t\t\t\t<\/div>\n\t\t\t\t<\/div>\n\t\t<div class=\"elementor-element elementor-element-c02133d e-flex e-con-boxed e-con e-parent\" data-id=\"c02133d\" data-element_type=\"container\" id=\"contact\" data-settings=\"{&quot;background_background&quot;:&quot;slideshow&quot;,&quot;background_slideshow_gallery&quot;:[{&quot;id&quot;:21090,&quot;url&quot;:&quot;https:\\\/\\\/www.hydrax.io\\\/wp-content\\\/uploads\\\/2024\\\/11\\\/Contact-Us.jpg&quot;}],&quot;background_slideshow_loop&quot;:&quot;yes&quot;,&quot;background_slideshow_slide_duration&quot;:5000,&quot;background_slideshow_slide_transition&quot;:&quot;fade&quot;,&quot;background_slideshow_transition_duration&quot;:500}\">\n\t\t\t\t\t<div class=\"e-con-inner\">\n\t\t<div class=\"elementor-element elementor-element-e92260f e-con-full e-flex e-con e-child\" data-id=\"e92260f\" data-element_type=\"container\">\n\t\t\t\t<div class=\"elementor-element elementor-element-a1f7751 elementor-widget__width-initial elementor-widget elementor-widget-heading\" data-id=\"a1f7751\" data-element_type=\"widget\" data-widget_type=\"heading.default\">\n\t\t\t\t<div class=\"elementor-widget-container\">\n\t\t\t<h2 class=\"elementor-heading-title elementor-size-default\">Li\u00ean h\u1ec7 v\u1edbi ch\u00fang t\u00f4i<\/h2>\t\t<\/div>\n\t\t\t\t<\/div>\n\t\t\t\t<div class=\"elementor-element elementor-element-99eb25a elementor-widget__width-initial elementor-widget elementor-widget-text-editor\" data-id=\"99eb25a\" data-element_type=\"widget\" data-widget_type=\"text-editor.default\">\n\t\t\t\t<div class=\"elementor-widget-container\">\n\t\t\t\t\t\t\t<p>Quan t\u00e2m \u0111\u1ebfn \u0111\u1ed5i m\u1edbi? H\u00e3y li\u00ean h\u1ec7 v\u1edbi ch\u00fang t\u00f4i \u0111\u1ec3 kh\u00e1m ph\u00e1 c\u00e1c c\u01a1 h\u1ed9i.<\/p>\t\t\t\t\t\t<\/div>\n\t\t\t\t<\/div>\n\t\t\t\t<\/div>\n\t\t<div class=\"elementor-element elementor-element-139f285 e-con-full e-flex e-con e-child\" data-id=\"139f285\" data-element_type=\"container\">\n\t\t\t\t<div class=\"elementor-element elementor-element-7aa9efe elementor-widget__width-initial elementor-widget elementor-widget-html\" data-id=\"7aa9efe\" data-element_type=\"widget\" data-widget_type=\"html.default\">\n\t\t\t\t<div class=\"elementor-widget-container\">\n\t\t\t<div class=\"_form_4\"><\/div><script src=\"https:\/\/hydrax.activehosted.com\/f\/embed.php?id=4\" charset=\"utf-8\"><\/script>\t\t<\/div>\n\t\t\t\t<\/div>\n\t\t\t\t<div class=\"elementor-element elementor-element-9030c1f elementor-widget__width-initial elementor-widget elementor-widget-text-editor\" data-id=\"9030c1f\" data-element_type=\"widget\" data-widget_type=\"text-editor.default\">\n\t\t\t\t<div class=\"elementor-widget-container\">\n\t\t\t\t\t\t\t<p>Hydra X c\u00f3 th\u1ec3 li\u00ean h\u1ec7 v\u1edbi b\u1ea1n v\u1ec1 c\u00e1c s\u1ea3n ph\u1ea9m v\u00e0 d\u1ecbch v\u1ee5 c\u1ee7a ch\u00fang t\u00f4i c\u0169ng nh\u01b0 nh\u1eefng th\u00f4ng tin m\u1edbi nh\u1ea5t trong ng\u00e0nh. B\u1ea1n c\u00f3 th\u1ec3 ch\u1ecdn kh\u00f4ng nh\u1eadn th\u00f4ng tin li\u00ean l\u1ea1c t\u1eeb ch\u00fang t\u00f4i b\u1ea5t k\u1ef3 l\u00fac n\u00e0o.<\/p>\t\t\t\t\t\t<\/div>\n\t\t\t\t<\/div>\n\t\t\t\t<\/div>\n\t\t\t\t\t<\/div>\n\t\t\t\t<\/div>\n\t\t\t\t<\/div>","protected":false},"excerpt":{"rendered":"<p>MARKET SERVICES Tokenisation CONTACT US OUR SERVICES Our tokenisation services help issuers create tokens representing a broad range of asset classes, from traditional securities to real-world assets.\u200b Hydra X streamlines the issuance process by working with legal advisors to ensure regulatory compliance and listing suitability. Seamless integration with custody enables minting directly into subscribers&#8217; wallets, [&hellip;]<\/p>","protected":false},"author":4,"featured_media":23653,"parent":9725,"menu_order":0,"comment_status":"closed","ping_status":"closed","template":"","meta":{"_monsterinsights_skip_tracking":false,"_monsterinsights_sitenote_active":false,"_monsterinsights_sitenote_note":"","_monsterinsights_sitenote_category":0,"footnotes":""},"class_list":["post-23652","page","type-page","status-publish","has-post-thumbnail","hentry"],"yoast_head":"<!-- This site is optimized with the Yoast SEO plugin v23.6 - https:\/\/yoast.com\/wordpress\/plugins\/seo\/ -->\n<title>Hydra X | Tokenisation Service: Secure, Compliant Issuance<\/title>\n<meta name=\"description\" content=\"Tokenisation services enable issuers to create tokens from traditional securities to real-world assets, asset servicing &amp; corporate actions.\" \/>\n<meta name=\"robots\" content=\"index, follow, max-snippet:-1, max-image-preview:large, max-video-preview:-1\" \/>\n<link rel=\"canonical\" href=\"https:\/\/www.hydrax.io\/vn\/services\/tokenisation-services\/\" \/>\n<meta property=\"og:locale\" content=\"vi_VN\" \/>\n<meta property=\"og:type\" content=\"article\" \/>\n<meta property=\"og:title\" content=\"Hydra X | Tokenisation Service: Secure, Compliant Issuance\" \/>\n<meta property=\"og:description\" content=\"Tokenisation services enable issuers to create tokens from traditional securities to real-world assets, asset servicing &amp; corporate actions.\" \/>\n<meta property=\"og:url\" content=\"https:\/\/www.hydrax.io\/vn\/services\/tokenisation-services\/\" \/>\n<meta property=\"og:site_name\" content=\"Hydra X\" \/>\n<meta property=\"article:modified_time\" content=\"2024-12-10T01:49:37+00:00\" \/>\n<meta property=\"og:image\" content=\"https:\/\/www.hydrax.io\/wp-content\/uploads\/2024\/11\/Market-Services-Tokenisation.png\" \/>\n\t<meta property=\"og:image:width\" content=\"766\" \/>\n\t<meta property=\"og:image:height\" content=\"766\" \/>\n\t<meta property=\"og:image:type\" content=\"image\/png\" \/>\n<meta name=\"twitter:card\" content=\"summary_large_image\" \/>\n<meta name=\"twitter:label1\" content=\"\u01af\u1edbc t\u00ednh th\u1eddi gian \u0111\u1ecdc\" \/>\n\t<meta name=\"twitter:data1\" content=\"3 ph\u00fat\" \/>\n<script type=\"application\/ld+json\" class=\"yoast-schema-graph\">{\"@context\":\"https:\/\/schema.org\",\"@graph\":[{\"@type\":\"WebPage\",\"@id\":\"https:\/\/www.hydrax.io\/services\/tokenisation-services\/\",\"url\":\"https:\/\/www.hydrax.io\/services\/tokenisation-services\/\",\"name\":\"Hydra X | Tokenisation Service: Secure, Compliant Issuance\",\"isPartOf\":{\"@id\":\"https:\/\/www.hydrax.io\/#website\"},\"primaryImageOfPage\":{\"@id\":\"https:\/\/www.hydrax.io\/services\/tokenisation-services\/#primaryimage\"},\"image\":{\"@id\":\"https:\/\/www.hydrax.io\/services\/tokenisation-services\/#primaryimage\"},\"thumbnailUrl\":\"https:\/\/www.hydrax.io\/wp-content\/uploads\/2024\/11\/Market-Services-Tokenisation.png\",\"datePublished\":\"2024-11-25T03:49:08+00:00\",\"dateModified\":\"2024-12-10T01:49:37+00:00\",\"description\":\"Tokenisation services enable issuers to create tokens from traditional securities to real-world assets, asset servicing & corporate actions.\",\"breadcrumb\":{\"@id\":\"https:\/\/www.hydrax.io\/services\/tokenisation-services\/#breadcrumb\"},\"inLanguage\":\"vi\",\"potentialAction\":[{\"@type\":\"ReadAction\",\"target\":[\"https:\/\/www.hydrax.io\/services\/tokenisation-services\/\"]}]},{\"@type\":\"ImageObject\",\"inLanguage\":\"vi\",\"@id\":\"https:\/\/www.hydrax.io\/services\/tokenisation-services\/#primaryimage\",\"url\":\"https:\/\/www.hydrax.io\/wp-content\/uploads\/2024\/11\/Market-Services-Tokenisation.png\",\"contentUrl\":\"https:\/\/www.hydrax.io\/wp-content\/uploads\/2024\/11\/Market-Services-Tokenisation.png\",\"width\":766,\"height\":766},{\"@type\":\"BreadcrumbList\",\"@id\":\"https:\/\/www.hydrax.io\/services\/tokenisation-services\/#breadcrumb\",\"itemListElement\":[{\"@type\":\"ListItem\",\"position\":1,\"name\":\"Home\",\"item\":\"https:\/\/www.hydrax.io\/\"},{\"@type\":\"ListItem\",\"position\":2,\"name\":\"Services\",\"item\":\"https:\/\/www.hydrax.io\/services\/\"},{\"@type\":\"ListItem\",\"position\":3,\"name\":\"Services &#8211; Tokenisation\"}]},{\"@type\":\"WebSite\",\"@id\":\"https:\/\/www.hydrax.io\/#website\",\"url\":\"https:\/\/www.hydrax.io\/\",\"name\":\"Hydra X\",\"description\":\"Professional Trading Technology\",\"publisher\":{\"@id\":\"https:\/\/www.hydrax.io\/#organization\"},\"potentialAction\":[{\"@type\":\"SearchAction\",\"target\":{\"@type\":\"EntryPoint\",\"urlTemplate\":\"https:\/\/www.hydrax.io\/?s={search_term_string}\"},\"query-input\":{\"@type\":\"PropertyValueSpecification\",\"valueRequired\":true,\"valueName\":\"search_term_string\"}}],\"inLanguage\":\"vi\"},{\"@type\":\"Organization\",\"@id\":\"https:\/\/www.hydrax.io\/#organization\",\"name\":\"Hydra X\",\"url\":\"https:\/\/www.hydrax.io\/\",\"logo\":{\"@type\":\"ImageObject\",\"inLanguage\":\"vi\",\"@id\":\"https:\/\/www.hydrax.io\/#\/schema\/logo\/image\/\",\"url\":\"https:\/\/www.hydrax.io\/wp-content\/uploads\/2019\/10\/Hydra-X-Logo-Blue.png\",\"contentUrl\":\"https:\/\/www.hydrax.io\/wp-content\/uploads\/2019\/10\/Hydra-X-Logo-Blue.png\",\"width\":1052,\"height\":849,\"caption\":\"Hydra X\"},\"image\":{\"@id\":\"https:\/\/www.hydrax.io\/#\/schema\/logo\/image\/\"}}]}<\/script>\n<!-- \/ Yoast SEO plugin. -->","yoast_head_json":{"title":"Hydra X | Tokenisation Service: Secure, Compliant Issuance","description":"Tokenisation services enable issuers to create tokens from traditional securities to real-world assets, asset servicing & corporate actions.","robots":{"index":"index","follow":"follow","max-snippet":"max-snippet:-1","max-image-preview":"max-image-preview:large","max-video-preview":"max-video-preview:-1"},"canonical":"https:\/\/www.hydrax.io\/vn\/services\/tokenisation-services\/","og_locale":"vi_VN","og_type":"article","og_title":"Hydra X | Tokenisation Service: Secure, Compliant Issuance","og_description":"Tokenisation services enable issuers to create tokens from traditional securities to real-world assets, asset servicing & corporate actions.","og_url":"https:\/\/www.hydrax.io\/vn\/services\/tokenisation-services\/","og_site_name":"Hydra X","article_modified_time":"2024-12-10T01:49:37+00:00","og_image":[{"width":766,"height":766,"url":"https:\/\/www.hydrax.io\/wp-content\/uploads\/2024\/11\/Market-Services-Tokenisation.png","type":"image\/png"}],"twitter_card":"summary_large_image","twitter_misc":{"\u01af\u1edbc t\u00ednh th\u1eddi gian \u0111\u1ecdc":"3 ph\u00fat"},"schema":{"@context":"https:\/\/schema.org","@graph":[{"@type":"WebPage","@id":"https:\/\/www.hydrax.io\/services\/tokenisation-services\/","url":"https:\/\/www.hydrax.io\/services\/tokenisation-services\/","name":"Hydra X | Tokenisation Service: Secure, Compliant Issuance","isPartOf":{"@id":"https:\/\/www.hydrax.io\/#website"},"primaryImageOfPage":{"@id":"https:\/\/www.hydrax.io\/services\/tokenisation-services\/#primaryimage"},"image":{"@id":"https:\/\/www.hydrax.io\/services\/tokenisation-services\/#primaryimage"},"thumbnailUrl":"https:\/\/www.hydrax.io\/wp-content\/uploads\/2024\/11\/Market-Services-Tokenisation.png","datePublished":"2024-11-25T03:49:08+00:00","dateModified":"2024-12-10T01:49:37+00:00","description":"Tokenisation services enable issuers to create tokens from traditional securities to real-world assets, asset servicing & corporate actions.","breadcrumb":{"@id":"https:\/\/www.hydrax.io\/services\/tokenisation-services\/#breadcrumb"},"inLanguage":"vi","potentialAction":[{"@type":"ReadAction","target":["https:\/\/www.hydrax.io\/services\/tokenisation-services\/"]}]},{"@type":"ImageObject","inLanguage":"vi","@id":"https:\/\/www.hydrax.io\/services\/tokenisation-services\/#primaryimage","url":"https:\/\/www.hydrax.io\/wp-content\/uploads\/2024\/11\/Market-Services-Tokenisation.png","contentUrl":"https:\/\/www.hydrax.io\/wp-content\/uploads\/2024\/11\/Market-Services-Tokenisation.png","width":766,"height":766},{"@type":"BreadcrumbList","@id":"https:\/\/www.hydrax.io\/services\/tokenisation-services\/#breadcrumb","itemListElement":[{"@type":"ListItem","position":1,"name":"Home","item":"https:\/\/www.hydrax.io\/"},{"@type":"ListItem","position":2,"name":"Services","item":"https:\/\/www.hydrax.io\/services\/"},{"@type":"ListItem","position":3,"name":"Services &#8211; Tokenisation"}]},{"@type":"WebSite","@id":"https:\/\/www.hydrax.io\/#website","url":"https:\/\/www.hydrax.io\/","name":"Hydra X","description":"Professional Trading Technology","publisher":{"@id":"https:\/\/www.hydrax.io\/#organization"},"potentialAction":[{"@type":"SearchAction","target":{"@type":"EntryPoint","urlTemplate":"https:\/\/www.hydrax.io\/?s={search_term_string}"},"query-input":{"@type":"PropertyValueSpecification","valueRequired":true,"valueName":"search_term_string"}}],"inLanguage":"vi"},{"@type":"Organization","@id":"https:\/\/www.hydrax.io\/#organization","name":"Hydra X","url":"https:\/\/www.hydrax.io\/","logo":{"@type":"ImageObject","inLanguage":"vi","@id":"https:\/\/www.hydrax.io\/#\/schema\/logo\/image\/","url":"https:\/\/www.hydrax.io\/wp-content\/uploads\/2019\/10\/Hydra-X-Logo-Blue.png","contentUrl":"https:\/\/www.hydrax.io\/wp-content\/uploads\/2019\/10\/Hydra-X-Logo-Blue.png","width":1052,"height":849,"caption":"Hydra X"},"image":{"@id":"https:\/\/www.hydrax.io\/#\/schema\/logo\/image\/"}}]}},"_links":{"self":[{"href":"https:\/\/www.hydrax.io\/vn\/wp-json\/wp\/v2\/pages\/23652"}],"collection":[{"href":"https:\/\/www.hydrax.io\/vn\/wp-json\/wp\/v2\/pages"}],"about":[{"href":"https:\/\/www.hydrax.io\/vn\/wp-json\/wp\/v2\/types\/page"}],"author":[{"embeddable":true,"href":"https:\/\/www.hydrax.io\/vn\/wp-json\/wp\/v2\/users\/4"}],"replies":[{"embeddable":true,"href":"https:\/\/www.hydrax.io\/vn\/wp-json\/wp\/v2\/comments?post=23652"}],"version-history":[{"count":10,"href":"https:\/\/www.hydrax.io\/vn\/wp-json\/wp\/v2\/pages\/23652\/revisions"}],"predecessor-version":[{"id":24377,"href":"https:\/\/www.hydrax.io\/vn\/wp-json\/wp\/v2\/pages\/23652\/revisions\/24377"}],"up":[{"embeddable":true,"href":"https:\/\/www.hydrax.io\/vn\/wp-json\/wp\/v2\/pages\/9725"}],"wp:featuredmedia":[{"embeddable":true,"href":"https:\/\/www.hydrax.io\/vn\/wp-json\/wp\/v2\/media\/23653"}],"wp:attachment":[{"href":"https:\/\/www.hydrax.io\/vn\/wp-json\/wp\/v2\/media?parent=23652"}],"curies":[{"name":"wp","href":"https:\/\/api.w.org\/{rel}","templated":true}]}}