{"id":23659,"date":"2024-11-25T11:54:02","date_gmt":"2024-11-25T03:54:02","guid":{"rendered":"https:\/\/www.hydrax.io\/?page_id=23659"},"modified":"2025-09-12T15:27:05","modified_gmt":"2025-09-12T07:27:05","slug":"tokenised-securities-rwa","status":"publish","type":"page","link":"https:\/\/www.hydrax.io\/vn\/tokenised-securities-rwa\/","title":{"rendered":"Industry Applications &#8211; Tokenised Securities RWA"},"content":{"rendered":"<div data-elementor-type=\"wp-post\" data-elementor-id=\"23659\" class=\"elementor elementor-23659\" data-elementor-post-type=\"page\">\n\t\t\t\t<div class=\"elementor-element elementor-element-4b91456 e-flex e-con-boxed e-con e-parent\" data-id=\"4b91456\" data-element_type=\"container\" data-settings=\"{&quot;background_background&quot;:&quot;classic&quot;,&quot;animation&quot;:&quot;none&quot;}\">\n\t\t\t\t\t<div class=\"e-con-inner\">\n\t\t<div class=\"elementor-element elementor-element-89a209b e-con-full e-flex e-con e-child\" data-id=\"89a209b\" data-element_type=\"container\">\n\t\t\t\t<div class=\"elementor-element elementor-element-a320eec elementor-widget__width-initial elementor-widget-tablet__width-initial elementor-widget elementor-widget-heading\" data-id=\"a320eec\" data-element_type=\"widget\" data-widget_type=\"heading.default\">\n\t\t\t\t<div class=\"elementor-widget-container\">\n\t\t\t<h6 class=\"elementor-heading-title elementor-size-default\">\u1ee8NG D\u1ee4NG NG\u00c0NH<\/h6>\t\t<\/div>\n\t\t\t\t<\/div>\n\t\t<div class=\"elementor-element elementor-element-a78e36f e-con-full e-flex e-con e-child\" data-id=\"a78e36f\" data-element_type=\"container\">\n\t\t\t\t<div class=\"elementor-element elementor-element-e2c63f9 elementor-widget elementor-widget-heading\" data-id=\"e2c63f9\" data-element_type=\"widget\" data-widget_type=\"heading.default\">\n\t\t\t\t<div class=\"elementor-widget-container\">\n\t\t\t<h2 class=\"elementor-heading-title elementor-size-default translation-block\">Ch\u1ee9ng kho\u00e1n v\u00e0 T\u00e0i s\u1ea3n Th\u1ef1c (RWA) m\u00e3 h\u00f3a<\/h2>\t\t<\/div>\n\t\t\t\t<\/div>\n\t\t\t\t<div class=\"elementor-element elementor-element-e22e334 elementor-widget elementor-widget-text-editor\" data-id=\"e22e334\" data-element_type=\"widget\" data-widget_type=\"text-editor.default\">\n\t\t\t\t<div class=\"elementor-widget-container\">\n\t\t\t\t\t\t\t<p>M\u00e3 h\u00f3a \u0111ang thay \u0111\u1ed5i th\u1ecb tr\u01b0\u1eddng v\u1ed1n, mang l\u1ea1i t\u00ednh thanh kho\u1ea3n, quy\u1ec1n s\u1edf h\u1eefu ph\u00e2n \u0111o\u1ea1n v\u00e0 kh\u1ea3 n\u0103ng thanh to\u00e1n nhanh h\u01a1n.<\/p>\t\t\t\t\t\t<\/div>\n\t\t\t\t<\/div>\n\t\t\t\t<\/div>\n\t\t\t\t<\/div>\n\t\t\t\t<div class=\"elementor-element elementor-element-c29987d elementor-align-left elementor-widget__width-inherit elementor-widget elementor-widget-button\" data-id=\"c29987d\" data-element_type=\"widget\" data-widget_type=\"button.default\">\n\t\t\t\t<div class=\"elementor-widget-container\">\n\t\t\t\t\t<div class=\"elementor-button-wrapper\">\n\t\t\t<a class=\"elementor-button elementor-button-link elementor-size-md\" href=\"#contact\">\n\t\t\t\t\t\t<span class=\"elementor-button-content-wrapper\">\n\t\t\t\t\t\t\t\t\t<span class=\"elementor-button-text\">LI\u00caN H\u1ec6 V\u1edaI CH\u00daNG T\u00d4I<\/span>\n\t\t\t\t\t<\/span>\n\t\t\t\t\t<\/a>\n\t\t<\/div>\n\t\t\t\t<\/div>\n\t\t\t\t<\/div>\n\t\t\t\t\t<\/div>\n\t\t\t\t<\/div>\n\t\t<div class=\"elementor-element elementor-element-f5abfe2 e-flex e-con-boxed e-con e-parent\" data-id=\"f5abfe2\" data-element_type=\"container\" data-settings=\"{&quot;background_background&quot;:&quot;classic&quot;}\">\n\t\t\t\t\t<div class=\"e-con-inner\">\n\t\t\t\t<div class=\"elementor-element elementor-element-641ddb5 elementor-widget__width-initial elementor-widget-tablet__width-initial elementor-widget elementor-widget-heading\" data-id=\"641ddb5\" data-element_type=\"widget\" data-widget_type=\"heading.default\">\n\t\t\t\t<div class=\"elementor-widget-container\">\n\t\t\t<h2 class=\"elementor-heading-title elementor-size-default\">V\u00cc SAO \u0110I\u1ec0U N\u00c0Y QUAN TR\u1eccNG?<\/h2>\t\t<\/div>\n\t\t\t\t<\/div>\n\t\t\t\t<div class=\"elementor-element elementor-element-85faf07 elementor-invisible elementor-widget elementor-widget-text-editor\" data-id=\"85faf07\" data-element_type=\"widget\" data-settings=\"{&quot;_animation&quot;:&quot;fadeInUp&quot;}\" data-widget_type=\"text-editor.default\">\n\t\t\t\t<div class=\"elementor-widget-container\">\n\t\t\t\t\t\t\t<p class=\"translation-block\">V\u1edbi m\u1ee9c \u0111\u1ed9 ch\u1ea5p nh\u1eadn ng\u00e0y c\u00e0ng t\u0103ng, ch\u1ee9ng kho\u00e1n v\u00e0 t\u00e0i s\u1ea3n th\u1ef1c m\u00e3 h\u00f3a nh\u01b0 tr\u00e1i phi\u1ebfu, c\u1ed5 phi\u1ebfu v\u00e0 t\u00e0i s\u1ea3n thay th\u1ebf \u0111ang tr\u1edf th\u00e0nh <span class=\"responsive-text-2\" style=\"color: #20b3ab;font-family: 'Source Serif Pro';font-weight: 500\"><em>h\u1ea1 t\u1ea7ng thi\u1ebft y\u1ebfu c\u1ee7a th\u1ecb tr\u01b0\u1eddng<\/em><\/span>, m\u1edf ra c\u01a1 h\u1ed9i <span class=\"responsive-text-2\" style=\"color: #20b3ab;font-family: 'Source Serif Pro';font-weight: 500\"><em>ti\u1ebfp c\u1eadn c\u00e1c t\u00e0i s\u1ea3n v\u1ed1n k\u00e9m thanh kho\u1ea3n tr\u01b0\u1edbc \u0111\u00e2y<\/em><\/span>.<\/p>\t\t\t\t\t\t<\/div>\n\t\t\t\t<\/div>\n\t\t\t\t\t<\/div>\n\t\t\t\t<\/div>\n\t\t<div class=\"elementor-element elementor-element-fb33fdc e-flex e-con-boxed e-con e-parent\" data-id=\"fb33fdc\" data-element_type=\"container\" data-settings=\"{&quot;background_background&quot;:&quot;classic&quot;,&quot;motion_fx_motion_fx_scrolling&quot;:&quot;yes&quot;,&quot;motion_fx_devices&quot;:[&quot;desktop&quot;,&quot;tablet&quot;,&quot;mobile&quot;]}\">\n\t\t\t\t\t<div class=\"e-con-inner\">\n\t\t<div class=\"elementor-element elementor-element-5e84d6b e-con-full e-flex elementor-invisible e-con e-child\" data-id=\"5e84d6b\" data-element_type=\"container\" data-settings=\"{&quot;background_background&quot;:&quot;classic&quot;,&quot;animation&quot;:&quot;fadeInUp&quot;,&quot;animation_tablet&quot;:&quot;fadeInUp&quot;,&quot;animation_delay&quot;:0}\">\n\t\t\t\t<div class=\"elementor-element elementor-element-7289e72 elementor-widget elementor-widget-spacer\" data-id=\"7289e72\" data-element_type=\"widget\" data-widget_type=\"spacer.default\">\n\t\t\t\t<div class=\"elementor-widget-container\">\n\t\t\t\t\t<div class=\"elementor-spacer\">\n\t\t\t<div class=\"elementor-spacer-inner\"><\/div>\n\t\t<\/div>\n\t\t\t\t<\/div>\n\t\t\t\t<\/div>\n\t\t\t\t<\/div>\n\t\t<div class=\"elementor-element elementor-element-6071330 e-con-full e-flex elementor-invisible e-con e-child\" data-id=\"6071330\" data-element_type=\"container\" data-settings=\"{&quot;animation&quot;:&quot;fadeInUp&quot;}\">\n\t\t<div class=\"elementor-element elementor-element-23adf07 e-con-full e-flex elementor-invisible e-con e-child\" data-id=\"23adf07\" data-element_type=\"container\" data-settings=\"{&quot;animation&quot;:&quot;fadeInUp&quot;}\">\n\t\t\t\t<div class=\"elementor-element elementor-element-bb6dbe4 elementor-widget__width-initial elementor-widget-tablet__width-initial elementor-widget elementor-widget-heading\" data-id=\"bb6dbe4\" data-element_type=\"widget\" data-widget_type=\"heading.default\">\n\t\t\t\t<div class=\"elementor-widget-container\">\n\t\t\t<h6 class=\"elementor-heading-title elementor-size-default\">H\u1ed6 TR\u1ee2 TO\u00c0N DI\u1ec6N<\/h6>\t\t<\/div>\n\t\t\t\t<\/div>\n\t\t\t\t<div class=\"elementor-element elementor-element-ec0e90e elementor-widget__width-inherit elementor-widget elementor-widget-text-editor\" data-id=\"ec0e90e\" data-element_type=\"widget\" data-widget_type=\"text-editor.default\">\n\t\t\t\t<div class=\"elementor-widget-container\">\n\t\t\t\t\t\t\t<p>Hydra X cung c\u1ea5p c\u1ea3 c\u00f4ng ngh\u1ec7 v\u00e0 n\u1ec1n t\u1ea3ng \u0111\u01b0\u1ee3c c\u1ea5p ph\u00e9p \u0111\u1ec3 h\u1ed7 tr\u1ee3 to\u00e0n b\u1ed9 v\u00f2ng \u0111\u1eddi c\u1ee7a t\u00e0i s\u1ea3n m\u00e3 h\u00f3a.<\/p>\t\t\t\t\t\t<\/div>\n\t\t\t\t<\/div>\n\t\t\t\t<\/div>\n\t\t\t\t<div class=\"elementor-element elementor-element-2aeaa65 elementor-widget-divider--view-line elementor-widget elementor-widget-divider\" data-id=\"2aeaa65\" data-element_type=\"widget\" data-widget_type=\"divider.default\">\n\t\t\t\t<div class=\"elementor-widget-container\">\n\t\t\t\t\t<div class=\"elementor-divider\">\n\t\t\t<span class=\"elementor-divider-separator\">\n\t\t\t\t\t\t<\/span>\n\t\t<\/div>\n\t\t\t\t<\/div>\n\t\t\t\t<\/div>\n\t\t<div class=\"elementor-element elementor-element-8b68094 e-con-full e-flex elementor-invisible e-con e-child\" data-id=\"8b68094\" data-element_type=\"container\" data-settings=\"{&quot;animation&quot;:&quot;fadeInUp&quot;,&quot;animation_delay&quot;:0}\">\n\t\t\t\t<div class=\"elementor-element elementor-element-8217c67 elementor-widget__width-initial elementor-widget-tablet__width-initial elementor-widget elementor-widget-heading\" data-id=\"8217c67\" data-element_type=\"widget\" data-widget_type=\"heading.default\">\n\t\t\t\t<div class=\"elementor-widget-container\">\n\t\t\t<h6 class=\"elementor-heading-title elementor-size-default\">CHUY\u00caN M\u00d4N \u0110\u00c1NG TIN C\u1eacY<\/h6>\t\t<\/div>\n\t\t\t\t<\/div>\n\t\t\t\t<div class=\"elementor-element elementor-element-3a21548 elementor-widget__width-inherit elementor-widget elementor-widget-text-editor\" data-id=\"3a21548\" data-element_type=\"widget\" data-widget_type=\"text-editor.default\">\n\t\t\t\t<div class=\"elementor-widget-container\">\n\t\t\t\t\t\t\t<p>V\u1edbi kinh nghi\u1ec7m tri\u1ec3n khai th\u1ef1c t\u1ebf trong nhi\u1ec1u d\u1ef1 \u00e1n m\u00e3 h\u00f3a th\u00e0nh c\u00f4ng - bao g\u1ed3m tr\u00e1i phi\u1ebfu, c\u1ed5 phi\u1ebfu, qu\u1ef9 v\u00e0 c\u00e1c t\u00e0i s\u1ea3n thay th\u1ebf nh\u01b0 ngh\u1ec7 thu\u1eadt v\u00e0 t\u00edn ch\u1ec9 carbon.<\/p>\t\t\t\t\t\t<\/div>\n\t\t\t\t<\/div>\n\t\t\t\t<\/div>\n\t\t\t\t<div class=\"elementor-element elementor-element-501f002 elementor-widget-divider--view-line elementor-widget elementor-widget-divider\" data-id=\"501f002\" data-element_type=\"widget\" data-widget_type=\"divider.default\">\n\t\t\t\t<div class=\"elementor-widget-container\">\n\t\t\t\t\t<div class=\"elementor-divider\">\n\t\t\t<span class=\"elementor-divider-separator\">\n\t\t\t\t\t\t<\/span>\n\t\t<\/div>\n\t\t\t\t<\/div>\n\t\t\t\t<\/div>\n\t\t<div class=\"elementor-element elementor-element-718ba76 e-con-full e-flex elementor-invisible e-con e-child\" data-id=\"718ba76\" data-element_type=\"container\" data-settings=\"{&quot;motion_fx_motion_fx_scrolling&quot;:&quot;yes&quot;,&quot;motion_fx_opacity_effect&quot;:&quot;yes&quot;,&quot;motion_fx_opacity_range&quot;:{&quot;unit&quot;:&quot;%&quot;,&quot;size&quot;:&quot;&quot;,&quot;sizes&quot;:{&quot;start&quot;:20,&quot;end&quot;:56}},&quot;animation&quot;:&quot;fadeInUp&quot;,&quot;animation_delay&quot;:0,&quot;motion_fx_opacity_direction&quot;:&quot;out-in&quot;,&quot;motion_fx_opacity_level&quot;:{&quot;unit&quot;:&quot;px&quot;,&quot;size&quot;:10,&quot;sizes&quot;:[]},&quot;motion_fx_devices&quot;:[&quot;desktop&quot;,&quot;tablet&quot;,&quot;mobile&quot;]}\">\n\t\t\t\t<div class=\"elementor-element elementor-element-659c65d elementor-widget__width-initial elementor-widget-tablet__width-initial elementor-widget elementor-widget-heading\" data-id=\"659c65d\" data-element_type=\"widget\" data-widget_type=\"heading.default\">\n\t\t\t\t<div class=\"elementor-widget-container\">\n\t\t\t<h6 class=\"elementor-heading-title elementor-size-default\">D\u1ecaCH V\u1ee4 T\u00cdCH H\u1ee2P<\/h6>\t\t<\/div>\n\t\t\t\t<\/div>\n\t\t\t\t<div class=\"elementor-element elementor-element-c465f1b elementor-widget__width-inherit elementor-widget elementor-widget-text-editor\" data-id=\"c465f1b\" data-element_type=\"widget\" data-widget_type=\"text-editor.default\">\n\t\t\t\t<div class=\"elementor-widget-container\">\n\t\t\t\t\t\t\t<p>Ch\u00fang t\u00f4i cung c\u1ea5p c\u00e1c gi\u1ea3i ph\u00e1p li\u1ec1n m\u1ea1ch, tu\u00e2n th\u1ee7 cho ph\u00e1t h\u00e0nh, giao d\u1ecbch v\u00e0 l\u01b0u k\u00fd.<\/p>\t\t\t\t\t\t<\/div>\n\t\t\t\t<\/div>\n\t\t\t\t<\/div>\n\t\t\t\t<\/div>\n\t\t\t\t\t<\/div>\n\t\t\t\t<\/div>\n\t\t<div class=\"elementor-element elementor-element-3f8224c e-flex e-con-boxed e-con e-parent\" data-id=\"3f8224c\" data-element_type=\"container\" id=\"contact\" data-settings=\"{&quot;background_background&quot;:&quot;slideshow&quot;,&quot;background_slideshow_gallery&quot;:[{&quot;id&quot;:21090,&quot;url&quot;:&quot;https:\\\/\\\/www.hydrax.io\\\/wp-content\\\/uploads\\\/2024\\\/11\\\/Contact-Us.jpg&quot;}],&quot;background_slideshow_loop&quot;:&quot;yes&quot;,&quot;background_slideshow_slide_duration&quot;:5000,&quot;background_slideshow_slide_transition&quot;:&quot;fade&quot;,&quot;background_slideshow_transition_duration&quot;:500}\">\n\t\t\t\t\t<div class=\"e-con-inner\">\n\t\t<div class=\"elementor-element elementor-element-5b6ac5d e-con-full e-flex e-con e-child\" data-id=\"5b6ac5d\" data-element_type=\"container\">\n\t\t\t\t<div class=\"elementor-element elementor-element-29aa689 elementor-widget__width-initial elementor-widget elementor-widget-heading\" data-id=\"29aa689\" data-element_type=\"widget\" data-widget_type=\"heading.default\">\n\t\t\t\t<div class=\"elementor-widget-container\">\n\t\t\t<h2 class=\"elementor-heading-title elementor-size-default\">Li\u00ean h\u1ec7 v\u1edbi ch\u00fang t\u00f4i<\/h2>\t\t<\/div>\n\t\t\t\t<\/div>\n\t\t\t\t<div class=\"elementor-element elementor-element-abf025b elementor-widget__width-initial elementor-widget elementor-widget-text-editor\" data-id=\"abf025b\" data-element_type=\"widget\" data-widget_type=\"text-editor.default\">\n\t\t\t\t<div class=\"elementor-widget-container\">\n\t\t\t\t\t\t\t<p>Quan t\u00e2m \u0111\u1ebfn \u0111\u1ed5i m\u1edbi? H\u00e3y li\u00ean h\u1ec7 v\u1edbi ch\u00fang t\u00f4i \u0111\u1ec3 kh\u00e1m ph\u00e1 c\u00e1c c\u01a1 h\u1ed9i.<\/p>\t\t\t\t\t\t<\/div>\n\t\t\t\t<\/div>\n\t\t\t\t<\/div>\n\t\t<div class=\"elementor-element elementor-element-179a892 e-con-full e-flex e-con e-child\" data-id=\"179a892\" data-element_type=\"container\">\n\t\t\t\t<div class=\"elementor-element elementor-element-1c827d4 elementor-widget__width-initial elementor-widget elementor-widget-html\" data-id=\"1c827d4\" data-element_type=\"widget\" data-widget_type=\"html.default\">\n\t\t\t\t<div class=\"elementor-widget-container\">\n\t\t\t<div class=\"_form_4\"><\/div><script src=\"https:\/\/hydrax.activehosted.com\/f\/embed.php?id=4\" charset=\"utf-8\"><\/script>\t\t<\/div>\n\t\t\t\t<\/div>\n\t\t\t\t<div class=\"elementor-element elementor-element-78964ce elementor-widget__width-initial elementor-widget elementor-widget-text-editor\" data-id=\"78964ce\" data-element_type=\"widget\" data-widget_type=\"text-editor.default\">\n\t\t\t\t<div class=\"elementor-widget-container\">\n\t\t\t\t\t\t\t<p>Hydra X c\u00f3 th\u1ec3 li\u00ean h\u1ec7 v\u1edbi b\u1ea1n v\u1ec1 c\u00e1c s\u1ea3n ph\u1ea9m v\u00e0 d\u1ecbch v\u1ee5 c\u1ee7a ch\u00fang t\u00f4i c\u0169ng nh\u01b0 nh\u1eefng th\u00f4ng tin m\u1edbi nh\u1ea5t trong ng\u00e0nh. B\u1ea1n c\u00f3 th\u1ec3 ch\u1ecdn kh\u00f4ng nh\u1eadn th\u00f4ng tin li\u00ean l\u1ea1c t\u1eeb ch\u00fang t\u00f4i b\u1ea5t k\u1ef3 l\u00fac n\u00e0o.<\/p>\t\t\t\t\t\t<\/div>\n\t\t\t\t<\/div>\n\t\t\t\t<\/div>\n\t\t\t\t\t<\/div>\n\t\t\t\t<\/div>\n\t\t\t\t<\/div>","protected":false},"excerpt":{"rendered":"<p>INDUSTRY APPLICATIONS Tokenised Securities and Real-World Assets (RWA) Tokenisation is transforming capital markets, bringing liquidity, fractional ownership, and faster settlement. CONTACT US WHY IS THIS IMPORTANT? As adoption grows, tokenised securities and real-world assets like bonds, equities, and alternatives are becoming integral to market infrastructure, enabling efficient access to previously illiquid assets. END-TO-END SUPPORT Hydra [&hellip;]<\/p>","protected":false},"author":4,"featured_media":23660,"parent":0,"menu_order":0,"comment_status":"closed","ping_status":"closed","template":"","meta":{"_monsterinsights_skip_tracking":false,"_monsterinsights_sitenote_active":false,"_monsterinsights_sitenote_note":"","_monsterinsights_sitenote_category":0,"footnotes":""},"class_list":["post-23659","page","type-page","status-publish","has-post-thumbnail","hentry"],"yoast_head":"<!-- This site is optimized with the Yoast SEO plugin v23.6 - https:\/\/yoast.com\/wordpress\/plugins\/seo\/ -->\n<title>Hydra X | Unlocking Liquidity of Securities &amp; RWA by Tokenising<\/title>\n<meta name=\"description\" content=\"Hydra X enables securities and RWA tokenisation, transforming capital markets with liquidity, fractional ownership, and faster settlement.\" \/>\n<meta name=\"robots\" content=\"index, follow, max-snippet:-1, max-image-preview:large, max-video-preview:-1\" \/>\n<link rel=\"canonical\" href=\"https:\/\/www.hydrax.io\/vn\/tokenised-securities-rwa\/\" \/>\n<meta property=\"og:locale\" content=\"vi_VN\" \/>\n<meta property=\"og:type\" content=\"article\" \/>\n<meta property=\"og:title\" content=\"Hydra X | Unlocking Liquidity of Securities &amp; RWA by Tokenising\" \/>\n<meta property=\"og:description\" content=\"Hydra X enables securities and RWA tokenisation, transforming capital markets with liquidity, fractional ownership, and faster settlement.\" \/>\n<meta property=\"og:url\" content=\"https:\/\/www.hydrax.io\/vn\/tokenised-securities-rwa\/\" \/>\n<meta property=\"og:site_name\" content=\"Hydra X\" \/>\n<meta property=\"article:modified_time\" content=\"2025-09-12T07:27:05+00:00\" \/>\n<meta property=\"og:image\" content=\"https:\/\/www.hydrax.io\/wp-content\/uploads\/2024\/11\/RWA-Square2.png\" \/>\n\t<meta property=\"og:image:width\" content=\"1000\" \/>\n\t<meta property=\"og:image:height\" content=\"1000\" \/>\n\t<meta property=\"og:image:type\" content=\"image\/png\" \/>\n<meta name=\"twitter:card\" content=\"summary_large_image\" \/>\n<meta name=\"twitter:label1\" content=\"\u01af\u1edbc t\u00ednh th\u1eddi gian \u0111\u1ecdc\" \/>\n\t<meta name=\"twitter:data1\" content=\"3 ph\u00fat\" \/>\n<script type=\"application\/ld+json\" class=\"yoast-schema-graph\">{\"@context\":\"https:\/\/schema.org\",\"@graph\":[{\"@type\":\"WebPage\",\"@id\":\"https:\/\/www.hydrax.io\/tokenised-securities-rwa\/\",\"url\":\"https:\/\/www.hydrax.io\/tokenised-securities-rwa\/\",\"name\":\"Hydra X | Unlocking Liquidity of Securities & RWA by Tokenising\",\"isPartOf\":{\"@id\":\"https:\/\/www.hydrax.io\/#website\"},\"primaryImageOfPage\":{\"@id\":\"https:\/\/www.hydrax.io\/tokenised-securities-rwa\/#primaryimage\"},\"image\":{\"@id\":\"https:\/\/www.hydrax.io\/tokenised-securities-rwa\/#primaryimage\"},\"thumbnailUrl\":\"https:\/\/www.hydrax.io\/wp-content\/uploads\/2024\/11\/RWA-Square2.png\",\"datePublished\":\"2024-11-25T03:54:02+00:00\",\"dateModified\":\"2025-09-12T07:27:05+00:00\",\"description\":\"Hydra X enables securities and RWA tokenisation, transforming capital markets with liquidity, fractional ownership, and faster settlement.\",\"breadcrumb\":{\"@id\":\"https:\/\/www.hydrax.io\/tokenised-securities-rwa\/#breadcrumb\"},\"inLanguage\":\"vi\",\"potentialAction\":[{\"@type\":\"ReadAction\",\"target\":[\"https:\/\/www.hydrax.io\/tokenised-securities-rwa\/\"]}]},{\"@type\":\"ImageObject\",\"inLanguage\":\"vi\",\"@id\":\"https:\/\/www.hydrax.io\/tokenised-securities-rwa\/#primaryimage\",\"url\":\"https:\/\/www.hydrax.io\/wp-content\/uploads\/2024\/11\/RWA-Square2.png\",\"contentUrl\":\"https:\/\/www.hydrax.io\/wp-content\/uploads\/2024\/11\/RWA-Square2.png\",\"width\":1000,\"height\":1000},{\"@type\":\"BreadcrumbList\",\"@id\":\"https:\/\/www.hydrax.io\/tokenised-securities-rwa\/#breadcrumb\",\"itemListElement\":[{\"@type\":\"ListItem\",\"position\":1,\"name\":\"Home\",\"item\":\"https:\/\/www.hydrax.io\/\"},{\"@type\":\"ListItem\",\"position\":2,\"name\":\"Industry Applications &#8211; Tokenised Securities RWA\"}]},{\"@type\":\"WebSite\",\"@id\":\"https:\/\/www.hydrax.io\/#website\",\"url\":\"https:\/\/www.hydrax.io\/\",\"name\":\"Hydra X\",\"description\":\"Professional Trading Technology\",\"publisher\":{\"@id\":\"https:\/\/www.hydrax.io\/#organization\"},\"potentialAction\":[{\"@type\":\"SearchAction\",\"target\":{\"@type\":\"EntryPoint\",\"urlTemplate\":\"https:\/\/www.hydrax.io\/?s={search_term_string}\"},\"query-input\":{\"@type\":\"PropertyValueSpecification\",\"valueRequired\":true,\"valueName\":\"search_term_string\"}}],\"inLanguage\":\"vi\"},{\"@type\":\"Organization\",\"@id\":\"https:\/\/www.hydrax.io\/#organization\",\"name\":\"Hydra X\",\"url\":\"https:\/\/www.hydrax.io\/\",\"logo\":{\"@type\":\"ImageObject\",\"inLanguage\":\"vi\",\"@id\":\"https:\/\/www.hydrax.io\/#\/schema\/logo\/image\/\",\"url\":\"https:\/\/www.hydrax.io\/wp-content\/uploads\/2019\/10\/Hydra-X-Logo-Blue.png\",\"contentUrl\":\"https:\/\/www.hydrax.io\/wp-content\/uploads\/2019\/10\/Hydra-X-Logo-Blue.png\",\"width\":1052,\"height\":849,\"caption\":\"Hydra X\"},\"image\":{\"@id\":\"https:\/\/www.hydrax.io\/#\/schema\/logo\/image\/\"}}]}<\/script>\n<!-- \/ Yoast SEO plugin. -->","yoast_head_json":{"title":"Hydra X | Unlocking Liquidity of Securities & RWA by Tokenising","description":"Hydra X enables securities and RWA tokenisation, transforming capital markets with liquidity, fractional ownership, and faster settlement.","robots":{"index":"index","follow":"follow","max-snippet":"max-snippet:-1","max-image-preview":"max-image-preview:large","max-video-preview":"max-video-preview:-1"},"canonical":"https:\/\/www.hydrax.io\/vn\/tokenised-securities-rwa\/","og_locale":"vi_VN","og_type":"article","og_title":"Hydra X | Unlocking Liquidity of Securities & RWA by Tokenising","og_description":"Hydra X enables securities and RWA tokenisation, transforming capital markets with liquidity, fractional ownership, and faster settlement.","og_url":"https:\/\/www.hydrax.io\/vn\/tokenised-securities-rwa\/","og_site_name":"Hydra X","article_modified_time":"2025-09-12T07:27:05+00:00","og_image":[{"width":1000,"height":1000,"url":"https:\/\/www.hydrax.io\/wp-content\/uploads\/2024\/11\/RWA-Square2.png","type":"image\/png"}],"twitter_card":"summary_large_image","twitter_misc":{"\u01af\u1edbc t\u00ednh th\u1eddi gian \u0111\u1ecdc":"3 ph\u00fat"},"schema":{"@context":"https:\/\/schema.org","@graph":[{"@type":"WebPage","@id":"https:\/\/www.hydrax.io\/tokenised-securities-rwa\/","url":"https:\/\/www.hydrax.io\/tokenised-securities-rwa\/","name":"Hydra X | Unlocking Liquidity of Securities & RWA by Tokenising","isPartOf":{"@id":"https:\/\/www.hydrax.io\/#website"},"primaryImageOfPage":{"@id":"https:\/\/www.hydrax.io\/tokenised-securities-rwa\/#primaryimage"},"image":{"@id":"https:\/\/www.hydrax.io\/tokenised-securities-rwa\/#primaryimage"},"thumbnailUrl":"https:\/\/www.hydrax.io\/wp-content\/uploads\/2024\/11\/RWA-Square2.png","datePublished":"2024-11-25T03:54:02+00:00","dateModified":"2025-09-12T07:27:05+00:00","description":"Hydra X enables securities and RWA tokenisation, transforming capital markets with liquidity, fractional ownership, and faster settlement.","breadcrumb":{"@id":"https:\/\/www.hydrax.io\/tokenised-securities-rwa\/#breadcrumb"},"inLanguage":"vi","potentialAction":[{"@type":"ReadAction","target":["https:\/\/www.hydrax.io\/tokenised-securities-rwa\/"]}]},{"@type":"ImageObject","inLanguage":"vi","@id":"https:\/\/www.hydrax.io\/tokenised-securities-rwa\/#primaryimage","url":"https:\/\/www.hydrax.io\/wp-content\/uploads\/2024\/11\/RWA-Square2.png","contentUrl":"https:\/\/www.hydrax.io\/wp-content\/uploads\/2024\/11\/RWA-Square2.png","width":1000,"height":1000},{"@type":"BreadcrumbList","@id":"https:\/\/www.hydrax.io\/tokenised-securities-rwa\/#breadcrumb","itemListElement":[{"@type":"ListItem","position":1,"name":"Home","item":"https:\/\/www.hydrax.io\/"},{"@type":"ListItem","position":2,"name":"Industry Applications &#8211; Tokenised Securities RWA"}]},{"@type":"WebSite","@id":"https:\/\/www.hydrax.io\/#website","url":"https:\/\/www.hydrax.io\/","name":"Hydra X","description":"Professional Trading Technology","publisher":{"@id":"https:\/\/www.hydrax.io\/#organization"},"potentialAction":[{"@type":"SearchAction","target":{"@type":"EntryPoint","urlTemplate":"https:\/\/www.hydrax.io\/?s={search_term_string}"},"query-input":{"@type":"PropertyValueSpecification","valueRequired":true,"valueName":"search_term_string"}}],"inLanguage":"vi"},{"@type":"Organization","@id":"https:\/\/www.hydrax.io\/#organization","name":"Hydra X","url":"https:\/\/www.hydrax.io\/","logo":{"@type":"ImageObject","inLanguage":"vi","@id":"https:\/\/www.hydrax.io\/#\/schema\/logo\/image\/","url":"https:\/\/www.hydrax.io\/wp-content\/uploads\/2019\/10\/Hydra-X-Logo-Blue.png","contentUrl":"https:\/\/www.hydrax.io\/wp-content\/uploads\/2019\/10\/Hydra-X-Logo-Blue.png","width":1052,"height":849,"caption":"Hydra X"},"image":{"@id":"https:\/\/www.hydrax.io\/#\/schema\/logo\/image\/"}}]}},"_links":{"self":[{"href":"https:\/\/www.hydrax.io\/vn\/wp-json\/wp\/v2\/pages\/23659"}],"collection":[{"href":"https:\/\/www.hydrax.io\/vn\/wp-json\/wp\/v2\/pages"}],"about":[{"href":"https:\/\/www.hydrax.io\/vn\/wp-json\/wp\/v2\/types\/page"}],"author":[{"embeddable":true,"href":"https:\/\/www.hydrax.io\/vn\/wp-json\/wp\/v2\/users\/4"}],"replies":[{"embeddable":true,"href":"https:\/\/www.hydrax.io\/vn\/wp-json\/wp\/v2\/comments?post=23659"}],"version-history":[{"count":14,"href":"https:\/\/www.hydrax.io\/vn\/wp-json\/wp\/v2\/pages\/23659\/revisions"}],"predecessor-version":[{"id":25105,"href":"https:\/\/www.hydrax.io\/vn\/wp-json\/wp\/v2\/pages\/23659\/revisions\/25105"}],"wp:featuredmedia":[{"embeddable":true,"href":"https:\/\/www.hydrax.io\/vn\/wp-json\/wp\/v2\/media\/23660"}],"wp:attachment":[{"href":"https:\/\/www.hydrax.io\/vn\/wp-json\/wp\/v2\/media?parent=23659"}],"curies":[{"name":"wp","href":"https:\/\/api.w.org\/{rel}","templated":true}]}}