{"id":23662,"date":"2024-11-25T11:55:49","date_gmt":"2024-11-25T03:55:49","guid":{"rendered":"https:\/\/www.hydrax.io\/?page_id=23662"},"modified":"2025-09-12T15:26:25","modified_gmt":"2025-09-12T07:26:25","slug":"carbon-and-sustainable-finance","status":"publish","type":"page","link":"https:\/\/www.hydrax.io\/vn\/carbon-and-sustainable-finance\/","title":{"rendered":"Industry Applications &#8211; Carbon and Sustainable Finance"},"content":{"rendered":"<div data-elementor-type=\"wp-post\" data-elementor-id=\"23662\" class=\"elementor elementor-23662\" data-elementor-post-type=\"page\">\n\t\t\t\t<div class=\"elementor-element elementor-element-4b91456 e-flex e-con-boxed e-con e-parent\" data-id=\"4b91456\" data-element_type=\"container\" data-settings=\"{&quot;background_background&quot;:&quot;classic&quot;,&quot;animation&quot;:&quot;none&quot;}\">\n\t\t\t\t\t<div class=\"e-con-inner\">\n\t\t<div class=\"elementor-element elementor-element-89a209b e-con-full e-flex e-con e-child\" data-id=\"89a209b\" data-element_type=\"container\">\n\t\t\t\t<div class=\"elementor-element elementor-element-a320eec elementor-widget__width-initial elementor-widget-tablet__width-initial elementor-widget elementor-widget-heading\" data-id=\"a320eec\" data-element_type=\"widget\" data-widget_type=\"heading.default\">\n\t\t\t\t<div class=\"elementor-widget-container\">\n\t\t\t<h6 class=\"elementor-heading-title elementor-size-default\">\u1ee8NG D\u1ee4NG NG\u00c0NH<\/h6>\t\t<\/div>\n\t\t\t\t<\/div>\n\t\t<div class=\"elementor-element elementor-element-a78e36f e-con-full e-flex e-con e-child\" data-id=\"a78e36f\" data-element_type=\"container\">\n\t\t\t\t<div class=\"elementor-element elementor-element-e2c63f9 elementor-widget elementor-widget-heading\" data-id=\"e2c63f9\" data-element_type=\"widget\" data-widget_type=\"heading.default\">\n\t\t\t\t<div class=\"elementor-widget-container\">\n\t\t\t<h2 class=\"elementor-heading-title elementor-size-default\">T\u00e0i ch\u00ednh carbon v\u00e0 t\u00e0i ch\u00ednh b\u1ec1n v\u1eefng<\/h2>\t\t<\/div>\n\t\t\t\t<\/div>\n\t\t\t\t<div class=\"elementor-element elementor-element-e22e334 elementor-widget elementor-widget-text-editor\" data-id=\"e22e334\" data-element_type=\"widget\" data-widget_type=\"text-editor.default\">\n\t\t\t\t<div class=\"elementor-widget-container\">\n\t\t\t\t\t\t\t<p>T\u00e0i ch\u00ednh b\u1ec1n v\u1eefng \u0111ang nhanh ch\u00f3ng ph\u00e1t tri\u1ec3n khi c\u00e1c nh\u00e0 \u0111\u1ea7u t\u01b0 v\u00e0 doanh nghi\u1ec7p t\u00ecm c\u00e1ch t\u00e0i tr\u1ee3 cho c\u00e1c s\u00e1ng ki\u1ebfn th\u00e2n thi\u1ec7n v\u1edbi m\u00f4i tr\u01b0\u1eddng.<\/p>\t\t\t\t\t\t<\/div>\n\t\t\t\t<\/div>\n\t\t\t\t<\/div>\n\t\t\t\t<\/div>\n\t\t\t\t<div class=\"elementor-element elementor-element-c29987d elementor-align-left elementor-widget__width-inherit elementor-widget elementor-widget-button\" data-id=\"c29987d\" data-element_type=\"widget\" data-widget_type=\"button.default\">\n\t\t\t\t<div class=\"elementor-widget-container\">\n\t\t\t\t\t<div class=\"elementor-button-wrapper\">\n\t\t\t<a class=\"elementor-button elementor-button-link elementor-size-md\" href=\"#contact\">\n\t\t\t\t\t\t<span class=\"elementor-button-content-wrapper\">\n\t\t\t\t\t\t\t\t\t<span class=\"elementor-button-text\">LI\u00caN H\u1ec6 V\u1edaI CH\u00daNG T\u00d4I<\/span>\n\t\t\t\t\t<\/span>\n\t\t\t\t\t<\/a>\n\t\t<\/div>\n\t\t\t\t<\/div>\n\t\t\t\t<\/div>\n\t\t\t\t\t<\/div>\n\t\t\t\t<\/div>\n\t\t<div class=\"elementor-element elementor-element-f5abfe2 e-flex e-con-boxed e-con e-parent\" data-id=\"f5abfe2\" data-element_type=\"container\" data-settings=\"{&quot;background_background&quot;:&quot;classic&quot;}\">\n\t\t\t\t\t<div class=\"e-con-inner\">\n\t\t\t\t<div class=\"elementor-element elementor-element-641ddb5 elementor-widget__width-initial elementor-widget-tablet__width-initial elementor-widget elementor-widget-heading\" data-id=\"641ddb5\" data-element_type=\"widget\" data-widget_type=\"heading.default\">\n\t\t\t\t<div class=\"elementor-widget-container\">\n\t\t\t<h2 class=\"elementor-heading-title elementor-size-default\">V\u00cc SAO \u0110I\u1ec0U N\u00c0Y QUAN TR\u1eccNG?<\/h2>\t\t<\/div>\n\t\t\t\t<\/div>\n\t\t\t\t<div class=\"elementor-element elementor-element-85faf07 elementor-invisible elementor-widget elementor-widget-text-editor\" data-id=\"85faf07\" data-element_type=\"widget\" data-settings=\"{&quot;_animation&quot;:&quot;fadeInUp&quot;}\" data-widget_type=\"text-editor.default\">\n\t\t\t\t<div class=\"elementor-widget-container translation-block\">M\u00e3 h\u00f3a \u0111\u00f3ng vai tr\u00f2 then ch\u1ed1t, mang l\u1ea1i minh b\u1ea1ch, kh\u1ea3 n\u0103ng ti\u1ebfp c\u1eadn v\u00e0 thanh kho\u1ea3n cao h\u01a1n cho nhi\u1ec1u lo\u1ea1i t\u00e0i s\u1ea3n, <span class=\"responsive-text-2\" style=\"color: #20b3ab;font-family: 'Source Serif Pro';font-weight: 500\"><em>t\u1eeb t\u00edn ch\u1ec9 carbon \u0111\u1ebfn tr\u00e1i phi\u1ebfu xanh<\/em><\/span>. Th\u00f4ng qua m\u00e3 h\u00f3a, n\u1ee3 v\u00e0 v\u1ed1n ch\u1ee7 s\u1edf h\u1eefu trong c\u00e1c d\u1ef1 \u00e1n b\u1ec1n v\u1eefng t\u01b0 nh\u00e2n c\u00f3 th\u1ec3 \u0111\u01b0\u1ee3c <span class=\"responsive-text-2\" style=\"color: #20b3ab;font-family: 'Source Serif Pro';font-weight: 500\"><em>ph\u00e1t h\u00e0nh, giao d\u1ecbch v\u00e0 qu\u1ea3n l\u00fd hi\u1ec7u qu\u1ea3<\/em><\/span>, th\u00fac \u0111\u1ea9y c\u00e1c m\u1ee5c ti\u00eau b\u1ec1n v\u1eefng to\u00e0n c\u1ea7u.<\/div>\n\t\t\t\t<\/div>\n\t\t\t\t\t<\/div>\n\t\t\t\t<\/div>\n\t\t<div class=\"elementor-element elementor-element-fb33fdc e-flex e-con-boxed e-con e-parent\" data-id=\"fb33fdc\" data-element_type=\"container\" data-settings=\"{&quot;background_background&quot;:&quot;classic&quot;,&quot;motion_fx_motion_fx_scrolling&quot;:&quot;yes&quot;,&quot;motion_fx_devices&quot;:[&quot;desktop&quot;,&quot;tablet&quot;,&quot;mobile&quot;]}\">\n\t\t\t\t\t<div class=\"e-con-inner\">\n\t\t<div class=\"elementor-element elementor-element-444bd02 e-con-full e-flex elementor-invisible e-con e-child\" data-id=\"444bd02\" data-element_type=\"container\" data-settings=\"{&quot;background_background&quot;:&quot;classic&quot;,&quot;animation&quot;:&quot;fadeInUp&quot;,&quot;animation_tablet&quot;:&quot;fadeInUp&quot;,&quot;animation_delay&quot;:0}\">\n\t\t\t\t<div class=\"elementor-element elementor-element-b08dc83 elementor-widget elementor-widget-spacer\" data-id=\"b08dc83\" data-element_type=\"widget\" data-widget_type=\"spacer.default\">\n\t\t\t\t<div class=\"elementor-widget-container\">\n\t\t\t\t\t<div class=\"elementor-spacer\">\n\t\t\t<div class=\"elementor-spacer-inner\"><\/div>\n\t\t<\/div>\n\t\t\t\t<\/div>\n\t\t\t\t<\/div>\n\t\t\t\t<\/div>\n\t\t<div class=\"elementor-element elementor-element-6071330 e-con-full e-flex e-con e-child\" data-id=\"6071330\" data-element_type=\"container\">\n\t\t<div class=\"elementor-element elementor-element-23adf07 e-con-full e-flex elementor-invisible e-con e-child\" data-id=\"23adf07\" data-element_type=\"container\" data-settings=\"{&quot;animation&quot;:&quot;fadeInUp&quot;}\">\n\t\t\t\t<div class=\"elementor-element elementor-element-bb6dbe4 elementor-widget__width-initial elementor-widget-tablet__width-initial elementor-widget elementor-widget-heading\" data-id=\"bb6dbe4\" data-element_type=\"widget\" data-widget_type=\"heading.default\">\n\t\t\t\t<div class=\"elementor-widget-container\">\n\t\t\t<h6 class=\"elementor-heading-title elementor-size-default\">CHUY\u00caN M\u00d4N \u0110\u01af\u1ee2C KI\u1ec2M CH\u1ee8NG<\/h6>\t\t<\/div>\n\t\t\t\t<\/div>\n\t\t\t\t<div class=\"elementor-element elementor-element-ec0e90e elementor-widget__width-inherit elementor-widget elementor-widget-text-editor\" data-id=\"ec0e90e\" data-element_type=\"widget\" data-widget_type=\"text-editor.default\">\n\t\t\t\t<div class=\"elementor-widget-container\">\n\t\t\t\t\t\t\t<p>Hydra X \u0111\u00e3 cung c\u1ea5p h\u1ea1 t\u1ea7ng c\u00f4ng ngh\u1ec7 h\u1ed7 tr\u1ee3 nhi\u1ec1u s\u00e0n giao d\u1ecbch t\u00edn ch\u1ec9 carbon qu\u1ed1c t\u1ebf.<\/p>\t\t\t\t\t\t<\/div>\n\t\t\t\t<\/div>\n\t\t\t\t<\/div>\n\t\t\t\t<div class=\"elementor-element elementor-element-2aeaa65 elementor-widget-divider--view-line elementor-widget elementor-widget-divider\" data-id=\"2aeaa65\" data-element_type=\"widget\" data-widget_type=\"divider.default\">\n\t\t\t\t<div class=\"elementor-widget-container\">\n\t\t\t\t\t<div class=\"elementor-divider\">\n\t\t\t<span class=\"elementor-divider-separator\">\n\t\t\t\t\t\t<\/span>\n\t\t<\/div>\n\t\t\t\t<\/div>\n\t\t\t\t<\/div>\n\t\t<div class=\"elementor-element elementor-element-8b68094 e-con-full e-flex elementor-invisible e-con e-child\" data-id=\"8b68094\" data-element_type=\"container\" data-settings=\"{&quot;animation&quot;:&quot;fadeInUp&quot;,&quot;animation_delay&quot;:15}\">\n\t\t\t\t<div class=\"elementor-element elementor-element-8217c67 elementor-widget__width-initial elementor-widget-tablet__width-initial elementor-widget elementor-widget-heading\" data-id=\"8217c67\" data-element_type=\"widget\" data-widget_type=\"heading.default\">\n\t\t\t\t<div class=\"elementor-widget-container\">\n\t\t\t<h6 class=\"elementor-heading-title elementor-size-default\">TI\u00caU CHU\u1ea8N TH\u1eca TR\u01af\u1edcNG<\/h6>\t\t<\/div>\n\t\t\t\t<\/div>\n\t\t\t\t<div class=\"elementor-element elementor-element-3a21548 elementor-widget__width-inherit elementor-widget elementor-widget-text-editor\" data-id=\"3a21548\" data-element_type=\"widget\" data-widget_type=\"text-editor.default\">\n\t\t\t\t<div class=\"elementor-widget-container\">\n\t\t\t\t\t\t\t<p>Ch\u00fang t\u00f4i c\u00f3 c\u00e1c t\u00e0i kho\u1ea3n l\u01b0u k\u00fd t\u1ed5ng h\u1ee3p v\u1edbi Verra v\u00e0 Gold Standard - hai t\u1ed5 ch\u1ee9c \u0111\u0103ng k\u00fd t\u00edn ch\u1ec9 carbon h\u00e0ng \u0111\u1ea7u - cho ph\u00e9p chuy\u1ec3n nh\u01b0\u1ee3ng v\u00e0 x\u00f3a s\u1ed5 t\u00edn ch\u1ec9 li\u1ec1n m\u1ea1ch.<\/p>\t\t\t\t\t\t<\/div>\n\t\t\t\t<\/div>\n\t\t\t\t<\/div>\n\t\t\t\t<div class=\"elementor-element elementor-element-501f002 elementor-widget-divider--view-line elementor-widget elementor-widget-divider\" data-id=\"501f002\" data-element_type=\"widget\" data-widget_type=\"divider.default\">\n\t\t\t\t<div class=\"elementor-widget-container\">\n\t\t\t\t\t<div class=\"elementor-divider\">\n\t\t\t<span class=\"elementor-divider-separator\">\n\t\t\t\t\t\t<\/span>\n\t\t<\/div>\n\t\t\t\t<\/div>\n\t\t\t\t<\/div>\n\t\t<div class=\"elementor-element elementor-element-718ba76 e-con-full e-flex elementor-invisible e-con e-child\" data-id=\"718ba76\" data-element_type=\"container\" data-settings=\"{&quot;animation&quot;:&quot;fadeInUp&quot;,&quot;animation_delay&quot;:0}\">\n\t\t\t\t<div class=\"elementor-element elementor-element-659c65d elementor-widget__width-initial elementor-widget-tablet__width-initial elementor-widget elementor-widget-heading\" data-id=\"659c65d\" data-element_type=\"widget\" data-widget_type=\"heading.default\">\n\t\t\t\t<div class=\"elementor-widget-container\">\n\t\t\t<h6 class=\"elementor-heading-title elementor-size-default\">KH\u1ea2 N\u0102NG M\u1ede R\u1ed8NG<\/h6>\t\t<\/div>\n\t\t\t\t<\/div>\n\t\t\t\t<div class=\"elementor-element elementor-element-c465f1b elementor-widget__width-inherit elementor-widget elementor-widget-text-editor\" data-id=\"c465f1b\" data-element_type=\"widget\" data-widget_type=\"text-editor.default\">\n\t\t\t\t<div class=\"elementor-widget-container\">\n\t\t\t\t\t\t\t<p>Ch\u00fang t\u00f4i c\u00f3 m\u1ed9t s\u00e0n giao d\u1ecbch \u0111\u01b0\u1ee3c thi\u1ebft k\u1ebf ri\u00eang cho t\u00edn ch\u1ec9 carbon, h\u1ed7 tr\u1ee3 giao d\u1ecbch an to\u00e0n, tu\u00e2n th\u1ee7 v\u00e0 quy m\u00f4 l\u1edbn.<\/p>\t\t\t\t\t\t<\/div>\n\t\t\t\t<\/div>\n\t\t\t\t<\/div>\n\t\t\t\t<\/div>\n\t\t\t\t\t<\/div>\n\t\t\t\t<\/div>\n\t\t<div class=\"elementor-element elementor-element-6f35981 e-flex e-con-boxed e-con e-parent\" data-id=\"6f35981\" data-element_type=\"container\" id=\"contact\" data-settings=\"{&quot;background_background&quot;:&quot;slideshow&quot;,&quot;background_slideshow_gallery&quot;:[{&quot;id&quot;:21090,&quot;url&quot;:&quot;https:\\\/\\\/www.hydrax.io\\\/wp-content\\\/uploads\\\/2024\\\/11\\\/Contact-Us.jpg&quot;}],&quot;background_slideshow_loop&quot;:&quot;yes&quot;,&quot;background_slideshow_slide_duration&quot;:5000,&quot;background_slideshow_slide_transition&quot;:&quot;fade&quot;,&quot;background_slideshow_transition_duration&quot;:500}\">\n\t\t\t\t\t<div class=\"e-con-inner\">\n\t\t<div class=\"elementor-element elementor-element-304ed2c e-con-full e-flex e-con e-child\" data-id=\"304ed2c\" data-element_type=\"container\">\n\t\t\t\t<div class=\"elementor-element elementor-element-094c8ca elementor-widget__width-initial elementor-widget elementor-widget-heading\" data-id=\"094c8ca\" data-element_type=\"widget\" data-widget_type=\"heading.default\">\n\t\t\t\t<div class=\"elementor-widget-container\">\n\t\t\t<h2 class=\"elementor-heading-title elementor-size-default\">Li\u00ean h\u1ec7 v\u1edbi ch\u00fang t\u00f4i<\/h2>\t\t<\/div>\n\t\t\t\t<\/div>\n\t\t\t\t<div class=\"elementor-element elementor-element-795f368 elementor-widget__width-initial elementor-widget elementor-widget-text-editor\" data-id=\"795f368\" data-element_type=\"widget\" data-widget_type=\"text-editor.default\">\n\t\t\t\t<div class=\"elementor-widget-container\">\n\t\t\t\t\t\t\t<p>Quan t\u00e2m \u0111\u1ebfn \u0111\u1ed5i m\u1edbi? H\u00e3y li\u00ean h\u1ec7 v\u1edbi ch\u00fang t\u00f4i \u0111\u1ec3 kh\u00e1m ph\u00e1 c\u00e1c c\u01a1 h\u1ed9i.<\/p>\t\t\t\t\t\t<\/div>\n\t\t\t\t<\/div>\n\t\t\t\t<\/div>\n\t\t<div class=\"elementor-element elementor-element-b812f79 e-con-full e-flex e-con e-child\" data-id=\"b812f79\" data-element_type=\"container\">\n\t\t\t\t<div class=\"elementor-element elementor-element-9eb698b elementor-widget__width-initial elementor-widget elementor-widget-html\" data-id=\"9eb698b\" data-element_type=\"widget\" data-widget_type=\"html.default\">\n\t\t\t\t<div class=\"elementor-widget-container\">\n\t\t\t<div class=\"_form_4\"><\/div><script src=\"https:\/\/hydrax.activehosted.com\/f\/embed.php?id=4\" charset=\"utf-8\"><\/script>\t\t<\/div>\n\t\t\t\t<\/div>\n\t\t\t\t<div class=\"elementor-element elementor-element-8ae7755 elementor-widget__width-initial elementor-widget elementor-widget-text-editor\" data-id=\"8ae7755\" data-element_type=\"widget\" data-widget_type=\"text-editor.default\">\n\t\t\t\t<div class=\"elementor-widget-container\">\n\t\t\t\t\t\t\t<p>Hydra X c\u00f3 th\u1ec3 li\u00ean h\u1ec7 v\u1edbi b\u1ea1n v\u1ec1 c\u00e1c s\u1ea3n ph\u1ea9m v\u00e0 d\u1ecbch v\u1ee5 c\u1ee7a ch\u00fang t\u00f4i c\u0169ng nh\u01b0 nh\u1eefng th\u00f4ng tin m\u1edbi nh\u1ea5t trong ng\u00e0nh. B\u1ea1n c\u00f3 th\u1ec3 ch\u1ecdn kh\u00f4ng nh\u1eadn th\u00f4ng tin li\u00ean l\u1ea1c t\u1eeb ch\u00fang t\u00f4i b\u1ea5t k\u1ef3 l\u00fac n\u00e0o.<\/p>\t\t\t\t\t\t<\/div>\n\t\t\t\t<\/div>\n\t\t\t\t<\/div>\n\t\t\t\t\t<\/div>\n\t\t\t\t<\/div>\n\t\t\t\t<\/div>","protected":false},"excerpt":{"rendered":"<p>INDUSTRY APPLICATIONS Carbon and Sustainable Finance Sustainable finance is rapidly gaining momentum as investors and companies seek to fund environmentally friendly initiatives. CONTACT US WHY IS THIS IMPORTANT? Tokenisation plays a key role by providing greater transparency, accessibility, and liquidity across a range of assets, from carbon credits to green bonds. Through tokenisation, debt or [&hellip;]<\/p>","protected":false},"author":4,"featured_media":23663,"parent":0,"menu_order":0,"comment_status":"closed","ping_status":"closed","template":"","meta":{"_monsterinsights_skip_tracking":false,"_monsterinsights_sitenote_active":false,"_monsterinsights_sitenote_note":"","_monsterinsights_sitenote_category":0,"footnotes":""},"class_list":["post-23662","page","type-page","status-publish","has-post-thumbnail","hentry"],"yoast_head":"<!-- This site is optimized with the Yoast SEO plugin v23.6 - https:\/\/yoast.com\/wordpress\/plugins\/seo\/ -->\n<title>Hydra X | Enabling Efficient Trading of Carbon Credits<\/title>\n<meta name=\"description\" content=\"Supporting international carbon credit exchanges, Hydra X tokenises carbon credits and green bonds with Verra and Gold Standard.\" \/>\n<meta name=\"robots\" content=\"index, follow, max-snippet:-1, max-image-preview:large, max-video-preview:-1\" \/>\n<link rel=\"canonical\" href=\"https:\/\/www.hydrax.io\/vn\/carbon-and-sustainable-finance\/\" \/>\n<meta property=\"og:locale\" content=\"vi_VN\" \/>\n<meta property=\"og:type\" content=\"article\" \/>\n<meta property=\"og:title\" content=\"Hydra X | Enabling Efficient Trading of Carbon Credits\" \/>\n<meta property=\"og:description\" content=\"Supporting international carbon credit exchanges, Hydra X tokenises carbon credits and green bonds with Verra and Gold Standard.\" \/>\n<meta property=\"og:url\" content=\"https:\/\/www.hydrax.io\/vn\/carbon-and-sustainable-finance\/\" \/>\n<meta property=\"og:site_name\" content=\"Hydra X\" \/>\n<meta property=\"article:modified_time\" content=\"2025-09-12T07:26:25+00:00\" \/>\n<meta property=\"og:image\" content=\"https:\/\/www.hydrax.io\/wp-content\/uploads\/2024\/11\/Sustainable-Finance-Square2.png\" \/>\n\t<meta property=\"og:image:width\" content=\"1000\" \/>\n\t<meta property=\"og:image:height\" content=\"1031\" \/>\n\t<meta property=\"og:image:type\" content=\"image\/png\" \/>\n<meta name=\"twitter:card\" content=\"summary_large_image\" \/>\n<meta name=\"twitter:label1\" content=\"\u01af\u1edbc t\u00ednh th\u1eddi gian \u0111\u1ecdc\" \/>\n\t<meta name=\"twitter:data1\" content=\"3 ph\u00fat\" \/>\n<script type=\"application\/ld+json\" class=\"yoast-schema-graph\">{\"@context\":\"https:\/\/schema.org\",\"@graph\":[{\"@type\":\"WebPage\",\"@id\":\"https:\/\/www.hydrax.io\/carbon-and-sustainable-finance\/\",\"url\":\"https:\/\/www.hydrax.io\/carbon-and-sustainable-finance\/\",\"name\":\"Hydra X | Enabling Efficient Trading of Carbon Credits\",\"isPartOf\":{\"@id\":\"https:\/\/www.hydrax.io\/#website\"},\"primaryImageOfPage\":{\"@id\":\"https:\/\/www.hydrax.io\/carbon-and-sustainable-finance\/#primaryimage\"},\"image\":{\"@id\":\"https:\/\/www.hydrax.io\/carbon-and-sustainable-finance\/#primaryimage\"},\"thumbnailUrl\":\"https:\/\/www.hydrax.io\/wp-content\/uploads\/2024\/11\/Sustainable-Finance-Square2.png\",\"datePublished\":\"2024-11-25T03:55:49+00:00\",\"dateModified\":\"2025-09-12T07:26:25+00:00\",\"description\":\"Supporting international carbon credit exchanges, Hydra X tokenises carbon credits and green bonds with Verra and Gold Standard.\",\"breadcrumb\":{\"@id\":\"https:\/\/www.hydrax.io\/carbon-and-sustainable-finance\/#breadcrumb\"},\"inLanguage\":\"vi\",\"potentialAction\":[{\"@type\":\"ReadAction\",\"target\":[\"https:\/\/www.hydrax.io\/carbon-and-sustainable-finance\/\"]}]},{\"@type\":\"ImageObject\",\"inLanguage\":\"vi\",\"@id\":\"https:\/\/www.hydrax.io\/carbon-and-sustainable-finance\/#primaryimage\",\"url\":\"https:\/\/www.hydrax.io\/wp-content\/uploads\/2024\/11\/Sustainable-Finance-Square2.png\",\"contentUrl\":\"https:\/\/www.hydrax.io\/wp-content\/uploads\/2024\/11\/Sustainable-Finance-Square2.png\",\"width\":1000,\"height\":1031},{\"@type\":\"BreadcrumbList\",\"@id\":\"https:\/\/www.hydrax.io\/carbon-and-sustainable-finance\/#breadcrumb\",\"itemListElement\":[{\"@type\":\"ListItem\",\"position\":1,\"name\":\"Home\",\"item\":\"https:\/\/www.hydrax.io\/\"},{\"@type\":\"ListItem\",\"position\":2,\"name\":\"Industry Applications &#8211; Carbon and Sustainable Finance\"}]},{\"@type\":\"WebSite\",\"@id\":\"https:\/\/www.hydrax.io\/#website\",\"url\":\"https:\/\/www.hydrax.io\/\",\"name\":\"Hydra X\",\"description\":\"Professional Trading Technology\",\"publisher\":{\"@id\":\"https:\/\/www.hydrax.io\/#organization\"},\"potentialAction\":[{\"@type\":\"SearchAction\",\"target\":{\"@type\":\"EntryPoint\",\"urlTemplate\":\"https:\/\/www.hydrax.io\/?s={search_term_string}\"},\"query-input\":{\"@type\":\"PropertyValueSpecification\",\"valueRequired\":true,\"valueName\":\"search_term_string\"}}],\"inLanguage\":\"vi\"},{\"@type\":\"Organization\",\"@id\":\"https:\/\/www.hydrax.io\/#organization\",\"name\":\"Hydra X\",\"url\":\"https:\/\/www.hydrax.io\/\",\"logo\":{\"@type\":\"ImageObject\",\"inLanguage\":\"vi\",\"@id\":\"https:\/\/www.hydrax.io\/#\/schema\/logo\/image\/\",\"url\":\"https:\/\/www.hydrax.io\/wp-content\/uploads\/2019\/10\/Hydra-X-Logo-Blue.png\",\"contentUrl\":\"https:\/\/www.hydrax.io\/wp-content\/uploads\/2019\/10\/Hydra-X-Logo-Blue.png\",\"width\":1052,\"height\":849,\"caption\":\"Hydra X\"},\"image\":{\"@id\":\"https:\/\/www.hydrax.io\/#\/schema\/logo\/image\/\"}}]}<\/script>\n<!-- \/ Yoast SEO plugin. -->","yoast_head_json":{"title":"Hydra X | Enabling Efficient Trading of Carbon Credits","description":"Supporting international carbon credit exchanges, Hydra X tokenises carbon credits and green bonds with Verra and Gold Standard.","robots":{"index":"index","follow":"follow","max-snippet":"max-snippet:-1","max-image-preview":"max-image-preview:large","max-video-preview":"max-video-preview:-1"},"canonical":"https:\/\/www.hydrax.io\/vn\/carbon-and-sustainable-finance\/","og_locale":"vi_VN","og_type":"article","og_title":"Hydra X | Enabling Efficient Trading of Carbon Credits","og_description":"Supporting international carbon credit exchanges, Hydra X tokenises carbon credits and green bonds with Verra and Gold Standard.","og_url":"https:\/\/www.hydrax.io\/vn\/carbon-and-sustainable-finance\/","og_site_name":"Hydra X","article_modified_time":"2025-09-12T07:26:25+00:00","og_image":[{"width":1000,"height":1031,"url":"https:\/\/www.hydrax.io\/wp-content\/uploads\/2024\/11\/Sustainable-Finance-Square2.png","type":"image\/png"}],"twitter_card":"summary_large_image","twitter_misc":{"\u01af\u1edbc t\u00ednh th\u1eddi gian \u0111\u1ecdc":"3 ph\u00fat"},"schema":{"@context":"https:\/\/schema.org","@graph":[{"@type":"WebPage","@id":"https:\/\/www.hydrax.io\/carbon-and-sustainable-finance\/","url":"https:\/\/www.hydrax.io\/carbon-and-sustainable-finance\/","name":"Hydra X | Enabling Efficient Trading of Carbon Credits","isPartOf":{"@id":"https:\/\/www.hydrax.io\/#website"},"primaryImageOfPage":{"@id":"https:\/\/www.hydrax.io\/carbon-and-sustainable-finance\/#primaryimage"},"image":{"@id":"https:\/\/www.hydrax.io\/carbon-and-sustainable-finance\/#primaryimage"},"thumbnailUrl":"https:\/\/www.hydrax.io\/wp-content\/uploads\/2024\/11\/Sustainable-Finance-Square2.png","datePublished":"2024-11-25T03:55:49+00:00","dateModified":"2025-09-12T07:26:25+00:00","description":"Supporting international carbon credit exchanges, Hydra X tokenises carbon credits and green bonds with Verra and Gold Standard.","breadcrumb":{"@id":"https:\/\/www.hydrax.io\/carbon-and-sustainable-finance\/#breadcrumb"},"inLanguage":"vi","potentialAction":[{"@type":"ReadAction","target":["https:\/\/www.hydrax.io\/carbon-and-sustainable-finance\/"]}]},{"@type":"ImageObject","inLanguage":"vi","@id":"https:\/\/www.hydrax.io\/carbon-and-sustainable-finance\/#primaryimage","url":"https:\/\/www.hydrax.io\/wp-content\/uploads\/2024\/11\/Sustainable-Finance-Square2.png","contentUrl":"https:\/\/www.hydrax.io\/wp-content\/uploads\/2024\/11\/Sustainable-Finance-Square2.png","width":1000,"height":1031},{"@type":"BreadcrumbList","@id":"https:\/\/www.hydrax.io\/carbon-and-sustainable-finance\/#breadcrumb","itemListElement":[{"@type":"ListItem","position":1,"name":"Home","item":"https:\/\/www.hydrax.io\/"},{"@type":"ListItem","position":2,"name":"Industry Applications &#8211; Carbon and Sustainable Finance"}]},{"@type":"WebSite","@id":"https:\/\/www.hydrax.io\/#website","url":"https:\/\/www.hydrax.io\/","name":"Hydra X","description":"Professional Trading Technology","publisher":{"@id":"https:\/\/www.hydrax.io\/#organization"},"potentialAction":[{"@type":"SearchAction","target":{"@type":"EntryPoint","urlTemplate":"https:\/\/www.hydrax.io\/?s={search_term_string}"},"query-input":{"@type":"PropertyValueSpecification","valueRequired":true,"valueName":"search_term_string"}}],"inLanguage":"vi"},{"@type":"Organization","@id":"https:\/\/www.hydrax.io\/#organization","name":"Hydra X","url":"https:\/\/www.hydrax.io\/","logo":{"@type":"ImageObject","inLanguage":"vi","@id":"https:\/\/www.hydrax.io\/#\/schema\/logo\/image\/","url":"https:\/\/www.hydrax.io\/wp-content\/uploads\/2019\/10\/Hydra-X-Logo-Blue.png","contentUrl":"https:\/\/www.hydrax.io\/wp-content\/uploads\/2019\/10\/Hydra-X-Logo-Blue.png","width":1052,"height":849,"caption":"Hydra X"},"image":{"@id":"https:\/\/www.hydrax.io\/#\/schema\/logo\/image\/"}}]}},"_links":{"self":[{"href":"https:\/\/www.hydrax.io\/vn\/wp-json\/wp\/v2\/pages\/23662"}],"collection":[{"href":"https:\/\/www.hydrax.io\/vn\/wp-json\/wp\/v2\/pages"}],"about":[{"href":"https:\/\/www.hydrax.io\/vn\/wp-json\/wp\/v2\/types\/page"}],"author":[{"embeddable":true,"href":"https:\/\/www.hydrax.io\/vn\/wp-json\/wp\/v2\/users\/4"}],"replies":[{"embeddable":true,"href":"https:\/\/www.hydrax.io\/vn\/wp-json\/wp\/v2\/comments?post=23662"}],"version-history":[{"count":10,"href":"https:\/\/www.hydrax.io\/vn\/wp-json\/wp\/v2\/pages\/23662\/revisions"}],"predecessor-version":[{"id":25102,"href":"https:\/\/www.hydrax.io\/vn\/wp-json\/wp\/v2\/pages\/23662\/revisions\/25102"}],"wp:featuredmedia":[{"embeddable":true,"href":"https:\/\/www.hydrax.io\/vn\/wp-json\/wp\/v2\/media\/23663"}],"wp:attachment":[{"href":"https:\/\/www.hydrax.io\/vn\/wp-json\/wp\/v2\/media?parent=23662"}],"curies":[{"name":"wp","href":"https:\/\/api.w.org\/{rel}","templated":true}]}}