{"id":23670,"date":"2024-11-25T12:00:24","date_gmt":"2024-11-25T04:00:24","guid":{"rendered":"https:\/\/www.hydrax.io\/?page_id=23670"},"modified":"2025-09-12T15:30:24","modified_gmt":"2025-09-12T07:30:24","slug":"asset-managers","status":"publish","type":"page","link":"https:\/\/www.hydrax.io\/vn\/asset-managers\/","title":{"rendered":"Industry Applications &#8211; Asset Managers"},"content":{"rendered":"<div data-elementor-type=\"wp-post\" data-elementor-id=\"23670\" class=\"elementor elementor-23670\" data-elementor-post-type=\"page\">\n\t\t\t\t<div class=\"elementor-element elementor-element-4b91456 e-flex e-con-boxed e-con e-parent\" data-id=\"4b91456\" data-element_type=\"container\" data-settings=\"{&quot;background_background&quot;:&quot;classic&quot;,&quot;animation&quot;:&quot;none&quot;}\">\n\t\t\t\t\t<div class=\"e-con-inner\">\n\t\t<div class=\"elementor-element elementor-element-89a209b e-con-full e-flex e-con e-child\" data-id=\"89a209b\" data-element_type=\"container\">\n\t\t\t\t<div class=\"elementor-element elementor-element-a320eec elementor-widget__width-initial elementor-widget-tablet__width-initial elementor-widget elementor-widget-heading\" data-id=\"a320eec\" data-element_type=\"widget\" data-widget_type=\"heading.default\">\n\t\t\t\t<div class=\"elementor-widget-container\">\n\t\t\t<h6 class=\"elementor-heading-title elementor-size-default\">\u1ee8NG D\u1ee4NG NG\u00c0NH<\/h6>\t\t<\/div>\n\t\t\t\t<\/div>\n\t\t<div class=\"elementor-element elementor-element-a78e36f e-con-full e-flex e-con e-child\" data-id=\"a78e36f\" data-element_type=\"container\">\n\t\t\t\t<div class=\"elementor-element elementor-element-e2c63f9 elementor-widget elementor-widget-heading\" data-id=\"e2c63f9\" data-element_type=\"widget\" data-widget_type=\"heading.default\">\n\t\t\t\t<div class=\"elementor-widget-container\">\n\t\t\t<h2 class=\"elementor-heading-title elementor-size-default\">C\u00e1c nh\u00e0 qu\u1ea3n l\u00fd t\u00e0i s\u1ea3n<\/h2>\t\t<\/div>\n\t\t\t\t<\/div>\n\t\t\t\t<div class=\"elementor-element elementor-element-e22e334 elementor-widget elementor-widget-text-editor\" data-id=\"e22e334\" data-element_type=\"widget\" data-widget_type=\"text-editor.default\">\n\t\t\t\t<div class=\"elementor-widget-container\">\n\t\t\t\t\t\t\t<p>M\u00e3 h\u00f3a cho ph\u00e9p c\u00e1c nh\u00e0 qu\u1ea3n l\u00fd t\u00e0i s\u1ea3n m\u1edf kh\u00f3a t\u00ednh thanh kho\u1ea3n, m\u1edf r\u1ed9ng kh\u1ea3 n\u0103ng ti\u1ebfp c\u1eadn c\u1ee7a nh\u00e0 \u0111\u1ea7u t\u01b0 v\u00e0 cung c\u1ea5p giao d\u1ecbch th\u1ee9 c\u1ea5p cho c\u00e1c t\u00e0i s\u1ea3n truy\u1ec1n th\u1ed1ng k\u00e9m thanh kho\u1ea3n.<\/p>\t\t\t\t\t\t<\/div>\n\t\t\t\t<\/div>\n\t\t\t\t<\/div>\n\t\t\t\t<\/div>\n\t\t\t\t<div class=\"elementor-element elementor-element-c29987d elementor-align-left elementor-widget__width-inherit elementor-widget elementor-widget-button\" data-id=\"c29987d\" data-element_type=\"widget\" data-widget_type=\"button.default\">\n\t\t\t\t<div class=\"elementor-widget-container\">\n\t\t\t\t\t<div class=\"elementor-button-wrapper\">\n\t\t\t<a class=\"elementor-button elementor-button-link elementor-size-md\" href=\"#contact\">\n\t\t\t\t\t\t<span class=\"elementor-button-content-wrapper\">\n\t\t\t\t\t\t\t\t\t<span class=\"elementor-button-text\">LI\u00caN H\u1ec6 V\u1edaI CH\u00daNG T\u00d4I<\/span>\n\t\t\t\t\t<\/span>\n\t\t\t\t\t<\/a>\n\t\t<\/div>\n\t\t\t\t<\/div>\n\t\t\t\t<\/div>\n\t\t\t\t\t<\/div>\n\t\t\t\t<\/div>\n\t\t<div class=\"elementor-element elementor-element-f5abfe2 e-flex e-con-boxed e-con e-parent\" data-id=\"f5abfe2\" data-element_type=\"container\" data-settings=\"{&quot;background_background&quot;:&quot;classic&quot;}\">\n\t\t\t\t\t<div class=\"e-con-inner\">\n\t\t\t\t<div class=\"elementor-element elementor-element-641ddb5 elementor-widget__width-initial elementor-widget-tablet__width-initial elementor-widget elementor-widget-heading\" data-id=\"641ddb5\" data-element_type=\"widget\" data-widget_type=\"heading.default\">\n\t\t\t\t<div class=\"elementor-widget-container\">\n\t\t\t<h2 class=\"elementor-heading-title elementor-size-default\">V\u00cc SAO \u0110I\u1ec0U N\u00c0Y QUAN TR\u1eccNG?<\/h2>\t\t<\/div>\n\t\t\t\t<\/div>\n\t\t\t\t<div class=\"elementor-element elementor-element-85faf07 elementor-invisible elementor-widget elementor-widget-text-editor\" data-id=\"85faf07\" data-element_type=\"widget\" data-settings=\"{&quot;_animation&quot;:&quot;fadeInUp&quot;}\" data-widget_type=\"text-editor.default\">\n\t\t\t\t<div class=\"elementor-widget-container\">\n\t\t\t\t\t\t\t<p class=\"translation-block\">B\u1eb1ng c\u00e1ch <span class=\"responsive-text-2\" style=\"color: #20b3ab;font-family: 'Source Serif Pro';font-weight: 500\"><em>t\u00edch h\u1ee3p t\u00e0i s\u1ea3n m\u00e3 h\u00f3a<\/em><\/span>, c\u00e1c c\u00f4ng ty c\u00f3 th\u1ec3 cung c\u1ea5p quy\u1ec1n s\u1edf h\u1eefu ph\u00e2n \u0111o\u1ea1n, m\u1edf ra c\u01a1 h\u1ed9i th\u1ecb tr\u01b0\u1eddng m\u1edbi v\u00e0 c\u00e1c s\u1ea3n ph\u1ea9m kh\u00e1c bi\u1ec7t, \u0111\u1ed3ng th\u1eddi \u0111\u1ea3m b\u1ea3o tu\u00e2n th\u1ee7 v\u00e0 hi\u1ec7u qu\u1ea3 v\u1eadn h\u00e0nh.<\/div>\n\t\t\t\t<\/div>\n\t\t\t\t\t<\/div>\n\t\t\t\t<\/div>\n\t\t<div class=\"elementor-element elementor-element-fb33fdc e-flex e-con-boxed e-con e-parent\" data-id=\"fb33fdc\" data-element_type=\"container\" data-settings=\"{&quot;background_background&quot;:&quot;classic&quot;,&quot;motion_fx_motion_fx_scrolling&quot;:&quot;yes&quot;,&quot;motion_fx_devices&quot;:[&quot;desktop&quot;,&quot;tablet&quot;,&quot;mobile&quot;]}\">\n\t\t\t\t\t<div class=\"e-con-inner\">\n\t\t<div class=\"elementor-element elementor-element-631040c e-con-full e-flex elementor-invisible e-con e-child\" data-id=\"631040c\" data-element_type=\"container\" data-settings=\"{&quot;background_background&quot;:&quot;classic&quot;,&quot;animation&quot;:&quot;fadeInUp&quot;,&quot;animation_tablet&quot;:&quot;fadeInUp&quot;,&quot;animation_delay&quot;:0}\">\n\t\t\t\t<div class=\"elementor-element elementor-element-7859102 elementor-widget elementor-widget-spacer\" data-id=\"7859102\" data-element_type=\"widget\" data-widget_type=\"spacer.default\">\n\t\t\t\t<div class=\"elementor-widget-container\">\n\t\t\t\t\t<div class=\"elementor-spacer\">\n\t\t\t<div class=\"elementor-spacer-inner\"><\/div>\n\t\t<\/div>\n\t\t\t\t<\/div>\n\t\t\t\t<\/div>\n\t\t\t\t<\/div>\n\t\t<div class=\"elementor-element elementor-element-6071330 e-con-full e-flex e-con e-child\" data-id=\"6071330\" data-element_type=\"container\">\n\t\t<div class=\"elementor-element elementor-element-23adf07 e-con-full e-flex elementor-invisible e-con e-child\" data-id=\"23adf07\" data-element_type=\"container\" data-settings=\"{&quot;animation&quot;:&quot;fadeInUp&quot;}\">\n\t\t\t\t<div class=\"elementor-element elementor-element-bb6dbe4 elementor-widget__width-initial elementor-widget-tablet__width-initial elementor-widget elementor-widget-heading\" data-id=\"bb6dbe4\" data-element_type=\"widget\" data-widget_type=\"heading.default\">\n\t\t\t\t<div class=\"elementor-widget-container\">\n\t\t\t<h6 class=\"elementor-heading-title elementor-size-default\">C\u00d4NG NGH\u1ec6 TU\u00c2N TH\u1ee6 QUY \u0110\u1ecaNH<\/h6>\t\t<\/div>\n\t\t\t\t<\/div>\n\t\t\t\t<div class=\"elementor-element elementor-element-ec0e90e elementor-widget__width-inherit elementor-widget elementor-widget-text-editor\" data-id=\"ec0e90e\" data-element_type=\"widget\" data-widget_type=\"text-editor.default\">\n\t\t\t\t<div class=\"elementor-widget-container\">\n\t\t\t\t\t\t\t<p>Hydra X cung c\u1ea5p c\u00f4ng ngh\u1ec7 v\u00e0 n\u1ec1n t\u1ea3ng \u0111\u01b0\u1ee3c c\u1ea5p ph\u00e9p, gi\u00fap m\u00e3 h\u00f3a v\u00e0 qu\u1ea3n l\u00fd t\u00e0i s\u1ea3n d\u1ec5 d\u00e0ng v\u00e0 an to\u00e0n<\/p>\t\t\t\t\t\t<\/div>\n\t\t\t\t<\/div>\n\t\t\t\t<\/div>\n\t\t\t\t<div class=\"elementor-element elementor-element-2aeaa65 elementor-widget-divider--view-line elementor-widget elementor-widget-divider\" data-id=\"2aeaa65\" data-element_type=\"widget\" data-widget_type=\"divider.default\">\n\t\t\t\t<div class=\"elementor-widget-container\">\n\t\t\t\t\t<div class=\"elementor-divider\">\n\t\t\t<span class=\"elementor-divider-separator\">\n\t\t\t\t\t\t<\/span>\n\t\t<\/div>\n\t\t\t\t<\/div>\n\t\t\t\t<\/div>\n\t\t<div class=\"elementor-element elementor-element-8b68094 e-con-full e-flex elementor-invisible e-con e-child\" data-id=\"8b68094\" data-element_type=\"container\" data-settings=\"{&quot;animation&quot;:&quot;fadeInUp&quot;}\">\n\t\t\t\t<div class=\"elementor-element elementor-element-8217c67 elementor-widget__width-initial elementor-widget-tablet__width-initial elementor-widget elementor-widget-heading\" data-id=\"8217c67\" data-element_type=\"widget\" data-widget_type=\"heading.default\">\n\t\t\t\t<div class=\"elementor-widget-container\">\n\t\t\t<h6 class=\"elementor-heading-title elementor-size-default\">D\u1ecaCH V\u1ee4 LI\u1ec0N M\u1ea0CH<\/h6>\t\t<\/div>\n\t\t\t\t<\/div>\n\t\t\t\t<div class=\"elementor-element elementor-element-3a21548 elementor-widget__width-inherit elementor-widget elementor-widget-text-editor\" data-id=\"3a21548\" data-element_type=\"widget\" data-widget_type=\"text-editor.default\">\n\t\t\t\t<div class=\"elementor-widget-container\">\n\t\t\t\t\t\t\t<p>C\u00e1c gi\u1ea3i ph\u00e1p c\u1ee7a ch\u00fang t\u00f4i cho ph\u00e9p ph\u00e1t h\u00e0nh, giao d\u1ecbch v\u00e0 l\u01b0u k\u00fd li\u1ec1n m\u1ea1ch, gi\u00fap c\u00e1c nh\u00e0 qu\u1ea3n l\u00fd t\u00e0i s\u1ea3n khai th\u00e1c t\u00ednh thanh kho\u1ea3n v\u00e0 hi\u1ec7u qu\u1ea3 tr\u00ean c\u00e1c th\u1ecb tr\u01b0\u1eddng th\u1ee9 c\u1ea5p.<\/p>\t\t\t\t\t\t<\/div>\n\t\t\t\t<\/div>\n\t\t\t\t<\/div>\n\t\t\t\t<\/div>\n\t\t\t\t\t<\/div>\n\t\t\t\t<\/div>\n\t\t<div class=\"elementor-element elementor-element-4ae38a1 e-flex e-con-boxed e-con e-parent\" data-id=\"4ae38a1\" data-element_type=\"container\" id=\"contact\" data-settings=\"{&quot;background_background&quot;:&quot;slideshow&quot;,&quot;background_slideshow_gallery&quot;:[{&quot;id&quot;:21090,&quot;url&quot;:&quot;https:\\\/\\\/www.hydrax.io\\\/wp-content\\\/uploads\\\/2024\\\/11\\\/Contact-Us.jpg&quot;}],&quot;background_slideshow_loop&quot;:&quot;yes&quot;,&quot;background_slideshow_slide_duration&quot;:5000,&quot;background_slideshow_slide_transition&quot;:&quot;fade&quot;,&quot;background_slideshow_transition_duration&quot;:500}\">\n\t\t\t\t\t<div class=\"e-con-inner\">\n\t\t<div class=\"elementor-element elementor-element-ece518d e-con-full e-flex e-con e-child\" data-id=\"ece518d\" data-element_type=\"container\">\n\t\t\t\t<div class=\"elementor-element elementor-element-155e2f6 elementor-widget__width-initial elementor-widget elementor-widget-heading\" data-id=\"155e2f6\" data-element_type=\"widget\" data-widget_type=\"heading.default\">\n\t\t\t\t<div class=\"elementor-widget-container\">\n\t\t\t<h2 class=\"elementor-heading-title elementor-size-default\">Li\u00ean h\u1ec7 v\u1edbi ch\u00fang t\u00f4i<\/h2>\t\t<\/div>\n\t\t\t\t<\/div>\n\t\t\t\t<div class=\"elementor-element elementor-element-fd77bc0 elementor-widget__width-initial elementor-widget elementor-widget-text-editor\" data-id=\"fd77bc0\" data-element_type=\"widget\" data-widget_type=\"text-editor.default\">\n\t\t\t\t<div class=\"elementor-widget-container\">\n\t\t\t\t\t\t\t<p>Quan t\u00e2m \u0111\u1ebfn \u0111\u1ed5i m\u1edbi? H\u00e3y li\u00ean h\u1ec7 v\u1edbi ch\u00fang t\u00f4i \u0111\u1ec3 kh\u00e1m ph\u00e1 c\u00e1c c\u01a1 h\u1ed9i.<\/p>\t\t\t\t\t\t<\/div>\n\t\t\t\t<\/div>\n\t\t\t\t<\/div>\n\t\t<div class=\"elementor-element elementor-element-e36f181 e-con-full e-flex e-con e-child\" data-id=\"e36f181\" data-element_type=\"container\">\n\t\t\t\t<div class=\"elementor-element elementor-element-66964af elementor-widget__width-initial elementor-widget elementor-widget-html\" data-id=\"66964af\" data-element_type=\"widget\" data-widget_type=\"html.default\">\n\t\t\t\t<div class=\"elementor-widget-container\">\n\t\t\t<div class=\"_form_4\"><\/div><script src=\"https:\/\/hydrax.activehosted.com\/f\/embed.php?id=4\" charset=\"utf-8\"><\/script>\t\t<\/div>\n\t\t\t\t<\/div>\n\t\t\t\t<div class=\"elementor-element elementor-element-3845c77 elementor-widget__width-initial elementor-widget elementor-widget-text-editor\" data-id=\"3845c77\" data-element_type=\"widget\" data-widget_type=\"text-editor.default\">\n\t\t\t\t<div class=\"elementor-widget-container\">\n\t\t\t\t\t\t\t<p>Hydra X c\u00f3 th\u1ec3 li\u00ean h\u1ec7 v\u1edbi b\u1ea1n v\u1ec1 c\u00e1c s\u1ea3n ph\u1ea9m v\u00e0 d\u1ecbch v\u1ee5 c\u1ee7a ch\u00fang t\u00f4i c\u0169ng nh\u01b0 nh\u1eefng th\u00f4ng tin m\u1edbi nh\u1ea5t trong ng\u00e0nh. B\u1ea1n c\u00f3 th\u1ec3 ch\u1ecdn kh\u00f4ng nh\u1eadn th\u00f4ng tin li\u00ean l\u1ea1c t\u1eeb ch\u00fang t\u00f4i b\u1ea5t k\u1ef3 l\u00fac n\u00e0o.<\/p>\t\t\t\t\t\t<\/div>\n\t\t\t\t<\/div>\n\t\t\t\t<\/div>\n\t\t\t\t\t<\/div>\n\t\t\t\t<\/div>\n\t\t\t\t<\/div>","protected":false},"excerpt":{"rendered":"<p>INDUSTRY APPLICATIONS Asset Managers Tokenisation enables asset managers to unlock liquidity, expand investor access, and offer secondary trading for traditionally illiquid assets. CONTACT US WHY IS THIS IMPORTANT? By integrating tokenised assets, firms can provide fractional ownership, new market opportunities, and differentiated offerings, while ensuring compliance and operational efficiency.\u00a0 REGULATED TECHNOLOGY Hydra X supports this [&hellip;]<\/p>","protected":false},"author":4,"featured_media":23672,"parent":0,"menu_order":0,"comment_status":"closed","ping_status":"closed","template":"","meta":{"_monsterinsights_skip_tracking":false,"_monsterinsights_sitenote_active":false,"_monsterinsights_sitenote_note":"","_monsterinsights_sitenote_category":0,"footnotes":""},"class_list":["post-23670","page","type-page","status-publish","has-post-thumbnail","hentry"],"yoast_head":"<!-- This site is optimized with the Yoast SEO plugin v23.6 - https:\/\/yoast.com\/wordpress\/plugins\/seo\/ -->\n<title>Hydra X | Empowering Asset Managers with Tokenisation Solutions<\/title>\n<meta name=\"description\" content=\"Hydra X enables asset managers to expand investor access to traditionally illiquid assets through tokenisation.\" \/>\n<meta name=\"robots\" content=\"index, follow, max-snippet:-1, max-image-preview:large, max-video-preview:-1\" \/>\n<link rel=\"canonical\" href=\"https:\/\/www.hydrax.io\/vn\/asset-managers\/\" \/>\n<meta property=\"og:locale\" content=\"vi_VN\" \/>\n<meta property=\"og:type\" content=\"article\" \/>\n<meta property=\"og:title\" content=\"Hydra X | Empowering Asset Managers with Tokenisation Solutions\" \/>\n<meta property=\"og:description\" content=\"Hydra X enables asset managers to expand investor access to traditionally illiquid assets through tokenisation.\" \/>\n<meta property=\"og:url\" content=\"https:\/\/www.hydrax.io\/vn\/asset-managers\/\" \/>\n<meta property=\"og:site_name\" content=\"Hydra X\" \/>\n<meta property=\"article:modified_time\" content=\"2025-09-12T07:30:24+00:00\" \/>\n<meta property=\"og:image\" content=\"https:\/\/www.hydrax.io\/wp-content\/uploads\/2024\/11\/Asset-Managers-Square2.png\" \/>\n\t<meta property=\"og:image:width\" content=\"1000\" \/>\n\t<meta property=\"og:image:height\" content=\"1000\" \/>\n\t<meta property=\"og:image:type\" content=\"image\/png\" \/>\n<meta name=\"twitter:card\" content=\"summary_large_image\" \/>\n<meta name=\"twitter:label1\" content=\"\u01af\u1edbc t\u00ednh th\u1eddi gian \u0111\u1ecdc\" \/>\n\t<meta name=\"twitter:data1\" content=\"3 ph\u00fat\" \/>\n<script type=\"application\/ld+json\" class=\"yoast-schema-graph\">{\"@context\":\"https:\/\/schema.org\",\"@graph\":[{\"@type\":\"WebPage\",\"@id\":\"https:\/\/www.hydrax.io\/asset-managers\/\",\"url\":\"https:\/\/www.hydrax.io\/asset-managers\/\",\"name\":\"Hydra X | Empowering Asset Managers with Tokenisation Solutions\",\"isPartOf\":{\"@id\":\"https:\/\/www.hydrax.io\/#website\"},\"primaryImageOfPage\":{\"@id\":\"https:\/\/www.hydrax.io\/asset-managers\/#primaryimage\"},\"image\":{\"@id\":\"https:\/\/www.hydrax.io\/asset-managers\/#primaryimage\"},\"thumbnailUrl\":\"https:\/\/www.hydrax.io\/wp-content\/uploads\/2024\/11\/Asset-Managers-Square2.png\",\"datePublished\":\"2024-11-25T04:00:24+00:00\",\"dateModified\":\"2025-09-12T07:30:24+00:00\",\"description\":\"Hydra X enables asset managers to expand investor access to traditionally illiquid assets through tokenisation.\",\"breadcrumb\":{\"@id\":\"https:\/\/www.hydrax.io\/asset-managers\/#breadcrumb\"},\"inLanguage\":\"vi\",\"potentialAction\":[{\"@type\":\"ReadAction\",\"target\":[\"https:\/\/www.hydrax.io\/asset-managers\/\"]}]},{\"@type\":\"ImageObject\",\"inLanguage\":\"vi\",\"@id\":\"https:\/\/www.hydrax.io\/asset-managers\/#primaryimage\",\"url\":\"https:\/\/www.hydrax.io\/wp-content\/uploads\/2024\/11\/Asset-Managers-Square2.png\",\"contentUrl\":\"https:\/\/www.hydrax.io\/wp-content\/uploads\/2024\/11\/Asset-Managers-Square2.png\",\"width\":1000,\"height\":1000},{\"@type\":\"BreadcrumbList\",\"@id\":\"https:\/\/www.hydrax.io\/asset-managers\/#breadcrumb\",\"itemListElement\":[{\"@type\":\"ListItem\",\"position\":1,\"name\":\"Home\",\"item\":\"https:\/\/www.hydrax.io\/\"},{\"@type\":\"ListItem\",\"position\":2,\"name\":\"Industry Applications &#8211; Asset Managers\"}]},{\"@type\":\"WebSite\",\"@id\":\"https:\/\/www.hydrax.io\/#website\",\"url\":\"https:\/\/www.hydrax.io\/\",\"name\":\"Hydra X\",\"description\":\"Professional Trading Technology\",\"publisher\":{\"@id\":\"https:\/\/www.hydrax.io\/#organization\"},\"potentialAction\":[{\"@type\":\"SearchAction\",\"target\":{\"@type\":\"EntryPoint\",\"urlTemplate\":\"https:\/\/www.hydrax.io\/?s={search_term_string}\"},\"query-input\":{\"@type\":\"PropertyValueSpecification\",\"valueRequired\":true,\"valueName\":\"search_term_string\"}}],\"inLanguage\":\"vi\"},{\"@type\":\"Organization\",\"@id\":\"https:\/\/www.hydrax.io\/#organization\",\"name\":\"Hydra X\",\"url\":\"https:\/\/www.hydrax.io\/\",\"logo\":{\"@type\":\"ImageObject\",\"inLanguage\":\"vi\",\"@id\":\"https:\/\/www.hydrax.io\/#\/schema\/logo\/image\/\",\"url\":\"https:\/\/www.hydrax.io\/wp-content\/uploads\/2019\/10\/Hydra-X-Logo-Blue.png\",\"contentUrl\":\"https:\/\/www.hydrax.io\/wp-content\/uploads\/2019\/10\/Hydra-X-Logo-Blue.png\",\"width\":1052,\"height\":849,\"caption\":\"Hydra X\"},\"image\":{\"@id\":\"https:\/\/www.hydrax.io\/#\/schema\/logo\/image\/\"}}]}<\/script>\n<!-- \/ Yoast SEO plugin. -->","yoast_head_json":{"title":"Hydra X | Empowering Asset Managers with Tokenisation Solutions","description":"Hydra X enables asset managers to expand investor access to traditionally illiquid assets through tokenisation.","robots":{"index":"index","follow":"follow","max-snippet":"max-snippet:-1","max-image-preview":"max-image-preview:large","max-video-preview":"max-video-preview:-1"},"canonical":"https:\/\/www.hydrax.io\/vn\/asset-managers\/","og_locale":"vi_VN","og_type":"article","og_title":"Hydra X | Empowering Asset Managers with Tokenisation Solutions","og_description":"Hydra X enables asset managers to expand investor access to traditionally illiquid assets through tokenisation.","og_url":"https:\/\/www.hydrax.io\/vn\/asset-managers\/","og_site_name":"Hydra X","article_modified_time":"2025-09-12T07:30:24+00:00","og_image":[{"width":1000,"height":1000,"url":"https:\/\/www.hydrax.io\/wp-content\/uploads\/2024\/11\/Asset-Managers-Square2.png","type":"image\/png"}],"twitter_card":"summary_large_image","twitter_misc":{"\u01af\u1edbc t\u00ednh th\u1eddi gian \u0111\u1ecdc":"3 ph\u00fat"},"schema":{"@context":"https:\/\/schema.org","@graph":[{"@type":"WebPage","@id":"https:\/\/www.hydrax.io\/asset-managers\/","url":"https:\/\/www.hydrax.io\/asset-managers\/","name":"Hydra X | Empowering Asset Managers with Tokenisation Solutions","isPartOf":{"@id":"https:\/\/www.hydrax.io\/#website"},"primaryImageOfPage":{"@id":"https:\/\/www.hydrax.io\/asset-managers\/#primaryimage"},"image":{"@id":"https:\/\/www.hydrax.io\/asset-managers\/#primaryimage"},"thumbnailUrl":"https:\/\/www.hydrax.io\/wp-content\/uploads\/2024\/11\/Asset-Managers-Square2.png","datePublished":"2024-11-25T04:00:24+00:00","dateModified":"2025-09-12T07:30:24+00:00","description":"Hydra X enables asset managers to expand investor access to traditionally illiquid assets through tokenisation.","breadcrumb":{"@id":"https:\/\/www.hydrax.io\/asset-managers\/#breadcrumb"},"inLanguage":"vi","potentialAction":[{"@type":"ReadAction","target":["https:\/\/www.hydrax.io\/asset-managers\/"]}]},{"@type":"ImageObject","inLanguage":"vi","@id":"https:\/\/www.hydrax.io\/asset-managers\/#primaryimage","url":"https:\/\/www.hydrax.io\/wp-content\/uploads\/2024\/11\/Asset-Managers-Square2.png","contentUrl":"https:\/\/www.hydrax.io\/wp-content\/uploads\/2024\/11\/Asset-Managers-Square2.png","width":1000,"height":1000},{"@type":"BreadcrumbList","@id":"https:\/\/www.hydrax.io\/asset-managers\/#breadcrumb","itemListElement":[{"@type":"ListItem","position":1,"name":"Home","item":"https:\/\/www.hydrax.io\/"},{"@type":"ListItem","position":2,"name":"Industry Applications &#8211; Asset Managers"}]},{"@type":"WebSite","@id":"https:\/\/www.hydrax.io\/#website","url":"https:\/\/www.hydrax.io\/","name":"Hydra X","description":"Professional Trading Technology","publisher":{"@id":"https:\/\/www.hydrax.io\/#organization"},"potentialAction":[{"@type":"SearchAction","target":{"@type":"EntryPoint","urlTemplate":"https:\/\/www.hydrax.io\/?s={search_term_string}"},"query-input":{"@type":"PropertyValueSpecification","valueRequired":true,"valueName":"search_term_string"}}],"inLanguage":"vi"},{"@type":"Organization","@id":"https:\/\/www.hydrax.io\/#organization","name":"Hydra X","url":"https:\/\/www.hydrax.io\/","logo":{"@type":"ImageObject","inLanguage":"vi","@id":"https:\/\/www.hydrax.io\/#\/schema\/logo\/image\/","url":"https:\/\/www.hydrax.io\/wp-content\/uploads\/2019\/10\/Hydra-X-Logo-Blue.png","contentUrl":"https:\/\/www.hydrax.io\/wp-content\/uploads\/2019\/10\/Hydra-X-Logo-Blue.png","width":1052,"height":849,"caption":"Hydra X"},"image":{"@id":"https:\/\/www.hydrax.io\/#\/schema\/logo\/image\/"}}]}},"_links":{"self":[{"href":"https:\/\/www.hydrax.io\/vn\/wp-json\/wp\/v2\/pages\/23670"}],"collection":[{"href":"https:\/\/www.hydrax.io\/vn\/wp-json\/wp\/v2\/pages"}],"about":[{"href":"https:\/\/www.hydrax.io\/vn\/wp-json\/wp\/v2\/types\/page"}],"author":[{"embeddable":true,"href":"https:\/\/www.hydrax.io\/vn\/wp-json\/wp\/v2\/users\/4"}],"replies":[{"embeddable":true,"href":"https:\/\/www.hydrax.io\/vn\/wp-json\/wp\/v2\/comments?post=23670"}],"version-history":[{"count":11,"href":"https:\/\/www.hydrax.io\/vn\/wp-json\/wp\/v2\/pages\/23670\/revisions"}],"predecessor-version":[{"id":25108,"href":"https:\/\/www.hydrax.io\/vn\/wp-json\/wp\/v2\/pages\/23670\/revisions\/25108"}],"wp:featuredmedia":[{"embeddable":true,"href":"https:\/\/www.hydrax.io\/vn\/wp-json\/wp\/v2\/media\/23672"}],"wp:attachment":[{"href":"https:\/\/www.hydrax.io\/vn\/wp-json\/wp\/v2\/media?parent=23670"}],"curies":[{"name":"wp","href":"https:\/\/api.w.org\/{rel}","templated":true}]}}