{"id":24700,"date":"2025-05-20T09:55:31","date_gmt":"2025-05-20T01:55:31","guid":{"rendered":"https:\/\/www.hydrax.io\/?page_id=24700"},"modified":"2025-09-15T12:04:25","modified_gmt":"2025-09-15T04:04:25","slug":"hydra-x-and-edenx-sign-strategic-mou-to-explore-tokenised-secondaries-marketplace-in-apac","status":"publish","type":"page","link":"https:\/\/www.hydrax.io\/vn\/blog\/hydra-x-and-edenx-sign-strategic-mou-to-explore-tokenised-secondaries-marketplace-in-apac\/","title":{"rendered":"Hydra X v\u00e0 EdenX K\u00fd Bi\u00ean B\u1ea3n Ghi Nh\u1edb Chi\u1ebfn L\u01b0\u1ee3c \u0111\u1ec3 Kh\u00e1m Ph\u00e1 Th\u1ecb Tr\u01b0\u1eddng Th\u1ee9 C\u1ea5p \u0110\u01b0\u1ee3c M\u00e3 H\u00f3a t\u1ea1i Khu V\u1ef1c Ch\u00e2u \u00c1 \u2013 Th\u00e1i B\u00ecnh D\u01b0\u01a1ng"},"content":{"rendered":"<div data-elementor-type=\"wp-post\" data-elementor-id=\"24700\" class=\"elementor elementor-24700\" data-elementor-post-type=\"page\">\n\t\t\t\t\t\t<section class=\"elementor-section elementor-top-section elementor-element elementor-element-7bd2e7c0 elementor-section-content-top elementor-section-boxed elementor-section-height-default elementor-section-height-default\" data-id=\"7bd2e7c0\" data-element_type=\"section\" data-settings=\"{&quot;background_background&quot;:&quot;classic&quot;,&quot;animation&quot;:&quot;none&quot;}\">\n\t\t\t\t\t\t\t<div class=\"elementor-background-overlay\"><\/div>\n\t\t\t\t\t\t\t<div class=\"elementor-container elementor-column-gap-default\">\n\t\t\t\t\t<div class=\"elementor-column elementor-col-100 elementor-top-column elementor-element elementor-element-d279c4d\" data-id=\"d279c4d\" data-element_type=\"column\">\n\t\t\t<div class=\"elementor-widget-wrap\">\n\t\t\t\t\t\t\t<\/div>\n\t\t<\/div>\n\t\t\t\t\t<\/div>\n\t\t<\/section>\n\t\t\t\t<section class=\"elementor-section elementor-top-section elementor-element elementor-element-7bcd538e elementor-section-boxed elementor-section-height-default elementor-section-height-default\" data-id=\"7bcd538e\" data-element_type=\"section\" data-settings=\"{&quot;background_background&quot;:&quot;classic&quot;}\">\n\t\t\t\t\t\t<div class=\"elementor-container elementor-column-gap-default\">\n\t\t\t\t\t<div class=\"elementor-column elementor-col-100 elementor-top-column elementor-element elementor-element-1cbba6a5\" data-id=\"1cbba6a5\" data-element_type=\"column\">\n\t\t\t<div class=\"elementor-widget-wrap elementor-element-populated\">\n\t\t\t\t\t\t<div class=\"elementor-element elementor-element-65557e37 elementor-widget elementor-widget-heading\" data-id=\"65557e37\" data-element_type=\"widget\" data-widget_type=\"heading.default\">\n\t\t\t\t<div class=\"elementor-widget-container\">\n\t\t\t<h3 class=\"elementor-heading-title elementor-size-default\">Hydra X v\u00e0 EdenX K\u00fd Bi\u00ean B\u1ea3n Ghi Nh\u1edb Chi\u1ebfn L\u01b0\u1ee3c \u0111\u1ec3 Kh\u00e1m Ph\u00e1 Th\u1ecb Tr\u01b0\u1eddng Th\u1ee9 C\u1ea5p \u0110\u01b0\u1ee3c M\u00e3 H\u00f3a t\u1ea1i Khu V\u1ef1c Ch\u00e2u \u00c1 \u2013 Th\u00e1i B\u00ecnh D\u01b0\u01a1ng<\/h3>\t\t<\/div>\n\t\t\t\t<\/div>\n\t\t\t\t<section class=\"elementor-section elementor-inner-section elementor-element elementor-element-032ff6c elementor-section-boxed elementor-section-height-default elementor-section-height-default\" data-id=\"032ff6c\" data-element_type=\"section\">\n\t\t\t\t\t\t<div class=\"elementor-container elementor-column-gap-default\">\n\t\t\t\t\t<div class=\"elementor-column elementor-col-50 elementor-inner-column elementor-element elementor-element-f591468\" data-id=\"f591468\" data-element_type=\"column\">\n\t\t\t<div class=\"elementor-widget-wrap elementor-element-populated\">\n\t\t\t\t\t\t<div class=\"elementor-element elementor-element-177a2162 elementor-widget-tablet__width-inherit elementor-widget elementor-widget-text-editor\" data-id=\"177a2162\" data-element_type=\"widget\" data-widget_type=\"text-editor.default\">\n\t\t\t\t<div class=\"elementor-widget-container\">\n\t\t\t\t\t\t\t<article><div><section class=\"eh ei ej ek el\"><div class=\"n p\"><div class=\"z ab ac ae af em ah ai\"><p id=\"94fc\" class=\"hh hi cl bq hj b hk hl hm hn ho hp hq hr hs ht hu eh\" data-selectable-paragraph=\"\"><time class=\"article-timestamp\" datetime=\"2017-07-21T19:31:04.302Z\" data-type=\"updated\" data-status=\"localized\">20 Th\u00e1ng 5 2025, 10:00 SGT<\/time><\/p><\/div><\/div><\/section><\/div><\/article>\t\t\t\t\t\t<\/div>\n\t\t\t\t<\/div>\n\t\t\t\t\t<\/div>\n\t\t<\/div>\n\t\t\t\t<div class=\"elementor-column elementor-col-50 elementor-inner-column elementor-element elementor-element-ad5d138\" data-id=\"ad5d138\" data-element_type=\"column\">\n\t\t\t<div class=\"elementor-widget-wrap\">\n\t\t\t\t\t\t\t<\/div>\n\t\t<\/div>\n\t\t\t\t\t<\/div>\n\t\t<\/section>\n\t\t\t\t<div class=\"elementor-element elementor-element-490d3ff elementor-widget-tablet__width-inherit elementor-widget elementor-widget-text-editor\" data-id=\"490d3ff\" data-element_type=\"widget\" data-widget_type=\"text-editor.default\">\n\t\t\t\t<div class=\"elementor-widget-container\">\n\t\t\t\t\t\t\t<article><p><b>Singapore, Ng\u00e0y 20 Th\u00e1ng 5 2025<\/b> \u2013 Hydra X, m\u1ed9t c\u00f4ng ty c\u00f4ng ngh\u1ec7 t\u00e0i ch\u00ednh cung c\u1ea5p n\u1ec1n t\u1ea3ng c\u01a1 s\u1edf h\u1ea1 t\u1ea7ng th\u1ecb tr\u01b0\u1eddng \u0111\u1ea7u-cu\u1ed1i cho ch\u1ee9ng kho\u00e1n \u0111\u01b0\u1ee3c m\u00e3 h\u00f3a, v\u00e0 EdenX, m\u1ed9t th\u1ecb tr\u01b0\u1eddng kh\u1edfi t\u1ea1o v\u00e0 ph\u00e2n ph\u1ed1i giao d\u1ecbch cho c\u00e1c th\u01b0\u01a1ng v\u1ee5 mua b\u00e1n v\u00e0 s\u00e1p nh\u1eadp (M&amp;A) c\u0169ng nh\u01b0 huy \u0111\u1ed9ng v\u1ed1n t\u1eeb nh\u1ecf \u0111\u1ebfn trung b\u00ecnh, h\u00f4m nay \u0111\u00e3 c\u00f4ng b\u1ed1 vi\u1ec7c k\u00fd k\u1ebft Bi\u00ean B\u1ea3n Ghi Nh\u1edb (MOU) \u0111\u1ec3 kh\u00e1m ph\u00e1 vi\u1ec7c th\u00e0nh l\u1eadp m\u1ed9t th\u1ecb tr\u01b0\u1eddng th\u1ee9 c\u1ea5p \u0111\u01b0\u1ee3c m\u00e3 h\u00f3a.<\/p><p>D\u1ef1a tr\u00ean h\u1ec7 sinh th\u00e1i t\u00e0i ch\u00ednh n\u0103ng \u0111\u1ed9ng c\u1ee7a Singapore v\u00e0 \u0111\u01b0\u1ee3c c\u1ee7ng c\u1ed1 b\u1edfi m\u1ea1ng l\u01b0\u1edbi c\u1ee7a EdenX t\u1ea1i \u00dac, quan h\u1ec7 h\u1ee3p t\u00e1c n\u00e0y s\u1ebd k\u1ebft h\u1ee3p s\u1ee9c m\u1ea1nh ph\u00e2n ph\u1ed1i khu v\u1ef1c c\u1ee7a EdenX v\u1edbi n\u0103ng l\u1ef1c c\u00f4ng ngh\u1ec7 v\u00e0 chuy\u00ean m\u00f4n tu\u00e2n th\u1ee7 quy \u0111\u1ecbnh c\u1ee7a Hydra X. S\u1ef1 h\u1ee3p t\u00e1c s\u1ebd t\u1eadp trung v\u00e0o vi\u1ec7c m\u00e3 h\u00f3a c\u00e1c t\u00e0i s\u1ea3n th\u1ef1c (RWA), mang \u0111\u1ebfn c\u00e1c gi\u1ea3i ph\u00e1p \u0111\u1ea1t ti\u00eau chu\u1ea9n t\u1ed5 ch\u1ee9c \u0111\u1ec3 hi\u1ec7n \u0111\u1ea1i h\u00f3a quy\u1ec1n s\u1edf h\u1eefu t\u00e0i s\u1ea3n, t\u0103ng t\u00ednh thanh kho\u1ea3n v\u00e0 m\u1edf r\u1ed9ng kh\u1ea3 n\u0103ng ti\u1ebfp c\u1eadn c\u1ee7a nh\u00e0 \u0111\u1ea7u t\u01b0.<\/p><h6><b>Nh\u1eefng \u0110i\u1ec3m Ch\u00ednh c\u1ee7a S\u1ef1 H\u1ee3p T\u00e1c<\/b><\/h6><p><b>M\u00e3 h\u00f3a RWA: <\/b>Th\u1ecb tr\u01b0\u1eddng s\u1ebd cho ph\u00e9p s\u1ed1 h\u00f3a t\u00e0i s\u1ea3n m\u1ed9t c\u00e1ch li\u1ec1n m\u1ea1ch v\u00e0 an to\u00e0n, ch\u1eb3ng h\u1ea1n nh\u01b0 t\u00edn d\u1ee5ng t\u01b0 nh\u00e2n, b\u1ea5t \u0111\u1ed9ng s\u1ea3n, c\u01a1 s\u1edf h\u1ea1 t\u1ea7ng v\u00e0 c\u00e1c kho\u1ea3n \u0111\u1ea7u t\u01b0 thay th\u1ebf kh\u00e1c.<\/p><p><strong>Tr\u1ecdng T\u00e2m Hai Th\u1ecb Tr\u01b0\u1eddng:<\/strong> Singapore v\u00e0 \u00dac s\u1ebd \u0111\u00f3ng vai tr\u00f2 l\u00e0 b\u1ec7 ph\u00f3ng ch\u00ednh, t\u1eadn d\u1ee5ng gi\u1ea5y ph\u00e9p, c\u01a1 s\u1edf nh\u00e0 \u0111\u1ea7u t\u01b0 v\u00e0 h\u1ec7 sinh th\u00e1i t\u01b0\u01a1ng \u1ee9ng c\u1ee7a h\u1ecd.<\/p><p><strong>M\u1ea1ng L\u01b0\u1edbi Ph\u00e2n Ph\u1ed1i: <span style=\"font-weight: 400;\">EdenX s\u1ebd d\u1eabn d\u1eaft c\u00e1c ho\u1ea1t \u0111\u1ed9ng ra th\u1ecb tr\u01b0\u1eddng v\u00e0 t\u01b0\u01a1ng t\u00e1c v\u1edbi nh\u00e0 \u0111\u1ea7u t\u01b0 th\u00f4ng qua m\u1ea1ng l\u01b0\u1edbi ph\u00e2n ph\u1ed1i khu v\u1ef1c r\u1ed9ng l\u1edbn c\u1ee7a m\u00ecnh.<\/span><\/strong><\/p><\/article><p><strong>C\u01a1 S\u1edf H\u1ea1 T\u1ea7ng C\u00f4ng Ngh\u1ec7: <\/strong>Hydra X s\u1ebd cung c\u1ea5p ki\u1ebfn tr\u00fac n\u1ec1n t\u1ea3ng d\u1ef1a tr\u00ean blockchain v\u1eefng ch\u1eafc v\u1edbi tr\u1ecdng t\u00e2m v\u00e0o tu\u00e2n th\u1ee7 quy \u0111\u1ecbnh, kh\u1ea3 n\u0103ng m\u1edf r\u1ed9ng v\u00e0 b\u1ea3o m\u1eadt.<strong><br \/><\/strong><\/p><h6><b>Tr\u00edch D\u1eabn t\u1eeb Ban L\u00e3nh \u0110\u1ea1o<\/b><\/h6><p>\u201cQuan h\u1ec7 h\u1ee3p t\u00e1c n\u00e0y \u0111\u00e1nh d\u1ea5u m\u1ed9t b\u01b0\u1edbc quan tr\u1ecdng trong s\u1ee9 m\u1ec7nh c\u1ee7a ch\u00fang t\u00f4i nh\u1eb1m m\u1edf r\u1ed9ng kh\u1ea3 n\u0103ng ti\u1ebfp c\u1eadn c\u00e1c kho\u1ea3n \u0111\u1ea7u t\u01b0 th\u1ecb tr\u01b0\u1eddng t\u01b0 nh\u00e2n ch\u1ea5t l\u01b0\u1ee3ng th\u00f4ng qua \u0111\u1ed5i m\u1edbi k\u1ef9 thu\u1eadt s\u1ed1,\u201d \u00f4ng Dhanush Ganglani, CEO c\u1ee7a EdenX cho bi\u1ebft. \u201cC\u00f9ng v\u1edbi Hydra X, ch\u00fang t\u00f4i h\u01b0\u1edbng t\u1edbi vi\u1ec7c cung c\u1ea5p m\u1ed9t th\u1ecb tr\u01b0\u1eddng \u0111\u1ecbnh ngh\u0129a l\u1ea1i c\u00e1ch c\u00e1c nh\u00e0 \u0111\u1ea7u t\u01b0 ti\u1ebfp c\u1eadn v\u00e0 t\u01b0\u01a1ng t\u00e1c v\u1edbi t\u00e0i s\u1ea3n th\u1ef1c.\u201d<\/p><p>Mark Tang, Ph\u00f3 Ch\u1ee7 T\u1ecbch B\u1ed9 Ph\u1eadn Gi\u1ea3i Ph\u00e1p Kh\u00e1ch H\u00e0ng t\u1ea1i Hydra X, b\u1ed5 sung: \u201cCh\u00fang t\u00f4i r\u1ea5t h\u00e1o h\u1ee9c b\u1eaft \u0111\u1ea7u h\u00e0nh tr\u00ecnh n\u00e0y c\u00f9ng EdenX, \u0111\u1ec3 c\u00f9ng x\u00e2y d\u1ef1ng m\u1ed9t th\u1ecb tr\u01b0\u1eddng th\u1ee9 c\u1ea5p \u0111\u01b0\u1ee3c m\u00e3 h\u00f3a nh\u1eb1m t\u0103ng t\u00ednh thanh kho\u1ea3n trong th\u1ecb tr\u01b0\u1eddng t\u01b0 nh\u00e2n, t\u1eadn d\u1ee5ng th\u1ecb tr\u01b0\u1eddng nh\u00e3n tr\u1eafng tu\u00e2n th\u1ee7 quy \u0111\u1ecbnh c\u1ee7a Hydra X cho c\u00e1c t\u00e0i s\u1ea3n \u0111\u01b0\u1ee3c m\u00e3 h\u00f3a.\u201d<\/p><h6><b>Gi\u1edbi Thi\u1ec7u v\u1ec1 EdenX<\/b><\/h6><p><span style=\"font-weight: 400;\">EdenX l\u00e0 m\u1ed9t th\u1ecb tr\u01b0\u1eddng kh\u1edfi t\u1ea1o v\u00e0 ph\u00e2n ph\u1ed1i giao d\u1ecbch cho c\u00e1c th\u01b0\u01a1ng v\u1ee5 mua b\u00e1n v\u00e0 s\u00e1p nh\u1eadp (M&amp;A) t\u1eeb nh\u1ecf \u0111\u1ebfn trung b\u00ecnh v\u00e0 huy \u0111\u1ed9ng v\u1ed1n. N\u00f3 v\u1eadn h\u00e0nh m\u1ed9t n\u1ec1n t\u1ea3ng t\u00edch h\u1ee3p M&amp;A v\u00e0 huy \u0111\u1ed9ng v\u1ed1n \u0111\u01b0\u1ee3c x\u00e2y d\u1ef1ng xuy\u00ean su\u1ed1t v\u00f2ng \u0111\u1eddi v\u00e0 m\u1ea1ng l\u01b0\u1edbi giao d\u1ecbch, t\u1eadp trung v\u00e0o vi\u1ec7c n\u00e2ng cao hi\u1ec7u qu\u1ea3 giao d\u1ecbch th\u00f4ng qua c\u00f4ng ngh\u1ec7 v\u00e0 s\u1ed1 h\u00f3a.<\/span><\/p><h6><b>V\u1ec1 Hydra X<\/b><\/h6><p>Hydra X l\u00e0 m\u1ed9t c\u00f4ng ty c\u00f4ng ngh\u1ec7 t\u00e0i ch\u00ednh cung c\u1ea5p c\u01a1 s\u1edf h\u1ea1 t\u1ea7ng th\u1ecb tr\u01b0\u1eddng \u0111\u01b0\u1ee3c qu\u1ea3n l\u00fd, x\u00e2y d\u1ef1ng th\u1ebf h\u1ec7 m\u1edbi c\u1ee7a th\u1ecb tr\u01b0\u1eddng v\u1ed1n k\u1ef9 thu\u1eadt s\u1ed1 \u0111\u1ec3 nh\u00e0 \u0111\u1ea7u t\u01b0 c\u00f3 th\u1ec3 ti\u1ebfp c\u1eadn th\u1ebf h\u1ec7 m\u1edbi c\u1ee7a c\u00e1c t\u00e0i s\u1ea3n s\u1ed1 h\u00f3a. C\u00f4ng ty cung c\u1ea5p c\u00f4ng ngh\u1ec7 v\u00e0 d\u1ecbch v\u1ee5 t\u00e0i ch\u00ednh tr\u00ean to\u00e0n b\u1ed9 v\u00f2ng \u0111\u1eddi c\u1ee7a th\u1ecb tr\u01b0\u1eddng v\u1ed1n k\u1ef9 thu\u1eadt s\u1ed1 th\u00f4ng qua c\u00e1c gi\u1ea3i ph\u00e1p s\u00e1ng t\u1ea1o, tu\u00e2n th\u1ee7 v\u00e0 c\u00f3 kh\u1ea3 n\u0103ng m\u1edf r\u1ed9ng.<\/p><article><div><span style=\"font-family: var( --e-global-typography-text-font-family ); font-weight: var( --e-global-typography-text-font-weight ); letter-spacing: 0.3px;\">\u0110\u1ec3 bi\u1ebft th\u00eam th\u00f4ng tin, vui l\u00f2ng truy c\u1eadp trang web c\u1ee7a Hydra X <\/span><a style=\"font-family: var( --e-global-typography-text-font-family ); font-weight: var( --e-global-typography-text-font-weight ); letter-spacing: 0.3px;\" href=\"https:\/\/www.hydrax.io\/vn\/\">www.hydrax.io<\/a><span style=\"font-family: var( --e-global-typography-text-font-family ); font-weight: var( --e-global-typography-text-font-weight ); letter-spacing: 0.3px;\">.<\/span><\/div><\/article><p>\u00a0<\/p><p>-H\u1ebeT-<\/p><h6>\u00a0<\/h6><h6><b>Li\u00ean h\u1ec7 Truy\u1ec1n th\u00f4ng\u00a0<\/b><\/h6><p>Trina GAN<\/p><p><a href=\"mailto:trina@hydrax.io\">trina@hydrax.io<\/a><\/p>\t\t\t\t\t\t<\/div>\n\t\t\t\t<\/div>\n\t\t\t\t<div class=\"elementor-element elementor-element-751e02a elementor-widget-divider--view-line elementor-widget elementor-widget-divider\" data-id=\"751e02a\" data-element_type=\"widget\" data-widget_type=\"divider.default\">\n\t\t\t\t<div class=\"elementor-widget-container\">\n\t\t\t\t\t<div class=\"elementor-divider\">\n\t\t\t<span class=\"elementor-divider-separator\">\n\t\t\t\t\t\t<\/span>\n\t\t<\/div>\n\t\t\t\t<\/div>\n\t\t\t\t<\/div>\n\t\t\t\t<div class=\"elementor-element elementor-element-ba27c05 elementor-align-right elementor-widget elementor-widget-button\" data-id=\"ba27c05\" data-element_type=\"widget\" data-widget_type=\"button.default\">\n\t\t\t\t<div class=\"elementor-widget-container\">\n\t\t\t\t\t<div class=\"elementor-button-wrapper\">\n\t\t\t<a class=\"elementor-button elementor-button-link elementor-size-sm\" href=\"https:\/\/www.hydrax.io\/vn\/blog\/\">\n\t\t\t\t\t\t<span class=\"elementor-button-content-wrapper\">\n\t\t\t\t\t\t<span class=\"elementor-button-icon\">\n\t\t\t\t<i aria-hidden=\"true\" class=\"fas fa-angle-left\"><\/i>\t\t\t<\/span>\n\t\t\t\t\t\t\t\t\t<span class=\"elementor-button-text\">QUAY L\u1ea0I BLOG<\/span>\n\t\t\t\t\t<\/span>\n\t\t\t\t\t<\/a>\n\t\t<\/div>\n\t\t\t\t<\/div>\n\t\t\t\t<\/div>\n\t\t\t\t\t<\/div>\n\t\t<\/div>\n\t\t\t\t\t<\/div>\n\t\t<\/section>\n\t\t\t\t<\/div>","protected":false},"excerpt":{"rendered":"<p>Hydra X and EdenX Sign Strategic MOU to Explore Tokenised Secondaries Marketplace in APAC 20 May 2025, 10:00 AM SGT Singapore, 20 May 2025 \u2013 Hydra X, a financial technology company providing end-to-end market infrastructure platforms for tokenised securities, and EdenX, a deal origination and distribution marketplace for small to mid-sized mergers and acquisitions (M&amp;A) [&hellip;]<\/p>","protected":false},"author":4,"featured_media":24701,"parent":1158,"menu_order":0,"comment_status":"closed","ping_status":"closed","template":"","meta":{"_monsterinsights_skip_tracking":false,"_monsterinsights_sitenote_active":false,"_monsterinsights_sitenote_note":"","_monsterinsights_sitenote_category":0,"footnotes":""},"class_list":["post-24700","page","type-page","status-publish","has-post-thumbnail","hentry"],"yoast_head":"<!-- This site is optimized with the Yoast SEO plugin v23.6 - https:\/\/yoast.com\/wordpress\/plugins\/seo\/ -->\n<title>Hydra X and EdenX Sign Strategic MOU to Explore Tokenised Secondaries Marketplace in APAC<\/title>\n<meta name=\"description\" content=\"Hydra X and EdenX today announced the signing of a Memorandum of Understanding (MOU) to explore the establishment of a tokenised secondaries marketplace.\" \/>\n<meta name=\"robots\" content=\"index, follow, max-snippet:-1, max-image-preview:large, max-video-preview:-1\" \/>\n<link rel=\"canonical\" href=\"https:\/\/www.hydrax.io\/vn\/blog\/hydra-x-and-edenx-sign-strategic-mou-to-explore-tokenised-secondaries-marketplace-in-apac\/\" \/>\n<meta property=\"og:locale\" content=\"vi_VN\" \/>\n<meta property=\"og:type\" content=\"article\" \/>\n<meta property=\"og:title\" content=\"Hydra X and EdenX Sign Strategic MOU to Explore Tokenised Secondaries Marketplace in APAC\" \/>\n<meta property=\"og:description\" content=\"Hydra X and EdenX today announced the signing of a Memorandum of Understanding (MOU) to explore the establishment of a tokenised secondaries marketplace.\" \/>\n<meta property=\"og:url\" content=\"https:\/\/www.hydrax.io\/vn\/blog\/hydra-x-and-edenx-sign-strategic-mou-to-explore-tokenised-secondaries-marketplace-in-apac\/\" \/>\n<meta property=\"og:site_name\" content=\"Hydra X\" \/>\n<meta property=\"article:modified_time\" content=\"2025-09-15T04:04:25+00:00\" \/>\n<meta property=\"og:image\" content=\"https:\/\/www.hydrax.io\/wp-content\/uploads\/2025\/05\/EdenX-HydraX-Announcement-Picture-web.png\" \/>\n\t<meta property=\"og:image:width\" content=\"1000\" \/>\n\t<meta property=\"og:image:height\" content=\"625\" \/>\n\t<meta property=\"og:image:type\" content=\"image\/png\" \/>\n<meta name=\"twitter:card\" content=\"summary_large_image\" \/>\n<meta name=\"twitter:label1\" content=\"\u01af\u1edbc t\u00ednh th\u1eddi gian \u0111\u1ecdc\" \/>\n\t<meta name=\"twitter:data1\" content=\"2 ph\u00fat\" \/>\n<script type=\"application\/ld+json\" class=\"yoast-schema-graph\">{\"@context\":\"https:\/\/schema.org\",\"@graph\":[{\"@type\":\"WebPage\",\"@id\":\"https:\/\/www.hydrax.io\/blog\/hydra-x-and-edenx-sign-strategic-mou-to-explore-tokenised-secondaries-marketplace-in-apac\/\",\"url\":\"https:\/\/www.hydrax.io\/blog\/hydra-x-and-edenx-sign-strategic-mou-to-explore-tokenised-secondaries-marketplace-in-apac\/\",\"name\":\"Hydra X and EdenX Sign Strategic MOU to Explore Tokenised Secondaries Marketplace in APAC\",\"isPartOf\":{\"@id\":\"https:\/\/www.hydrax.io\/#website\"},\"primaryImageOfPage\":{\"@id\":\"https:\/\/www.hydrax.io\/blog\/hydra-x-and-edenx-sign-strategic-mou-to-explore-tokenised-secondaries-marketplace-in-apac\/#primaryimage\"},\"image\":{\"@id\":\"https:\/\/www.hydrax.io\/blog\/hydra-x-and-edenx-sign-strategic-mou-to-explore-tokenised-secondaries-marketplace-in-apac\/#primaryimage\"},\"thumbnailUrl\":\"https:\/\/www.hydrax.io\/wp-content\/uploads\/2025\/05\/EdenX-HydraX-Announcement-Picture-web.png\",\"datePublished\":\"2025-05-20T01:55:31+00:00\",\"dateModified\":\"2025-09-15T04:04:25+00:00\",\"description\":\"Hydra X and EdenX today announced the signing of a Memorandum of Understanding (MOU) to explore the establishment of a tokenised secondaries marketplace.\",\"breadcrumb\":{\"@id\":\"https:\/\/www.hydrax.io\/blog\/hydra-x-and-edenx-sign-strategic-mou-to-explore-tokenised-secondaries-marketplace-in-apac\/#breadcrumb\"},\"inLanguage\":\"vi\",\"potentialAction\":[{\"@type\":\"ReadAction\",\"target\":[\"https:\/\/www.hydrax.io\/blog\/hydra-x-and-edenx-sign-strategic-mou-to-explore-tokenised-secondaries-marketplace-in-apac\/\"]}]},{\"@type\":\"ImageObject\",\"inLanguage\":\"vi\",\"@id\":\"https:\/\/www.hydrax.io\/blog\/hydra-x-and-edenx-sign-strategic-mou-to-explore-tokenised-secondaries-marketplace-in-apac\/#primaryimage\",\"url\":\"https:\/\/www.hydrax.io\/wp-content\/uploads\/2025\/05\/EdenX-HydraX-Announcement-Picture-web.png\",\"contentUrl\":\"https:\/\/www.hydrax.io\/wp-content\/uploads\/2025\/05\/EdenX-HydraX-Announcement-Picture-web.png\",\"width\":1000,\"height\":625},{\"@type\":\"BreadcrumbList\",\"@id\":\"https:\/\/www.hydrax.io\/blog\/hydra-x-and-edenx-sign-strategic-mou-to-explore-tokenised-secondaries-marketplace-in-apac\/#breadcrumb\",\"itemListElement\":[{\"@type\":\"ListItem\",\"position\":1,\"name\":\"Home\",\"item\":\"https:\/\/www.hydrax.io\/\"},{\"@type\":\"ListItem\",\"position\":2,\"name\":\"HydraX Blog\",\"item\":\"https:\/\/www.hydrax.io\/blog\/\"},{\"@type\":\"ListItem\",\"position\":3,\"name\":\"Hydra X and EdenX Sign Strategic MOU to Explore Tokenised Secondaries Marketplace in APAC\"}]},{\"@type\":\"WebSite\",\"@id\":\"https:\/\/www.hydrax.io\/#website\",\"url\":\"https:\/\/www.hydrax.io\/\",\"name\":\"Hydra X\",\"description\":\"Professional Trading Technology\",\"publisher\":{\"@id\":\"https:\/\/www.hydrax.io\/#organization\"},\"potentialAction\":[{\"@type\":\"SearchAction\",\"target\":{\"@type\":\"EntryPoint\",\"urlTemplate\":\"https:\/\/www.hydrax.io\/?s={search_term_string}\"},\"query-input\":{\"@type\":\"PropertyValueSpecification\",\"valueRequired\":true,\"valueName\":\"search_term_string\"}}],\"inLanguage\":\"vi\"},{\"@type\":\"Organization\",\"@id\":\"https:\/\/www.hydrax.io\/#organization\",\"name\":\"Hydra X\",\"url\":\"https:\/\/www.hydrax.io\/\",\"logo\":{\"@type\":\"ImageObject\",\"inLanguage\":\"vi\",\"@id\":\"https:\/\/www.hydrax.io\/#\/schema\/logo\/image\/\",\"url\":\"https:\/\/www.hydrax.io\/wp-content\/uploads\/2019\/10\/Hydra-X-Logo-Blue.png\",\"contentUrl\":\"https:\/\/www.hydrax.io\/wp-content\/uploads\/2019\/10\/Hydra-X-Logo-Blue.png\",\"width\":1052,\"height\":849,\"caption\":\"Hydra X\"},\"image\":{\"@id\":\"https:\/\/www.hydrax.io\/#\/schema\/logo\/image\/\"}}]}<\/script>\n<!-- \/ Yoast SEO plugin. -->","yoast_head_json":{"title":"Hydra X v\u00e0 EdenX K\u00fd Bi\u00ean B\u1ea3n Ghi Nh\u1edb Chi\u1ebfn L\u01b0\u1ee3c \u0111\u1ec3 Kh\u00e1m Ph\u00e1 Th\u1ecb Tr\u01b0\u1eddng Th\u1ee9 C\u1ea5p \u0110\u01b0\u1ee3c M\u00e3 H\u00f3a t\u1ea1i Khu V\u1ef1c Ch\u00e2u \u00c1 \u2013 Th\u00e1i B\u00ecnh D\u01b0\u01a1ng","description":"Hydra X and EdenX today announced the signing of a Memorandum of Understanding (MOU) to explore the establishment of a tokenised secondaries marketplace.","robots":{"index":"index","follow":"follow","max-snippet":"max-snippet:-1","max-image-preview":"max-image-preview:large","max-video-preview":"max-video-preview:-1"},"canonical":"https:\/\/www.hydrax.io\/vn\/blog\/hydra-x-and-edenx-sign-strategic-mou-to-explore-tokenised-secondaries-marketplace-in-apac\/","og_locale":"vi_VN","og_type":"article","og_title":"Hydra X and EdenX Sign Strategic MOU to Explore Tokenised Secondaries Marketplace in APAC","og_description":"Hydra X and EdenX today announced the signing of a Memorandum of Understanding (MOU) to explore the establishment of a tokenised secondaries marketplace.","og_url":"https:\/\/www.hydrax.io\/vn\/blog\/hydra-x-and-edenx-sign-strategic-mou-to-explore-tokenised-secondaries-marketplace-in-apac\/","og_site_name":"Hydra X","article_modified_time":"2025-09-15T04:04:25+00:00","og_image":[{"width":1000,"height":625,"url":"https:\/\/www.hydrax.io\/wp-content\/uploads\/2025\/05\/EdenX-HydraX-Announcement-Picture-web.png","type":"image\/png"}],"twitter_card":"summary_large_image","twitter_misc":{"\u01af\u1edbc t\u00ednh th\u1eddi gian \u0111\u1ecdc":"2 ph\u00fat"},"schema":{"@context":"https:\/\/schema.org","@graph":[{"@type":"WebPage","@id":"https:\/\/www.hydrax.io\/blog\/hydra-x-and-edenx-sign-strategic-mou-to-explore-tokenised-secondaries-marketplace-in-apac\/","url":"https:\/\/www.hydrax.io\/blog\/hydra-x-and-edenx-sign-strategic-mou-to-explore-tokenised-secondaries-marketplace-in-apac\/","name":"Hydra X v\u00e0 EdenX K\u00fd Bi\u00ean B\u1ea3n Ghi Nh\u1edb Chi\u1ebfn L\u01b0\u1ee3c \u0111\u1ec3 Kh\u00e1m Ph\u00e1 Th\u1ecb Tr\u01b0\u1eddng Th\u1ee9 C\u1ea5p \u0110\u01b0\u1ee3c M\u00e3 H\u00f3a t\u1ea1i Khu V\u1ef1c Ch\u00e2u \u00c1 \u2013 Th\u00e1i B\u00ecnh D\u01b0\u01a1ng","isPartOf":{"@id":"https:\/\/www.hydrax.io\/#website"},"primaryImageOfPage":{"@id":"https:\/\/www.hydrax.io\/blog\/hydra-x-and-edenx-sign-strategic-mou-to-explore-tokenised-secondaries-marketplace-in-apac\/#primaryimage"},"image":{"@id":"https:\/\/www.hydrax.io\/blog\/hydra-x-and-edenx-sign-strategic-mou-to-explore-tokenised-secondaries-marketplace-in-apac\/#primaryimage"},"thumbnailUrl":"https:\/\/www.hydrax.io\/wp-content\/uploads\/2025\/05\/EdenX-HydraX-Announcement-Picture-web.png","datePublished":"2025-05-20T01:55:31+00:00","dateModified":"2025-09-15T04:04:25+00:00","description":"Hydra X and EdenX today announced the signing of a Memorandum of Understanding (MOU) to explore the establishment of a tokenised secondaries marketplace.","breadcrumb":{"@id":"https:\/\/www.hydrax.io\/blog\/hydra-x-and-edenx-sign-strategic-mou-to-explore-tokenised-secondaries-marketplace-in-apac\/#breadcrumb"},"inLanguage":"vi","potentialAction":[{"@type":"ReadAction","target":["https:\/\/www.hydrax.io\/blog\/hydra-x-and-edenx-sign-strategic-mou-to-explore-tokenised-secondaries-marketplace-in-apac\/"]}]},{"@type":"ImageObject","inLanguage":"vi","@id":"https:\/\/www.hydrax.io\/blog\/hydra-x-and-edenx-sign-strategic-mou-to-explore-tokenised-secondaries-marketplace-in-apac\/#primaryimage","url":"https:\/\/www.hydrax.io\/wp-content\/uploads\/2025\/05\/EdenX-HydraX-Announcement-Picture-web.png","contentUrl":"https:\/\/www.hydrax.io\/wp-content\/uploads\/2025\/05\/EdenX-HydraX-Announcement-Picture-web.png","width":1000,"height":625},{"@type":"BreadcrumbList","@id":"https:\/\/www.hydrax.io\/blog\/hydra-x-and-edenx-sign-strategic-mou-to-explore-tokenised-secondaries-marketplace-in-apac\/#breadcrumb","itemListElement":[{"@type":"ListItem","position":1,"name":"Home","item":"https:\/\/www.hydrax.io\/"},{"@type":"ListItem","position":2,"name":"HydraX Blog","item":"https:\/\/www.hydrax.io\/blog\/"},{"@type":"ListItem","position":3,"name":"Hydra X and EdenX Sign Strategic MOU to Explore Tokenised Secondaries Marketplace in APAC"}]},{"@type":"WebSite","@id":"https:\/\/www.hydrax.io\/#website","url":"https:\/\/www.hydrax.io\/","name":"Hydra X","description":"Professional Trading Technology","publisher":{"@id":"https:\/\/www.hydrax.io\/#organization"},"potentialAction":[{"@type":"SearchAction","target":{"@type":"EntryPoint","urlTemplate":"https:\/\/www.hydrax.io\/?s={search_term_string}"},"query-input":{"@type":"PropertyValueSpecification","valueRequired":true,"valueName":"search_term_string"}}],"inLanguage":"vi"},{"@type":"Organization","@id":"https:\/\/www.hydrax.io\/#organization","name":"Hydra X","url":"https:\/\/www.hydrax.io\/","logo":{"@type":"ImageObject","inLanguage":"vi","@id":"https:\/\/www.hydrax.io\/#\/schema\/logo\/image\/","url":"https:\/\/www.hydrax.io\/wp-content\/uploads\/2019\/10\/Hydra-X-Logo-Blue.png","contentUrl":"https:\/\/www.hydrax.io\/wp-content\/uploads\/2019\/10\/Hydra-X-Logo-Blue.png","width":1052,"height":849,"caption":"Hydra X"},"image":{"@id":"https:\/\/www.hydrax.io\/#\/schema\/logo\/image\/"}}]}},"_links":{"self":[{"href":"https:\/\/www.hydrax.io\/vn\/wp-json\/wp\/v2\/pages\/24700"}],"collection":[{"href":"https:\/\/www.hydrax.io\/vn\/wp-json\/wp\/v2\/pages"}],"about":[{"href":"https:\/\/www.hydrax.io\/vn\/wp-json\/wp\/v2\/types\/page"}],"author":[{"embeddable":true,"href":"https:\/\/www.hydrax.io\/vn\/wp-json\/wp\/v2\/users\/4"}],"replies":[{"embeddable":true,"href":"https:\/\/www.hydrax.io\/vn\/wp-json\/wp\/v2\/comments?post=24700"}],"version-history":[{"count":52,"href":"https:\/\/www.hydrax.io\/vn\/wp-json\/wp\/v2\/pages\/24700\/revisions"}],"predecessor-version":[{"id":25160,"href":"https:\/\/www.hydrax.io\/vn\/wp-json\/wp\/v2\/pages\/24700\/revisions\/25160"}],"up":[{"embeddable":true,"href":"https:\/\/www.hydrax.io\/vn\/wp-json\/wp\/v2\/pages\/1158"}],"wp:featuredmedia":[{"embeddable":true,"href":"https:\/\/www.hydrax.io\/vn\/wp-json\/wp\/v2\/media\/24701"}],"wp:attachment":[{"href":"https:\/\/www.hydrax.io\/vn\/wp-json\/wp\/v2\/media?parent=24700"}],"curies":[{"name":"wp","href":"https:\/\/api.w.org\/{rel}","templated":true}]}}