{"id":24845,"date":"2025-08-29T12:31:59","date_gmt":"2025-08-29T04:31:59","guid":{"rendered":"https:\/\/www.hydrax.io\/?page_id=24845"},"modified":"2025-09-12T17:37:32","modified_gmt":"2025-09-12T09:37:32","slug":"hydra-x-collaborates-with-dbs-on-tokenised-crypto-linked-structured-notes-initiative","status":"publish","type":"page","link":"https:\/\/www.hydrax.io\/vn\/blog\/hydra-x-collaborates-with-dbs-on-tokenised-crypto-linked-structured-notes-initiative\/","title":{"rendered":"Hydra X H\u1ee3p T\u00e1c v\u1edbi DBS trong S\u00e1ng Ki\u1ebfn Tr\u00e1i Phi\u1ebfu C\u1ea5u Tr\u00fac Li\u00ean K\u1ebft Crypto \u0110\u01b0\u1ee3c M\u00e3 H\u00f3a"},"content":{"rendered":"<div data-elementor-type=\"wp-post\" data-elementor-id=\"24845\" class=\"elementor elementor-24845\" data-elementor-post-type=\"page\">\n\t\t\t\t\t\t<section class=\"elementor-section elementor-top-section elementor-element elementor-element-7bd2e7c0 elementor-section-content-top elementor-section-boxed elementor-section-height-default elementor-section-height-default\" data-id=\"7bd2e7c0\" data-element_type=\"section\" data-settings=\"{&quot;background_background&quot;:&quot;classic&quot;,&quot;animation&quot;:&quot;none&quot;}\">\n\t\t\t\t\t\t\t<div class=\"elementor-background-overlay\"><\/div>\n\t\t\t\t\t\t\t<div class=\"elementor-container elementor-column-gap-default\">\n\t\t\t\t\t<div class=\"elementor-column elementor-col-100 elementor-top-column elementor-element elementor-element-d279c4d\" data-id=\"d279c4d\" data-element_type=\"column\">\n\t\t\t<div class=\"elementor-widget-wrap\">\n\t\t\t\t\t\t\t<\/div>\n\t\t<\/div>\n\t\t\t\t\t<\/div>\n\t\t<\/section>\n\t\t\t\t<section class=\"elementor-section elementor-top-section elementor-element elementor-element-7bcd538e elementor-section-boxed elementor-section-height-default elementor-section-height-default\" data-id=\"7bcd538e\" data-element_type=\"section\" data-settings=\"{&quot;background_background&quot;:&quot;classic&quot;}\">\n\t\t\t\t\t\t<div class=\"elementor-container elementor-column-gap-default\">\n\t\t\t\t\t<div class=\"elementor-column elementor-col-100 elementor-top-column elementor-element elementor-element-1cbba6a5\" data-id=\"1cbba6a5\" data-element_type=\"column\">\n\t\t\t<div class=\"elementor-widget-wrap elementor-element-populated\">\n\t\t\t\t\t\t<div class=\"elementor-element elementor-element-65557e37 elementor-widget elementor-widget-heading\" data-id=\"65557e37\" data-element_type=\"widget\" data-widget_type=\"heading.default\">\n\t\t\t\t<div class=\"elementor-widget-container\">\n\t\t\t<h3 class=\"elementor-heading-title elementor-size-default\">Hydra X H\u1ee3p T\u00e1c v\u1edbi DBS trong S\u00e1ng Ki\u1ebfn Tr\u00e1i Phi\u1ebfu C\u1ea5u Tr\u00fac Li\u00ean K\u1ebft Crypto \u0110\u01b0\u1ee3c M\u00e3 H\u00f3a<\/h3>\t\t<\/div>\n\t\t\t\t<\/div>\n\t\t\t\t<section class=\"elementor-section elementor-inner-section elementor-element elementor-element-032ff6c elementor-section-boxed elementor-section-height-default elementor-section-height-default\" data-id=\"032ff6c\" data-element_type=\"section\">\n\t\t\t\t\t\t<div class=\"elementor-container elementor-column-gap-default\">\n\t\t\t\t\t<div class=\"elementor-column elementor-col-50 elementor-inner-column elementor-element elementor-element-f591468\" data-id=\"f591468\" data-element_type=\"column\">\n\t\t\t<div class=\"elementor-widget-wrap elementor-element-populated\">\n\t\t\t\t\t\t<div class=\"elementor-element elementor-element-177a2162 elementor-widget-tablet__width-inherit elementor-widget elementor-widget-text-editor\" data-id=\"177a2162\" data-element_type=\"widget\" data-widget_type=\"text-editor.default\">\n\t\t\t\t<div class=\"elementor-widget-container\">\n\t\t\t\t\t\t\t<article><div><section class=\"eh ei ej ek el\"><div class=\"n p\"><div class=\"z ab ac ae af em ah ai\"><p id=\"94fc\" class=\"hh hi cl bq hj b hk hl hm hn ho hp hq hr hs ht hu eh\" data-selectable-paragraph=\"\"><time class=\"article-timestamp\" datetime=\"2017-07-21T19:31:04.302Z\" data-type=\"updated\" data-status=\"localized\">29 Th\u00e1ng 8 2025, 10:00 SGT<\/time><\/p><\/div><\/div><\/section><\/div><\/article>\t\t\t\t\t\t<\/div>\n\t\t\t\t<\/div>\n\t\t\t\t\t<\/div>\n\t\t<\/div>\n\t\t\t\t<div class=\"elementor-column elementor-col-50 elementor-inner-column elementor-element elementor-element-ad5d138\" data-id=\"ad5d138\" data-element_type=\"column\">\n\t\t\t<div class=\"elementor-widget-wrap\">\n\t\t\t\t\t\t\t<\/div>\n\t\t<\/div>\n\t\t\t\t\t<\/div>\n\t\t<\/section>\n\t\t\t\t<div class=\"elementor-element elementor-element-490d3ff elementor-widget-tablet__width-inherit elementor-widget elementor-widget-text-editor\" data-id=\"490d3ff\" data-element_type=\"widget\" data-widget_type=\"text-editor.default\">\n\t\t\t\t<div class=\"elementor-widget-container\">\n\t\t\t\t\t\t\t<article><p class=\"p1 translation-block\"><span class=\"s1\"><strong>Singapore, Ng\u00e0y 20 Th\u00e1ng 8 2025 \u2013<\/strong><span class=\"s2\">\u00a0Hydra X vui m\u1eebng chia s\u1ebb r\u1eb1ng Hydra X \u0111ang h\u1ee3p t\u00e1c v\u1edbi DBS nh\u01b0 m\u1ed9t trong nh\u1eefng n\u1ec1n t\u1ea3ng \u0111\u1ea7u ti\u00ean ph\u00e2n ph\u1ed1i tr\u00e1i phi\u1ebfu c\u1ea5u tr\u00fac li\u00ean k\u1ebft crypto c\u1ee7a ng\u00e2n h\u00e0ng d\u01b0\u1edbi d\u1ea1ng m\u00e3 h\u00f3a. <\/span><\/p><p class=\"p1\">Tr\u01b0\u1edbc \u0111\u00e2y y\u00eau c\u1ea7u t\u1ed1i thi\u1ec3u 100.000 USD, c\u00e1c tr\u00e1i phi\u1ebfu c\u1ea5u tr\u00fac n\u00e0y nay \u0111\u01b0\u1ee3c m\u00e3 h\u00f3a th\u00e0nh c\u00e1c \u0111\u01a1n v\u1ecb 1.000 USD \u2014 gi\u00fap d\u1ec5 ti\u1ebfp c\u1eadn h\u01a1n, cho ph\u00e9p nh\u00e0 \u0111\u1ea7u t\u01b0 tham gia v\u1edbi ph\u00e2n b\u1ed5 nh\u1ecf h\u01a1n, t\u1eadn h\u01b0\u1edfng s\u1ef1 linh ho\u1ea1t l\u1edbn h\u01a1n trong danh m\u1ee5c v\u00e0 h\u01b0\u1edfng l\u1ee3i t\u1eeb t\u00ednh thanh kho\u1ea3n ti\u1ec1m n\u0103ng tr\u00ean th\u1ecb tr\u01b0\u1eddng th\u1ee9 c\u1ea5p.<\/p><p class=\"p1\">C\u1ed9t m\u1ed1c n\u00e0y \u0111\u00e1nh d\u1ea5u m\u1ed9t b\u01b0\u1edbc quan tr\u1ecdng trong vi\u1ec7c k\u1ebft n\u1ed1i c\u00e1c c\u00f4ng c\u1ee5 t\u00e0i ch\u00ednh truy\u1ec1n th\u1ed1ng v\u1edbi n\u1ec1n kinh t\u1ebf t\u00e0i s\u1ea3n k\u1ef9 thu\u1eadt s\u1ed1, m\u1edf r\u1ed9ng ph\u1ea1m vi c\u01a1 h\u1ed9i \u0111\u1ea7u t\u01b0 li\u00ean k\u1ebft crypto cho c\u00e1c nh\u00e0 \u0111\u1ea7u t\u01b0 \u0111\u01b0\u1ee3c c\u00f4ng nh\u1eadn v\u00e0 t\u1ed5 ch\u1ee9c.<\/p><p class=\"p2\">Khi Singapore ti\u1ebfp t\u1ee5c c\u1ee7ng c\u1ed1 v\u1ecb th\u1ebf l\u00e0 trung t\u00e2m to\u00e0n c\u1ea7u v\u1ec1 t\u00e0i ch\u00ednh v\u00e0 t\u00e0i s\u1ea3n k\u1ef9 thu\u1eadt s\u1ed1, Hydra X v\u1eabn cam k\u1ebft th\u00fac \u0111\u1ea9y vi\u1ec7c \u00e1p d\u1ee5ng c\u00e1c s\u1ea3n ph\u1ea9m t\u00e0i ch\u00ednh \u0111\u01b0\u1ee3c m\u00e3 h\u00f3a v\u00e0 x\u00e2y d\u1ef1ng th\u1ebf h\u1ec7 ti\u1ebfp theo c\u1ee7a c\u01a1 s\u1edf h\u1ea1 t\u1ea7ng th\u1ecb tr\u01b0\u1eddng v\u1ed1n k\u1ef9 thu\u1eadt s\u1ed1.<\/p><\/article><h6><b>V\u1ec1 Hydra X<\/b><\/h6><p>Hydra X l\u00e0 m\u1ed9t c\u00f4ng ty c\u00f4ng ngh\u1ec7 t\u00e0i ch\u00ednh cung c\u1ea5p c\u01a1 s\u1edf h\u1ea1 t\u1ea7ng th\u1ecb tr\u01b0\u1eddng \u0111\u01b0\u1ee3c qu\u1ea3n l\u00fd, x\u00e2y d\u1ef1ng th\u1ebf h\u1ec7 m\u1edbi c\u1ee7a th\u1ecb tr\u01b0\u1eddng v\u1ed1n k\u1ef9 thu\u1eadt s\u1ed1 \u0111\u1ec3 nh\u00e0 \u0111\u1ea7u t\u01b0 c\u00f3 th\u1ec3 ti\u1ebfp c\u1eadn th\u1ebf h\u1ec7 m\u1edbi c\u1ee7a c\u00e1c t\u00e0i s\u1ea3n s\u1ed1 h\u00f3a. C\u00f4ng ty cung c\u1ea5p c\u00f4ng ngh\u1ec7 v\u00e0 d\u1ecbch v\u1ee5 t\u00e0i ch\u00ednh tr\u00ean to\u00e0n b\u1ed9 v\u00f2ng \u0111\u1eddi c\u1ee7a th\u1ecb tr\u01b0\u1eddng v\u1ed1n k\u1ef9 thu\u1eadt s\u1ed1 th\u00f4ng qua c\u00e1c gi\u1ea3i ph\u00e1p s\u00e1ng t\u1ea1o, tu\u00e2n th\u1ee7 v\u00e0 c\u00f3 kh\u1ea3 n\u0103ng m\u1edf r\u1ed9ng.<\/p><article><div><span style=\"font-family: var( --e-global-typography-text-font-family ); font-weight: var( --e-global-typography-text-font-weight ); letter-spacing: 0.3px;\">\u0110\u1ec3 bi\u1ebft th\u00eam th\u00f4ng tin, vui l\u00f2ng truy c\u1eadp trang web c\u1ee7a Hydra X <\/span><a style=\"font-family: var( --e-global-typography-text-font-family ); font-weight: var( --e-global-typography-text-font-weight ); letter-spacing: 0.3px;\" href=\"https:\/\/www.hydrax.io\/vn\/\">www.hydrax.io<\/a><span style=\"font-family: var( --e-global-typography-text-font-family ); font-weight: var( --e-global-typography-text-font-weight ); letter-spacing: 0.3px;\">.<\/span><\/div><\/article><p>-H\u1ebeT-<\/p><h6>\u00a0<\/h6><h6><b>Li\u00ean h\u1ec7 Truy\u1ec1n th\u00f4ng\u00a0<\/b><\/h6><p>Hydra X<\/p><p><a href=\"mailto:marketing@hydrax.io\">marketing@hydrax.io<\/a><\/p>\t\t\t\t\t\t<\/div>\n\t\t\t\t<\/div>\n\t\t\t\t<div class=\"elementor-element elementor-element-751e02a elementor-widget-divider--view-line elementor-widget elementor-widget-divider\" data-id=\"751e02a\" data-element_type=\"widget\" data-widget_type=\"divider.default\">\n\t\t\t\t<div class=\"elementor-widget-container\">\n\t\t\t\t\t<div class=\"elementor-divider\">\n\t\t\t<span class=\"elementor-divider-separator\">\n\t\t\t\t\t\t<\/span>\n\t\t<\/div>\n\t\t\t\t<\/div>\n\t\t\t\t<\/div>\n\t\t\t\t<div class=\"elementor-element elementor-element-ba27c05 elementor-align-right elementor-widget elementor-widget-button\" data-id=\"ba27c05\" data-element_type=\"widget\" data-widget_type=\"button.default\">\n\t\t\t\t<div class=\"elementor-widget-container\">\n\t\t\t\t\t<div class=\"elementor-button-wrapper\">\n\t\t\t<a class=\"elementor-button elementor-button-link elementor-size-sm\" href=\"https:\/\/www.hydrax.io\/vn\/blog\/\">\n\t\t\t\t\t\t<span class=\"elementor-button-content-wrapper\">\n\t\t\t\t\t\t<span class=\"elementor-button-icon\">\n\t\t\t\t<i aria-hidden=\"true\" class=\"fas fa-angle-left\"><\/i>\t\t\t<\/span>\n\t\t\t\t\t\t\t\t\t<span class=\"elementor-button-text\">QUAY L\u1ea0I BLOG<\/span>\n\t\t\t\t\t<\/span>\n\t\t\t\t\t<\/a>\n\t\t<\/div>\n\t\t\t\t<\/div>\n\t\t\t\t<\/div>\n\t\t\t\t\t<\/div>\n\t\t<\/div>\n\t\t\t\t\t<\/div>\n\t\t<\/section>\n\t\t\t\t<\/div>","protected":false},"excerpt":{"rendered":"<p>Hydra X Collaborates with DBS on Tokenised Crypto-Linked Structured Notes Initiative 29 Aug 2025, 10:00 AM SGT Singapore, 20 August 2025 \u2013 Hydra X is pleased to share that Hydra X is partnering with\u00a0DBS\u00a0as one of the first platforms to distribute the bank\u2019s crypto-linked structured notes in tokenised form. Traditionally requiring a minimum of USD [&hellip;]<\/p>","protected":false},"author":33,"featured_media":0,"parent":1158,"menu_order":0,"comment_status":"closed","ping_status":"closed","template":"","meta":{"_monsterinsights_skip_tracking":false,"_monsterinsights_sitenote_active":false,"_monsterinsights_sitenote_note":"","_monsterinsights_sitenote_category":0,"footnotes":""},"class_list":["post-24845","page","type-page","status-publish","hentry"],"yoast_head":"<!-- This site is optimized with the Yoast SEO plugin v23.6 - https:\/\/yoast.com\/wordpress\/plugins\/seo\/ -->\n<title>Hydra X Collaborates with DBS on Tokenised Crypto-Linked Structured Notes Initiative<\/title>\n<meta name=\"description\" content=\"Hydra X partners with DBS to launch tokenised crypto-linked structured notes, lowering entry to USD 1,000 and expanding access for accredited investors.\" \/>\n<meta name=\"robots\" content=\"index, follow, max-snippet:-1, max-image-preview:large, max-video-preview:-1\" \/>\n<link rel=\"canonical\" href=\"https:\/\/www.hydrax.io\/vn\/blog\/hydra-x-collaborates-with-dbs-on-tokenised-crypto-linked-structured-notes-initiative\/\" \/>\n<meta property=\"og:locale\" content=\"vi_VN\" \/>\n<meta property=\"og:type\" content=\"article\" \/>\n<meta property=\"og:title\" content=\"Hydra X Collaborates with DBS on Tokenised Crypto-Linked Structured Notes Initiative\" \/>\n<meta property=\"og:description\" content=\"Hydra X partners with DBS to launch tokenised crypto-linked structured notes, lowering entry to USD 1,000 and expanding access for accredited investors.\" \/>\n<meta property=\"og:url\" content=\"https:\/\/www.hydrax.io\/vn\/blog\/hydra-x-collaborates-with-dbs-on-tokenised-crypto-linked-structured-notes-initiative\/\" \/>\n<meta property=\"og:site_name\" content=\"Hydra X\" \/>\n<meta property=\"article:modified_time\" content=\"2025-09-12T09:37:32+00:00\" \/>\n<meta name=\"twitter:card\" content=\"summary_large_image\" \/>\n<meta name=\"twitter:label1\" content=\"\u01af\u1edbc t\u00ednh th\u1eddi gian \u0111\u1ecdc\" \/>\n\t<meta name=\"twitter:data1\" content=\"1 ph\u00fat\" \/>\n<script type=\"application\/ld+json\" class=\"yoast-schema-graph\">{\"@context\":\"https:\/\/schema.org\",\"@graph\":[{\"@type\":\"WebPage\",\"@id\":\"https:\/\/www.hydrax.io\/blog\/hydra-x-collaborates-with-dbs-on-tokenised-crypto-linked-structured-notes-initiative\/\",\"url\":\"https:\/\/www.hydrax.io\/blog\/hydra-x-collaborates-with-dbs-on-tokenised-crypto-linked-structured-notes-initiative\/\",\"name\":\"Hydra X Collaborates with DBS on Tokenised Crypto-Linked Structured Notes Initiative\",\"isPartOf\":{\"@id\":\"https:\/\/www.hydrax.io\/#website\"},\"datePublished\":\"2025-08-29T04:31:59+00:00\",\"dateModified\":\"2025-09-12T09:37:32+00:00\",\"description\":\"Hydra X partners with DBS to launch tokenised crypto-linked structured notes, lowering entry to USD 1,000 and expanding access for accredited investors.\",\"breadcrumb\":{\"@id\":\"https:\/\/www.hydrax.io\/blog\/hydra-x-collaborates-with-dbs-on-tokenised-crypto-linked-structured-notes-initiative\/#breadcrumb\"},\"inLanguage\":\"vi\",\"potentialAction\":[{\"@type\":\"ReadAction\",\"target\":[\"https:\/\/www.hydrax.io\/blog\/hydra-x-collaborates-with-dbs-on-tokenised-crypto-linked-structured-notes-initiative\/\"]}]},{\"@type\":\"BreadcrumbList\",\"@id\":\"https:\/\/www.hydrax.io\/blog\/hydra-x-collaborates-with-dbs-on-tokenised-crypto-linked-structured-notes-initiative\/#breadcrumb\",\"itemListElement\":[{\"@type\":\"ListItem\",\"position\":1,\"name\":\"Home\",\"item\":\"https:\/\/www.hydrax.io\/\"},{\"@type\":\"ListItem\",\"position\":2,\"name\":\"HydraX Blog\",\"item\":\"https:\/\/www.hydrax.io\/blog\/\"},{\"@type\":\"ListItem\",\"position\":3,\"name\":\"Hydra X Collaborates with DBS on Tokenised Crypto-Linked Structured Notes Initiative\"}]},{\"@type\":\"WebSite\",\"@id\":\"https:\/\/www.hydrax.io\/#website\",\"url\":\"https:\/\/www.hydrax.io\/\",\"name\":\"Hydra X\",\"description\":\"Professional Trading Technology\",\"publisher\":{\"@id\":\"https:\/\/www.hydrax.io\/#organization\"},\"potentialAction\":[{\"@type\":\"SearchAction\",\"target\":{\"@type\":\"EntryPoint\",\"urlTemplate\":\"https:\/\/www.hydrax.io\/?s={search_term_string}\"},\"query-input\":{\"@type\":\"PropertyValueSpecification\",\"valueRequired\":true,\"valueName\":\"search_term_string\"}}],\"inLanguage\":\"vi\"},{\"@type\":\"Organization\",\"@id\":\"https:\/\/www.hydrax.io\/#organization\",\"name\":\"Hydra X\",\"url\":\"https:\/\/www.hydrax.io\/\",\"logo\":{\"@type\":\"ImageObject\",\"inLanguage\":\"vi\",\"@id\":\"https:\/\/www.hydrax.io\/#\/schema\/logo\/image\/\",\"url\":\"https:\/\/www.hydrax.io\/wp-content\/uploads\/2019\/10\/Hydra-X-Logo-Blue.png\",\"contentUrl\":\"https:\/\/www.hydrax.io\/wp-content\/uploads\/2019\/10\/Hydra-X-Logo-Blue.png\",\"width\":1052,\"height\":849,\"caption\":\"Hydra X\"},\"image\":{\"@id\":\"https:\/\/www.hydrax.io\/#\/schema\/logo\/image\/\"}}]}<\/script>\n<!-- \/ Yoast SEO plugin. -->","yoast_head_json":{"title":"Hydra X H\u1ee3p T\u00e1c v\u1edbi DBS trong S\u00e1ng Ki\u1ebfn Tr\u00e1i Phi\u1ebfu C\u1ea5u Tr\u00fac Li\u00ean K\u1ebft Crypto \u0110\u01b0\u1ee3c M\u00e3 H\u00f3a","description":"Hydra X partners with DBS to launch tokenised crypto-linked structured notes, lowering entry to USD 1,000 and expanding access for accredited investors.","robots":{"index":"index","follow":"follow","max-snippet":"max-snippet:-1","max-image-preview":"max-image-preview:large","max-video-preview":"max-video-preview:-1"},"canonical":"https:\/\/www.hydrax.io\/vn\/blog\/hydra-x-collaborates-with-dbs-on-tokenised-crypto-linked-structured-notes-initiative\/","og_locale":"vi_VN","og_type":"article","og_title":"Hydra X Collaborates with DBS on Tokenised Crypto-Linked Structured Notes Initiative","og_description":"Hydra X partners with DBS to launch tokenised crypto-linked structured notes, lowering entry to USD 1,000 and expanding access for accredited investors.","og_url":"https:\/\/www.hydrax.io\/vn\/blog\/hydra-x-collaborates-with-dbs-on-tokenised-crypto-linked-structured-notes-initiative\/","og_site_name":"Hydra X","article_modified_time":"2025-09-12T09:37:32+00:00","twitter_card":"summary_large_image","twitter_misc":{"\u01af\u1edbc t\u00ednh th\u1eddi gian \u0111\u1ecdc":"1 ph\u00fat"},"schema":{"@context":"https:\/\/schema.org","@graph":[{"@type":"WebPage","@id":"https:\/\/www.hydrax.io\/blog\/hydra-x-collaborates-with-dbs-on-tokenised-crypto-linked-structured-notes-initiative\/","url":"https:\/\/www.hydrax.io\/blog\/hydra-x-collaborates-with-dbs-on-tokenised-crypto-linked-structured-notes-initiative\/","name":"Hydra X H\u1ee3p T\u00e1c v\u1edbi DBS trong S\u00e1ng Ki\u1ebfn Tr\u00e1i Phi\u1ebfu C\u1ea5u Tr\u00fac Li\u00ean K\u1ebft Crypto \u0110\u01b0\u1ee3c M\u00e3 H\u00f3a","isPartOf":{"@id":"https:\/\/www.hydrax.io\/#website"},"datePublished":"2025-08-29T04:31:59+00:00","dateModified":"2025-09-12T09:37:32+00:00","description":"Hydra X partners with DBS to launch tokenised crypto-linked structured notes, lowering entry to USD 1,000 and expanding access for accredited investors.","breadcrumb":{"@id":"https:\/\/www.hydrax.io\/blog\/hydra-x-collaborates-with-dbs-on-tokenised-crypto-linked-structured-notes-initiative\/#breadcrumb"},"inLanguage":"vi","potentialAction":[{"@type":"ReadAction","target":["https:\/\/www.hydrax.io\/blog\/hydra-x-collaborates-with-dbs-on-tokenised-crypto-linked-structured-notes-initiative\/"]}]},{"@type":"BreadcrumbList","@id":"https:\/\/www.hydrax.io\/blog\/hydra-x-collaborates-with-dbs-on-tokenised-crypto-linked-structured-notes-initiative\/#breadcrumb","itemListElement":[{"@type":"ListItem","position":1,"name":"Home","item":"https:\/\/www.hydrax.io\/"},{"@type":"ListItem","position":2,"name":"HydraX Blog","item":"https:\/\/www.hydrax.io\/blog\/"},{"@type":"ListItem","position":3,"name":"Hydra X Collaborates with DBS on Tokenised Crypto-Linked Structured Notes Initiative"}]},{"@type":"WebSite","@id":"https:\/\/www.hydrax.io\/#website","url":"https:\/\/www.hydrax.io\/","name":"Hydra X","description":"Professional Trading Technology","publisher":{"@id":"https:\/\/www.hydrax.io\/#organization"},"potentialAction":[{"@type":"SearchAction","target":{"@type":"EntryPoint","urlTemplate":"https:\/\/www.hydrax.io\/?s={search_term_string}"},"query-input":{"@type":"PropertyValueSpecification","valueRequired":true,"valueName":"search_term_string"}}],"inLanguage":"vi"},{"@type":"Organization","@id":"https:\/\/www.hydrax.io\/#organization","name":"Hydra X","url":"https:\/\/www.hydrax.io\/","logo":{"@type":"ImageObject","inLanguage":"vi","@id":"https:\/\/www.hydrax.io\/#\/schema\/logo\/image\/","url":"https:\/\/www.hydrax.io\/wp-content\/uploads\/2019\/10\/Hydra-X-Logo-Blue.png","contentUrl":"https:\/\/www.hydrax.io\/wp-content\/uploads\/2019\/10\/Hydra-X-Logo-Blue.png","width":1052,"height":849,"caption":"Hydra X"},"image":{"@id":"https:\/\/www.hydrax.io\/#\/schema\/logo\/image\/"}}]}},"_links":{"self":[{"href":"https:\/\/www.hydrax.io\/vn\/wp-json\/wp\/v2\/pages\/24845"}],"collection":[{"href":"https:\/\/www.hydrax.io\/vn\/wp-json\/wp\/v2\/pages"}],"about":[{"href":"https:\/\/www.hydrax.io\/vn\/wp-json\/wp\/v2\/types\/page"}],"author":[{"embeddable":true,"href":"https:\/\/www.hydrax.io\/vn\/wp-json\/wp\/v2\/users\/33"}],"replies":[{"embeddable":true,"href":"https:\/\/www.hydrax.io\/vn\/wp-json\/wp\/v2\/comments?post=24845"}],"version-history":[{"count":10,"href":"https:\/\/www.hydrax.io\/vn\/wp-json\/wp\/v2\/pages\/24845\/revisions"}],"predecessor-version":[{"id":25130,"href":"https:\/\/www.hydrax.io\/vn\/wp-json\/wp\/v2\/pages\/24845\/revisions\/25130"}],"up":[{"embeddable":true,"href":"https:\/\/www.hydrax.io\/vn\/wp-json\/wp\/v2\/pages\/1158"}],"wp:attachment":[{"href":"https:\/\/www.hydrax.io\/vn\/wp-json\/wp\/v2\/media?parent=24845"}],"curies":[{"name":"wp","href":"https:\/\/api.w.org\/{rel}","templated":true}]}}