{"id":24856,"date":"2025-08-29T12:51:03","date_gmt":"2025-08-29T04:51:03","guid":{"rendered":"https:\/\/www.hydrax.io\/?page_id=24856"},"modified":"2025-09-12T17:36:28","modified_gmt":"2025-09-12T09:36:28","slug":"hydra-x-wins-two-honours-at-the-asia-fintech-awards-2025","status":"publish","type":"page","link":"https:\/\/www.hydrax.io\/vn\/blog\/hydra-x-wins-two-honours-at-the-asia-fintech-awards-2025\/","title":{"rendered":"Hydra X Gi\u00e0nh Hai Gi\u1ea3i Th\u01b0\u1edfng t\u1ea1i Asia FinTech Awards 2025"},"content":{"rendered":"<div data-elementor-type=\"wp-post\" data-elementor-id=\"24856\" class=\"elementor elementor-24856\" data-elementor-post-type=\"page\">\n\t\t\t\t\t\t<section class=\"elementor-section elementor-top-section elementor-element elementor-element-7bd2e7c0 elementor-section-content-top elementor-section-boxed elementor-section-height-default elementor-section-height-default\" data-id=\"7bd2e7c0\" data-element_type=\"section\" data-settings=\"{&quot;background_background&quot;:&quot;classic&quot;,&quot;animation&quot;:&quot;none&quot;}\">\n\t\t\t\t\t\t\t<div class=\"elementor-background-overlay\"><\/div>\n\t\t\t\t\t\t\t<div class=\"elementor-container elementor-column-gap-default\">\n\t\t\t\t\t<div class=\"elementor-column elementor-col-100 elementor-top-column elementor-element elementor-element-d279c4d\" data-id=\"d279c4d\" data-element_type=\"column\">\n\t\t\t<div class=\"elementor-widget-wrap\">\n\t\t\t\t\t\t\t<\/div>\n\t\t<\/div>\n\t\t\t\t\t<\/div>\n\t\t<\/section>\n\t\t\t\t<section class=\"elementor-section elementor-top-section elementor-element elementor-element-7bcd538e elementor-section-boxed elementor-section-height-default elementor-section-height-default\" data-id=\"7bcd538e\" data-element_type=\"section\" data-settings=\"{&quot;background_background&quot;:&quot;classic&quot;}\">\n\t\t\t\t\t\t<div class=\"elementor-container elementor-column-gap-default\">\n\t\t\t\t\t<div class=\"elementor-column elementor-col-100 elementor-top-column elementor-element elementor-element-1cbba6a5\" data-id=\"1cbba6a5\" data-element_type=\"column\">\n\t\t\t<div class=\"elementor-widget-wrap elementor-element-populated\">\n\t\t\t\t\t\t<div class=\"elementor-element elementor-element-65557e37 elementor-widget elementor-widget-heading\" data-id=\"65557e37\" data-element_type=\"widget\" data-widget_type=\"heading.default\">\n\t\t\t\t<div class=\"elementor-widget-container\">\n\t\t\t<h3 class=\"elementor-heading-title elementor-size-default\">Hydra X Gi\u00e0nh Hai Gi\u1ea3i Th\u01b0\u1edfng t\u1ea1i Asia FinTech Awards 2025<\/h3>\t\t<\/div>\n\t\t\t\t<\/div>\n\t\t\t\t<section class=\"elementor-section elementor-inner-section elementor-element elementor-element-032ff6c elementor-section-boxed elementor-section-height-default elementor-section-height-default\" data-id=\"032ff6c\" data-element_type=\"section\">\n\t\t\t\t\t\t<div class=\"elementor-container elementor-column-gap-default\">\n\t\t\t\t\t<div class=\"elementor-column elementor-col-50 elementor-inner-column elementor-element elementor-element-f591468\" data-id=\"f591468\" data-element_type=\"column\">\n\t\t\t<div class=\"elementor-widget-wrap elementor-element-populated\">\n\t\t\t\t\t\t<div class=\"elementor-element elementor-element-177a2162 elementor-widget-tablet__width-inherit elementor-widget elementor-widget-text-editor\" data-id=\"177a2162\" data-element_type=\"widget\" data-widget_type=\"text-editor.default\">\n\t\t\t\t<div class=\"elementor-widget-container\">\n\t\t\t\t\t\t\t<article><div><section class=\"eh ei ej ek el\"><div class=\"n p\"><div class=\"z ab ac ae af em ah ai\"><p id=\"94fc\" class=\"hh hi cl bq hj b hk hl hm hn ho hp hq hr hs ht hu eh\" data-selectable-paragraph=\"\"><time class=\"article-timestamp\" datetime=\"2017-07-21T19:31:04.302Z\" data-type=\"updated\" data-status=\"localized\">29 Th\u00e1ng 8 2025, 10:00 SGT<\/time><\/p><\/div><\/div><\/section><\/div><\/article>\t\t\t\t\t\t<\/div>\n\t\t\t\t<\/div>\n\t\t\t\t\t<\/div>\n\t\t<\/div>\n\t\t\t\t<div class=\"elementor-column elementor-col-50 elementor-inner-column elementor-element elementor-element-ad5d138\" data-id=\"ad5d138\" data-element_type=\"column\">\n\t\t\t<div class=\"elementor-widget-wrap\">\n\t\t\t\t\t\t\t<\/div>\n\t\t<\/div>\n\t\t\t\t\t<\/div>\n\t\t<\/section>\n\t\t\t\t<div class=\"elementor-element elementor-element-490d3ff elementor-widget-tablet__width-inherit elementor-widget elementor-widget-text-editor\" data-id=\"490d3ff\" data-element_type=\"widget\" data-widget_type=\"text-editor.default\">\n\t\t\t\t<div class=\"elementor-widget-container\">\n\t\t\t\t\t\t\t<article>\n<p class=\"p1 translation-block\"><span class=\"s1\"><strong>Singapore, Ng\u00e0y 22 Th\u00e1ng 8 2025<\/strong> \u2013 <\/span>Ch\u00fang t\u00f4i r\u1ea5t vui m\u1eebng chia s\u1ebb r\u1eb1ng Hydra X \u0111\u00e3 nh\u1eadn \u0111\u01b0\u1ee3c hai gi\u1ea3i th\u01b0\u1edfng t\u1ea1i Asia FinTech Awards 2025 \u2014 Gi\u1ea3i th\u01b0\u1edfng T\u00e0i s\u1ea3n K\u1ef9 thu\u1eadt s\u1ed1 v\u00e0 Gi\u1ea3i th\u01b0\u1edfng Web3 \u2014 v\u00e0 c\u0169ng \u0111\u01b0\u1ee3c vinh danh l\u00e0 \u1ee9ng vi\u00ean chung k\u1ebft cho danh hi\u1ec7u FinTech c\u1ee7a N\u0103m. L\u1ec5 trao gi\u1ea3i \u0111\u01b0\u1ee3c t\u1ed5 ch\u1ee9c t\u1ea1i Singapore v\u00e0o ng\u00e0y 22 th\u00e1ng 8 n\u0103m 2025.<\/p>\n<p class=\"p1\">S\u1ef1 ghi nh\u1eadn n\u00e0y ph\u1ea3n \u00e1nh ti\u1ebfn b\u1ed9 c\u1ee7a ch\u00fang t\u00f4i trong vi\u1ec7c cung c\u1ea5p c\u01a1 s\u1edf h\u1ea1 t\u1ea7ng \u0111\u01b0\u1ee3c qu\u1ea3n l\u00fd, \u0111\u1ea1t ti\u00eau chu\u1ea9n doanh nghi\u1ec7p cho th\u1ecb tr\u01b0\u1eddng v\u1ed1n m\u00e3 h\u00f3a; k\u1ebft n\u1ed1i ho\u1ea1t \u0111\u1ed9ng th\u1ecb tr\u01b0\u1eddng truy\u1ec1n th\u1ed1ng v\u00e0 k\u1ef9 thu\u1eadt s\u1ed1 cho c\u00e1c ng\u00e2n h\u00e0ng, s\u00e0n giao d\u1ecbch v\u00e0 nh\u00e0 qu\u1ea3n l\u00fd t\u00e0i s\u1ea3n; v\u00e0 tri\u1ec3n khai c\u00e1c gi\u1ea3i ph\u00e1p th\u1ef1c t\u1ebf tr\u00ean l\u01b0u k\u00fd, m\u00e3 h\u00f3a v\u00e0 d\u1ecbch v\u1ee5 th\u1ecb tr\u01b0\u1eddng v\u1edbi k\u1ebft qu\u1ea3 v\u1eadn h\u00e0nh r\u00f5 r\u00e0ng.<\/p>\n<p class=\"p1\">Ch\u00fang t\u00f4i bi\u1ebft \u01a1n kh\u00e1ch h\u00e0ng v\u00e0 \u0111\u1ed1i t\u00e1c \u0111\u00e3 tin t\u01b0\u1edfng giao ph\u00f3 cho ch\u00fang t\u00f4i c\u01a1 s\u1edf h\u1ea1 t\u1ea7ng quan tr\u1ecdng, v\u00e0 c\u1ea3m \u01a1n \u0111\u1ed9i ng\u0169 c\u1ee7a ch\u00fang t\u00f4i v\u00ec s\u1ef1 n\u1ed7 l\u1ef1c kh\u00f4ng ng\u1eebng. Ch\u00fang t\u00f4i c\u0169ng g\u1eedi l\u1eddi c\u1ea3m \u01a1n \u0111\u1ebfn ban gi\u00e1m kh\u1ea3o v\u00e0 ban t\u1ed5 ch\u1ee9c v\u00ec m\u1ed9t quy tr\u00ecnh nghi\u00eam t\u00fac v\u00e0 m\u1ed9t bu\u1ed5i t\u1ed1i \u0111\u00e1ng nh\u1edb t\u00f4n vinh nh\u1eefng nh\u00e0 \u0111\u1ed5i m\u1edbi trong khu v\u1ef1c.<\/p>\n<p class=\"p1\">\u0110\u1ed1i v\u1edbi c\u00e1c y\u00eau c\u1ea7u truy\u1ec1n th\u00f4ng ho\u1eb7c h\u1ee3p t\u00e1c, vui l\u00f2ng li\u00ean h\u1ec7&nbsp;<a href=\"mailto:marketing@hydrax.io\">marketing@hydrax.io<\/a><\/p>\n<\/article>\t\t\t\t\t\t<\/div>\n\t\t\t\t<\/div>\n\t\t\t\t<div class=\"elementor-element elementor-element-751e02a elementor-widget-divider--view-line elementor-widget elementor-widget-divider\" data-id=\"751e02a\" data-element_type=\"widget\" data-widget_type=\"divider.default\">\n\t\t\t\t<div class=\"elementor-widget-container\">\n\t\t\t\t\t<div class=\"elementor-divider\">\n\t\t\t<span class=\"elementor-divider-separator\">\n\t\t\t\t\t\t<\/span>\n\t\t<\/div>\n\t\t\t\t<\/div>\n\t\t\t\t<\/div>\n\t\t\t\t<div class=\"elementor-element elementor-element-ba27c05 elementor-align-right elementor-widget elementor-widget-button\" data-id=\"ba27c05\" data-element_type=\"widget\" data-widget_type=\"button.default\">\n\t\t\t\t<div class=\"elementor-widget-container\">\n\t\t\t\t\t<div class=\"elementor-button-wrapper\">\n\t\t\t<a class=\"elementor-button elementor-button-link elementor-size-sm\" href=\"https:\/\/www.hydrax.io\/vn\/blog\/\">\n\t\t\t\t\t\t<span class=\"elementor-button-content-wrapper\">\n\t\t\t\t\t\t<span class=\"elementor-button-icon\">\n\t\t\t\t<i aria-hidden=\"true\" class=\"fas fa-angle-left\"><\/i>\t\t\t<\/span>\n\t\t\t\t\t\t\t\t\t<span class=\"elementor-button-text\">QUAY L\u1ea0I BLOG<\/span>\n\t\t\t\t\t<\/span>\n\t\t\t\t\t<\/a>\n\t\t<\/div>\n\t\t\t\t<\/div>\n\t\t\t\t<\/div>\n\t\t\t\t\t<\/div>\n\t\t<\/div>\n\t\t\t\t\t<\/div>\n\t\t<\/section>\n\t\t\t\t<\/div>","protected":false},"excerpt":{"rendered":"<p>Hydra X Wins Two Honours at the Asia FinTech Awards 2025 29 Aug 2025, 10:00 AM SGT Singapore, 22 August 2025 &#8211; We are delighted to share that Hydra X received two awards at the Asia FinTech Awards 2025\u2014the Digital Asset Award and the Web3 Award\u2014and was also named a finalist for FinTech of the [&hellip;]<\/p>","protected":false},"author":33,"featured_media":24867,"parent":1158,"menu_order":0,"comment_status":"closed","ping_status":"closed","template":"","meta":{"_monsterinsights_skip_tracking":false,"_monsterinsights_sitenote_active":false,"_monsterinsights_sitenote_note":"","_monsterinsights_sitenote_category":0,"footnotes":""},"class_list":["post-24856","page","type-page","status-publish","has-post-thumbnail","hentry"],"yoast_head":"<!-- This site is optimized with the Yoast SEO plugin v23.6 - https:\/\/yoast.com\/wordpress\/plugins\/seo\/ -->\n<title>Hydra X Wins Two Honours at the Asia FinTech Awards 2025<\/title>\n<meta name=\"description\" content=\"Hydra X wins the Digital Asset and Web3 Awards at the Asia FinTech Awards 2025, highlighting leadership in tokenised capital markets.\" \/>\n<meta name=\"robots\" content=\"index, follow, max-snippet:-1, max-image-preview:large, max-video-preview:-1\" \/>\n<link rel=\"canonical\" href=\"https:\/\/www.hydrax.io\/vn\/blog\/hydra-x-wins-two-honours-at-the-asia-fintech-awards-2025\/\" \/>\n<meta property=\"og:locale\" content=\"vi_VN\" \/>\n<meta property=\"og:type\" content=\"article\" \/>\n<meta property=\"og:title\" content=\"Hydra X Wins Two Honours at the Asia FinTech Awards 2025\" \/>\n<meta property=\"og:description\" content=\"Hydra X wins the Digital Asset and Web3 Awards at the Asia FinTech Awards 2025, highlighting leadership in tokenised capital markets.\" \/>\n<meta property=\"og:url\" content=\"https:\/\/www.hydrax.io\/vn\/blog\/hydra-x-wins-two-honours-at-the-asia-fintech-awards-2025\/\" \/>\n<meta property=\"og:site_name\" content=\"Hydra X\" \/>\n<meta property=\"article:modified_time\" content=\"2025-09-12T09:36:28+00:00\" \/>\n<meta property=\"og:image\" content=\"https:\/\/www.hydrax.io\/wp-content\/uploads\/2025\/08\/Hydra-X-Wins-Two-Honours-at-the-Asia-FinTech-Awards-2025.png\" \/>\n\t<meta property=\"og:image:width\" content=\"1920\" \/>\n\t<meta property=\"og:image:height\" content=\"1080\" \/>\n\t<meta property=\"og:image:type\" content=\"image\/png\" \/>\n<meta name=\"twitter:card\" content=\"summary_large_image\" \/>\n<meta name=\"twitter:label1\" content=\"\u01af\u1edbc t\u00ednh th\u1eddi gian \u0111\u1ecdc\" \/>\n\t<meta name=\"twitter:data1\" content=\"1 ph\u00fat\" \/>\n<script type=\"application\/ld+json\" class=\"yoast-schema-graph\">{\"@context\":\"https:\/\/schema.org\",\"@graph\":[{\"@type\":\"WebPage\",\"@id\":\"https:\/\/www.hydrax.io\/blog\/hydra-x-wins-two-honours-at-the-asia-fintech-awards-2025\/\",\"url\":\"https:\/\/www.hydrax.io\/blog\/hydra-x-wins-two-honours-at-the-asia-fintech-awards-2025\/\",\"name\":\"Hydra X Wins Two Honours at the Asia FinTech Awards 2025\",\"isPartOf\":{\"@id\":\"https:\/\/www.hydrax.io\/#website\"},\"primaryImageOfPage\":{\"@id\":\"https:\/\/www.hydrax.io\/blog\/hydra-x-wins-two-honours-at-the-asia-fintech-awards-2025\/#primaryimage\"},\"image\":{\"@id\":\"https:\/\/www.hydrax.io\/blog\/hydra-x-wins-two-honours-at-the-asia-fintech-awards-2025\/#primaryimage\"},\"thumbnailUrl\":\"https:\/\/www.hydrax.io\/wp-content\/uploads\/2025\/08\/Hydra-X-Wins-Two-Honours-at-the-Asia-FinTech-Awards-2025.png\",\"datePublished\":\"2025-08-29T04:51:03+00:00\",\"dateModified\":\"2025-09-12T09:36:28+00:00\",\"description\":\"Hydra X wins the Digital Asset and Web3 Awards at the Asia FinTech Awards 2025, highlighting leadership in tokenised capital markets.\",\"breadcrumb\":{\"@id\":\"https:\/\/www.hydrax.io\/blog\/hydra-x-wins-two-honours-at-the-asia-fintech-awards-2025\/#breadcrumb\"},\"inLanguage\":\"vi\",\"potentialAction\":[{\"@type\":\"ReadAction\",\"target\":[\"https:\/\/www.hydrax.io\/blog\/hydra-x-wins-two-honours-at-the-asia-fintech-awards-2025\/\"]}]},{\"@type\":\"ImageObject\",\"inLanguage\":\"vi\",\"@id\":\"https:\/\/www.hydrax.io\/blog\/hydra-x-wins-two-honours-at-the-asia-fintech-awards-2025\/#primaryimage\",\"url\":\"https:\/\/www.hydrax.io\/wp-content\/uploads\/2025\/08\/Hydra-X-Wins-Two-Honours-at-the-Asia-FinTech-Awards-2025.png\",\"contentUrl\":\"https:\/\/www.hydrax.io\/wp-content\/uploads\/2025\/08\/Hydra-X-Wins-Two-Honours-at-the-Asia-FinTech-Awards-2025.png\",\"width\":1920,\"height\":1080},{\"@type\":\"BreadcrumbList\",\"@id\":\"https:\/\/www.hydrax.io\/blog\/hydra-x-wins-two-honours-at-the-asia-fintech-awards-2025\/#breadcrumb\",\"itemListElement\":[{\"@type\":\"ListItem\",\"position\":1,\"name\":\"Home\",\"item\":\"https:\/\/www.hydrax.io\/\"},{\"@type\":\"ListItem\",\"position\":2,\"name\":\"HydraX Blog\",\"item\":\"https:\/\/www.hydrax.io\/blog\/\"},{\"@type\":\"ListItem\",\"position\":3,\"name\":\"Hydra X Wins Two Honours at the Asia FinTech Awards 2025\"}]},{\"@type\":\"WebSite\",\"@id\":\"https:\/\/www.hydrax.io\/#website\",\"url\":\"https:\/\/www.hydrax.io\/\",\"name\":\"Hydra X\",\"description\":\"Professional Trading Technology\",\"publisher\":{\"@id\":\"https:\/\/www.hydrax.io\/#organization\"},\"potentialAction\":[{\"@type\":\"SearchAction\",\"target\":{\"@type\":\"EntryPoint\",\"urlTemplate\":\"https:\/\/www.hydrax.io\/?s={search_term_string}\"},\"query-input\":{\"@type\":\"PropertyValueSpecification\",\"valueRequired\":true,\"valueName\":\"search_term_string\"}}],\"inLanguage\":\"vi\"},{\"@type\":\"Organization\",\"@id\":\"https:\/\/www.hydrax.io\/#organization\",\"name\":\"Hydra X\",\"url\":\"https:\/\/www.hydrax.io\/\",\"logo\":{\"@type\":\"ImageObject\",\"inLanguage\":\"vi\",\"@id\":\"https:\/\/www.hydrax.io\/#\/schema\/logo\/image\/\",\"url\":\"https:\/\/www.hydrax.io\/wp-content\/uploads\/2019\/10\/Hydra-X-Logo-Blue.png\",\"contentUrl\":\"https:\/\/www.hydrax.io\/wp-content\/uploads\/2019\/10\/Hydra-X-Logo-Blue.png\",\"width\":1052,\"height\":849,\"caption\":\"Hydra X\"},\"image\":{\"@id\":\"https:\/\/www.hydrax.io\/#\/schema\/logo\/image\/\"}}]}<\/script>\n<!-- \/ Yoast SEO plugin. -->","yoast_head_json":{"title":"Hydra X Gi\u00e0nh Hai Gi\u1ea3i Th\u01b0\u1edfng t\u1ea1i Asia FinTech Awards 2025","description":"Hydra X wins the Digital Asset and Web3 Awards at the Asia FinTech Awards 2025, highlighting leadership in tokenised capital markets.","robots":{"index":"index","follow":"follow","max-snippet":"max-snippet:-1","max-image-preview":"max-image-preview:large","max-video-preview":"max-video-preview:-1"},"canonical":"https:\/\/www.hydrax.io\/vn\/blog\/hydra-x-wins-two-honours-at-the-asia-fintech-awards-2025\/","og_locale":"vi_VN","og_type":"article","og_title":"Hydra X Wins Two Honours at the Asia FinTech Awards 2025","og_description":"Hydra X wins the Digital Asset and Web3 Awards at the Asia FinTech Awards 2025, highlighting leadership in tokenised capital markets.","og_url":"https:\/\/www.hydrax.io\/vn\/blog\/hydra-x-wins-two-honours-at-the-asia-fintech-awards-2025\/","og_site_name":"Hydra X","article_modified_time":"2025-09-12T09:36:28+00:00","og_image":[{"width":1920,"height":1080,"url":"https:\/\/www.hydrax.io\/wp-content\/uploads\/2025\/08\/Hydra-X-Wins-Two-Honours-at-the-Asia-FinTech-Awards-2025.png","type":"image\/png"}],"twitter_card":"summary_large_image","twitter_misc":{"\u01af\u1edbc t\u00ednh th\u1eddi gian \u0111\u1ecdc":"1 ph\u00fat"},"schema":{"@context":"https:\/\/schema.org","@graph":[{"@type":"WebPage","@id":"https:\/\/www.hydrax.io\/blog\/hydra-x-wins-two-honours-at-the-asia-fintech-awards-2025\/","url":"https:\/\/www.hydrax.io\/blog\/hydra-x-wins-two-honours-at-the-asia-fintech-awards-2025\/","name":"Hydra X Gi\u00e0nh Hai Gi\u1ea3i Th\u01b0\u1edfng t\u1ea1i Asia FinTech Awards 2025","isPartOf":{"@id":"https:\/\/www.hydrax.io\/#website"},"primaryImageOfPage":{"@id":"https:\/\/www.hydrax.io\/blog\/hydra-x-wins-two-honours-at-the-asia-fintech-awards-2025\/#primaryimage"},"image":{"@id":"https:\/\/www.hydrax.io\/blog\/hydra-x-wins-two-honours-at-the-asia-fintech-awards-2025\/#primaryimage"},"thumbnailUrl":"https:\/\/www.hydrax.io\/wp-content\/uploads\/2025\/08\/Hydra-X-Wins-Two-Honours-at-the-Asia-FinTech-Awards-2025.png","datePublished":"2025-08-29T04:51:03+00:00","dateModified":"2025-09-12T09:36:28+00:00","description":"Hydra X wins the Digital Asset and Web3 Awards at the Asia FinTech Awards 2025, highlighting leadership in tokenised capital markets.","breadcrumb":{"@id":"https:\/\/www.hydrax.io\/blog\/hydra-x-wins-two-honours-at-the-asia-fintech-awards-2025\/#breadcrumb"},"inLanguage":"vi","potentialAction":[{"@type":"ReadAction","target":["https:\/\/www.hydrax.io\/blog\/hydra-x-wins-two-honours-at-the-asia-fintech-awards-2025\/"]}]},{"@type":"ImageObject","inLanguage":"vi","@id":"https:\/\/www.hydrax.io\/blog\/hydra-x-wins-two-honours-at-the-asia-fintech-awards-2025\/#primaryimage","url":"https:\/\/www.hydrax.io\/wp-content\/uploads\/2025\/08\/Hydra-X-Wins-Two-Honours-at-the-Asia-FinTech-Awards-2025.png","contentUrl":"https:\/\/www.hydrax.io\/wp-content\/uploads\/2025\/08\/Hydra-X-Wins-Two-Honours-at-the-Asia-FinTech-Awards-2025.png","width":1920,"height":1080},{"@type":"BreadcrumbList","@id":"https:\/\/www.hydrax.io\/blog\/hydra-x-wins-two-honours-at-the-asia-fintech-awards-2025\/#breadcrumb","itemListElement":[{"@type":"ListItem","position":1,"name":"Home","item":"https:\/\/www.hydrax.io\/"},{"@type":"ListItem","position":2,"name":"HydraX Blog","item":"https:\/\/www.hydrax.io\/blog\/"},{"@type":"ListItem","position":3,"name":"Hydra X Wins Two Honours at the Asia FinTech Awards 2025"}]},{"@type":"WebSite","@id":"https:\/\/www.hydrax.io\/#website","url":"https:\/\/www.hydrax.io\/","name":"Hydra X","description":"Professional Trading Technology","publisher":{"@id":"https:\/\/www.hydrax.io\/#organization"},"potentialAction":[{"@type":"SearchAction","target":{"@type":"EntryPoint","urlTemplate":"https:\/\/www.hydrax.io\/?s={search_term_string}"},"query-input":{"@type":"PropertyValueSpecification","valueRequired":true,"valueName":"search_term_string"}}],"inLanguage":"vi"},{"@type":"Organization","@id":"https:\/\/www.hydrax.io\/#organization","name":"Hydra X","url":"https:\/\/www.hydrax.io\/","logo":{"@type":"ImageObject","inLanguage":"vi","@id":"https:\/\/www.hydrax.io\/#\/schema\/logo\/image\/","url":"https:\/\/www.hydrax.io\/wp-content\/uploads\/2019\/10\/Hydra-X-Logo-Blue.png","contentUrl":"https:\/\/www.hydrax.io\/wp-content\/uploads\/2019\/10\/Hydra-X-Logo-Blue.png","width":1052,"height":849,"caption":"Hydra X"},"image":{"@id":"https:\/\/www.hydrax.io\/#\/schema\/logo\/image\/"}}]}},"_links":{"self":[{"href":"https:\/\/www.hydrax.io\/vn\/wp-json\/wp\/v2\/pages\/24856"}],"collection":[{"href":"https:\/\/www.hydrax.io\/vn\/wp-json\/wp\/v2\/pages"}],"about":[{"href":"https:\/\/www.hydrax.io\/vn\/wp-json\/wp\/v2\/types\/page"}],"author":[{"embeddable":true,"href":"https:\/\/www.hydrax.io\/vn\/wp-json\/wp\/v2\/users\/33"}],"replies":[{"embeddable":true,"href":"https:\/\/www.hydrax.io\/vn\/wp-json\/wp\/v2\/comments?post=24856"}],"version-history":[{"count":24,"href":"https:\/\/www.hydrax.io\/vn\/wp-json\/wp\/v2\/pages\/24856\/revisions"}],"predecessor-version":[{"id":25127,"href":"https:\/\/www.hydrax.io\/vn\/wp-json\/wp\/v2\/pages\/24856\/revisions\/25127"}],"up":[{"embeddable":true,"href":"https:\/\/www.hydrax.io\/vn\/wp-json\/wp\/v2\/pages\/1158"}],"wp:featuredmedia":[{"embeddable":true,"href":"https:\/\/www.hydrax.io\/vn\/wp-json\/wp\/v2\/media\/24867"}],"wp:attachment":[{"href":"https:\/\/www.hydrax.io\/vn\/wp-json\/wp\/v2\/media?parent=24856"}],"curies":[{"name":"wp","href":"https:\/\/api.w.org\/{rel}","templated":true}]}}