{"id":25580,"date":"2025-09-26T14:37:54","date_gmt":"2025-09-26T06:37:54","guid":{"rendered":"https:\/\/www.hydrax.io\/?page_id=25580"},"modified":"2025-09-26T14:47:45","modified_gmt":"2025-09-26T06:47:45","slug":"hydra-x-recognised-as-a-featured-app-on-the-canton-network","status":"publish","type":"page","link":"https:\/\/www.hydrax.io\/vn\/blog\/hydra-x-recognised-as-a-featured-app-on-the-canton-network\/","title":{"rendered":"Hydra X \u0110\u01b0\u1ee3c C\u00f4ng Nh\u1eadn L\u00e0 \u1ee8ng D\u1ee5ng N\u1ed5i B\u1eadt Tr\u00ean Canton Network"},"content":{"rendered":"<div data-elementor-type=\"wp-post\" data-elementor-id=\"25580\" class=\"elementor elementor-25580\" data-elementor-post-type=\"page\">\n\t\t\t\t\t\t<section class=\"elementor-section elementor-top-section elementor-element elementor-element-7bd2e7c0 elementor-section-content-top elementor-section-boxed elementor-section-height-default elementor-section-height-default\" data-id=\"7bd2e7c0\" data-element_type=\"section\" data-settings=\"{&quot;background_background&quot;:&quot;classic&quot;,&quot;animation&quot;:&quot;none&quot;}\">\n\t\t\t\t\t\t\t<div class=\"elementor-background-overlay\"><\/div>\n\t\t\t\t\t\t\t<div class=\"elementor-container elementor-column-gap-default\">\n\t\t\t\t\t<div class=\"elementor-column elementor-col-100 elementor-top-column elementor-element elementor-element-d279c4d\" data-id=\"d279c4d\" data-element_type=\"column\">\n\t\t\t<div class=\"elementor-widget-wrap\">\n\t\t\t\t\t\t\t<\/div>\n\t\t<\/div>\n\t\t\t\t\t<\/div>\n\t\t<\/section>\n\t\t\t\t<section class=\"elementor-section elementor-top-section elementor-element elementor-element-7bcd538e elementor-section-boxed elementor-section-height-default elementor-section-height-default\" data-id=\"7bcd538e\" data-element_type=\"section\" data-settings=\"{&quot;background_background&quot;:&quot;classic&quot;}\">\n\t\t\t\t\t\t<div class=\"elementor-container elementor-column-gap-default\">\n\t\t\t\t\t<div class=\"elementor-column elementor-col-100 elementor-top-column elementor-element elementor-element-1cbba6a5\" data-id=\"1cbba6a5\" data-element_type=\"column\">\n\t\t\t<div class=\"elementor-widget-wrap elementor-element-populated\">\n\t\t\t\t\t\t<div class=\"elementor-element elementor-element-65557e37 elementor-widget elementor-widget-heading\" data-id=\"65557e37\" data-element_type=\"widget\" data-widget_type=\"heading.default\">\n\t\t\t\t<div class=\"elementor-widget-container\">\n\t\t\t<h3 class=\"elementor-heading-title elementor-size-default\">Hydra X \u0110\u01b0\u1ee3c C\u00f4ng Nh\u1eadn L\u00e0 \u1ee8ng D\u1ee5ng N\u1ed5i B\u1eadt Tr\u00ean Canton Network<\/h3>\t\t<\/div>\n\t\t\t\t<\/div>\n\t\t\t\t<section class=\"elementor-section elementor-inner-section elementor-element elementor-element-032ff6c elementor-section-boxed elementor-section-height-default elementor-section-height-default\" data-id=\"032ff6c\" data-element_type=\"section\">\n\t\t\t\t\t\t<div class=\"elementor-container elementor-column-gap-default\">\n\t\t\t\t\t<div class=\"elementor-column elementor-col-50 elementor-inner-column elementor-element elementor-element-f591468\" data-id=\"f591468\" data-element_type=\"column\">\n\t\t\t<div class=\"elementor-widget-wrap elementor-element-populated\">\n\t\t\t\t\t\t<div class=\"elementor-element elementor-element-177a2162 elementor-widget-tablet__width-inherit elementor-widget elementor-widget-text-editor\" data-id=\"177a2162\" data-element_type=\"widget\" data-widget_type=\"text-editor.default\">\n\t\t\t\t<div class=\"elementor-widget-container\">\n\t\t\t\t\t\t\t<article><div><section class=\"eh ei ej ek el\"><div class=\"n p\"><div class=\"z ab ac ae af em ah ai\"><p id=\"94fc\" class=\"hh hi cl bq hj b hk hl hm hn ho hp hq hr hs ht hu eh\" data-selectable-paragraph=\"\"><time class=\"article-timestamp\" datetime=\"2017-07-21T19:31:04.302Z\" data-type=\"updated\" data-status=\"localized\">26 Th\u00e1ng 9, 2025, 10:00 SA (SGT)<\/time><\/p><\/div><\/div><\/section><\/div><\/article>\t\t\t\t\t\t<\/div>\n\t\t\t\t<\/div>\n\t\t\t\t\t<\/div>\n\t\t<\/div>\n\t\t\t\t<div class=\"elementor-column elementor-col-50 elementor-inner-column elementor-element elementor-element-ad5d138\" data-id=\"ad5d138\" data-element_type=\"column\">\n\t\t\t<div class=\"elementor-widget-wrap\">\n\t\t\t\t\t\t\t<\/div>\n\t\t<\/div>\n\t\t\t\t\t<\/div>\n\t\t<\/section>\n\t\t\t\t<div class=\"elementor-element elementor-element-490d3ff elementor-widget-tablet__width-inherit elementor-widget elementor-widget-text-editor\" data-id=\"490d3ff\" data-element_type=\"widget\" data-widget_type=\"text-editor.default\">\n\t\t\t\t<div class=\"elementor-widget-container\">\n\t\t\t\t\t\t\t<article><p><span style=\"font-weight: 400;\">T\u1ea1i Hydra X, ch\u00fang t\u00f4i t\u1ef1 h\u00e0o chia s\u1ebb r\u1eb1ng m\u00ecnh \u0111\u00e3 \u0111\u01b0\u1ee3c c\u00f4ng nh\u1eadn l\u00e0 m\u1ed9t <\/span><b>\u1ee8ng d\u1ee5ng N\u1ed5i b\u1eadt <\/b><span style=\"font-weight: 400;\">tr\u00ean Canton Network. S\u1ef1 c\u00f4ng nh\u1eadn n\u00e0y nh\u1ea5n m\u1ea1nh vai tr\u00f2 c\u1ee7a ch\u00fang t\u00f4i nh\u01b0 m\u1ed9t \u0111\u1ed1i t\u00e1c \u0111\u00e1ng tin c\u1eady, \u0111\u01b0\u1ee3c qu\u1ea3n l\u00fd, \u0111i \u0111\u1ea7u trong qu\u00e1 tr\u00ecnh chuy\u1ec3n \u0111\u1ed5i th\u1ecb tr\u01b0\u1eddng v\u1ed1n \u2014 cung c\u1ea5p h\u1ea1 t\u1ea7ng an to\u00e0n, tu\u00e2n th\u1ee7 v\u00e0 kh\u1ea3 n\u0103ng t\u01b0\u01a1ng t\u00e1c m\u00e0 c\u00e1c t\u1ed5 ch\u1ee9c c\u1ea7n \u0111\u1ec3 tham gia v\u00e0o n\u1ec1n kinh t\u1ebf s\u1ed1.<\/span><\/p><p><span style=\"font-weight: 400;\">Trong nhi\u1ec1u n\u0103m qua, ch\u00fang t\u00f4i \u0111\u00e3 x\u00e2y d\u1ef1ng v\u00e0 ho\u00e0n thi\u1ec7n c\u00e1c gi\u1ea3i ph\u00e1p v\u1edbi tr\u1ecdng t\u00e2m l\u00e0 quy\u1ec1n ri\u00eang t\u01b0, tu\u00e2n th\u1ee7 v\u00e0 s\u1ef1 s\u1eb5n s\u00e0ng cho t\u1ed5 ch\u1ee9c. L\u00e0 m\u1ed9t ph\u00e1p nh\u00e2n \u0111\u01b0\u1ee3c c\u1ea5p ph\u00e9p t\u1ea1i Singapore, Hydra X c\u00f3 v\u1ecb th\u1ebf \u0111\u1eb7c bi\u1ec7t \u0111\u1ec3 h\u1ed7 tr\u1ee3 c\u00e1c t\u1ed5 ch\u1ee9c t\u00e0i ch\u00ednh tr\u00ean to\u00e0n b\u1ed9 v\u00f2ng \u0111\u1eddi th\u1ecb tr\u01b0\u1eddng v\u1ed1n \u2014 t\u1eeb l\u01b0u k\u00fd v\u00e0 giao d\u1ecbch \u0111\u1ebfn m\u00e3 h\u00f3a v\u00e0 ph\u00e2n ph\u1ed1i.<\/span><\/p><p><span style=\"font-weight: 400;\">Th\u00f4ng qua vi\u1ec7c t\u00edch h\u1ee3p v\u1edbi Canton Network, hi\u1ec7n t\u1ea1i ch\u00fang t\u00f4i cung c\u1ea5p:<\/span><\/p><ul><li style=\"font-weight: 400;\" aria-level=\"1\"><b>Node-as-a-Service<\/b><span style=\"font-weight: 400;\"> \u2013 cho ph\u00e9p c\u00e1c t\u1ed5 ch\u1ee9c k\u1ebft n\u1ed1i li\u1ec1n m\u1ea1ch v\u00e0 v\u1eadn h\u00e0nh an to\u00e0n trong Canton Network.<\/span><\/li><li style=\"font-weight: 400;\" aria-level=\"1\"><b>M\u00e3 h\u00f3a t\u00e0i s\u1ea3n th\u1ef1c (RWA Tokenisation)<\/b><span style=\"font-weight: 400;\"> \u2013 h\u1ed7 tr\u1ee3 ph\u00e1t h\u00e0nh \u0111\u01b0\u1ee3c qu\u1ea3n l\u00fd v\u00e0 qu\u1ea3n l\u00fd v\u00f2ng \u0111\u1eddi c\u1ee7a ch\u1ee9ng kho\u00e1n v\u00e0 t\u00e0i s\u1ea3n \u0111\u01b0\u1ee3c m\u00e3 h\u00f3a.<\/span><\/li><li style=\"font-weight: 400;\" aria-level=\"1\"><b>L\u01b0u k\u00fd Canton Coin<\/b><span style=\"font-weight: 400;\"> \u2013 cung c\u1ea5p h\u1ea1 t\u1ea7ng l\u01b0u k\u00fd an to\u00e0n, \u0111\u01b0\u1ee3c qu\u1ea3n l\u00fd cho c\u00e1c t\u1ed5 ch\u1ee9c tham gia v\u00e0o Canton Coin.<\/span><\/li><\/ul><\/article>\t\t\t\t\t\t<\/div>\n\t\t\t\t<\/div>\n\t\t\t\t<div class=\"elementor-element elementor-element-9b024fd elementor-widget-tablet__width-inherit elementor-widget elementor-widget-text-editor\" data-id=\"9b024fd\" data-element_type=\"widget\" data-widget_type=\"text-editor.default\">\n\t\t\t\t<div class=\"elementor-widget-container\">\n\t\t\t\t\t\t\t<article>\n<p>\u0110i\u1ec3m kh\u00e1c bi\u1ec7t c\u1ee7a Hydra X l\u00e0 kh\u1ea3 n\u0103ng t\u00f9y ch\u1ec9nh tri\u1ec3n khai Canton Network theo nhu c\u1ea7u qu\u1ea3n tr\u1ecb, v\u1eadn h\u00e0nh v\u00e0 quy \u0111\u1ecbnh c\u1ee5 th\u1ec3 c\u1ee7a t\u1eebng t\u1ed5 ch\u1ee9c \u2014 \u0111\u1ea3m b\u1ea3o c\u00e1c gi\u1ea3i ph\u00e1p lu\u00f4n an to\u00e0n, c\u00f3 kh\u1ea3 n\u0103ng t\u01b0\u01a1ng t\u00e1c v\u00e0 ho\u00e0n to\u00e0n ph\u00f9 h\u1ee3p v\u1edbi y\u00eau c\u1ea7u ph\u00e1p l\u00fd t\u1ea1i t\u1eebng khu v\u1ef1c.<\/p>\n<p>Vi\u1ec7c \u0111\u1ea1t \u0111\u01b0\u1ee3c danh hi\u1ec7u \u1ee8ng d\u1ee5ng N\u1ed5i b\u1eadt c\u1ee7ng c\u1ed1 v\u1ecb th\u1ebf c\u1ee7a Hydra X nh\u01b0 m\u1ed9t&nbsp;<b>nh\u00e0 th\u00fac \u0111\u1ea9y chi\u1ebfn l\u01b0\u1ee3c trong h\u1ec7 sinh th\u00e1i t\u00e0i ch\u00ednh \u0111ang ph\u00e1t tri\u1ec3n<\/b>. S\u1ee9 m\u1ec7nh c\u1ee7a ch\u00fang t\u00f4i r\u00f5 r\u00e0ng: m\u1edf ra quy\u1ec1n truy c\u1eadp \u0111\u01b0\u1ee3c qu\u1ea3n l\u00fd, cho ph\u00e9p di chuy\u1ec3n t\u00e0i s\u1ea3n th\u1ebf ch\u1ea5p, v\u00e0 cung c\u1ea5p h\u1ed7 tr\u1ee3 to\u00e0n di\u1ec7n cho v\u00f2ng \u0111\u1eddi t\u00e0i s\u1ea3n s\u1ed1 \u2014 t\u1eadn d\u1ee5ng kh\u1ea3 n\u0103ng t\u01b0\u01a1ng t\u00e1c v\u01b0\u1ee3t tr\u1ed9i v\u00e0 ki\u1ebfn tr\u00fac b\u1ea3o m\u1eadt quy\u1ec1n ri\u00eang t\u01b0 c\u1ee7a Canton Network.<\/p>\n<p>Ch\u00fang t\u00f4i tr\u00e2n tr\u1ecdng m\u1eddi c\u00e1c t\u1ed5 ch\u1ee9c k\u1ebft n\u1ed1i v\u1edbi ch\u00fang t\u00f4i \u0111\u1ec3 kh\u00e1m ph\u00e1 c\u00e1ch Hydra X c\u00f3 th\u1ec3 gi\u00fap b\u1ea1n tham gia m\u1ed9t c\u00e1ch t\u1ef1 tin v\u00e0o t\u01b0\u01a1ng lai c\u1ee7a t\u00e0i ch\u00ednh s\u1ed1 \u0111\u01b0\u1ee3c qu\u1ea3n l\u00fd.<\/p>\n<\/article>\t\t\t\t\t\t<\/div>\n\t\t\t\t<\/div>\n\t\t\t\t<div class=\"elementor-element elementor-element-751e02a elementor-widget-divider--view-line elementor-widget elementor-widget-divider\" data-id=\"751e02a\" data-element_type=\"widget\" data-widget_type=\"divider.default\">\n\t\t\t\t<div class=\"elementor-widget-container\">\n\t\t\t\t\t<div class=\"elementor-divider\">\n\t\t\t<span class=\"elementor-divider-separator\">\n\t\t\t\t\t\t<\/span>\n\t\t<\/div>\n\t\t\t\t<\/div>\n\t\t\t\t<\/div>\n\t\t\t\t<div class=\"elementor-element elementor-element-ba27c05 elementor-align-right elementor-widget elementor-widget-button\" data-id=\"ba27c05\" data-element_type=\"widget\" data-widget_type=\"button.default\">\n\t\t\t\t<div class=\"elementor-widget-container\">\n\t\t\t\t\t<div class=\"elementor-button-wrapper\">\n\t\t\t<a class=\"elementor-button elementor-button-link elementor-size-sm\" href=\"https:\/\/www.hydrax.io\/vn\/blog\/\">\n\t\t\t\t\t\t<span class=\"elementor-button-content-wrapper\">\n\t\t\t\t\t\t<span class=\"elementor-button-icon\">\n\t\t\t\t<i aria-hidden=\"true\" class=\"fas fa-angle-left\"><\/i>\t\t\t<\/span>\n\t\t\t\t\t\t\t\t\t<span class=\"elementor-button-text\">QUAY L\u1ea0I BLOG<\/span>\n\t\t\t\t\t<\/span>\n\t\t\t\t\t<\/a>\n\t\t<\/div>\n\t\t\t\t<\/div>\n\t\t\t\t<\/div>\n\t\t\t\t\t<\/div>\n\t\t<\/div>\n\t\t\t\t\t<\/div>\n\t\t<\/section>\n\t\t\t\t<\/div>","protected":false},"excerpt":{"rendered":"<p>Hydra X Recognised as a Featured App on the Canton Network 26 Sep 2025, 10:00 AM SGT At Hydra X, we are proud to share that we have been recognised as a Featured App on the Canton Network. This recognition underscores our role as a trusted, regulated partner at the forefront of capital market transformation [&hellip;]<\/p>","protected":false},"author":33,"featured_media":25581,"parent":1158,"menu_order":0,"comment_status":"closed","ping_status":"closed","template":"","meta":{"_monsterinsights_skip_tracking":false,"_monsterinsights_sitenote_active":false,"_monsterinsights_sitenote_note":"","_monsterinsights_sitenote_category":0,"footnotes":""},"class_list":["post-25580","page","type-page","status-publish","has-post-thumbnail","hentry"],"yoast_head":"<!-- This site is optimized with the Yoast SEO plugin v23.6 - https:\/\/yoast.com\/wordpress\/plugins\/seo\/ -->\n<title>Hydra X Recognised as a Featured App on the Canton Network<\/title>\n<meta name=\"description\" content=\"Hydra X is recognised as a Featured App on the Canton Network, delivering secure, compliant infrastructure for tokenisation, custody, and digital finance.\" \/>\n<meta name=\"robots\" content=\"index, follow, max-snippet:-1, max-image-preview:large, max-video-preview:-1\" \/>\n<link rel=\"canonical\" href=\"https:\/\/www.hydrax.io\/vn\/blog\/hydra-x-recognised-as-a-featured-app-on-the-canton-network\/\" \/>\n<meta property=\"og:locale\" content=\"vi_VN\" \/>\n<meta property=\"og:type\" content=\"article\" \/>\n<meta property=\"og:title\" content=\"Hydra X Recognised as a Featured App on the Canton Network\" \/>\n<meta property=\"og:description\" content=\"Hydra X is recognised as a Featured App on the Canton Network, delivering secure, compliant infrastructure for tokenisation, custody, and digital finance.\" \/>\n<meta property=\"og:url\" content=\"https:\/\/www.hydrax.io\/vn\/blog\/hydra-x-recognised-as-a-featured-app-on-the-canton-network\/\" \/>\n<meta property=\"og:site_name\" content=\"Hydra X\" \/>\n<meta property=\"article:modified_time\" content=\"2025-09-26T06:47:45+00:00\" \/>\n<meta property=\"og:image\" content=\"https:\/\/www.hydrax.io\/wp-content\/uploads\/2025\/09\/Hydra-X-Recognised-as-a-Featured-App-on-the-Canton-Network-1024x535.png\" \/>\n\t<meta property=\"og:image:width\" content=\"1024\" \/>\n\t<meta property=\"og:image:height\" content=\"535\" \/>\n\t<meta property=\"og:image:type\" content=\"image\/png\" \/>\n<meta name=\"twitter:card\" content=\"summary_large_image\" \/>\n<meta name=\"twitter:label1\" content=\"\u01af\u1edbc t\u00ednh th\u1eddi gian \u0111\u1ecdc\" \/>\n\t<meta name=\"twitter:data1\" content=\"2 ph\u00fat\" \/>\n<script type=\"application\/ld+json\" class=\"yoast-schema-graph\">{\"@context\":\"https:\/\/schema.org\",\"@graph\":[{\"@type\":\"WebPage\",\"@id\":\"https:\/\/www.hydrax.io\/blog\/hydra-x-recognised-as-a-featured-app-on-the-canton-network\/\",\"url\":\"https:\/\/www.hydrax.io\/blog\/hydra-x-recognised-as-a-featured-app-on-the-canton-network\/\",\"name\":\"Hydra X Recognised as a Featured App on the Canton Network\",\"isPartOf\":{\"@id\":\"https:\/\/www.hydrax.io\/#website\"},\"primaryImageOfPage\":{\"@id\":\"https:\/\/www.hydrax.io\/blog\/hydra-x-recognised-as-a-featured-app-on-the-canton-network\/#primaryimage\"},\"image\":{\"@id\":\"https:\/\/www.hydrax.io\/blog\/hydra-x-recognised-as-a-featured-app-on-the-canton-network\/#primaryimage\"},\"thumbnailUrl\":\"https:\/\/www.hydrax.io\/wp-content\/uploads\/2025\/09\/Hydra-X-Recognised-as-a-Featured-App-on-the-Canton-Network.png\",\"datePublished\":\"2025-09-26T06:37:54+00:00\",\"dateModified\":\"2025-09-26T06:47:45+00:00\",\"description\":\"Hydra X is recognised as a Featured App on the Canton Network, delivering secure, compliant infrastructure for tokenisation, custody, and digital finance.\",\"breadcrumb\":{\"@id\":\"https:\/\/www.hydrax.io\/blog\/hydra-x-recognised-as-a-featured-app-on-the-canton-network\/#breadcrumb\"},\"inLanguage\":\"vi\",\"potentialAction\":[{\"@type\":\"ReadAction\",\"target\":[\"https:\/\/www.hydrax.io\/blog\/hydra-x-recognised-as-a-featured-app-on-the-canton-network\/\"]}]},{\"@type\":\"ImageObject\",\"inLanguage\":\"vi\",\"@id\":\"https:\/\/www.hydrax.io\/blog\/hydra-x-recognised-as-a-featured-app-on-the-canton-network\/#primaryimage\",\"url\":\"https:\/\/www.hydrax.io\/wp-content\/uploads\/2025\/09\/Hydra-X-Recognised-as-a-Featured-App-on-the-Canton-Network.png\",\"contentUrl\":\"https:\/\/www.hydrax.io\/wp-content\/uploads\/2025\/09\/Hydra-X-Recognised-as-a-Featured-App-on-the-Canton-Network.png\",\"width\":2400,\"height\":1254},{\"@type\":\"BreadcrumbList\",\"@id\":\"https:\/\/www.hydrax.io\/blog\/hydra-x-recognised-as-a-featured-app-on-the-canton-network\/#breadcrumb\",\"itemListElement\":[{\"@type\":\"ListItem\",\"position\":1,\"name\":\"Home\",\"item\":\"https:\/\/www.hydrax.io\/\"},{\"@type\":\"ListItem\",\"position\":2,\"name\":\"HydraX Blog\",\"item\":\"https:\/\/www.hydrax.io\/blog\/\"},{\"@type\":\"ListItem\",\"position\":3,\"name\":\"Hydra X Recognised as a Featured App on the Canton Network\"}]},{\"@type\":\"WebSite\",\"@id\":\"https:\/\/www.hydrax.io\/#website\",\"url\":\"https:\/\/www.hydrax.io\/\",\"name\":\"Hydra X\",\"description\":\"Professional Trading Technology\",\"publisher\":{\"@id\":\"https:\/\/www.hydrax.io\/#organization\"},\"potentialAction\":[{\"@type\":\"SearchAction\",\"target\":{\"@type\":\"EntryPoint\",\"urlTemplate\":\"https:\/\/www.hydrax.io\/?s={search_term_string}\"},\"query-input\":{\"@type\":\"PropertyValueSpecification\",\"valueRequired\":true,\"valueName\":\"search_term_string\"}}],\"inLanguage\":\"vi\"},{\"@type\":\"Organization\",\"@id\":\"https:\/\/www.hydrax.io\/#organization\",\"name\":\"Hydra X\",\"url\":\"https:\/\/www.hydrax.io\/\",\"logo\":{\"@type\":\"ImageObject\",\"inLanguage\":\"vi\",\"@id\":\"https:\/\/www.hydrax.io\/#\/schema\/logo\/image\/\",\"url\":\"https:\/\/www.hydrax.io\/wp-content\/uploads\/2019\/10\/Hydra-X-Logo-Blue.png\",\"contentUrl\":\"https:\/\/www.hydrax.io\/wp-content\/uploads\/2019\/10\/Hydra-X-Logo-Blue.png\",\"width\":1052,\"height\":849,\"caption\":\"Hydra X\"},\"image\":{\"@id\":\"https:\/\/www.hydrax.io\/#\/schema\/logo\/image\/\"}}]}<\/script>\n<!-- \/ Yoast SEO plugin. -->","yoast_head_json":{"title":"Hydra X \u0110\u01b0\u1ee3c C\u00f4ng Nh\u1eadn L\u00e0 \u1ee8ng D\u1ee5ng N\u1ed5i B\u1eadt Tr\u00ean Canton Network","description":"Hydra X is recognised as a Featured App on the Canton Network, delivering secure, compliant infrastructure for tokenisation, custody, and digital finance.","robots":{"index":"index","follow":"follow","max-snippet":"max-snippet:-1","max-image-preview":"max-image-preview:large","max-video-preview":"max-video-preview:-1"},"canonical":"https:\/\/www.hydrax.io\/vn\/blog\/hydra-x-recognised-as-a-featured-app-on-the-canton-network\/","og_locale":"vi_VN","og_type":"article","og_title":"Hydra X Recognised as a Featured App on the Canton Network","og_description":"Hydra X is recognised as a Featured App on the Canton Network, delivering secure, compliant infrastructure for tokenisation, custody, and digital finance.","og_url":"https:\/\/www.hydrax.io\/vn\/blog\/hydra-x-recognised-as-a-featured-app-on-the-canton-network\/","og_site_name":"Hydra X","article_modified_time":"2025-09-26T06:47:45+00:00","og_image":[{"width":1024,"height":535,"url":"https:\/\/www.hydrax.io\/wp-content\/uploads\/2025\/09\/Hydra-X-Recognised-as-a-Featured-App-on-the-Canton-Network-1024x535.png","type":"image\/png"}],"twitter_card":"summary_large_image","twitter_misc":{"\u01af\u1edbc t\u00ednh th\u1eddi gian \u0111\u1ecdc":"2 ph\u00fat"},"schema":{"@context":"https:\/\/schema.org","@graph":[{"@type":"WebPage","@id":"https:\/\/www.hydrax.io\/blog\/hydra-x-recognised-as-a-featured-app-on-the-canton-network\/","url":"https:\/\/www.hydrax.io\/blog\/hydra-x-recognised-as-a-featured-app-on-the-canton-network\/","name":"Hydra X \u0110\u01b0\u1ee3c C\u00f4ng Nh\u1eadn L\u00e0 \u1ee8ng D\u1ee5ng N\u1ed5i B\u1eadt Tr\u00ean Canton Network","isPartOf":{"@id":"https:\/\/www.hydrax.io\/#website"},"primaryImageOfPage":{"@id":"https:\/\/www.hydrax.io\/blog\/hydra-x-recognised-as-a-featured-app-on-the-canton-network\/#primaryimage"},"image":{"@id":"https:\/\/www.hydrax.io\/blog\/hydra-x-recognised-as-a-featured-app-on-the-canton-network\/#primaryimage"},"thumbnailUrl":"https:\/\/www.hydrax.io\/wp-content\/uploads\/2025\/09\/Hydra-X-Recognised-as-a-Featured-App-on-the-Canton-Network.png","datePublished":"2025-09-26T06:37:54+00:00","dateModified":"2025-09-26T06:47:45+00:00","description":"Hydra X is recognised as a Featured App on the Canton Network, delivering secure, compliant infrastructure for tokenisation, custody, and digital finance.","breadcrumb":{"@id":"https:\/\/www.hydrax.io\/blog\/hydra-x-recognised-as-a-featured-app-on-the-canton-network\/#breadcrumb"},"inLanguage":"vi","potentialAction":[{"@type":"ReadAction","target":["https:\/\/www.hydrax.io\/blog\/hydra-x-recognised-as-a-featured-app-on-the-canton-network\/"]}]},{"@type":"ImageObject","inLanguage":"vi","@id":"https:\/\/www.hydrax.io\/blog\/hydra-x-recognised-as-a-featured-app-on-the-canton-network\/#primaryimage","url":"https:\/\/www.hydrax.io\/wp-content\/uploads\/2025\/09\/Hydra-X-Recognised-as-a-Featured-App-on-the-Canton-Network.png","contentUrl":"https:\/\/www.hydrax.io\/wp-content\/uploads\/2025\/09\/Hydra-X-Recognised-as-a-Featured-App-on-the-Canton-Network.png","width":2400,"height":1254},{"@type":"BreadcrumbList","@id":"https:\/\/www.hydrax.io\/blog\/hydra-x-recognised-as-a-featured-app-on-the-canton-network\/#breadcrumb","itemListElement":[{"@type":"ListItem","position":1,"name":"Home","item":"https:\/\/www.hydrax.io\/"},{"@type":"ListItem","position":2,"name":"HydraX Blog","item":"https:\/\/www.hydrax.io\/blog\/"},{"@type":"ListItem","position":3,"name":"Hydra X Recognised as a Featured App on the Canton Network"}]},{"@type":"WebSite","@id":"https:\/\/www.hydrax.io\/#website","url":"https:\/\/www.hydrax.io\/","name":"Hydra X","description":"Professional Trading Technology","publisher":{"@id":"https:\/\/www.hydrax.io\/#organization"},"potentialAction":[{"@type":"SearchAction","target":{"@type":"EntryPoint","urlTemplate":"https:\/\/www.hydrax.io\/?s={search_term_string}"},"query-input":{"@type":"PropertyValueSpecification","valueRequired":true,"valueName":"search_term_string"}}],"inLanguage":"vi"},{"@type":"Organization","@id":"https:\/\/www.hydrax.io\/#organization","name":"Hydra X","url":"https:\/\/www.hydrax.io\/","logo":{"@type":"ImageObject","inLanguage":"vi","@id":"https:\/\/www.hydrax.io\/#\/schema\/logo\/image\/","url":"https:\/\/www.hydrax.io\/wp-content\/uploads\/2019\/10\/Hydra-X-Logo-Blue.png","contentUrl":"https:\/\/www.hydrax.io\/wp-content\/uploads\/2019\/10\/Hydra-X-Logo-Blue.png","width":1052,"height":849,"caption":"Hydra X"},"image":{"@id":"https:\/\/www.hydrax.io\/#\/schema\/logo\/image\/"}}]}},"_links":{"self":[{"href":"https:\/\/www.hydrax.io\/vn\/wp-json\/wp\/v2\/pages\/25580"}],"collection":[{"href":"https:\/\/www.hydrax.io\/vn\/wp-json\/wp\/v2\/pages"}],"about":[{"href":"https:\/\/www.hydrax.io\/vn\/wp-json\/wp\/v2\/types\/page"}],"author":[{"embeddable":true,"href":"https:\/\/www.hydrax.io\/vn\/wp-json\/wp\/v2\/users\/33"}],"replies":[{"embeddable":true,"href":"https:\/\/www.hydrax.io\/vn\/wp-json\/wp\/v2\/comments?post=25580"}],"version-history":[{"count":11,"href":"https:\/\/www.hydrax.io\/vn\/wp-json\/wp\/v2\/pages\/25580\/revisions"}],"predecessor-version":[{"id":25595,"href":"https:\/\/www.hydrax.io\/vn\/wp-json\/wp\/v2\/pages\/25580\/revisions\/25595"}],"up":[{"embeddable":true,"href":"https:\/\/www.hydrax.io\/vn\/wp-json\/wp\/v2\/pages\/1158"}],"wp:featuredmedia":[{"embeddable":true,"href":"https:\/\/www.hydrax.io\/vn\/wp-json\/wp\/v2\/media\/25581"}],"wp:attachment":[{"href":"https:\/\/www.hydrax.io\/vn\/wp-json\/wp\/v2\/media?parent=25580"}],"curies":[{"name":"wp","href":"https:\/\/api.w.org\/{rel}","templated":true}]}}