{"id":26019,"date":"2026-03-10T10:11:47","date_gmt":"2026-03-10T02:11:47","guid":{"rendered":"https:\/\/www.hydrax.io\/?page_id=26019"},"modified":"2026-04-16T16:58:34","modified_gmt":"2026-04-16T08:58:34","slug":"hydra-x-partners-with-kyros-capital-to-tokenise-structured-investment-products","status":"publish","type":"page","link":"https:\/\/www.hydrax.io\/vn\/blog\/hydra-x-partners-with-kyros-capital-to-tokenise-structured-investment-products\/","title":{"rendered":"Hydra X H\u1ee3p t\u00e1c v\u1edbi Kyros Capital \u0111\u1ec3 Tokenise c\u00e1c S\u1ea3n ph\u1ea9m \u0110\u1ea7u t\u01b0 C\u1ea5u tr\u00fac"},"content":{"rendered":"<div data-elementor-type=\"wp-post\" data-elementor-id=\"26019\" class=\"elementor elementor-26019\" data-elementor-post-type=\"page\">\n\t\t\t\t\t\t<section class=\"elementor-section elementor-top-section elementor-element elementor-element-7bd2e7c0 elementor-section-content-top elementor-section-boxed elementor-section-height-default elementor-section-height-default\" data-id=\"7bd2e7c0\" data-element_type=\"section\" data-settings=\"{&quot;background_background&quot;:&quot;classic&quot;,&quot;animation&quot;:&quot;none&quot;}\">\n\t\t\t\t\t\t\t<div class=\"elementor-background-overlay\"><\/div>\n\t\t\t\t\t\t\t<div class=\"elementor-container elementor-column-gap-default\">\n\t\t\t\t\t<div class=\"elementor-column elementor-col-100 elementor-top-column elementor-element elementor-element-d279c4d\" data-id=\"d279c4d\" data-element_type=\"column\">\n\t\t\t<div class=\"elementor-widget-wrap\">\n\t\t\t\t\t\t\t<\/div>\n\t\t<\/div>\n\t\t\t\t\t<\/div>\n\t\t<\/section>\n\t\t\t\t<section class=\"elementor-section elementor-top-section elementor-element elementor-element-7bcd538e elementor-section-boxed elementor-section-height-default elementor-section-height-default\" data-id=\"7bcd538e\" data-element_type=\"section\" data-settings=\"{&quot;background_background&quot;:&quot;classic&quot;}\">\n\t\t\t\t\t\t<div class=\"elementor-container elementor-column-gap-default\">\n\t\t\t\t\t<div class=\"elementor-column elementor-col-100 elementor-top-column elementor-element elementor-element-1cbba6a5\" data-id=\"1cbba6a5\" data-element_type=\"column\">\n\t\t\t<div class=\"elementor-widget-wrap elementor-element-populated\">\n\t\t\t\t\t\t<div class=\"elementor-element elementor-element-65557e37 elementor-widget elementor-widget-heading\" data-id=\"65557e37\" data-element_type=\"widget\" data-widget_type=\"heading.default\">\n\t\t\t\t<div class=\"elementor-widget-container\">\n\t\t\t<h3 class=\"elementor-heading-title elementor-size-default\">Hydra X H\u1ee3p t\u00e1c v\u1edbi Kyros Capital \u0111\u1ec3 Tokenise c\u00e1c S\u1ea3n ph\u1ea9m \u0110\u1ea7u t\u01b0 C\u1ea5u tr\u00fac<\/h3>\t\t<\/div>\n\t\t\t\t<\/div>\n\t\t\t\t<section class=\"elementor-section elementor-inner-section elementor-element elementor-element-032ff6c elementor-section-boxed elementor-section-height-default elementor-section-height-default\" data-id=\"032ff6c\" data-element_type=\"section\">\n\t\t\t\t\t\t<div class=\"elementor-container elementor-column-gap-default\">\n\t\t\t\t\t<div class=\"elementor-column elementor-col-50 elementor-inner-column elementor-element elementor-element-f591468\" data-id=\"f591468\" data-element_type=\"column\">\n\t\t\t<div class=\"elementor-widget-wrap elementor-element-populated\">\n\t\t\t\t\t\t<div class=\"elementor-element elementor-element-177a2162 elementor-widget-tablet__width-inherit elementor-widget elementor-widget-text-editor\" data-id=\"177a2162\" data-element_type=\"widget\" data-widget_type=\"text-editor.default\">\n\t\t\t\t<div class=\"elementor-widget-container\">\n\t\t\t\t\t\t\t<article><div><section class=\"eh ei ej ek el\"><div class=\"n p\"><div class=\"z ab ac ae af em ah ai\"><p id=\"94fc\" class=\"hh hi cl bq hj b hk hl hm hn ho hp hq hr hs ht hu eh\" data-selectable-paragraph=\"\"><time class=\"article-timestamp\" datetime=\"2017-07-21T19:31:04.302Z\" data-type=\"updated\" data-status=\"localized\">10 Th\u00e1ng 3 2026, 10:00 S\u00e1ng (SGT)<\/time><\/p><\/div><\/div><\/section><\/div><\/article>\t\t\t\t\t\t<\/div>\n\t\t\t\t<\/div>\n\t\t\t\t\t<\/div>\n\t\t<\/div>\n\t\t\t\t<div class=\"elementor-column elementor-col-50 elementor-inner-column elementor-element elementor-element-ad5d138\" data-id=\"ad5d138\" data-element_type=\"column\">\n\t\t\t<div class=\"elementor-widget-wrap\">\n\t\t\t\t\t\t\t<\/div>\n\t\t<\/div>\n\t\t\t\t\t<\/div>\n\t\t<\/section>\n\t\t\t\t<div class=\"elementor-element elementor-element-490d3ff elementor-widget-tablet__width-inherit elementor-widget elementor-widget-text-editor\" data-id=\"490d3ff\" data-element_type=\"widget\" data-widget_type=\"text-editor.default\">\n\t\t\t\t<div class=\"elementor-widget-container\">\n\t\t\t\t\t\t\t<article><p><strong>Singapore, 10 Th\u00e1ng 3 2026 - <\/strong>\u00a0Hydra X vui m\u1eebng th\u00f4ng b\u00e1o v\u1ec1 quan h\u1ec7 h\u1ee3p t\u00e1c chi\u1ebfn l\u01b0\u1ee3c v\u1edbi <a href=\"https:\/\/www.kyroscap.com\/\"><b>Kyros Capital<\/b><\/a> nh\u1eb1m \u0111\u01b0a c\u00e1c s\u1ea3n ph\u1ea9m \u0111\u1ea7u t\u01b0 c\u1ea5u tr\u00fac \u0111\u01b0\u1ee3c qu\u1ea3n l\u00fd l\u00ean h\u1ea1 t\u1ea7ng th\u1ecb tr\u01b0\u1eddng v\u1ed1n tokenised.<br \/><br aria-hidden=\"true\" \/>Th\u00f4ng qua s\u1ef1 h\u1ee3p t\u00e1c n\u00e0y, c\u00e1c s\u1ea3n ph\u1ea9m \u0111\u1ea7u t\u01b0 c\u1ea5u tr\u00fac do Kyros Capital s\u1eafp x\u1ebfp s\u1ebd \u0111\u01b0\u1ee3c <b>tokenise b\u1eb1ng h\u1ea1 t\u1ea7ng c\u1ee7a Hydra X<\/b>, cho ph\u00e9p <b>c\u00e1c nh\u00e0 \u0111\u1ea7u t\u01b0 \u0111\u01b0\u1ee3c c\u00f4ng nh\u1eadn<\/b> ti\u1ebfp c\u1eadn c\u00e1c c\u00f4ng c\u1ee5 th\u1ecb tr\u01b0\u1eddng v\u1ed1n \u0111\u01b0\u1ee3c qu\u1ea3n l\u00fd th\u00f4ng qua h\u1ea1 t\u1ea7ng tokenised.<br \/><br aria-hidden=\"true\" \/>Kyros Capital l\u00e0 m\u1ed9t \u0111\u01a1n v\u1ecb chuy\u00ean v\u1ec1 t\u00e0i ch\u00ednh c\u1ea5u tr\u00fac c\u00f3 tr\u1ee5 s\u1edf t\u1ea1i Singapore, v\u1edbi c\u00e1c v\u0103n ph\u00f2ng t\u1ea1i Hong Kong v\u00e0 Zurich. C\u00f4ng ty thi\u1ebft l\u1eadp c\u00e1c <b>c\u1ea5u tr\u00fac bankruptcy-remote \u0111\u1eb7t t\u1ea1i Luxembourg<\/b> \u0111\u1ec3 ph\u00e1t h\u00e0nh c\u00e1c s\u1ea3n ph\u1ea9m \u0111\u1ea7u t\u01b0 nh\u01b0 <b>Actively Managed Certificates (AMCs)<\/b> v\u00e0 <b>Credit Linked Notes (CLNs)<\/b>, m\u1ed7i s\u1ea3n ph\u1ea9m c\u00f3 <b>ISIN<\/b> ri\u00eang v\u00e0 c\u00f3 th\u1ec3 \u0111\u01b0\u1ee3c thanh to\u00e1n th\u00f4ng qua c\u00e1c h\u1ea1 t\u1ea7ng th\u1ecb tr\u01b0\u1eddng \u0111\u00e3 \u0111\u01b0\u1ee3c thi\u1ebft l\u1eadp nh\u01b0 <b>Euroclear<\/b>.<br \/><br aria-hidden=\"true\" \/>Quan h\u1ec7 h\u1ee3p t\u00e1c n\u00e0y k\u1ebft n\u1ed1i <b>th\u1ecb tr\u01b0\u1eddng v\u1ed1n truy\u1ec1n th\u1ed1ng v\u00e0 h\u1ea1 t\u1ea7ng t\u00e0i s\u1ea3n s\u1ed1<\/b>, m\u1edf r\u1ed9ng kh\u1ea3 n\u0103ng ti\u1ebfp c\u1eadn c\u00e1c s\u1ea3n ph\u1ea9m \u0111\u1ea7u t\u01b0 chu\u1ea9n t\u1ed5 ch\u1ee9c th\u00f4ng qua tokenisation.<\/p><\/article><p>-H\u1ebeT-<\/p><h6>\u00a0<\/h6><h6><b>Li\u00ean h\u1ec7 Truy\u1ec1n th\u00f4ng\u00a0<\/b><\/h6><p>Hydra X<\/p><p><a href=\"mailto:marketing@hydrax.io\">marketing@hydrax.io<\/a><\/p>\t\t\t\t\t\t<\/div>\n\t\t\t\t<\/div>\n\t\t\t\t<div class=\"elementor-element elementor-element-751e02a elementor-widget-divider--view-line elementor-widget elementor-widget-divider\" data-id=\"751e02a\" data-element_type=\"widget\" data-widget_type=\"divider.default\">\n\t\t\t\t<div class=\"elementor-widget-container\">\n\t\t\t\t\t<div class=\"elementor-divider\">\n\t\t\t<span class=\"elementor-divider-separator\">\n\t\t\t\t\t\t<\/span>\n\t\t<\/div>\n\t\t\t\t<\/div>\n\t\t\t\t<\/div>\n\t\t\t\t<div class=\"elementor-element elementor-element-ba27c05 elementor-align-right elementor-widget elementor-widget-button\" data-id=\"ba27c05\" data-element_type=\"widget\" data-widget_type=\"button.default\">\n\t\t\t\t<div class=\"elementor-widget-container\">\n\t\t\t\t\t<div class=\"elementor-button-wrapper\">\n\t\t\t<a class=\"elementor-button elementor-button-link elementor-size-sm\" href=\"https:\/\/www.hydrax.io\/vn\/blog\/\">\n\t\t\t\t\t\t<span class=\"elementor-button-content-wrapper\">\n\t\t\t\t\t\t<span class=\"elementor-button-icon\">\n\t\t\t\t<i aria-hidden=\"true\" class=\"fas fa-angle-left\"><\/i>\t\t\t<\/span>\n\t\t\t\t\t\t\t\t\t<span class=\"elementor-button-text\">QUAY L\u1ea0I BLOG<\/span>\n\t\t\t\t\t<\/span>\n\t\t\t\t\t<\/a>\n\t\t<\/div>\n\t\t\t\t<\/div>\n\t\t\t\t<\/div>\n\t\t\t\t\t<\/div>\n\t\t<\/div>\n\t\t\t\t\t<\/div>\n\t\t<\/section>\n\t\t\t\t<\/div>","protected":false},"excerpt":{"rendered":"<p>Hydra X Partners with Kyros Capital to Tokenise Structured Investment Products 10 Mar 2026, 10:00 AM SGT Singapore, 10 Mar 2026 \u2013 \u00a0Hydra X is pleased to announce a strategic partnership with Kyros Capital to bring regulated structured investment products onto tokenised capital market infrastructure.Through this collaboration, structured investment products arranged by Kyros Capital will [&hellip;]<\/p>","protected":false},"author":33,"featured_media":26021,"parent":1158,"menu_order":0,"comment_status":"closed","ping_status":"closed","template":"","meta":{"_monsterinsights_skip_tracking":false,"_monsterinsights_sitenote_active":false,"_monsterinsights_sitenote_note":"","_monsterinsights_sitenote_category":0,"footnotes":""},"class_list":["post-26019","page","type-page","status-publish","has-post-thumbnail","hentry"],"yoast_head":"<!-- This site is optimized with the Yoast SEO plugin v23.6 - https:\/\/yoast.com\/wordpress\/plugins\/seo\/ -->\n<title>Hydra X Partners with Kyros Capital to Tokenise Structured Investment Products<\/title>\n<meta name=\"description\" content=\"Hydra X partners with Kyros Capital to tokenise investment products, enabling more efficient access, transparency, and innovation in digital capital markets.\" \/>\n<meta name=\"robots\" content=\"index, follow, max-snippet:-1, max-image-preview:large, max-video-preview:-1\" \/>\n<link rel=\"canonical\" href=\"https:\/\/www.hydrax.io\/vn\/blog\/hydra-x-partners-with-kyros-capital-to-tokenise-structured-investment-products\/\" \/>\n<meta property=\"og:locale\" content=\"vi_VN\" \/>\n<meta property=\"og:type\" content=\"article\" \/>\n<meta property=\"og:title\" content=\"Hydra X Partners with Kyros Capital to Tokenise Structured Investment Products\" \/>\n<meta property=\"og:description\" content=\"Hydra X partners with Kyros Capital to tokenise investment products, enabling more efficient access, transparency, and innovation in digital capital markets.\" \/>\n<meta property=\"og:url\" content=\"https:\/\/www.hydrax.io\/vn\/blog\/hydra-x-partners-with-kyros-capital-to-tokenise-structured-investment-products\/\" \/>\n<meta property=\"og:site_name\" content=\"Hydra X\" \/>\n<meta property=\"article:modified_time\" content=\"2026-04-16T08:58:34+00:00\" \/>\n<meta property=\"og:image\" content=\"https:\/\/www.hydrax.io\/wp-content\/uploads\/2026\/03\/Hydra-X-Kyros-Capital.png\" \/>\n\t<meta property=\"og:image:width\" content=\"1200\" \/>\n\t<meta property=\"og:image:height\" content=\"627\" \/>\n\t<meta property=\"og:image:type\" content=\"image\/png\" \/>\n<meta name=\"twitter:card\" content=\"summary_large_image\" \/>\n<meta name=\"twitter:label1\" content=\"\u01af\u1edbc t\u00ednh th\u1eddi gian \u0111\u1ecdc\" \/>\n\t<meta name=\"twitter:data1\" content=\"1 ph\u00fat\" \/>\n<script type=\"application\/ld+json\" class=\"yoast-schema-graph\">{\"@context\":\"https:\/\/schema.org\",\"@graph\":[{\"@type\":\"WebPage\",\"@id\":\"https:\/\/www.hydrax.io\/blog\/hydra-x-partners-with-kyros-capital-to-tokenise-structured-investment-products\/\",\"url\":\"https:\/\/www.hydrax.io\/blog\/hydra-x-partners-with-kyros-capital-to-tokenise-structured-investment-products\/\",\"name\":\"Hydra X Partners with Kyros Capital to Tokenise Structured Investment Products\",\"isPartOf\":{\"@id\":\"https:\/\/www.hydrax.io\/#website\"},\"primaryImageOfPage\":{\"@id\":\"https:\/\/www.hydrax.io\/blog\/hydra-x-partners-with-kyros-capital-to-tokenise-structured-investment-products\/#primaryimage\"},\"image\":{\"@id\":\"https:\/\/www.hydrax.io\/blog\/hydra-x-partners-with-kyros-capital-to-tokenise-structured-investment-products\/#primaryimage\"},\"thumbnailUrl\":\"https:\/\/www.hydrax.io\/wp-content\/uploads\/2026\/03\/Hydra-X-Kyros-Capital.png\",\"datePublished\":\"2026-03-10T02:11:47+00:00\",\"dateModified\":\"2026-04-16T08:58:34+00:00\",\"description\":\"Hydra X partners with Kyros Capital to tokenise investment products, enabling more efficient access, transparency, and innovation in digital capital markets.\",\"breadcrumb\":{\"@id\":\"https:\/\/www.hydrax.io\/blog\/hydra-x-partners-with-kyros-capital-to-tokenise-structured-investment-products\/#breadcrumb\"},\"inLanguage\":\"vi\",\"potentialAction\":[{\"@type\":\"ReadAction\",\"target\":[\"https:\/\/www.hydrax.io\/blog\/hydra-x-partners-with-kyros-capital-to-tokenise-structured-investment-products\/\"]}]},{\"@type\":\"ImageObject\",\"inLanguage\":\"vi\",\"@id\":\"https:\/\/www.hydrax.io\/blog\/hydra-x-partners-with-kyros-capital-to-tokenise-structured-investment-products\/#primaryimage\",\"url\":\"https:\/\/www.hydrax.io\/wp-content\/uploads\/2026\/03\/Hydra-X-Kyros-Capital.png\",\"contentUrl\":\"https:\/\/www.hydrax.io\/wp-content\/uploads\/2026\/03\/Hydra-X-Kyros-Capital.png\",\"width\":1200,\"height\":627},{\"@type\":\"BreadcrumbList\",\"@id\":\"https:\/\/www.hydrax.io\/blog\/hydra-x-partners-with-kyros-capital-to-tokenise-structured-investment-products\/#breadcrumb\",\"itemListElement\":[{\"@type\":\"ListItem\",\"position\":1,\"name\":\"Home\",\"item\":\"https:\/\/www.hydrax.io\/\"},{\"@type\":\"ListItem\",\"position\":2,\"name\":\"HydraX Blog\",\"item\":\"https:\/\/www.hydrax.io\/blog\/\"},{\"@type\":\"ListItem\",\"position\":3,\"name\":\"Hydra X Partners with Kyros Capital to Tokenise Structured Investment Products\"}]},{\"@type\":\"WebSite\",\"@id\":\"https:\/\/www.hydrax.io\/#website\",\"url\":\"https:\/\/www.hydrax.io\/\",\"name\":\"Hydra X\",\"description\":\"Professional Trading Technology\",\"publisher\":{\"@id\":\"https:\/\/www.hydrax.io\/#organization\"},\"potentialAction\":[{\"@type\":\"SearchAction\",\"target\":{\"@type\":\"EntryPoint\",\"urlTemplate\":\"https:\/\/www.hydrax.io\/?s={search_term_string}\"},\"query-input\":{\"@type\":\"PropertyValueSpecification\",\"valueRequired\":true,\"valueName\":\"search_term_string\"}}],\"inLanguage\":\"vi\"},{\"@type\":\"Organization\",\"@id\":\"https:\/\/www.hydrax.io\/#organization\",\"name\":\"Hydra X\",\"url\":\"https:\/\/www.hydrax.io\/\",\"logo\":{\"@type\":\"ImageObject\",\"inLanguage\":\"vi\",\"@id\":\"https:\/\/www.hydrax.io\/#\/schema\/logo\/image\/\",\"url\":\"https:\/\/www.hydrax.io\/wp-content\/uploads\/2019\/10\/Hydra-X-Logo-Blue.png\",\"contentUrl\":\"https:\/\/www.hydrax.io\/wp-content\/uploads\/2019\/10\/Hydra-X-Logo-Blue.png\",\"width\":1052,\"height\":849,\"caption\":\"Hydra X\"},\"image\":{\"@id\":\"https:\/\/www.hydrax.io\/#\/schema\/logo\/image\/\"}}]}<\/script>\n<!-- \/ Yoast SEO plugin. -->","yoast_head_json":{"title":"Hydra X H\u1ee3p t\u00e1c v\u1edbi Kyros Capital \u0111\u1ec3 Tokenise c\u00e1c S\u1ea3n ph\u1ea9m \u0110\u1ea7u t\u01b0 C\u1ea5u tr\u00fac","description":"Hydra X partners with Kyros Capital to tokenise investment products, enabling more efficient access, transparency, and innovation in digital capital markets.","robots":{"index":"index","follow":"follow","max-snippet":"max-snippet:-1","max-image-preview":"max-image-preview:large","max-video-preview":"max-video-preview:-1"},"canonical":"https:\/\/www.hydrax.io\/vn\/blog\/hydra-x-partners-with-kyros-capital-to-tokenise-structured-investment-products\/","og_locale":"vi_VN","og_type":"article","og_title":"Hydra X Partners with Kyros Capital to Tokenise Structured Investment Products","og_description":"Hydra X partners with Kyros Capital to tokenise investment products, enabling more efficient access, transparency, and innovation in digital capital markets.","og_url":"https:\/\/www.hydrax.io\/vn\/blog\/hydra-x-partners-with-kyros-capital-to-tokenise-structured-investment-products\/","og_site_name":"Hydra X","article_modified_time":"2026-04-16T08:58:34+00:00","og_image":[{"width":1200,"height":627,"url":"https:\/\/www.hydrax.io\/wp-content\/uploads\/2026\/03\/Hydra-X-Kyros-Capital.png","type":"image\/png"}],"twitter_card":"summary_large_image","twitter_misc":{"\u01af\u1edbc t\u00ednh th\u1eddi gian \u0111\u1ecdc":"1 ph\u00fat"},"schema":{"@context":"https:\/\/schema.org","@graph":[{"@type":"WebPage","@id":"https:\/\/www.hydrax.io\/blog\/hydra-x-partners-with-kyros-capital-to-tokenise-structured-investment-products\/","url":"https:\/\/www.hydrax.io\/blog\/hydra-x-partners-with-kyros-capital-to-tokenise-structured-investment-products\/","name":"Hydra X H\u1ee3p t\u00e1c v\u1edbi Kyros Capital \u0111\u1ec3 Tokenise c\u00e1c S\u1ea3n ph\u1ea9m \u0110\u1ea7u t\u01b0 C\u1ea5u tr\u00fac","isPartOf":{"@id":"https:\/\/www.hydrax.io\/#website"},"primaryImageOfPage":{"@id":"https:\/\/www.hydrax.io\/blog\/hydra-x-partners-with-kyros-capital-to-tokenise-structured-investment-products\/#primaryimage"},"image":{"@id":"https:\/\/www.hydrax.io\/blog\/hydra-x-partners-with-kyros-capital-to-tokenise-structured-investment-products\/#primaryimage"},"thumbnailUrl":"https:\/\/www.hydrax.io\/wp-content\/uploads\/2026\/03\/Hydra-X-Kyros-Capital.png","datePublished":"2026-03-10T02:11:47+00:00","dateModified":"2026-04-16T08:58:34+00:00","description":"Hydra X partners with Kyros Capital to tokenise investment products, enabling more efficient access, transparency, and innovation in digital capital markets.","breadcrumb":{"@id":"https:\/\/www.hydrax.io\/blog\/hydra-x-partners-with-kyros-capital-to-tokenise-structured-investment-products\/#breadcrumb"},"inLanguage":"vi","potentialAction":[{"@type":"ReadAction","target":["https:\/\/www.hydrax.io\/blog\/hydra-x-partners-with-kyros-capital-to-tokenise-structured-investment-products\/"]}]},{"@type":"ImageObject","inLanguage":"vi","@id":"https:\/\/www.hydrax.io\/blog\/hydra-x-partners-with-kyros-capital-to-tokenise-structured-investment-products\/#primaryimage","url":"https:\/\/www.hydrax.io\/wp-content\/uploads\/2026\/03\/Hydra-X-Kyros-Capital.png","contentUrl":"https:\/\/www.hydrax.io\/wp-content\/uploads\/2026\/03\/Hydra-X-Kyros-Capital.png","width":1200,"height":627},{"@type":"BreadcrumbList","@id":"https:\/\/www.hydrax.io\/blog\/hydra-x-partners-with-kyros-capital-to-tokenise-structured-investment-products\/#breadcrumb","itemListElement":[{"@type":"ListItem","position":1,"name":"Home","item":"https:\/\/www.hydrax.io\/"},{"@type":"ListItem","position":2,"name":"HydraX Blog","item":"https:\/\/www.hydrax.io\/blog\/"},{"@type":"ListItem","position":3,"name":"Hydra X Partners with Kyros Capital to Tokenise Structured Investment Products"}]},{"@type":"WebSite","@id":"https:\/\/www.hydrax.io\/#website","url":"https:\/\/www.hydrax.io\/","name":"Hydra X","description":"Professional Trading Technology","publisher":{"@id":"https:\/\/www.hydrax.io\/#organization"},"potentialAction":[{"@type":"SearchAction","target":{"@type":"EntryPoint","urlTemplate":"https:\/\/www.hydrax.io\/?s={search_term_string}"},"query-input":{"@type":"PropertyValueSpecification","valueRequired":true,"valueName":"search_term_string"}}],"inLanguage":"vi"},{"@type":"Organization","@id":"https:\/\/www.hydrax.io\/#organization","name":"Hydra X","url":"https:\/\/www.hydrax.io\/","logo":{"@type":"ImageObject","inLanguage":"vi","@id":"https:\/\/www.hydrax.io\/#\/schema\/logo\/image\/","url":"https:\/\/www.hydrax.io\/wp-content\/uploads\/2019\/10\/Hydra-X-Logo-Blue.png","contentUrl":"https:\/\/www.hydrax.io\/wp-content\/uploads\/2019\/10\/Hydra-X-Logo-Blue.png","width":1052,"height":849,"caption":"Hydra X"},"image":{"@id":"https:\/\/www.hydrax.io\/#\/schema\/logo\/image\/"}}]}},"_links":{"self":[{"href":"https:\/\/www.hydrax.io\/vn\/wp-json\/wp\/v2\/pages\/26019"}],"collection":[{"href":"https:\/\/www.hydrax.io\/vn\/wp-json\/wp\/v2\/pages"}],"about":[{"href":"https:\/\/www.hydrax.io\/vn\/wp-json\/wp\/v2\/types\/page"}],"author":[{"embeddable":true,"href":"https:\/\/www.hydrax.io\/vn\/wp-json\/wp\/v2\/users\/33"}],"replies":[{"embeddable":true,"href":"https:\/\/www.hydrax.io\/vn\/wp-json\/wp\/v2\/comments?post=26019"}],"version-history":[{"count":8,"href":"https:\/\/www.hydrax.io\/vn\/wp-json\/wp\/v2\/pages\/26019\/revisions"}],"predecessor-version":[{"id":26029,"href":"https:\/\/www.hydrax.io\/vn\/wp-json\/wp\/v2\/pages\/26019\/revisions\/26029"}],"up":[{"embeddable":true,"href":"https:\/\/www.hydrax.io\/vn\/wp-json\/wp\/v2\/pages\/1158"}],"wp:featuredmedia":[{"embeddable":true,"href":"https:\/\/www.hydrax.io\/vn\/wp-json\/wp\/v2\/media\/26021"}],"wp:attachment":[{"href":"https:\/\/www.hydrax.io\/vn\/wp-json\/wp\/v2\/media?parent=26019"}],"curies":[{"name":"wp","href":"https:\/\/api.w.org\/{rel}","templated":true}]}}