{"id":4238,"date":"2019-10-25T17:19:06","date_gmt":"2019-10-25T09:19:06","guid":{"rendered":"https:\/\/www.hydrax.io\/?page_id=4238"},"modified":"2025-01-02T11:08:31","modified_gmt":"2025-01-02T03:08:31","slug":"enterprise-solutions","status":"publish","type":"page","link":"https:\/\/www.hydrax.io\/vn\/enterprise-solutions\/","title":{"rendered":"Technology &#8211; Exchange Solutions"},"content":{"rendered":"<div data-elementor-type=\"wp-post\" data-elementor-id=\"4238\" class=\"elementor elementor-4238\" data-elementor-post-type=\"page\">\n\t\t\t\t<div class=\"elementor-element elementor-element-68bba2d e-flex e-con-boxed e-con e-parent\" data-id=\"68bba2d\" data-element_type=\"container\" data-settings=\"{&quot;background_background&quot;:&quot;classic&quot;}\">\n\t\t\t\t\t<div class=\"e-con-inner\">\n\t\t<div class=\"elementor-element elementor-element-1d28403 e-con-full e-flex e-con e-child\" data-id=\"1d28403\" data-element_type=\"container\">\n\t\t\t\t<div class=\"elementor-element elementor-element-b01bcb8 elementor-widget elementor-widget-heading\" data-id=\"b01bcb8\" data-element_type=\"widget\" data-widget_type=\"heading.default\">\n\t\t\t\t<div class=\"elementor-widget-container\">\n\t\t\t<h5 class=\"elementor-heading-title elementor-size-default\">C\u00d4NG NGH\u1ec6 TH\u1eca TR\u01af\u1edcNG<\/h5>\t\t<\/div>\n\t\t\t\t<\/div>\n\t\t\t\t<div class=\"elementor-element elementor-element-6bff878 elementor-widget elementor-widget-heading\" data-id=\"6bff878\" data-element_type=\"widget\" data-widget_type=\"heading.default\">\n\t\t\t\t<div class=\"elementor-widget-container\">\n\t\t\t<h2 class=\"elementor-heading-title elementor-size-default\">Gi\u1ea3i ph\u00e1p s\u00e0n giao d\u1ecbch c\u1ed1t l\u00f5i<\/h2>\t\t<\/div>\n\t\t\t\t<\/div>\n\t\t\t\t<\/div>\n\t\t\t\t<div class=\"elementor-element elementor-element-08bce3a elementor-align-left elementor-widget__width-inherit elementor-widget elementor-widget-button\" data-id=\"08bce3a\" data-element_type=\"widget\" data-widget_type=\"button.default\">\n\t\t\t\t<div class=\"elementor-widget-container\">\n\t\t\t\t\t<div class=\"elementor-button-wrapper\">\n\t\t\t<a class=\"elementor-button elementor-button-link elementor-size-md\" href=\"#contact\">\n\t\t\t\t\t\t<span class=\"elementor-button-content-wrapper\">\n\t\t\t\t\t\t\t\t\t<span class=\"elementor-button-text\">Y\u00caU C\u1ea6U B\u1ea2N DEMO<\/span>\n\t\t\t\t\t<\/span>\n\t\t\t\t\t<\/a>\n\t\t<\/div>\n\t\t\t\t<\/div>\n\t\t\t\t<\/div>\n\t\t\t\t\t<\/div>\n\t\t\t\t<\/div>\n\t\t<div class=\"elementor-element elementor-element-9b539b3 e-flex e-con-boxed e-con e-parent\" data-id=\"9b539b3\" data-element_type=\"container\" data-settings=\"{&quot;background_background&quot;:&quot;classic&quot;}\">\n\t\t\t\t\t<div class=\"e-con-inner\">\n\t\t<div class=\"elementor-element elementor-element-1fda328 e-con-full e-flex elementor-invisible e-con e-child\" data-id=\"1fda328\" data-element_type=\"container\" data-settings=\"{&quot;background_background&quot;:&quot;classic&quot;,&quot;animation&quot;:&quot;fadeInUp&quot;}\">\n\t\t\t\t<div class=\"elementor-element elementor-element-792325f elementor-widget elementor-widget-spacer\" data-id=\"792325f\" data-element_type=\"widget\" data-widget_type=\"spacer.default\">\n\t\t\t\t<div class=\"elementor-widget-container\">\n\t\t\t\t\t<div class=\"elementor-spacer\">\n\t\t\t<div class=\"elementor-spacer-inner\"><\/div>\n\t\t<\/div>\n\t\t\t\t<\/div>\n\t\t\t\t<\/div>\n\t\t\t\t<\/div>\n\t\t<div class=\"elementor-element elementor-element-1fe400f e-con-full e-flex elementor-invisible e-con e-child\" data-id=\"1fe400f\" data-element_type=\"container\" data-settings=\"{&quot;animation&quot;:&quot;fadeInUp&quot;,&quot;animation_delay&quot;:400}\">\n\t\t<div class=\"elementor-element elementor-element-8eec67d e-con-full e-flex e-con e-child\" data-id=\"8eec67d\" data-element_type=\"container\">\n\t\t\t\t<div class=\"elementor-element elementor-element-38fad75 elementor-widget elementor-widget-heading\" data-id=\"38fad75\" data-element_type=\"widget\" data-widget_type=\"heading.default\">\n\t\t\t\t<div class=\"elementor-widget-container\">\n\t\t\t<h5 class=\"elementor-heading-title elementor-size-default\">C\u00d4NG NGH\u1ec6 C\u1ee6A CH\u00daNG T\u00d4I<\/h5>\t\t<\/div>\n\t\t\t\t<\/div>\n\t\t\t\t<div class=\"elementor-element elementor-element-6aef59b elementor-widget__width-inherit elementor-widget elementor-widget-text-editor\" data-id=\"6aef59b\" data-element_type=\"widget\" data-widget_type=\"text-editor.default\">\n\t\t\t\t<div class=\"elementor-widget-container translation-block\">C\u00f4ng ngh\u1ec7 s\u00e0n giao d\u1ecbch c\u1ee7a ch\u00fang t\u00f4i h\u1ed7 tr\u1ee3 th\u1ecb tr\u01b0\u1eddng th\u1ee9 c\u1ea5p cho <span class=\"responsive-text\" style=\"color: #20b3ab;font-family: 'Source Serif Pro';font-weight: 500\"><em>t\u00e0i s\u1ea3n truy\u1ec1n th\u1ed1ng v\u00e0 t\u00e0i s\u1ea3n m\u00e3 h\u00f3a<\/em><\/span>, cho ph\u00e9p <span class=\"responsive-text\" style=\"color: #20b3ab;font-family: 'Source Serif Pro';font-weight: 500\"><em> t\u01b0\u01a1ng t\u00e1c li\u1ec1n m\u1ea1ch<\/em><\/span> gi\u1eefa nhi\u1ec1u lo\u1ea1i t\u00e0i s\u1ea3n v\u00e0 nhi\u1ec1u m\u00f4 h\u00ecnh th\u1ecb tr\u01b0\u1eddng \u2013 t\u1ea5t c\u1ea3 tr\u00ean m\u1ed9t n\u1ec1n t\u1ea3ng duy nh\u1ea5t.<\/div>\n\t\t\t\t<\/div>\n\t\t\t\t<\/div>\n\t\t\t\t<\/div>\n\t\t\t\t\t<\/div>\n\t\t\t\t<\/div>\n\t\t<div class=\"elementor-element elementor-element-0f5772d e-flex e-con-boxed e-con e-parent\" data-id=\"0f5772d\" data-element_type=\"container\" data-settings=\"{&quot;background_background&quot;:&quot;classic&quot;}\">\n\t\t\t\t\t<div class=\"e-con-inner\">\n\t\t\t\t<div class=\"elementor-element elementor-element-8ea8551 elementor-widget__width-initial elementor-widget elementor-widget-text-editor\" data-id=\"8ea8551\" data-element_type=\"widget\" data-widget_type=\"text-editor.default\">\n\t\t\t\t<div class=\"elementor-widget-container translation-block\">Ch\u00fang t\u00f4i h\u1ed7 tr\u1ee3 <span class=\"highlighted-text\">Nhi\u1ec1u m\u00f4 h\u00ecnh th\u1ecb tr\u01b0\u1eddng<\/span> tr\u00ean m\u1ed9t n\u1ec1n t\u1ea3ng duy nh\u1ea5t<\/div>\n\t\t\t\t<\/div>\n\t\t<div class=\"elementor-element elementor-element-f46856e e-con-full e-flex e-con e-child\" data-id=\"f46856e\" data-element_type=\"container\">\n\t\t<a class=\"elementor-element elementor-element-698df02 e-con-full e-flex elementor-invisible e-con e-child\" data-id=\"698df02\" data-element_type=\"container\" data-settings=\"{&quot;animation&quot;:&quot;fadeInRight&quot;}\" href=\"https:\/\/www.hydrax.io\/vn\/enterprise-solutions\/matching-engine\/\">\n\t\t\t\t<div class=\"elementor-element elementor-element-90c1e01 elementor-widget elementor-widget-image\" data-id=\"90c1e01\" data-element_type=\"widget\" data-widget_type=\"image.default\">\n\t\t\t\t<div class=\"elementor-widget-container\">\n\t\t\t\t\t\t\t\t\t\t\t\t\t<img decoding=\"async\" data-src=\"https:\/\/www.hydrax.io\/wp-content\/uploads\/2024\/11\/CLOB-1.png\" title=\"S\u1ed5 l\u1ec7nh t\u1eadp trung (CLOB)\" alt=\"\" loading=\"lazy\" src=\"data:image\/gif;base64,R0lGODlhAQABAAAAACH5BAEKAAEALAAAAAABAAEAAAICTAEAOw==\" class=\"lazyload\" style=\"--smush-placeholder-width: 76px; --smush-placeholder-aspect-ratio: 76\/80;\" \/><noscript><img decoding=\"async\" src=\"https:\/\/www.hydrax.io\/wp-content\/uploads\/2024\/11\/CLOB-1.png\" title=\"S\u1ed5 l\u1ec7nh t\u1eadp trung (CLOB)\" alt=\"\" loading=\"lazy\" \/><\/noscript>\t\t\t\t\t\t\t\t\t\t\t\t\t<\/div>\n\t\t\t\t<\/div>\n\t\t<div class=\"elementor-element elementor-element-24d039b e-con-full e-flex e-con e-child\" data-id=\"24d039b\" data-element_type=\"container\">\n\t\t\t\t<div class=\"elementor-element elementor-element-720ff18 elementor-widget__width-initial elementor-widget elementor-widget-heading\" data-id=\"720ff18\" data-element_type=\"widget\" data-widget_type=\"heading.default\">\n\t\t\t\t<div class=\"elementor-widget-container\">\n\t\t\t<h2 class=\"elementor-heading-title elementor-size-default translation-block\">S\u1ed5 l\u1ec7nh gi\u1edbi h\u1ea1n trung t\u00e2m (CLOB - Central Limit Order Book)<\/h2>\t\t<\/div>\n\t\t\t\t<\/div>\n\t\t\t\t<div class=\"elementor-element elementor-element-f64f6b4 elementor-widget__width-initial elementor-widget elementor-widget-text-editor\" data-id=\"f64f6b4\" data-element_type=\"widget\" data-widget_type=\"text-editor.default\">\n\t\t\t\t<div class=\"elementor-widget-container\">\n\t\t\t\t\t\t\t<p>C\u00f4ng c\u1ee5 kh\u1edbp l\u1ec7nh CLOB mang l\u1ea1i hi\u1ec7u n\u0103ng cao, \u0111\u1ed9 tr\u1ec5 c\u1ef1c th\u1ea5p v\u00e0 kh\u1ea3 n\u0103ng x\u1eed l\u00fd m\u1edf r\u1ed9ng, t\u1ed1i \u01b0u cho giao d\u1ecbch t\u1ed1c \u0111\u1ed9 cao.<\/p>\t\t\t\t\t\t<\/div>\n\t\t\t\t<\/div>\n\t\t\t\t<\/div>\n\t\t\t\t<\/a>\n\t\t<a class=\"elementor-element elementor-element-509c7ba e-con-full e-flex elementor-invisible e-con e-child\" data-id=\"509c7ba\" data-element_type=\"container\" data-settings=\"{&quot;animation&quot;:&quot;fadeInRight&quot;,&quot;animation_delay&quot;:400}\" href=\"https:\/\/www.hydrax.io\/vn\/enterprise-solutions\/rfq-otc\/\">\n\t\t\t\t<div class=\"elementor-element elementor-element-cb11c2d elementor-widget elementor-widget-image\" data-id=\"cb11c2d\" data-element_type=\"widget\" data-widget_type=\"image.default\">\n\t\t\t\t<div class=\"elementor-widget-container\">\n\t\t\t\t\t\t\t\t\t\t\t\t\t<img decoding=\"async\" data-src=\"https:\/\/www.hydrax.io\/wp-content\/uploads\/2024\/11\/RFQ-1.png\" title=\"Y\u00eau c\u1ea7u b\u00e1o gi\u00e1\" alt=\"\" loading=\"lazy\" src=\"data:image\/gif;base64,R0lGODlhAQABAAAAACH5BAEKAAEALAAAAAABAAEAAAICTAEAOw==\" class=\"lazyload\" style=\"--smush-placeholder-width: 97px; --smush-placeholder-aspect-ratio: 97\/80;\" \/><noscript><img decoding=\"async\" src=\"https:\/\/www.hydrax.io\/wp-content\/uploads\/2024\/11\/RFQ-1.png\" title=\"Y\u00eau c\u1ea7u b\u00e1o gi\u00e1\" alt=\"\" loading=\"lazy\" \/><\/noscript>\t\t\t\t\t\t\t\t\t\t\t\t\t<\/div>\n\t\t\t\t<\/div>\n\t\t<div class=\"elementor-element elementor-element-2e9a0f6 e-con-full e-flex e-con e-child\" data-id=\"2e9a0f6\" data-element_type=\"container\">\n\t\t\t\t<div class=\"elementor-element elementor-element-07e29bc elementor-widget__width-initial elementor-widget elementor-widget-heading\" data-id=\"07e29bc\" data-element_type=\"widget\" data-widget_type=\"heading.default\">\n\t\t\t\t<div class=\"elementor-widget-container\">\n\t\t\t<h2 class=\"elementor-heading-title elementor-size-default\">Y\u00eau c\u1ea7u b\u00e1o gi\u00e1 (RFQ)<\/h2>\t\t<\/div>\n\t\t\t\t<\/div>\n\t\t\t\t<div class=\"elementor-element elementor-element-5fa308e elementor-widget__width-initial elementor-widget elementor-widget-text-editor\" data-id=\"5fa308e\" data-element_type=\"widget\" data-widget_type=\"text-editor.default\">\n\t\t\t\t<div class=\"elementor-widget-container\">\n\t\t\t\t\t\t\t<p>H\u1ec7 th\u1ed1ng RFQ c\u1ee7a ch\u00fang t\u00f4i cho ph\u00e9p \u0111\u00e0m ph\u00e1n song ph\u01b0\u01a1ng v\u00e0 \u0111a ph\u01b0\u01a1ng li\u1ec1n m\u1ea1ch.<\/p>\t\t\t\t\t\t<\/div>\n\t\t\t\t<\/div>\n\t\t\t\t<\/div>\n\t\t\t\t<\/a>\n\t\t<a class=\"elementor-element elementor-element-b108b5d e-con-full e-flex elementor-invisible e-con e-child\" data-id=\"b108b5d\" data-element_type=\"container\" data-settings=\"{&quot;animation&quot;:&quot;fadeInRight&quot;,&quot;animation_delay&quot;:800}\" href=\"https:\/\/www.hydrax.io\/vn\/enterprise-solutions\/pricing-engine\/\">\n\t\t\t\t<div class=\"elementor-element elementor-element-8a6cd8b elementor-widget elementor-widget-image\" data-id=\"8a6cd8b\" data-element_type=\"widget\" data-widget_type=\"image.default\">\n\t\t\t\t<div class=\"elementor-widget-container\">\n\t\t\t\t\t\t\t\t\t\t\t\t\t<img decoding=\"async\" data-src=\"https:\/\/www.hydrax.io\/wp-content\/uploads\/2024\/11\/Price-Streaming-1.png\" title=\"Truy\u1ec1n ph\u00e1t gi\u00e1\" alt=\"\" loading=\"lazy\" src=\"data:image\/gif;base64,R0lGODlhAQABAAAAACH5BAEKAAEALAAAAAABAAEAAAICTAEAOw==\" class=\"lazyload\" style=\"--smush-placeholder-width: 52px; --smush-placeholder-aspect-ratio: 52\/80;\" \/><noscript><img decoding=\"async\" src=\"https:\/\/www.hydrax.io\/wp-content\/uploads\/2024\/11\/Price-Streaming-1.png\" title=\"Truy\u1ec1n ph\u00e1t gi\u00e1\" alt=\"\" loading=\"lazy\" \/><\/noscript>\t\t\t\t\t\t\t\t\t\t\t\t\t<\/div>\n\t\t\t\t<\/div>\n\t\t<div class=\"elementor-element elementor-element-53c81c6 e-con-full e-flex e-con e-child\" data-id=\"53c81c6\" data-element_type=\"container\">\n\t\t\t\t<div class=\"elementor-element elementor-element-33b5d5d elementor-widget__width-initial elementor-widget elementor-widget-heading\" data-id=\"33b5d5d\" data-element_type=\"widget\" data-widget_type=\"heading.default\">\n\t\t\t\t<div class=\"elementor-widget-container\">\n\t\t\t<h2 class=\"elementor-heading-title elementor-size-default\">Truy\u1ec1n ph\u00e1t gi\u00e1<\/h2>\t\t<\/div>\n\t\t\t\t<\/div>\n\t\t\t\t<div class=\"elementor-element elementor-element-2c9bd09 elementor-widget__width-initial elementor-widget elementor-widget-text-editor\" data-id=\"2c9bd09\" data-element_type=\"widget\" data-widget_type=\"text-editor.default\">\n\t\t\t\t<div class=\"elementor-widget-container\">\n\t\t\t\t\t\t\t<p>H\u1ec7 th\u1ed1ng Truy\u1ec1n ph\u00e1t v\u00e0 T\u1ed5ng h\u1ee3p Gi\u00e1 cung c\u1ea5p d\u1eef li\u1ec7u gi\u00e1 theo th\u1eddi gian th\u1ef1c v\u00e0 qu\u1ea3n l\u00fd hi\u1ec7u qu\u1ea3 c\u00e1c ho\u1ea1t \u0111\u1ed9ng th\u1ecb tr\u01b0\u1eddng l\u1edbn.<\/p>\t\t\t\t\t\t<\/div>\n\t\t\t\t<\/div>\n\t\t\t\t<\/div>\n\t\t\t\t<\/a>\n\t\t\t\t<\/div>\n\t\t\t\t\t<\/div>\n\t\t\t\t<\/div>\n\t\t<div class=\"elementor-element elementor-element-a3176cd e-flex e-con-boxed e-con e-parent\" data-id=\"a3176cd\" data-element_type=\"container\" id=\"contact\" data-settings=\"{&quot;background_background&quot;:&quot;slideshow&quot;,&quot;background_slideshow_gallery&quot;:[{&quot;id&quot;:21090,&quot;url&quot;:&quot;https:\\\/\\\/www.hydrax.io\\\/wp-content\\\/uploads\\\/2024\\\/11\\\/Contact-Us.jpg&quot;}],&quot;background_slideshow_loop&quot;:&quot;yes&quot;,&quot;background_slideshow_slide_duration&quot;:5000,&quot;background_slideshow_slide_transition&quot;:&quot;fade&quot;,&quot;background_slideshow_transition_duration&quot;:500}\">\n\t\t\t\t\t<div class=\"e-con-inner\">\n\t\t<div class=\"elementor-element elementor-element-e37b41b e-con-full e-flex e-con e-child\" data-id=\"e37b41b\" data-element_type=\"container\">\n\t\t\t\t<div class=\"elementor-element elementor-element-8ef51d9 elementor-widget__width-initial elementor-widget elementor-widget-heading\" data-id=\"8ef51d9\" data-element_type=\"widget\" data-widget_type=\"heading.default\">\n\t\t\t\t<div class=\"elementor-widget-container\">\n\t\t\t<h2 class=\"elementor-heading-title elementor-size-default\">Li\u00ean h\u1ec7 v\u1edbi ch\u00fang t\u00f4i<\/h2>\t\t<\/div>\n\t\t\t\t<\/div>\n\t\t\t\t<div class=\"elementor-element elementor-element-bb2733a elementor-widget__width-initial elementor-widget elementor-widget-text-editor\" data-id=\"bb2733a\" data-element_type=\"widget\" data-widget_type=\"text-editor.default\">\n\t\t\t\t<div class=\"elementor-widget-container\">\n\t\t\t\t\t\t\t<p>Quan t\u00e2m \u0111\u1ebfn \u0111\u1ed5i m\u1edbi? H\u00e3y li\u00ean h\u1ec7 v\u1edbi ch\u00fang t\u00f4i \u0111\u1ec3 kh\u00e1m ph\u00e1 c\u00e1c c\u01a1 h\u1ed9i.<\/p>\t\t\t\t\t\t<\/div>\n\t\t\t\t<\/div>\n\t\t\t\t<\/div>\n\t\t<div class=\"elementor-element elementor-element-4b4aa6f e-con-full e-flex e-con e-child\" data-id=\"4b4aa6f\" data-element_type=\"container\">\n\t\t\t\t<div class=\"elementor-element elementor-element-18b4efd elementor-widget__width-initial elementor-widget elementor-widget-html\" data-id=\"18b4efd\" data-element_type=\"widget\" data-widget_type=\"html.default\">\n\t\t\t\t<div class=\"elementor-widget-container\">\n\t\t\t<div class=\"_form_4\"><\/div><script src=\"https:\/\/hydrax.activehosted.com\/f\/embed.php?id=4\" charset=\"utf-8\"><\/script>\t\t<\/div>\n\t\t\t\t<\/div>\n\t\t\t\t<div class=\"elementor-element elementor-element-205f98e elementor-widget__width-initial elementor-widget elementor-widget-text-editor\" data-id=\"205f98e\" data-element_type=\"widget\" data-widget_type=\"text-editor.default\">\n\t\t\t\t<div class=\"elementor-widget-container\">\n\t\t\t\t\t\t\t<p>Hydra X c\u00f3 th\u1ec3 li\u00ean h\u1ec7 v\u1edbi b\u1ea1n v\u1ec1 c\u00e1c s\u1ea3n ph\u1ea9m v\u00e0 d\u1ecbch v\u1ee5 c\u1ee7a ch\u00fang t\u00f4i c\u0169ng nh\u01b0 nh\u1eefng th\u00f4ng tin m\u1edbi nh\u1ea5t trong ng\u00e0nh. B\u1ea1n c\u00f3 th\u1ec3 ch\u1ecdn kh\u00f4ng nh\u1eadn th\u00f4ng tin li\u00ean l\u1ea1c t\u1eeb ch\u00fang t\u00f4i b\u1ea5t k\u1ef3 l\u00fac n\u00e0o.<\/p>\t\t\t\t\t\t<\/div>\n\t\t\t\t<\/div>\n\t\t\t\t<\/div>\n\t\t\t\t\t<\/div>\n\t\t\t\t<\/div>\n\t\t\t\t<\/div>","protected":false},"excerpt":{"rendered":"<p>MARKET TECHNOLOGY Core Exchange Solutions REQUEST A DEMO OUR TECHNOLOGY Our exchange technology supports secondary markets for traditional and tokenised assets, designed to handle various market models with seamless interoperability across different asset types &#8211; all on a single platform.we Support Multiple Market models on a Single Platform CLOB (Central Limit Order Book) Our CLOB [&hellip;]<\/p>","protected":false},"author":1,"featured_media":23628,"parent":0,"menu_order":0,"comment_status":"closed","ping_status":"closed","template":"","meta":{"_monsterinsights_skip_tracking":false,"_monsterinsights_sitenote_active":false,"_monsterinsights_sitenote_note":"","_monsterinsights_sitenote_category":0,"footnotes":""},"class_list":["post-4238","page","type-page","status-publish","has-post-thumbnail","hentry"],"yoast_head":"<!-- This site is optimized with the Yoast SEO plugin v23.6 - https:\/\/yoast.com\/wordpress\/plugins\/seo\/ -->\n<title>Hydra X | Seamless Trading through Advanced Exchange Solutions<\/title>\n<meta name=\"description\" content=\"Unlock ultra-low latency trading, real-time price feeds, and efficient high-volume activity, through our core exchange technology.\" \/>\n<meta name=\"robots\" content=\"index, follow, max-snippet:-1, max-image-preview:large, max-video-preview:-1\" \/>\n<link rel=\"canonical\" href=\"https:\/\/www.hydrax.io\/vn\/enterprise-solutions\/\" \/>\n<meta property=\"og:locale\" content=\"vi_VN\" \/>\n<meta property=\"og:type\" content=\"article\" \/>\n<meta property=\"og:title\" content=\"Hydra X | Seamless Trading through Advanced Exchange Solutions\" \/>\n<meta property=\"og:description\" content=\"Unlock ultra-low latency trading, real-time price feeds, and efficient high-volume activity, through our core exchange technology.\" \/>\n<meta property=\"og:url\" content=\"https:\/\/www.hydrax.io\/vn\/enterprise-solutions\/\" \/>\n<meta property=\"og:site_name\" content=\"Hydra X\" \/>\n<meta property=\"article:modified_time\" content=\"2025-01-02T03:08:31+00:00\" \/>\n<meta property=\"og:image\" content=\"https:\/\/www.hydrax.io\/wp-content\/uploads\/2024\/11\/Market-Technology_Exchange-square.png\" \/>\n\t<meta property=\"og:image:width\" content=\"1010\" \/>\n\t<meta property=\"og:image:height\" content=\"1260\" \/>\n\t<meta property=\"og:image:type\" content=\"image\/png\" \/>\n<meta name=\"twitter:card\" content=\"summary_large_image\" \/>\n<meta name=\"twitter:label1\" content=\"\u01af\u1edbc t\u00ednh th\u1eddi gian \u0111\u1ecdc\" \/>\n\t<meta name=\"twitter:data1\" content=\"4 ph\u00fat\" \/>\n<script type=\"application\/ld+json\" class=\"yoast-schema-graph\">{\"@context\":\"https:\/\/schema.org\",\"@graph\":[{\"@type\":\"WebPage\",\"@id\":\"https:\/\/www.hydrax.io\/enterprise-solutions\/\",\"url\":\"https:\/\/www.hydrax.io\/enterprise-solutions\/\",\"name\":\"Hydra X | Seamless Trading through Advanced Exchange Solutions\",\"isPartOf\":{\"@id\":\"https:\/\/www.hydrax.io\/#website\"},\"primaryImageOfPage\":{\"@id\":\"https:\/\/www.hydrax.io\/enterprise-solutions\/#primaryimage\"},\"image\":{\"@id\":\"https:\/\/www.hydrax.io\/enterprise-solutions\/#primaryimage\"},\"thumbnailUrl\":\"https:\/\/www.hydrax.io\/wp-content\/uploads\/2024\/11\/Market-Technology_Exchange-square.png\",\"datePublished\":\"2019-10-25T09:19:06+00:00\",\"dateModified\":\"2025-01-02T03:08:31+00:00\",\"description\":\"Unlock ultra-low latency trading, real-time price feeds, and efficient high-volume activity, through our core exchange technology.\",\"breadcrumb\":{\"@id\":\"https:\/\/www.hydrax.io\/enterprise-solutions\/#breadcrumb\"},\"inLanguage\":\"vi\",\"potentialAction\":[{\"@type\":\"ReadAction\",\"target\":[\"https:\/\/www.hydrax.io\/enterprise-solutions\/\"]}]},{\"@type\":\"ImageObject\",\"inLanguage\":\"vi\",\"@id\":\"https:\/\/www.hydrax.io\/enterprise-solutions\/#primaryimage\",\"url\":\"https:\/\/www.hydrax.io\/wp-content\/uploads\/2024\/11\/Market-Technology_Exchange-square.png\",\"contentUrl\":\"https:\/\/www.hydrax.io\/wp-content\/uploads\/2024\/11\/Market-Technology_Exchange-square.png\",\"width\":1010,\"height\":1260},{\"@type\":\"BreadcrumbList\",\"@id\":\"https:\/\/www.hydrax.io\/enterprise-solutions\/#breadcrumb\",\"itemListElement\":[{\"@type\":\"ListItem\",\"position\":1,\"name\":\"Home\",\"item\":\"https:\/\/www.hydrax.io\/\"},{\"@type\":\"ListItem\",\"position\":2,\"name\":\"Technology &#8211; Exchange Solutions\"}]},{\"@type\":\"WebSite\",\"@id\":\"https:\/\/www.hydrax.io\/#website\",\"url\":\"https:\/\/www.hydrax.io\/\",\"name\":\"Hydra X\",\"description\":\"Professional Trading Technology\",\"publisher\":{\"@id\":\"https:\/\/www.hydrax.io\/#organization\"},\"potentialAction\":[{\"@type\":\"SearchAction\",\"target\":{\"@type\":\"EntryPoint\",\"urlTemplate\":\"https:\/\/www.hydrax.io\/?s={search_term_string}\"},\"query-input\":{\"@type\":\"PropertyValueSpecification\",\"valueRequired\":true,\"valueName\":\"search_term_string\"}}],\"inLanguage\":\"vi\"},{\"@type\":\"Organization\",\"@id\":\"https:\/\/www.hydrax.io\/#organization\",\"name\":\"Hydra X\",\"url\":\"https:\/\/www.hydrax.io\/\",\"logo\":{\"@type\":\"ImageObject\",\"inLanguage\":\"vi\",\"@id\":\"https:\/\/www.hydrax.io\/#\/schema\/logo\/image\/\",\"url\":\"https:\/\/www.hydrax.io\/wp-content\/uploads\/2019\/10\/Hydra-X-Logo-Blue.png\",\"contentUrl\":\"https:\/\/www.hydrax.io\/wp-content\/uploads\/2019\/10\/Hydra-X-Logo-Blue.png\",\"width\":1052,\"height\":849,\"caption\":\"Hydra X\"},\"image\":{\"@id\":\"https:\/\/www.hydrax.io\/#\/schema\/logo\/image\/\"}}]}<\/script>\n<!-- \/ Yoast SEO plugin. -->","yoast_head_json":{"title":"Hydra X | Seamless Trading through Advanced Exchange Solutions","description":"Unlock ultra-low latency trading, real-time price feeds, and efficient high-volume activity, through our core exchange technology.","robots":{"index":"index","follow":"follow","max-snippet":"max-snippet:-1","max-image-preview":"max-image-preview:large","max-video-preview":"max-video-preview:-1"},"canonical":"https:\/\/www.hydrax.io\/vn\/enterprise-solutions\/","og_locale":"vi_VN","og_type":"article","og_title":"Hydra X | Seamless Trading through Advanced Exchange Solutions","og_description":"Unlock ultra-low latency trading, real-time price feeds, and efficient high-volume activity, through our core exchange technology.","og_url":"https:\/\/www.hydrax.io\/vn\/enterprise-solutions\/","og_site_name":"Hydra X","article_modified_time":"2025-01-02T03:08:31+00:00","og_image":[{"width":1010,"height":1260,"url":"https:\/\/www.hydrax.io\/wp-content\/uploads\/2024\/11\/Market-Technology_Exchange-square.png","type":"image\/png"}],"twitter_card":"summary_large_image","twitter_misc":{"\u01af\u1edbc t\u00ednh th\u1eddi gian \u0111\u1ecdc":"4 ph\u00fat"},"schema":{"@context":"https:\/\/schema.org","@graph":[{"@type":"WebPage","@id":"https:\/\/www.hydrax.io\/enterprise-solutions\/","url":"https:\/\/www.hydrax.io\/enterprise-solutions\/","name":"Hydra X | Seamless Trading through Advanced Exchange Solutions","isPartOf":{"@id":"https:\/\/www.hydrax.io\/#website"},"primaryImageOfPage":{"@id":"https:\/\/www.hydrax.io\/enterprise-solutions\/#primaryimage"},"image":{"@id":"https:\/\/www.hydrax.io\/enterprise-solutions\/#primaryimage"},"thumbnailUrl":"https:\/\/www.hydrax.io\/wp-content\/uploads\/2024\/11\/Market-Technology_Exchange-square.png","datePublished":"2019-10-25T09:19:06+00:00","dateModified":"2025-01-02T03:08:31+00:00","description":"Unlock ultra-low latency trading, real-time price feeds, and efficient high-volume activity, through our core exchange technology.","breadcrumb":{"@id":"https:\/\/www.hydrax.io\/enterprise-solutions\/#breadcrumb"},"inLanguage":"vi","potentialAction":[{"@type":"ReadAction","target":["https:\/\/www.hydrax.io\/enterprise-solutions\/"]}]},{"@type":"ImageObject","inLanguage":"vi","@id":"https:\/\/www.hydrax.io\/enterprise-solutions\/#primaryimage","url":"https:\/\/www.hydrax.io\/wp-content\/uploads\/2024\/11\/Market-Technology_Exchange-square.png","contentUrl":"https:\/\/www.hydrax.io\/wp-content\/uploads\/2024\/11\/Market-Technology_Exchange-square.png","width":1010,"height":1260},{"@type":"BreadcrumbList","@id":"https:\/\/www.hydrax.io\/enterprise-solutions\/#breadcrumb","itemListElement":[{"@type":"ListItem","position":1,"name":"Home","item":"https:\/\/www.hydrax.io\/"},{"@type":"ListItem","position":2,"name":"Technology &#8211; Exchange Solutions"}]},{"@type":"WebSite","@id":"https:\/\/www.hydrax.io\/#website","url":"https:\/\/www.hydrax.io\/","name":"Hydra X","description":"Professional Trading Technology","publisher":{"@id":"https:\/\/www.hydrax.io\/#organization"},"potentialAction":[{"@type":"SearchAction","target":{"@type":"EntryPoint","urlTemplate":"https:\/\/www.hydrax.io\/?s={search_term_string}"},"query-input":{"@type":"PropertyValueSpecification","valueRequired":true,"valueName":"search_term_string"}}],"inLanguage":"vi"},{"@type":"Organization","@id":"https:\/\/www.hydrax.io\/#organization","name":"Hydra X","url":"https:\/\/www.hydrax.io\/","logo":{"@type":"ImageObject","inLanguage":"vi","@id":"https:\/\/www.hydrax.io\/#\/schema\/logo\/image\/","url":"https:\/\/www.hydrax.io\/wp-content\/uploads\/2019\/10\/Hydra-X-Logo-Blue.png","contentUrl":"https:\/\/www.hydrax.io\/wp-content\/uploads\/2019\/10\/Hydra-X-Logo-Blue.png","width":1052,"height":849,"caption":"Hydra X"},"image":{"@id":"https:\/\/www.hydrax.io\/#\/schema\/logo\/image\/"}}]}},"_links":{"self":[{"href":"https:\/\/www.hydrax.io\/vn\/wp-json\/wp\/v2\/pages\/4238"}],"collection":[{"href":"https:\/\/www.hydrax.io\/vn\/wp-json\/wp\/v2\/pages"}],"about":[{"href":"https:\/\/www.hydrax.io\/vn\/wp-json\/wp\/v2\/types\/page"}],"author":[{"embeddable":true,"href":"https:\/\/www.hydrax.io\/vn\/wp-json\/wp\/v2\/users\/1"}],"replies":[{"embeddable":true,"href":"https:\/\/www.hydrax.io\/vn\/wp-json\/wp\/v2\/comments?post=4238"}],"version-history":[{"count":516,"href":"https:\/\/www.hydrax.io\/vn\/wp-json\/wp\/v2\/pages\/4238\/revisions"}],"predecessor-version":[{"id":24543,"href":"https:\/\/www.hydrax.io\/vn\/wp-json\/wp\/v2\/pages\/4238\/revisions\/24543"}],"wp:featuredmedia":[{"embeddable":true,"href":"https:\/\/www.hydrax.io\/vn\/wp-json\/wp\/v2\/media\/23628"}],"wp:attachment":[{"href":"https:\/\/www.hydrax.io\/vn\/wp-json\/wp\/v2\/media?parent=4238"}],"curies":[{"name":"wp","href":"https:\/\/api.w.org\/{rel}","templated":true}]}}