{"id":6191,"date":"2019-11-25T10:34:02","date_gmt":"2019-11-25T02:34:02","guid":{"rendered":"https:\/\/www.hydrax.io\/?page_id=6191"},"modified":"2024-12-26T12:29:58","modified_gmt":"2024-12-26T04:29:58","slug":"rfq-otc","status":"publish","type":"page","link":"https:\/\/www.hydrax.io\/vn\/enterprise-solutions\/rfq-otc\/","title":{"rendered":"Exchange &#8211; RFQ\/OTC Engine"},"content":{"rendered":"<div data-elementor-type=\"wp-post\" data-elementor-id=\"6191\" class=\"elementor elementor-6191\" data-elementor-post-type=\"page\">\n\t\t\t\t<div class=\"elementor-element elementor-element-f67c7b4 e-flex e-con-boxed e-con e-parent\" data-id=\"f67c7b4\" data-element_type=\"container\" data-settings=\"{&quot;background_background&quot;:&quot;classic&quot;}\">\n\t\t\t\t\t<div class=\"e-con-inner\">\n\t\t<div class=\"elementor-element elementor-element-bbcfdda e-con-full e-flex e-con e-child\" data-id=\"bbcfdda\" data-element_type=\"container\">\n\t\t\t\t<div class=\"elementor-element elementor-element-38d9c0e elementor-widget elementor-widget-heading\" data-id=\"38d9c0e\" data-element_type=\"widget\" data-widget_type=\"heading.default\">\n\t\t\t\t<div class=\"elementor-widget-container\">\n\t\t\t<h5 class=\"elementor-heading-title elementor-size-default\">CORE EXCHANGE SOLUTIONS<\/h5>\t\t<\/div>\n\t\t\t\t<\/div>\n\t\t\t\t<div class=\"elementor-element elementor-element-2debd75 elementor-widget elementor-widget-heading\" data-id=\"2debd75\" data-element_type=\"widget\" data-widget_type=\"heading.default\">\n\t\t\t\t<div class=\"elementor-widget-container\">\n\t\t\t<h2 class=\"elementor-heading-title elementor-size-default\">Y\u00eau c\u1ea7u b\u00e1o gi\u00e1 <p>(RFQ - Request-for-Quote System)<\/h2>\t\t<\/div>\n\t\t\t\t<\/div>\n\t\t\t\t<\/div>\n\t\t\t\t<div class=\"elementor-element elementor-element-ecbb65f elementor-align-left elementor-widget__width-inherit elementor-widget elementor-widget-button\" data-id=\"ecbb65f\" data-element_type=\"widget\" data-widget_type=\"button.default\">\n\t\t\t\t<div class=\"elementor-widget-container\">\n\t\t\t\t\t<div class=\"elementor-button-wrapper\">\n\t\t\t<a class=\"elementor-button elementor-button-link elementor-size-md\" href=\"#contact\">\n\t\t\t\t\t\t<span class=\"elementor-button-content-wrapper\">\n\t\t\t\t\t\t\t\t\t<span class=\"elementor-button-text\">Y\u00caU C\u1ea6U B\u1ea2N DEMO<\/span>\n\t\t\t\t\t<\/span>\n\t\t\t\t\t<\/a>\n\t\t<\/div>\n\t\t\t\t<\/div>\n\t\t\t\t<\/div>\n\t\t\t\t\t<\/div>\n\t\t\t\t<\/div>\n\t\t<div class=\"elementor-element elementor-element-7a0cf60 e-flex e-con-boxed e-con e-parent\" data-id=\"7a0cf60\" data-element_type=\"container\" data-settings=\"{&quot;background_background&quot;:&quot;classic&quot;}\">\n\t\t\t\t\t<div class=\"e-con-inner\">\n\t\t<div class=\"elementor-element elementor-element-c1f5d85 e-con-full e-flex elementor-invisible e-con e-child\" data-id=\"c1f5d85\" data-element_type=\"container\" data-settings=\"{&quot;background_background&quot;:&quot;classic&quot;,&quot;animation&quot;:&quot;fadeInUp&quot;}\">\n\t\t\t\t<div class=\"elementor-element elementor-element-5aed9bc elementor-widget elementor-widget-spacer\" data-id=\"5aed9bc\" data-element_type=\"widget\" data-widget_type=\"spacer.default\">\n\t\t\t\t<div class=\"elementor-widget-container\">\n\t\t\t\t\t<div class=\"elementor-spacer\">\n\t\t\t<div class=\"elementor-spacer-inner\"><\/div>\n\t\t<\/div>\n\t\t\t\t<\/div>\n\t\t\t\t<\/div>\n\t\t\t\t<\/div>\n\t\t<div class=\"elementor-element elementor-element-162e0f1 e-con-full e-flex elementor-invisible e-con e-child\" data-id=\"162e0f1\" data-element_type=\"container\" data-settings=\"{&quot;animation&quot;:&quot;fadeInUp&quot;,&quot;animation_delay&quot;:400}\">\n\t\t<div class=\"elementor-element elementor-element-c798351 e-con-full e-flex e-con e-child\" data-id=\"c798351\" data-element_type=\"container\">\n\t\t\t\t<div class=\"elementor-element elementor-element-68262b7 elementor-widget elementor-widget-heading\" data-id=\"68262b7\" data-element_type=\"widget\" data-widget_type=\"heading.default\">\n\t\t\t\t<div class=\"elementor-widget-container\">\n\t\t\t<h5 class=\"elementor-heading-title elementor-size-default\">C\u00d4NG NGH\u1ec6 C\u1ee6A CH\u00daNG T\u00d4I<\/h5>\t\t<\/div>\n\t\t\t\t<\/div>\n\t\t\t\t<div class=\"elementor-element elementor-element-c04f9ad elementor-widget__width-inherit elementor-widget elementor-widget-text-editor\" data-id=\"c04f9ad\" data-element_type=\"widget\" data-widget_type=\"text-editor.default\">\n\t\t\t\t<div class=\"elementor-widget-container\">\n\t\t\t\t\t\t\t<p class=\"translation-block\">H\u1ec7 th\u1ed1ng RFQ c\u1ee7a ch\u00fang t\u00f4i h\u1ed7 tr\u1ee3 <span class=\"responsive-text\" style=\"color: #20b3ab;font-family: 'Source Serif Pro';font-weight: 500\"><em>\u0111\u00e0m ph\u00e1n song ph\u01b0\u01a1ng v\u00e0 \u0111a ph\u01b0\u01a1ng li\u1ec1n m\u1ea1ch<\/em><\/span>. N\u1ec1n t\u1ea3ng n\u00e0y cho ph\u00e9p t\u1ea1o RFQ c\u00f4ng khai ho\u1eb7c ch\u1ec9 \u0111\u1ecbnh, \u0111\u00e1p \u1ee9ng t\u1ed1i \u01b0u nhu c\u1ea7u giao d\u1ecbch tr\u00ean th\u1ecb tr\u01b0\u1eddng OTC phi t\u1eadp trung c\u0169ng nh\u01b0 giao d\u1ecbch tr\u1ef1c ti\u1ebfp. T\u00ednh n\u0103ng tr\u00f2 chuy\u1ec7n th\u1eddi gian th\u1ef1c k\u00e8m nh\u1eadt k\u00fd ki\u1ec3m to\u00e1n gi\u00fap \u0111\u1ea3m b\u1ea3o <span class=\"responsive-text\" style=\"color: #20b3ab;font-family: 'Source Serif Pro';font-weight: 500\"><em>t\u00ednh minh b\u1ea1ch v\u00e0 tu\u00e2n th\u1ee7<\/em><\/span> trong to\u00e0n b\u1ed9 qu\u00e1 tr\u00ecnh \u0111\u00e0m ph\u00e1n.<\/p>\t\t\t\t\t\t<\/div>\n\t\t\t\t<\/div>\n\t\t\t\t<\/div>\n\t\t\t\t<\/div>\n\t\t\t\t\t<\/div>\n\t\t\t\t<\/div>\n\t\t<div class=\"elementor-element elementor-element-d438696 e-flex e-con-boxed e-con e-parent\" data-id=\"d438696\" data-element_type=\"container\" data-settings=\"{&quot;background_background&quot;:&quot;classic&quot;}\">\n\t\t\t\t\t<div class=\"e-con-inner\">\n\t\t\t\t<div class=\"elementor-element elementor-element-ac5ee5b elementor-widget elementor-widget-heading\" data-id=\"ac5ee5b\" data-element_type=\"widget\" data-widget_type=\"heading.default\">\n\t\t\t\t<div class=\"elementor-widget-container\">\n\t\t\t<h5 class=\"elementor-heading-title elementor-size-default\">C\u00c1C T\u00cdNH N\u0102NG CH\u00cdNH<\/h5>\t\t<\/div>\n\t\t\t\t<\/div>\n\t\t<div class=\"elementor-element elementor-element-eae8692 e-con-full e-flex e-con e-child\" data-id=\"eae8692\" data-element_type=\"container\">\n\t\t<div class=\"elementor-element elementor-element-2b0d26d e-con-full e-flex elementor-invisible e-con e-child\" data-id=\"2b0d26d\" data-element_type=\"container\" data-settings=\"{&quot;animation&quot;:&quot;fadeInUp&quot;}\">\n\t\t\t\t<div class=\"elementor-element elementor-element-8d619a9 elementor-widget-tablet__width-initial elementor-widget elementor-widget-image\" data-id=\"8d619a9\" data-element_type=\"widget\" data-widget_type=\"image.default\">\n\t\t\t\t<div class=\"elementor-widget-container\">\n\t\t\t\t\t\t\t\t\t\t\t\t\t<img decoding=\"async\" data-src=\"https:\/\/www.hydrax.io\/wp-content\/uploads\/2024\/11\/Real-Time-Chat.png\" title=\"Tr\u00f2 chuy\u1ec7n theo th\u1eddi gian th\u1ef1c\" alt=\"\" loading=\"lazy\" src=\"data:image\/gif;base64,R0lGODlhAQABAAAAACH5BAEKAAEALAAAAAABAAEAAAICTAEAOw==\" class=\"lazyload\" style=\"--smush-placeholder-width: 82px; --smush-placeholder-aspect-ratio: 82\/80;\" \/><noscript><img decoding=\"async\" src=\"https:\/\/www.hydrax.io\/wp-content\/uploads\/2024\/11\/Real-Time-Chat.png\" title=\"Tr\u00f2 chuy\u1ec7n theo th\u1eddi gian th\u1ef1c\" alt=\"\" loading=\"lazy\" \/><\/noscript>\t\t\t\t\t\t\t\t\t\t\t\t\t<\/div>\n\t\t\t\t<\/div>\n\t\t<div class=\"elementor-element elementor-element-16a0756 e-con-full e-flex e-con e-child\" data-id=\"16a0756\" data-element_type=\"container\">\n\t\t\t\t<div class=\"elementor-element elementor-element-aafac46 elementor-widget__width-initial elementor-widget elementor-widget-heading\" data-id=\"aafac46\" data-element_type=\"widget\" data-widget_type=\"heading.default\">\n\t\t\t\t<div class=\"elementor-widget-container\">\n\t\t\t<h2 class=\"elementor-heading-title elementor-size-default\">Tr\u00f2 chuy\u1ec7n theo th\u1eddi gian th\u1ef1c<\/h2>\t\t<\/div>\n\t\t\t\t<\/div>\n\t\t\t\t<div class=\"elementor-element elementor-element-d81c0ac elementor-widget elementor-widget-text-editor\" data-id=\"d81c0ac\" data-element_type=\"widget\" data-widget_type=\"text-editor.default\">\n\t\t\t\t<div class=\"elementor-widget-container\">\n\t\t\t\t\t\t\t<p>K\u1ebft n\u1ed1i tr\u1ef1c ti\u1ebfp qua tr\u00f2 chuy\u1ec7n c\u00f3 l\u01b0u v\u1ebft ki\u1ec3m to\u00e1n, b\u1ea3o \u0111\u1ea3m minh b\u1ea1ch v\u00e0 tu\u00e2n th\u1ee7 ph\u00e1p l\u00fd.<\/p>\t\t\t\t\t\t<\/div>\n\t\t\t\t<\/div>\n\t\t\t\t<\/div>\n\t\t\t\t<\/div>\n\t\t<div class=\"elementor-element elementor-element-00c9cee e-con-full e-flex elementor-invisible e-con e-child\" data-id=\"00c9cee\" data-element_type=\"container\" data-settings=\"{&quot;animation&quot;:&quot;fadeInUp&quot;,&quot;animation_delay&quot;:400}\">\n\t\t\t\t<div class=\"elementor-element elementor-element-b08edcd elementor-widget-tablet__width-initial elementor-widget elementor-widget-image\" data-id=\"b08edcd\" data-element_type=\"widget\" data-widget_type=\"image.default\">\n\t\t\t\t<div class=\"elementor-widget-container\">\n\t\t\t\t\t\t\t\t\t\t\t\t\t<img decoding=\"async\" data-src=\"https:\/\/www.hydrax.io\/wp-content\/uploads\/2024\/11\/Bilateral-and-Multilaterl-Negotiations.png\" title=\"Bilateral and Multilaterl Negotiations\" alt=\"\" loading=\"lazy\" src=\"data:image\/gif;base64,R0lGODlhAQABAAAAACH5BAEKAAEALAAAAAABAAEAAAICTAEAOw==\" class=\"lazyload\" style=\"--smush-placeholder-width: 89px; --smush-placeholder-aspect-ratio: 89\/80;\" \/><noscript><img decoding=\"async\" src=\"https:\/\/www.hydrax.io\/wp-content\/uploads\/2024\/11\/Bilateral-and-Multilaterl-Negotiations.png\" title=\"Bilateral and Multilaterl Negotiations\" alt=\"\" loading=\"lazy\" \/><\/noscript>\t\t\t\t\t\t\t\t\t\t\t\t\t<\/div>\n\t\t\t\t<\/div>\n\t\t<div class=\"elementor-element elementor-element-c39052e e-con-full e-flex e-con e-child\" data-id=\"c39052e\" data-element_type=\"container\">\n\t\t\t\t<div class=\"elementor-element elementor-element-a8f773b elementor-widget__width-initial elementor-widget elementor-widget-heading\" data-id=\"a8f773b\" data-element_type=\"widget\" data-widget_type=\"heading.default\">\n\t\t\t\t<div class=\"elementor-widget-container\">\n\t\t\t<h2 class=\"elementor-heading-title elementor-size-default\">\u0110\u00e0m ph\u00e1n song ph\u01b0\u01a1ng v\u00e0 \u0111a ph\u01b0\u01a1ng<\/h2>\t\t<\/div>\n\t\t\t\t<\/div>\n\t\t\t\t<div class=\"elementor-element elementor-element-7c65542 elementor-widget elementor-widget-text-editor\" data-id=\"7c65542\" data-element_type=\"widget\" data-widget_type=\"text-editor.default\">\n\t\t\t\t<div class=\"elementor-widget-container\">\n\t\t\t\t\t\t\t<p>H\u1ed7 tr\u1ee3 \u0111\u00e0m ph\u00e1n ri\u00eang t\u01b0 ho\u1eb7c c\u00f4ng khai \u0111\u1ec3 x\u00e1c \u0111\u1ecbnh gi\u00e1 hi\u1ec7u qu\u1ea3.<\/p>\t\t\t\t\t\t<\/div>\n\t\t\t\t<\/div>\n\t\t\t\t<\/div>\n\t\t\t\t<\/div>\n\t\t<div class=\"elementor-element elementor-element-e0cc106 e-con-full e-flex elementor-invisible e-con e-child\" data-id=\"e0cc106\" data-element_type=\"container\" data-settings=\"{&quot;animation&quot;:&quot;fadeInUp&quot;,&quot;animation_delay&quot;:800}\">\n\t\t\t\t<div class=\"elementor-element elementor-element-6eaddfe elementor-widget-tablet__width-initial elementor-widget elementor-widget-image\" data-id=\"6eaddfe\" data-element_type=\"widget\" data-widget_type=\"image.default\">\n\t\t\t\t<div class=\"elementor-widget-container\">\n\t\t\t\t\t\t\t\t\t\t\t\t\t<img decoding=\"async\" data-src=\"https:\/\/www.hydrax.io\/wp-content\/uploads\/2024\/11\/Comprehensive-Trade-Actions.png\" title=\"H\u00e0nh \u0111\u1ed9ng giao d\u1ecbch to\u00e0n di\u1ec7n\" alt=\"\" loading=\"lazy\" src=\"data:image\/gif;base64,R0lGODlhAQABAAAAACH5BAEKAAEALAAAAAABAAEAAAICTAEAOw==\" class=\"lazyload\" style=\"--smush-placeholder-width: 89px; --smush-placeholder-aspect-ratio: 89\/80;\" \/><noscript><img decoding=\"async\" src=\"https:\/\/www.hydrax.io\/wp-content\/uploads\/2024\/11\/Comprehensive-Trade-Actions.png\" title=\"H\u00e0nh \u0111\u1ed9ng giao d\u1ecbch to\u00e0n di\u1ec7n\" alt=\"\" loading=\"lazy\" \/><\/noscript>\t\t\t\t\t\t\t\t\t\t\t\t\t<\/div>\n\t\t\t\t<\/div>\n\t\t<div class=\"elementor-element elementor-element-ec2352c e-con-full e-flex e-con e-child\" data-id=\"ec2352c\" data-element_type=\"container\">\n\t\t\t\t<div class=\"elementor-element elementor-element-ca477e9 elementor-widget elementor-widget-heading\" data-id=\"ca477e9\" data-element_type=\"widget\" data-widget_type=\"heading.default\">\n\t\t\t\t<div class=\"elementor-widget-container\">\n\t\t\t<h2 class=\"elementor-heading-title elementor-size-default\">H\u00e0nh \u0111\u1ed9ng giao d\u1ecbch to\u00e0n di\u1ec7n<\/h2>\t\t<\/div>\n\t\t\t\t<\/div>\n\t\t\t\t<div class=\"elementor-element elementor-element-81b2ed4 elementor-widget elementor-widget-text-editor\" data-id=\"81b2ed4\" data-element_type=\"widget\" data-widget_type=\"text-editor.default\">\n\t\t\t\t<div class=\"elementor-widget-container\">\n\t\t\t\t\t\t\t<p>Bao g\u1ed3m c\u00e1c ch\u1ee9c n\u0103ng ch\u1ea5p nh\u1eadn b\u00e1o gi\u00e1, ph\u1ea3n gi\u00e1, t\u1eeb ch\u1ed1i v\u00e0 \u0111\u00e0m ph\u00e1n theo th\u1eddi gian th\u1ef1c.<\/p>\t\t\t\t\t\t<\/div>\n\t\t\t\t<\/div>\n\t\t\t\t<\/div>\n\t\t\t\t<\/div>\n\t\t\t\t<\/div>\n\t\t\t\t\t<\/div>\n\t\t\t\t<\/div>\n\t\t<div class=\"elementor-element elementor-element-5696103 e-flex e-con-boxed e-con e-parent\" data-id=\"5696103\" data-element_type=\"container\" id=\"contact\" data-settings=\"{&quot;background_background&quot;:&quot;slideshow&quot;,&quot;background_slideshow_gallery&quot;:[{&quot;id&quot;:21090,&quot;url&quot;:&quot;https:\\\/\\\/www.hydrax.io\\\/wp-content\\\/uploads\\\/2024\\\/11\\\/Contact-Us.jpg&quot;}],&quot;background_slideshow_loop&quot;:&quot;yes&quot;,&quot;background_slideshow_slide_duration&quot;:5000,&quot;background_slideshow_slide_transition&quot;:&quot;fade&quot;,&quot;background_slideshow_transition_duration&quot;:500}\">\n\t\t\t\t\t<div class=\"e-con-inner\">\n\t\t<div class=\"elementor-element elementor-element-f1fbfbe e-con-full e-flex e-con e-child\" data-id=\"f1fbfbe\" data-element_type=\"container\">\n\t\t\t\t<div class=\"elementor-element elementor-element-3eb2153 elementor-widget__width-initial elementor-widget elementor-widget-heading\" data-id=\"3eb2153\" data-element_type=\"widget\" data-widget_type=\"heading.default\">\n\t\t\t\t<div class=\"elementor-widget-container\">\n\t\t\t<h2 class=\"elementor-heading-title elementor-size-default\">Li\u00ean h\u1ec7 v\u1edbi ch\u00fang t\u00f4i<\/h2>\t\t<\/div>\n\t\t\t\t<\/div>\n\t\t\t\t<div class=\"elementor-element elementor-element-bc72fee elementor-widget__width-initial elementor-widget elementor-widget-text-editor\" data-id=\"bc72fee\" data-element_type=\"widget\" data-widget_type=\"text-editor.default\">\n\t\t\t\t<div class=\"elementor-widget-container\">\n\t\t\t\t\t\t\t<p>Quan t\u00e2m \u0111\u1ebfn \u0111\u1ed5i m\u1edbi? H\u00e3y li\u00ean h\u1ec7 v\u1edbi ch\u00fang t\u00f4i \u0111\u1ec3 kh\u00e1m ph\u00e1 c\u00e1c c\u01a1 h\u1ed9i.<\/p>\t\t\t\t\t\t<\/div>\n\t\t\t\t<\/div>\n\t\t\t\t<\/div>\n\t\t<div class=\"elementor-element elementor-element-0ddd891 e-con-full e-flex e-con e-child\" data-id=\"0ddd891\" data-element_type=\"container\">\n\t\t\t\t<div class=\"elementor-element elementor-element-28b5013 elementor-widget__width-initial elementor-widget elementor-widget-html\" data-id=\"28b5013\" data-element_type=\"widget\" data-widget_type=\"html.default\">\n\t\t\t\t<div class=\"elementor-widget-container\">\n\t\t\t<div class=\"_form_4\"><\/div><script src=\"https:\/\/hydrax.activehosted.com\/f\/embed.php?id=4\" charset=\"utf-8\"><\/script>\t\t<\/div>\n\t\t\t\t<\/div>\n\t\t\t\t<div class=\"elementor-element elementor-element-ffaf93b elementor-widget__width-initial elementor-widget elementor-widget-text-editor\" data-id=\"ffaf93b\" data-element_type=\"widget\" data-widget_type=\"text-editor.default\">\n\t\t\t\t<div class=\"elementor-widget-container\">\n\t\t\t\t\t\t\t<p>Hydra X c\u00f3 th\u1ec3 li\u00ean h\u1ec7 v\u1edbi b\u1ea1n v\u1ec1 c\u00e1c s\u1ea3n ph\u1ea9m v\u00e0 d\u1ecbch v\u1ee5 c\u1ee7a ch\u00fang t\u00f4i c\u0169ng nh\u01b0 nh\u1eefng th\u00f4ng tin m\u1edbi nh\u1ea5t trong ng\u00e0nh. B\u1ea1n c\u00f3 th\u1ec3 ch\u1ecdn kh\u00f4ng nh\u1eadn th\u00f4ng tin li\u00ean l\u1ea1c t\u1eeb ch\u00fang t\u00f4i b\u1ea5t k\u1ef3 l\u00fac n\u00e0o.<\/p>\t\t\t\t\t\t<\/div>\n\t\t\t\t<\/div>\n\t\t\t\t<\/div>\n\t\t\t\t\t<\/div>\n\t\t\t\t<\/div>\n\t\t\t\t<\/div>","protected":false},"excerpt":{"rendered":"<p>CORE EXCHANGE SOLUTIONS RFQ (Request-for-Quote System) REQUEST A DEMO OUR TECHNOLOGY Our RFQ system enables seamless bilateral and multilateral negotiations. It supports both directed and public RFQs, making it ideal for OTC (Over-the-Counter) markets and bilateral trading. Real-time chat with an auditable log ensures transparency and compliance throughout the negotiation process. KEY FEATURES Real-Time Chat [&hellip;]<\/p>","protected":false},"author":4,"featured_media":23630,"parent":4238,"menu_order":0,"comment_status":"closed","ping_status":"closed","template":"","meta":{"_monsterinsights_skip_tracking":false,"_monsterinsights_sitenote_active":false,"_monsterinsights_sitenote_note":"","_monsterinsights_sitenote_category":0,"footnotes":""},"class_list":["post-6191","page","type-page","status-publish","has-post-thumbnail","hentry"],"yoast_head":"<!-- This site is optimized with the Yoast SEO plugin v23.6 - https:\/\/yoast.com\/wordpress\/plugins\/seo\/ -->\n<title>Hydra X | Unlock Real-Time Transparency with Our RFQ System<\/title>\n<meta name=\"description\" content=\"Featuring real-time chat with auditable logs, our RFQ system supports transparent and efficient negotiations, ideal for OTC markets.\" \/>\n<meta name=\"robots\" content=\"index, follow, max-snippet:-1, max-image-preview:large, max-video-preview:-1\" \/>\n<link rel=\"canonical\" href=\"https:\/\/www.hydrax.io\/vn\/enterprise-solutions\/rfq-otc\/\" \/>\n<meta property=\"og:locale\" content=\"vi_VN\" \/>\n<meta property=\"og:type\" content=\"article\" \/>\n<meta property=\"og:title\" content=\"Hydra X | Unlock Real-Time Transparency with Our RFQ System\" \/>\n<meta property=\"og:description\" content=\"Featuring real-time chat with auditable logs, our RFQ system supports transparent and efficient negotiations, ideal for OTC markets.\" \/>\n<meta property=\"og:url\" content=\"https:\/\/www.hydrax.io\/vn\/enterprise-solutions\/rfq-otc\/\" \/>\n<meta property=\"og:site_name\" content=\"Hydra X\" \/>\n<meta property=\"article:modified_time\" content=\"2024-12-26T04:29:58+00:00\" \/>\n<meta property=\"og:image\" content=\"https:\/\/www.hydrax.io\/wp-content\/uploads\/2024\/11\/Market-Technology_RFQ-square.png\" \/>\n\t<meta property=\"og:image:width\" content=\"825\" \/>\n\t<meta property=\"og:image:height\" content=\"825\" \/>\n\t<meta property=\"og:image:type\" content=\"image\/png\" \/>\n<meta name=\"twitter:card\" content=\"summary_large_image\" \/>\n<meta name=\"twitter:label1\" content=\"\u01af\u1edbc t\u00ednh th\u1eddi gian \u0111\u1ecdc\" \/>\n\t<meta name=\"twitter:data1\" content=\"4 ph\u00fat\" \/>\n<script type=\"application\/ld+json\" class=\"yoast-schema-graph\">{\"@context\":\"https:\/\/schema.org\",\"@graph\":[{\"@type\":\"WebPage\",\"@id\":\"https:\/\/www.hydrax.io\/enterprise-solutions\/rfq-otc\/\",\"url\":\"https:\/\/www.hydrax.io\/enterprise-solutions\/rfq-otc\/\",\"name\":\"Hydra X | Unlock Real-Time Transparency with Our RFQ System\",\"isPartOf\":{\"@id\":\"https:\/\/www.hydrax.io\/#website\"},\"primaryImageOfPage\":{\"@id\":\"https:\/\/www.hydrax.io\/enterprise-solutions\/rfq-otc\/#primaryimage\"},\"image\":{\"@id\":\"https:\/\/www.hydrax.io\/enterprise-solutions\/rfq-otc\/#primaryimage\"},\"thumbnailUrl\":\"https:\/\/www.hydrax.io\/wp-content\/uploads\/2024\/11\/Market-Technology_RFQ-square.png\",\"datePublished\":\"2019-11-25T02:34:02+00:00\",\"dateModified\":\"2024-12-26T04:29:58+00:00\",\"description\":\"Featuring real-time chat with auditable logs, our RFQ system supports transparent and efficient negotiations, ideal for OTC markets.\",\"breadcrumb\":{\"@id\":\"https:\/\/www.hydrax.io\/enterprise-solutions\/rfq-otc\/#breadcrumb\"},\"inLanguage\":\"vi\",\"potentialAction\":[{\"@type\":\"ReadAction\",\"target\":[\"https:\/\/www.hydrax.io\/enterprise-solutions\/rfq-otc\/\"]}]},{\"@type\":\"ImageObject\",\"inLanguage\":\"vi\",\"@id\":\"https:\/\/www.hydrax.io\/enterprise-solutions\/rfq-otc\/#primaryimage\",\"url\":\"https:\/\/www.hydrax.io\/wp-content\/uploads\/2024\/11\/Market-Technology_RFQ-square.png\",\"contentUrl\":\"https:\/\/www.hydrax.io\/wp-content\/uploads\/2024\/11\/Market-Technology_RFQ-square.png\",\"width\":825,\"height\":825},{\"@type\":\"BreadcrumbList\",\"@id\":\"https:\/\/www.hydrax.io\/enterprise-solutions\/rfq-otc\/#breadcrumb\",\"itemListElement\":[{\"@type\":\"ListItem\",\"position\":1,\"name\":\"Home\",\"item\":\"https:\/\/www.hydrax.io\/\"},{\"@type\":\"ListItem\",\"position\":2,\"name\":\"Technology &#8211; Exchange Solutions\",\"item\":\"https:\/\/www.hydrax.io\/enterprise-solutions\/\"},{\"@type\":\"ListItem\",\"position\":3,\"name\":\"Exchange &#8211; RFQ\/OTC Engine\"}]},{\"@type\":\"WebSite\",\"@id\":\"https:\/\/www.hydrax.io\/#website\",\"url\":\"https:\/\/www.hydrax.io\/\",\"name\":\"Hydra X\",\"description\":\"Professional Trading Technology\",\"publisher\":{\"@id\":\"https:\/\/www.hydrax.io\/#organization\"},\"potentialAction\":[{\"@type\":\"SearchAction\",\"target\":{\"@type\":\"EntryPoint\",\"urlTemplate\":\"https:\/\/www.hydrax.io\/?s={search_term_string}\"},\"query-input\":{\"@type\":\"PropertyValueSpecification\",\"valueRequired\":true,\"valueName\":\"search_term_string\"}}],\"inLanguage\":\"vi\"},{\"@type\":\"Organization\",\"@id\":\"https:\/\/www.hydrax.io\/#organization\",\"name\":\"Hydra X\",\"url\":\"https:\/\/www.hydrax.io\/\",\"logo\":{\"@type\":\"ImageObject\",\"inLanguage\":\"vi\",\"@id\":\"https:\/\/www.hydrax.io\/#\/schema\/logo\/image\/\",\"url\":\"https:\/\/www.hydrax.io\/wp-content\/uploads\/2019\/10\/Hydra-X-Logo-Blue.png\",\"contentUrl\":\"https:\/\/www.hydrax.io\/wp-content\/uploads\/2019\/10\/Hydra-X-Logo-Blue.png\",\"width\":1052,\"height\":849,\"caption\":\"Hydra X\"},\"image\":{\"@id\":\"https:\/\/www.hydrax.io\/#\/schema\/logo\/image\/\"}}]}<\/script>\n<!-- \/ Yoast SEO plugin. -->","yoast_head_json":{"title":"Hydra X | Unlock Real-Time Transparency with Our RFQ System","description":"Featuring real-time chat with auditable logs, our RFQ system supports transparent and efficient negotiations, ideal for OTC markets.","robots":{"index":"index","follow":"follow","max-snippet":"max-snippet:-1","max-image-preview":"max-image-preview:large","max-video-preview":"max-video-preview:-1"},"canonical":"https:\/\/www.hydrax.io\/vn\/enterprise-solutions\/rfq-otc\/","og_locale":"vi_VN","og_type":"article","og_title":"Hydra X | Unlock Real-Time Transparency with Our RFQ System","og_description":"Featuring real-time chat with auditable logs, our RFQ system supports transparent and efficient negotiations, ideal for OTC markets.","og_url":"https:\/\/www.hydrax.io\/vn\/enterprise-solutions\/rfq-otc\/","og_site_name":"Hydra X","article_modified_time":"2024-12-26T04:29:58+00:00","og_image":[{"width":825,"height":825,"url":"https:\/\/www.hydrax.io\/wp-content\/uploads\/2024\/11\/Market-Technology_RFQ-square.png","type":"image\/png"}],"twitter_card":"summary_large_image","twitter_misc":{"\u01af\u1edbc t\u00ednh th\u1eddi gian \u0111\u1ecdc":"4 ph\u00fat"},"schema":{"@context":"https:\/\/schema.org","@graph":[{"@type":"WebPage","@id":"https:\/\/www.hydrax.io\/enterprise-solutions\/rfq-otc\/","url":"https:\/\/www.hydrax.io\/enterprise-solutions\/rfq-otc\/","name":"Hydra X | Unlock Real-Time Transparency with Our RFQ System","isPartOf":{"@id":"https:\/\/www.hydrax.io\/#website"},"primaryImageOfPage":{"@id":"https:\/\/www.hydrax.io\/enterprise-solutions\/rfq-otc\/#primaryimage"},"image":{"@id":"https:\/\/www.hydrax.io\/enterprise-solutions\/rfq-otc\/#primaryimage"},"thumbnailUrl":"https:\/\/www.hydrax.io\/wp-content\/uploads\/2024\/11\/Market-Technology_RFQ-square.png","datePublished":"2019-11-25T02:34:02+00:00","dateModified":"2024-12-26T04:29:58+00:00","description":"Featuring real-time chat with auditable logs, our RFQ system supports transparent and efficient negotiations, ideal for OTC markets.","breadcrumb":{"@id":"https:\/\/www.hydrax.io\/enterprise-solutions\/rfq-otc\/#breadcrumb"},"inLanguage":"vi","potentialAction":[{"@type":"ReadAction","target":["https:\/\/www.hydrax.io\/enterprise-solutions\/rfq-otc\/"]}]},{"@type":"ImageObject","inLanguage":"vi","@id":"https:\/\/www.hydrax.io\/enterprise-solutions\/rfq-otc\/#primaryimage","url":"https:\/\/www.hydrax.io\/wp-content\/uploads\/2024\/11\/Market-Technology_RFQ-square.png","contentUrl":"https:\/\/www.hydrax.io\/wp-content\/uploads\/2024\/11\/Market-Technology_RFQ-square.png","width":825,"height":825},{"@type":"BreadcrumbList","@id":"https:\/\/www.hydrax.io\/enterprise-solutions\/rfq-otc\/#breadcrumb","itemListElement":[{"@type":"ListItem","position":1,"name":"Home","item":"https:\/\/www.hydrax.io\/"},{"@type":"ListItem","position":2,"name":"Technology &#8211; Exchange Solutions","item":"https:\/\/www.hydrax.io\/enterprise-solutions\/"},{"@type":"ListItem","position":3,"name":"Exchange &#8211; RFQ\/OTC Engine"}]},{"@type":"WebSite","@id":"https:\/\/www.hydrax.io\/#website","url":"https:\/\/www.hydrax.io\/","name":"Hydra X","description":"Professional Trading Technology","publisher":{"@id":"https:\/\/www.hydrax.io\/#organization"},"potentialAction":[{"@type":"SearchAction","target":{"@type":"EntryPoint","urlTemplate":"https:\/\/www.hydrax.io\/?s={search_term_string}"},"query-input":{"@type":"PropertyValueSpecification","valueRequired":true,"valueName":"search_term_string"}}],"inLanguage":"vi"},{"@type":"Organization","@id":"https:\/\/www.hydrax.io\/#organization","name":"Hydra X","url":"https:\/\/www.hydrax.io\/","logo":{"@type":"ImageObject","inLanguage":"vi","@id":"https:\/\/www.hydrax.io\/#\/schema\/logo\/image\/","url":"https:\/\/www.hydrax.io\/wp-content\/uploads\/2019\/10\/Hydra-X-Logo-Blue.png","contentUrl":"https:\/\/www.hydrax.io\/wp-content\/uploads\/2019\/10\/Hydra-X-Logo-Blue.png","width":1052,"height":849,"caption":"Hydra X"},"image":{"@id":"https:\/\/www.hydrax.io\/#\/schema\/logo\/image\/"}}]}},"_links":{"self":[{"href":"https:\/\/www.hydrax.io\/vn\/wp-json\/wp\/v2\/pages\/6191"}],"collection":[{"href":"https:\/\/www.hydrax.io\/vn\/wp-json\/wp\/v2\/pages"}],"about":[{"href":"https:\/\/www.hydrax.io\/vn\/wp-json\/wp\/v2\/types\/page"}],"author":[{"embeddable":true,"href":"https:\/\/www.hydrax.io\/vn\/wp-json\/wp\/v2\/users\/4"}],"replies":[{"embeddable":true,"href":"https:\/\/www.hydrax.io\/vn\/wp-json\/wp\/v2\/comments?post=6191"}],"version-history":[{"count":149,"href":"https:\/\/www.hydrax.io\/vn\/wp-json\/wp\/v2\/pages\/6191\/revisions"}],"predecessor-version":[{"id":24516,"href":"https:\/\/www.hydrax.io\/vn\/wp-json\/wp\/v2\/pages\/6191\/revisions\/24516"}],"up":[{"embeddable":true,"href":"https:\/\/www.hydrax.io\/vn\/wp-json\/wp\/v2\/pages\/4238"}],"wp:featuredmedia":[{"embeddable":true,"href":"https:\/\/www.hydrax.io\/vn\/wp-json\/wp\/v2\/media\/23630"}],"wp:attachment":[{"href":"https:\/\/www.hydrax.io\/vn\/wp-json\/wp\/v2\/media?parent=6191"}],"curies":[{"name":"wp","href":"https:\/\/api.w.org\/{rel}","templated":true}]}}