{"id":6197,"date":"2019-11-25T10:36:14","date_gmt":"2019-11-25T02:36:14","guid":{"rendered":"https:\/\/www.hydrax.io\/?page_id=6197"},"modified":"2024-12-11T11:30:44","modified_gmt":"2024-12-11T03:30:44","slug":"pricing-engine","status":"publish","type":"page","link":"https:\/\/www.hydrax.io\/vn\/enterprise-solutions\/pricing-engine\/","title":{"rendered":"Exchange &#8211; Pricing Engine"},"content":{"rendered":"<div data-elementor-type=\"wp-post\" data-elementor-id=\"6197\" class=\"elementor elementor-6197\" data-elementor-post-type=\"page\">\n\t\t\t\t<div class=\"elementor-element elementor-element-a2c5f0a e-flex e-con-boxed e-con e-parent\" data-id=\"a2c5f0a\" data-element_type=\"container\" data-settings=\"{&quot;background_background&quot;:&quot;classic&quot;}\">\n\t\t\t\t\t<div class=\"e-con-inner\">\n\t\t<div class=\"elementor-element elementor-element-1638f1f e-con-full e-flex e-con e-child\" data-id=\"1638f1f\" data-element_type=\"container\">\n\t\t\t\t<div class=\"elementor-element elementor-element-c0e516e elementor-widget elementor-widget-heading\" data-id=\"c0e516e\" data-element_type=\"widget\" data-widget_type=\"heading.default\">\n\t\t\t\t<div class=\"elementor-widget-container\">\n\t\t\t<h5 class=\"elementor-heading-title elementor-size-default\">CORE EXCHANGE SOLUTIONS<\/h5>\t\t<\/div>\n\t\t\t\t<\/div>\n\t\t\t\t<div class=\"elementor-element elementor-element-40977f2 elementor-widget elementor-widget-heading\" data-id=\"40977f2\" data-element_type=\"widget\" data-widget_type=\"heading.default\">\n\t\t\t\t<div class=\"elementor-widget-container\">\n\t\t\t<h2 class=\"elementor-heading-title elementor-size-default\">Truy\u1ec1n ph\u00e1t gi\u00e1<\/h2>\t\t<\/div>\n\t\t\t\t<\/div>\n\t\t\t\t<\/div>\n\t\t\t\t<div class=\"elementor-element elementor-element-667683c elementor-align-left elementor-widget__width-inherit elementor-widget elementor-widget-button\" data-id=\"667683c\" data-element_type=\"widget\" data-widget_type=\"button.default\">\n\t\t\t\t<div class=\"elementor-widget-container\">\n\t\t\t\t\t<div class=\"elementor-button-wrapper\">\n\t\t\t<a class=\"elementor-button elementor-button-link elementor-size-md\" href=\"#contact\">\n\t\t\t\t\t\t<span class=\"elementor-button-content-wrapper\">\n\t\t\t\t\t\t\t\t\t<span class=\"elementor-button-text\">Y\u00caU C\u1ea6U B\u1ea2N DEMO<\/span>\n\t\t\t\t\t<\/span>\n\t\t\t\t\t<\/a>\n\t\t<\/div>\n\t\t\t\t<\/div>\n\t\t\t\t<\/div>\n\t\t\t\t\t<\/div>\n\t\t\t\t<\/div>\n\t\t<div class=\"elementor-element elementor-element-92ffdb6 e-flex e-con-boxed e-con e-parent\" data-id=\"92ffdb6\" data-element_type=\"container\" data-settings=\"{&quot;background_background&quot;:&quot;classic&quot;}\">\n\t\t\t\t\t<div class=\"e-con-inner\">\n\t\t<div class=\"elementor-element elementor-element-c2f84a2 e-con-full e-flex elementor-invisible e-con e-child\" data-id=\"c2f84a2\" data-element_type=\"container\" data-settings=\"{&quot;background_background&quot;:&quot;classic&quot;,&quot;animation&quot;:&quot;fadeInUp&quot;}\">\n\t\t\t\t<div class=\"elementor-element elementor-element-ca375d3 elementor-widget elementor-widget-spacer\" data-id=\"ca375d3\" data-element_type=\"widget\" data-widget_type=\"spacer.default\">\n\t\t\t\t<div class=\"elementor-widget-container\">\n\t\t\t\t\t<div class=\"elementor-spacer\">\n\t\t\t<div class=\"elementor-spacer-inner\"><\/div>\n\t\t<\/div>\n\t\t\t\t<\/div>\n\t\t\t\t<\/div>\n\t\t\t\t<\/div>\n\t\t<div class=\"elementor-element elementor-element-1ea6702 e-con-full e-flex e-con e-child\" data-id=\"1ea6702\" data-element_type=\"container\">\n\t\t<div class=\"elementor-element elementor-element-1f965b9 e-con-full e-flex elementor-invisible e-con e-child\" data-id=\"1f965b9\" data-element_type=\"container\" data-settings=\"{&quot;animation&quot;:&quot;fadeInUp&quot;,&quot;animation_delay&quot;:400}\">\n\t\t\t\t<div class=\"elementor-element elementor-element-5dbcd6b elementor-widget elementor-widget-heading\" data-id=\"5dbcd6b\" data-element_type=\"widget\" data-widget_type=\"heading.default\">\n\t\t\t\t<div class=\"elementor-widget-container\">\n\t\t\t<h5 class=\"elementor-heading-title elementor-size-default\">C\u00d4NG NGH\u1ec6 C\u1ee6A CH\u00daNG T\u00d4I<\/h5>\t\t<\/div>\n\t\t\t\t<\/div>\n\t\t\t\t<div class=\"elementor-element elementor-element-34315ce elementor-widget__width-inherit elementor-widget elementor-widget-text-editor\" data-id=\"34315ce\" data-element_type=\"widget\" data-widget_type=\"text-editor.default\">\n\t\t\t\t<div class=\"elementor-widget-container translation-block\">H\u1ec7 th\u1ed1ng Ph\u00e1t tr\u1ef1c tuy\u1ebfn v\u00e0 T\u1ed5ng h\u1ee3p gi\u00e1 cung c\u1ea5p d\u1eef li\u1ec7u th\u1eddi gian th\u1ef1c, <span class=\"responsive-text\" style=\"color: #20b3ab;font-family: 'Source Serif Pro';font-weight: 500\"><em>qu\u1ea3n l\u00fd hi\u1ec7u qu\u1ea3 kh\u1ed1i l\u01b0\u1ee3ng giao d\u1ecbch l\u1edbn tr\u00ean nhi\u1ec1u lo\u1ea1i t\u00e0i s\u1ea3n<\/em><\/span>. T\u1ed5ng h\u1ee3p thanh kho\u1ea3n t\u1eeb nhi\u1ec1u ngu\u1ed3n gi\u00fap \u0111\u1ea3m b\u1ea3o <span class=\"responsive-text\" style=\"color: #20b3ab;font-family: 'Source Serif Pro';font-weight: 500\"><em>gi\u00e1 c\u1ea1nh tranh v\u00e0 th\u1ef1c thi li\u1ec1n m\u1ea1ch<\/em><\/span> cho c\u1ea3 th\u1ecb tr\u01b0\u1eddng truy\u1ec1n th\u1ed1ng v\u00e0 k\u1ef9 thu\u1eadt s\u1ed1.<\/div>\n\t\t\t\t<\/div>\n\t\t\t\t<\/div>\n\t\t\t\t<\/div>\n\t\t\t\t\t<\/div>\n\t\t\t\t<\/div>\n\t\t<div class=\"elementor-element elementor-element-4b54afc e-flex e-con-boxed e-con e-parent\" data-id=\"4b54afc\" data-element_type=\"container\" data-settings=\"{&quot;background_background&quot;:&quot;classic&quot;}\">\n\t\t\t\t\t<div class=\"e-con-inner\">\n\t\t\t\t<div class=\"elementor-element elementor-element-eb7bf27 elementor-widget elementor-widget-heading\" data-id=\"eb7bf27\" data-element_type=\"widget\" data-widget_type=\"heading.default\">\n\t\t\t\t<div class=\"elementor-widget-container\">\n\t\t\t<h5 class=\"elementor-heading-title elementor-size-default\">C\u00c1C T\u00cdNH N\u0102NG CH\u00cdNH<\/h5>\t\t<\/div>\n\t\t\t\t<\/div>\n\t\t<div class=\"elementor-element elementor-element-bb45c63 e-con-full e-flex e-con e-child\" data-id=\"bb45c63\" data-element_type=\"container\">\n\t\t<div class=\"elementor-element elementor-element-c27ff92 e-con-full e-flex elementor-invisible e-con e-child\" data-id=\"c27ff92\" data-element_type=\"container\" data-settings=\"{&quot;animation&quot;:&quot;fadeInUp&quot;}\">\n\t\t\t\t<div class=\"elementor-element elementor-element-b7f87d9 elementor-widget-tablet__width-initial elementor-widget elementor-widget-image\" data-id=\"b7f87d9\" data-element_type=\"widget\" data-widget_type=\"image.default\">\n\t\t\t\t<div class=\"elementor-widget-container\">\n\t\t\t\t\t\t\t\t\t\t\t\t\t<img decoding=\"async\" data-src=\"https:\/\/www.hydrax.io\/wp-content\/uploads\/2024\/11\/Multi-source-Aggregation.png\" title=\"Multi-source Aggregation\" alt=\"\" loading=\"lazy\" src=\"data:image\/gif;base64,R0lGODlhAQABAAAAACH5BAEKAAEALAAAAAABAAEAAAICTAEAOw==\" class=\"lazyload\" style=\"--smush-placeholder-width: 55px; --smush-placeholder-aspect-ratio: 55\/80;\" \/><noscript><img decoding=\"async\" src=\"https:\/\/www.hydrax.io\/wp-content\/uploads\/2024\/11\/Multi-source-Aggregation.png\" title=\"Multi-source Aggregation\" alt=\"\" loading=\"lazy\" \/><\/noscript>\t\t\t\t\t\t\t\t\t\t\t\t\t<\/div>\n\t\t\t\t<\/div>\n\t\t<div class=\"elementor-element elementor-element-dac77f5 e-con-full e-flex e-con e-child\" data-id=\"dac77f5\" data-element_type=\"container\">\n\t\t\t\t<div class=\"elementor-element elementor-element-7de77e2 elementor-widget__width-initial elementor-widget elementor-widget-heading\" data-id=\"7de77e2\" data-element_type=\"widget\" data-widget_type=\"heading.default\">\n\t\t\t\t<div class=\"elementor-widget-container\">\n\t\t\t<h2 class=\"elementor-heading-title elementor-size-default\">T\u1ed5ng h\u1ee3p \u0111a ngu\u1ed3n<\/h2>\t\t<\/div>\n\t\t\t\t<\/div>\n\t\t\t\t<div class=\"elementor-element elementor-element-90214a6 elementor-widget elementor-widget-text-editor\" data-id=\"90214a6\" data-element_type=\"widget\" data-widget_type=\"text-editor.default\">\n\t\t\t\t<div class=\"elementor-widget-container\">\n\t\t\t\t\t\t\t<p>T\u1ed5ng h\u1ee3p gi\u00e1 t\u1eeb c\u00e1c nh\u00e0 cung c\u1ea5p thanh kho\u1ea3n nh\u01b0 ng\u00e2n h\u00e0ng, t\u1ed5 ch\u1ee9c phi ng\u00e2n h\u00e0ng v\u00e0 ECN, mang l\u1ea1i \u0111\u1ed9 ph\u1ee7 th\u1ecb tr\u01b0\u1eddng to\u00e0n di\u1ec7n.<\/p>\t\t\t\t\t\t<\/div>\n\t\t\t\t<\/div>\n\t\t\t\t<\/div>\n\t\t\t\t<\/div>\n\t\t<div class=\"elementor-element elementor-element-76e31b3 e-con-full e-flex elementor-invisible e-con e-child\" data-id=\"76e31b3\" data-element_type=\"container\" data-settings=\"{&quot;animation&quot;:&quot;fadeInUp&quot;,&quot;animation_delay&quot;:400}\">\n\t\t\t\t<div class=\"elementor-element elementor-element-4ba5895 elementor-widget-tablet__width-initial elementor-widget elementor-widget-image\" data-id=\"4ba5895\" data-element_type=\"widget\" data-widget_type=\"image.default\">\n\t\t\t\t<div class=\"elementor-widget-container\">\n\t\t\t\t\t\t\t\t\t\t\t\t\t<img decoding=\"async\" data-src=\"https:\/\/www.hydrax.io\/wp-content\/uploads\/2024\/11\/Low-Latency-Execution.png\" title=\"Low Latency Execution\" alt=\"\" loading=\"lazy\" src=\"data:image\/gif;base64,R0lGODlhAQABAAAAACH5BAEKAAEALAAAAAABAAEAAAICTAEAOw==\" class=\"lazyload\" style=\"--smush-placeholder-width: 54px; --smush-placeholder-aspect-ratio: 54\/80;\" \/><noscript><img decoding=\"async\" src=\"https:\/\/www.hydrax.io\/wp-content\/uploads\/2024\/11\/Low-Latency-Execution.png\" title=\"Low Latency Execution\" alt=\"\" loading=\"lazy\" \/><\/noscript>\t\t\t\t\t\t\t\t\t\t\t\t\t<\/div>\n\t\t\t\t<\/div>\n\t\t<div class=\"elementor-element elementor-element-035db87 e-con-full e-flex e-con e-child\" data-id=\"035db87\" data-element_type=\"container\">\n\t\t\t\t<div class=\"elementor-element elementor-element-c92feb0 elementor-widget__width-initial elementor-widget elementor-widget-heading\" data-id=\"c92feb0\" data-element_type=\"widget\" data-widget_type=\"heading.default\">\n\t\t\t\t<div class=\"elementor-widget-container\">\n\t\t\t<h2 class=\"elementor-heading-title elementor-size-default\">Th\u1ef1c thi t\u1ed1c \u0111\u1ed9 cao, \u0111\u1ed9 tr\u1ec5 t\u1ed1i thi\u1ec3u<\/h2>\t\t<\/div>\n\t\t\t\t<\/div>\n\t\t\t\t<div class=\"elementor-element elementor-element-a54d1cd elementor-widget elementor-widget-text-editor\" data-id=\"a54d1cd\" data-element_type=\"widget\" data-widget_type=\"text-editor.default\">\n\t\t\t\t<div class=\"elementor-widget-container\">\n\t\t\t\t\t\t\t<p>\u0110\u01b0\u1ee3c t\u1ed1i \u01b0u cho giao d\u1ecbch t\u1ea7n su\u1ea5t cao v\u1edbi \u0111\u1ed9 tr\u1ec5 si\u00eau th\u1ea5p.<\/p>\t\t\t\t\t\t<\/div>\n\t\t\t\t<\/div>\n\t\t\t\t<\/div>\n\t\t\t\t<\/div>\n\t\t<div class=\"elementor-element elementor-element-86ab87d e-con-full e-flex elementor-invisible e-con e-child\" data-id=\"86ab87d\" data-element_type=\"container\" data-settings=\"{&quot;animation&quot;:&quot;fadeInUp&quot;,&quot;animation_delay&quot;:800}\">\n\t\t\t\t<div class=\"elementor-element elementor-element-4f3760d elementor-widget-tablet__width-initial elementor-widget elementor-widget-image\" data-id=\"4f3760d\" data-element_type=\"widget\" data-widget_type=\"image.default\">\n\t\t\t\t<div class=\"elementor-widget-container\">\n\t\t\t\t\t\t\t\t\t\t\t\t\t<img decoding=\"async\" data-src=\"https:\/\/www.hydrax.io\/wp-content\/uploads\/2024\/11\/Customisable-Market-Data-Feeds.png\" title=\"Cung c\u1ea5p d\u1eef li\u1ec7u th\u1ecb tr\u01b0\u1eddng theo nhu c\u1ea7u\" alt=\"\" loading=\"lazy\" src=\"data:image\/gif;base64,R0lGODlhAQABAAAAACH5BAEKAAEALAAAAAABAAEAAAICTAEAOw==\" class=\"lazyload\" style=\"--smush-placeholder-width: 80px; --smush-placeholder-aspect-ratio: 80\/80;\" \/><noscript><img decoding=\"async\" src=\"https:\/\/www.hydrax.io\/wp-content\/uploads\/2024\/11\/Customisable-Market-Data-Feeds.png\" title=\"Cung c\u1ea5p d\u1eef li\u1ec7u th\u1ecb tr\u01b0\u1eddng theo nhu c\u1ea7u\" alt=\"\" loading=\"lazy\" \/><\/noscript>\t\t\t\t\t\t\t\t\t\t\t\t\t<\/div>\n\t\t\t\t<\/div>\n\t\t<div class=\"elementor-element elementor-element-131d37b e-con-full e-flex e-con e-child\" data-id=\"131d37b\" data-element_type=\"container\">\n\t\t\t\t<div class=\"elementor-element elementor-element-00b15eb elementor-widget__width-initial elementor-widget elementor-widget-heading\" data-id=\"00b15eb\" data-element_type=\"widget\" data-widget_type=\"heading.default\">\n\t\t\t\t<div class=\"elementor-widget-container\">\n\t\t\t<h2 class=\"elementor-heading-title elementor-size-default\">Cung c\u1ea5p d\u1eef li\u1ec7u th\u1ecb tr\u01b0\u1eddng theo nhu c\u1ea7u<\/h2>\t\t<\/div>\n\t\t\t\t<\/div>\n\t\t\t\t<div class=\"elementor-element elementor-element-0061ae2 elementor-widget elementor-widget-text-editor\" data-id=\"0061ae2\" data-element_type=\"widget\" data-widget_type=\"text-editor.default\">\n\t\t\t\t<div class=\"elementor-widget-container\">\n\t\t\t\t\t\t\t<p>Cho ph\u00e9p ng\u01b0\u1eddi d\u00f9ng c\u1ea5u h\u00ecnh lu\u1ed3ng gi\u00e1 v\u00e0 thi\u1ebft l\u1eadp c\u00e1c nh\u00f3m thanh kho\u1ea3n ri\u00eang, ph\u00f9 h\u1ee3p v\u1edbi chi\u1ebfn l\u01b0\u1ee3c giao d\u1ecbch \u0111\u1ed9c \u0111\u00e1o.<\/p>\t\t\t\t\t\t<\/div>\n\t\t\t\t<\/div>\n\t\t\t\t<\/div>\n\t\t\t\t<\/div>\n\t\t\t\t<\/div>\n\t\t\t\t\t<\/div>\n\t\t\t\t<\/div>\n\t\t<div class=\"elementor-element elementor-element-ff59cae e-flex e-con-boxed e-con e-parent\" data-id=\"ff59cae\" data-element_type=\"container\" id=\"contact\" data-settings=\"{&quot;background_background&quot;:&quot;slideshow&quot;,&quot;background_slideshow_gallery&quot;:[{&quot;id&quot;:21090,&quot;url&quot;:&quot;https:\\\/\\\/www.hydrax.io\\\/wp-content\\\/uploads\\\/2024\\\/11\\\/Contact-Us.jpg&quot;}],&quot;background_slideshow_loop&quot;:&quot;yes&quot;,&quot;background_slideshow_slide_duration&quot;:5000,&quot;background_slideshow_slide_transition&quot;:&quot;fade&quot;,&quot;background_slideshow_transition_duration&quot;:500}\">\n\t\t\t\t\t<div class=\"e-con-inner\">\n\t\t<div class=\"elementor-element elementor-element-5d234a9 e-con-full e-flex e-con e-child\" data-id=\"5d234a9\" data-element_type=\"container\">\n\t\t\t\t<div class=\"elementor-element elementor-element-fbec38b elementor-widget__width-initial elementor-widget elementor-widget-heading\" data-id=\"fbec38b\" data-element_type=\"widget\" data-widget_type=\"heading.default\">\n\t\t\t\t<div class=\"elementor-widget-container\">\n\t\t\t<h2 class=\"elementor-heading-title elementor-size-default\">Li\u00ean h\u1ec7 v\u1edbi ch\u00fang t\u00f4i<\/h2>\t\t<\/div>\n\t\t\t\t<\/div>\n\t\t\t\t<div class=\"elementor-element elementor-element-e964989 elementor-widget__width-initial elementor-widget elementor-widget-text-editor\" data-id=\"e964989\" data-element_type=\"widget\" data-widget_type=\"text-editor.default\">\n\t\t\t\t<div class=\"elementor-widget-container\">\n\t\t\t\t\t\t\t<p>Quan t\u00e2m \u0111\u1ebfn \u0111\u1ed5i m\u1edbi? H\u00e3y li\u00ean h\u1ec7 v\u1edbi ch\u00fang t\u00f4i \u0111\u1ec3 kh\u00e1m ph\u00e1 c\u00e1c c\u01a1 h\u1ed9i.<\/p>\t\t\t\t\t\t<\/div>\n\t\t\t\t<\/div>\n\t\t\t\t<\/div>\n\t\t<div class=\"elementor-element elementor-element-7b0e3ed e-con-full e-flex e-con e-child\" data-id=\"7b0e3ed\" data-element_type=\"container\">\n\t\t\t\t<div class=\"elementor-element elementor-element-072c1f2 elementor-widget__width-initial elementor-widget elementor-widget-html\" data-id=\"072c1f2\" data-element_type=\"widget\" data-widget_type=\"html.default\">\n\t\t\t\t<div class=\"elementor-widget-container\">\n\t\t\t<div class=\"_form_4\"><\/div><script src=\"https:\/\/hydrax.activehosted.com\/f\/embed.php?id=4\" charset=\"utf-8\"><\/script>\t\t<\/div>\n\t\t\t\t<\/div>\n\t\t\t\t<div class=\"elementor-element elementor-element-b4a3819 elementor-widget__width-initial elementor-widget elementor-widget-text-editor\" data-id=\"b4a3819\" data-element_type=\"widget\" data-widget_type=\"text-editor.default\">\n\t\t\t\t<div class=\"elementor-widget-container\">\n\t\t\t\t\t\t\t<p>Hydra X c\u00f3 th\u1ec3 li\u00ean h\u1ec7 v\u1edbi b\u1ea1n v\u1ec1 c\u00e1c s\u1ea3n ph\u1ea9m v\u00e0 d\u1ecbch v\u1ee5 c\u1ee7a ch\u00fang t\u00f4i c\u0169ng nh\u01b0 nh\u1eefng th\u00f4ng tin m\u1edbi nh\u1ea5t trong ng\u00e0nh. B\u1ea1n c\u00f3 th\u1ec3 ch\u1ecdn kh\u00f4ng nh\u1eadn th\u00f4ng tin li\u00ean l\u1ea1c t\u1eeb ch\u00fang t\u00f4i b\u1ea5t k\u1ef3 l\u00fac n\u00e0o.<\/p>\t\t\t\t\t\t<\/div>\n\t\t\t\t<\/div>\n\t\t\t\t<\/div>\n\t\t\t\t\t<\/div>\n\t\t\t\t<\/div>\n\t\t\t\t<\/div>","protected":false},"excerpt":{"rendered":"<p>CORE EXCHANGE SOLUTIONS Price Streaming REQUEST A DEMO OUR TECHNOLOGY Our Price Streaming and Aggregation system delivers real-time price feeds and is designed to manage high-volume market activity across multiple asset classes. By aggregating liquidity from various sources, it ensures competitive pricing and seamless execution for both traditional and digital markets. KEY FEATURES Multi-Source Aggregation [&hellip;]<\/p>","protected":false},"author":4,"featured_media":23631,"parent":4238,"menu_order":0,"comment_status":"closed","ping_status":"closed","template":"","meta":{"_monsterinsights_skip_tracking":false,"_monsterinsights_sitenote_active":false,"_monsterinsights_sitenote_note":"","_monsterinsights_sitenote_category":0,"footnotes":""},"class_list":["post-6197","page","type-page","status-publish","has-post-thumbnail","hentry"],"yoast_head":"<!-- This site is optimized with the Yoast SEO plugin v23.6 - https:\/\/yoast.com\/wordpress\/plugins\/seo\/ -->\n<title>Hydra X | Real-Time Price Streaming: Aggregating Liquidity<\/title>\n<meta name=\"description\" content=\"Our Price Streaming system delivers customisable real-time feeds from multiple sources, ensuring competition and low-latency execution.\" \/>\n<meta name=\"robots\" content=\"index, follow, max-snippet:-1, max-image-preview:large, max-video-preview:-1\" \/>\n<link rel=\"canonical\" href=\"https:\/\/www.hydrax.io\/vn\/enterprise-solutions\/pricing-engine\/\" \/>\n<meta property=\"og:locale\" content=\"vi_VN\" \/>\n<meta property=\"og:type\" content=\"article\" \/>\n<meta property=\"og:title\" content=\"Hydra X | Real-Time Price Streaming: Aggregating Liquidity\" \/>\n<meta property=\"og:description\" content=\"Our Price Streaming system delivers customisable real-time feeds from multiple sources, ensuring competition and low-latency execution.\" \/>\n<meta property=\"og:url\" content=\"https:\/\/www.hydrax.io\/vn\/enterprise-solutions\/pricing-engine\/\" \/>\n<meta property=\"og:site_name\" content=\"Hydra X\" \/>\n<meta property=\"article:modified_time\" content=\"2024-12-11T03:30:44+00:00\" \/>\n<meta property=\"og:image\" content=\"https:\/\/www.hydrax.io\/wp-content\/uploads\/2024\/11\/Market-Technology_PriceStreaming-square.png\" \/>\n\t<meta property=\"og:image:width\" content=\"1000\" \/>\n\t<meta property=\"og:image:height\" content=\"1000\" \/>\n\t<meta property=\"og:image:type\" content=\"image\/png\" \/>\n<meta name=\"twitter:card\" content=\"summary_large_image\" \/>\n<meta name=\"twitter:label1\" content=\"\u01af\u1edbc t\u00ednh th\u1eddi gian \u0111\u1ecdc\" \/>\n\t<meta name=\"twitter:data1\" content=\"4 ph\u00fat\" \/>\n<script type=\"application\/ld+json\" class=\"yoast-schema-graph\">{\"@context\":\"https:\/\/schema.org\",\"@graph\":[{\"@type\":\"WebPage\",\"@id\":\"https:\/\/www.hydrax.io\/enterprise-solutions\/pricing-engine\/\",\"url\":\"https:\/\/www.hydrax.io\/enterprise-solutions\/pricing-engine\/\",\"name\":\"Hydra X | Real-Time Price Streaming: Aggregating Liquidity\",\"isPartOf\":{\"@id\":\"https:\/\/www.hydrax.io\/#website\"},\"primaryImageOfPage\":{\"@id\":\"https:\/\/www.hydrax.io\/enterprise-solutions\/pricing-engine\/#primaryimage\"},\"image\":{\"@id\":\"https:\/\/www.hydrax.io\/enterprise-solutions\/pricing-engine\/#primaryimage\"},\"thumbnailUrl\":\"https:\/\/www.hydrax.io\/wp-content\/uploads\/2024\/11\/Market-Technology_PriceStreaming-square.png\",\"datePublished\":\"2019-11-25T02:36:14+00:00\",\"dateModified\":\"2024-12-11T03:30:44+00:00\",\"description\":\"Our Price Streaming system delivers customisable real-time feeds from multiple sources, ensuring competition and low-latency execution.\",\"breadcrumb\":{\"@id\":\"https:\/\/www.hydrax.io\/enterprise-solutions\/pricing-engine\/#breadcrumb\"},\"inLanguage\":\"vi\",\"potentialAction\":[{\"@type\":\"ReadAction\",\"target\":[\"https:\/\/www.hydrax.io\/enterprise-solutions\/pricing-engine\/\"]}]},{\"@type\":\"ImageObject\",\"inLanguage\":\"vi\",\"@id\":\"https:\/\/www.hydrax.io\/enterprise-solutions\/pricing-engine\/#primaryimage\",\"url\":\"https:\/\/www.hydrax.io\/wp-content\/uploads\/2024\/11\/Market-Technology_PriceStreaming-square.png\",\"contentUrl\":\"https:\/\/www.hydrax.io\/wp-content\/uploads\/2024\/11\/Market-Technology_PriceStreaming-square.png\",\"width\":1000,\"height\":1000},{\"@type\":\"BreadcrumbList\",\"@id\":\"https:\/\/www.hydrax.io\/enterprise-solutions\/pricing-engine\/#breadcrumb\",\"itemListElement\":[{\"@type\":\"ListItem\",\"position\":1,\"name\":\"Home\",\"item\":\"https:\/\/www.hydrax.io\/\"},{\"@type\":\"ListItem\",\"position\":2,\"name\":\"Technology &#8211; Exchange Solutions\",\"item\":\"https:\/\/www.hydrax.io\/enterprise-solutions\/\"},{\"@type\":\"ListItem\",\"position\":3,\"name\":\"Exchange &#8211; Pricing Engine\"}]},{\"@type\":\"WebSite\",\"@id\":\"https:\/\/www.hydrax.io\/#website\",\"url\":\"https:\/\/www.hydrax.io\/\",\"name\":\"Hydra X\",\"description\":\"Professional Trading Technology\",\"publisher\":{\"@id\":\"https:\/\/www.hydrax.io\/#organization\"},\"potentialAction\":[{\"@type\":\"SearchAction\",\"target\":{\"@type\":\"EntryPoint\",\"urlTemplate\":\"https:\/\/www.hydrax.io\/?s={search_term_string}\"},\"query-input\":{\"@type\":\"PropertyValueSpecification\",\"valueRequired\":true,\"valueName\":\"search_term_string\"}}],\"inLanguage\":\"vi\"},{\"@type\":\"Organization\",\"@id\":\"https:\/\/www.hydrax.io\/#organization\",\"name\":\"Hydra X\",\"url\":\"https:\/\/www.hydrax.io\/\",\"logo\":{\"@type\":\"ImageObject\",\"inLanguage\":\"vi\",\"@id\":\"https:\/\/www.hydrax.io\/#\/schema\/logo\/image\/\",\"url\":\"https:\/\/www.hydrax.io\/wp-content\/uploads\/2019\/10\/Hydra-X-Logo-Blue.png\",\"contentUrl\":\"https:\/\/www.hydrax.io\/wp-content\/uploads\/2019\/10\/Hydra-X-Logo-Blue.png\",\"width\":1052,\"height\":849,\"caption\":\"Hydra X\"},\"image\":{\"@id\":\"https:\/\/www.hydrax.io\/#\/schema\/logo\/image\/\"}}]}<\/script>\n<!-- \/ Yoast SEO plugin. -->","yoast_head_json":{"title":"Hydra X | Real-Time Price Streaming: Aggregating Liquidity","description":"Our Price Streaming system delivers customisable real-time feeds from multiple sources, ensuring competition and low-latency execution.","robots":{"index":"index","follow":"follow","max-snippet":"max-snippet:-1","max-image-preview":"max-image-preview:large","max-video-preview":"max-video-preview:-1"},"canonical":"https:\/\/www.hydrax.io\/vn\/enterprise-solutions\/pricing-engine\/","og_locale":"vi_VN","og_type":"article","og_title":"Hydra X | Real-Time Price Streaming: Aggregating Liquidity","og_description":"Our Price Streaming system delivers customisable real-time feeds from multiple sources, ensuring competition and low-latency execution.","og_url":"https:\/\/www.hydrax.io\/vn\/enterprise-solutions\/pricing-engine\/","og_site_name":"Hydra X","article_modified_time":"2024-12-11T03:30:44+00:00","og_image":[{"width":1000,"height":1000,"url":"https:\/\/www.hydrax.io\/wp-content\/uploads\/2024\/11\/Market-Technology_PriceStreaming-square.png","type":"image\/png"}],"twitter_card":"summary_large_image","twitter_misc":{"\u01af\u1edbc t\u00ednh th\u1eddi gian \u0111\u1ecdc":"4 ph\u00fat"},"schema":{"@context":"https:\/\/schema.org","@graph":[{"@type":"WebPage","@id":"https:\/\/www.hydrax.io\/enterprise-solutions\/pricing-engine\/","url":"https:\/\/www.hydrax.io\/enterprise-solutions\/pricing-engine\/","name":"Hydra X | Real-Time Price Streaming: Aggregating Liquidity","isPartOf":{"@id":"https:\/\/www.hydrax.io\/#website"},"primaryImageOfPage":{"@id":"https:\/\/www.hydrax.io\/enterprise-solutions\/pricing-engine\/#primaryimage"},"image":{"@id":"https:\/\/www.hydrax.io\/enterprise-solutions\/pricing-engine\/#primaryimage"},"thumbnailUrl":"https:\/\/www.hydrax.io\/wp-content\/uploads\/2024\/11\/Market-Technology_PriceStreaming-square.png","datePublished":"2019-11-25T02:36:14+00:00","dateModified":"2024-12-11T03:30:44+00:00","description":"Our Price Streaming system delivers customisable real-time feeds from multiple sources, ensuring competition and low-latency execution.","breadcrumb":{"@id":"https:\/\/www.hydrax.io\/enterprise-solutions\/pricing-engine\/#breadcrumb"},"inLanguage":"vi","potentialAction":[{"@type":"ReadAction","target":["https:\/\/www.hydrax.io\/enterprise-solutions\/pricing-engine\/"]}]},{"@type":"ImageObject","inLanguage":"vi","@id":"https:\/\/www.hydrax.io\/enterprise-solutions\/pricing-engine\/#primaryimage","url":"https:\/\/www.hydrax.io\/wp-content\/uploads\/2024\/11\/Market-Technology_PriceStreaming-square.png","contentUrl":"https:\/\/www.hydrax.io\/wp-content\/uploads\/2024\/11\/Market-Technology_PriceStreaming-square.png","width":1000,"height":1000},{"@type":"BreadcrumbList","@id":"https:\/\/www.hydrax.io\/enterprise-solutions\/pricing-engine\/#breadcrumb","itemListElement":[{"@type":"ListItem","position":1,"name":"Home","item":"https:\/\/www.hydrax.io\/"},{"@type":"ListItem","position":2,"name":"Technology &#8211; Exchange Solutions","item":"https:\/\/www.hydrax.io\/enterprise-solutions\/"},{"@type":"ListItem","position":3,"name":"Exchange &#8211; Pricing Engine"}]},{"@type":"WebSite","@id":"https:\/\/www.hydrax.io\/#website","url":"https:\/\/www.hydrax.io\/","name":"Hydra X","description":"Professional Trading Technology","publisher":{"@id":"https:\/\/www.hydrax.io\/#organization"},"potentialAction":[{"@type":"SearchAction","target":{"@type":"EntryPoint","urlTemplate":"https:\/\/www.hydrax.io\/?s={search_term_string}"},"query-input":{"@type":"PropertyValueSpecification","valueRequired":true,"valueName":"search_term_string"}}],"inLanguage":"vi"},{"@type":"Organization","@id":"https:\/\/www.hydrax.io\/#organization","name":"Hydra X","url":"https:\/\/www.hydrax.io\/","logo":{"@type":"ImageObject","inLanguage":"vi","@id":"https:\/\/www.hydrax.io\/#\/schema\/logo\/image\/","url":"https:\/\/www.hydrax.io\/wp-content\/uploads\/2019\/10\/Hydra-X-Logo-Blue.png","contentUrl":"https:\/\/www.hydrax.io\/wp-content\/uploads\/2019\/10\/Hydra-X-Logo-Blue.png","width":1052,"height":849,"caption":"Hydra X"},"image":{"@id":"https:\/\/www.hydrax.io\/#\/schema\/logo\/image\/"}}]}},"_links":{"self":[{"href":"https:\/\/www.hydrax.io\/vn\/wp-json\/wp\/v2\/pages\/6197"}],"collection":[{"href":"https:\/\/www.hydrax.io\/vn\/wp-json\/wp\/v2\/pages"}],"about":[{"href":"https:\/\/www.hydrax.io\/vn\/wp-json\/wp\/v2\/types\/page"}],"author":[{"embeddable":true,"href":"https:\/\/www.hydrax.io\/vn\/wp-json\/wp\/v2\/users\/4"}],"replies":[{"embeddable":true,"href":"https:\/\/www.hydrax.io\/vn\/wp-json\/wp\/v2\/comments?post=6197"}],"version-history":[{"count":144,"href":"https:\/\/www.hydrax.io\/vn\/wp-json\/wp\/v2\/pages\/6197\/revisions"}],"predecessor-version":[{"id":24444,"href":"https:\/\/www.hydrax.io\/vn\/wp-json\/wp\/v2\/pages\/6197\/revisions\/24444"}],"up":[{"embeddable":true,"href":"https:\/\/www.hydrax.io\/vn\/wp-json\/wp\/v2\/pages\/4238"}],"wp:featuredmedia":[{"embeddable":true,"href":"https:\/\/www.hydrax.io\/vn\/wp-json\/wp\/v2\/media\/23631"}],"wp:attachment":[{"href":"https:\/\/www.hydrax.io\/vn\/wp-json\/wp\/v2\/media?parent=6197"}],"curies":[{"name":"wp","href":"https:\/\/api.w.org\/{rel}","templated":true}]}}