{"id":7391,"date":"2020-04-02T11:34:20","date_gmt":"2020-04-02T03:34:20","guid":{"rendered":"https:\/\/www.hydrax.io\/?page_id=7391"},"modified":"2025-09-15T16:43:43","modified_gmt":"2025-09-15T08:43:43","slug":"automated-front-end-trading","status":"publish","type":"page","link":"https:\/\/www.hydrax.io\/vn\/blog\/automated-front-end-trading\/","title":{"rendered":"Automated Front End Trading | Hydra X Blog"},"content":{"rendered":"<div data-elementor-type=\"wp-post\" data-elementor-id=\"7391\" class=\"elementor elementor-7391\" data-elementor-post-type=\"page\">\n\t\t\t\t\t\t<section class=\"elementor-section elementor-top-section elementor-element elementor-element-7bd2e7c0 elementor-section-content-top elementor-section-boxed elementor-section-height-default elementor-section-height-default\" data-id=\"7bd2e7c0\" data-element_type=\"section\" data-settings=\"{&quot;background_background&quot;:&quot;classic&quot;,&quot;animation&quot;:&quot;none&quot;}\">\n\t\t\t\t\t\t\t<div class=\"elementor-background-overlay\"><\/div>\n\t\t\t\t\t\t\t<div class=\"elementor-container elementor-column-gap-default\">\n\t\t\t\t\t<div class=\"elementor-column elementor-col-100 elementor-top-column elementor-element elementor-element-d279c4d\" data-id=\"d279c4d\" data-element_type=\"column\">\n\t\t\t<div class=\"elementor-widget-wrap\">\n\t\t\t\t\t\t\t<\/div>\n\t\t<\/div>\n\t\t\t\t\t<\/div>\n\t\t<\/section>\n\t\t\t\t<section class=\"elementor-section elementor-top-section elementor-element elementor-element-7bcd538e elementor-section-boxed elementor-section-height-default elementor-section-height-default\" data-id=\"7bcd538e\" data-element_type=\"section\" data-settings=\"{&quot;background_background&quot;:&quot;classic&quot;}\">\n\t\t\t\t\t\t<div class=\"elementor-container elementor-column-gap-default\">\n\t\t\t\t\t<div class=\"elementor-column elementor-col-100 elementor-top-column elementor-element elementor-element-1cbba6a5\" data-id=\"1cbba6a5\" data-element_type=\"column\">\n\t\t\t<div class=\"elementor-widget-wrap elementor-element-populated\">\n\t\t\t\t\t\t<div class=\"elementor-element elementor-element-65557e37 elementor-widget elementor-widget-heading\" data-id=\"65557e37\" data-element_type=\"widget\" data-widget_type=\"heading.default\">\n\t\t\t\t<div class=\"elementor-widget-container\">\n\t\t\t<h3 class=\"elementor-heading-title elementor-size-default\">Giao d\u1ecbch T\u1ef1 \u0111\u1ed9ng H\u00f3a Giao di\u1ec7n Ng\u01b0\u1eddi d\u00f9ng<\/h3>\t\t<\/div>\n\t\t\t\t<\/div>\n\t\t\t\t<section class=\"elementor-section elementor-inner-section elementor-element elementor-element-032ff6c elementor-section-boxed elementor-section-height-default elementor-section-height-default\" data-id=\"032ff6c\" data-element_type=\"section\">\n\t\t\t\t\t\t<div class=\"elementor-container elementor-column-gap-default\">\n\t\t\t\t\t<div class=\"elementor-column elementor-col-50 elementor-inner-column elementor-element elementor-element-f591468\" data-id=\"f591468\" data-element_type=\"column\">\n\t\t\t<div class=\"elementor-widget-wrap elementor-element-populated\">\n\t\t\t\t\t\t<div class=\"elementor-element elementor-element-177a2162 elementor-widget-tablet__width-inherit elementor-widget elementor-widget-text-editor\" data-id=\"177a2162\" data-element_type=\"widget\" data-widget_type=\"text-editor.default\">\n\t\t\t\t<div class=\"elementor-widget-container\">\n\t\t\t\t\t\t\t<article><div><section class=\"eh ei ej ek el\"><div class=\"n p\"><div class=\"z ab ac ae af em ah ai\"><p id=\"94fc\" class=\"hh hi cl bq hj b hk hl hm hn ho hp hq hr hs ht hu eh\" data-selectable-paragraph=\"\"><time class=\"article-timestamp\" datetime=\"2017-07-21T19:31:04.302Z\" data-type=\"updated\" data-status=\"localized\">31 Th\u00e1ng 3 2020, 01:00 PM SGT<\/time><\/p><\/div><\/div><\/section><\/div><\/article>\t\t\t\t\t\t<\/div>\n\t\t\t\t<\/div>\n\t\t\t\t\t<\/div>\n\t\t<\/div>\n\t\t\t\t<div class=\"elementor-column elementor-col-50 elementor-inner-column elementor-element elementor-element-ad5d138\" data-id=\"ad5d138\" data-element_type=\"column\">\n\t\t\t<div class=\"elementor-widget-wrap\">\n\t\t\t\t\t\t\t<\/div>\n\t\t<\/div>\n\t\t\t\t\t<\/div>\n\t\t<\/section>\n\t\t\t\t<div class=\"elementor-element elementor-element-490d3ff elementor-widget-tablet__width-inherit elementor-widget elementor-widget-text-editor\" data-id=\"490d3ff\" data-element_type=\"widget\" data-widget_type=\"text-editor.default\">\n\t\t\t\t<div class=\"elementor-widget-container\">\n\t\t\t\t\t\t\t<article>\n<div>\n<section class=\"eh ei ej ek el\">\n<div class=\"n p\">\n<div class=\"z ab ac ae af em ah ai\">\n<p id=\"94fc\" class=\"hh hi cl bq hj b hk hl hm hn ho hp hq hr hs ht hu eh\" data-selectable-paragraph=\"\">T\u1ef1 \u0111\u1ed9ng h\u00f3a trong giao d\u1ecbch l\u00e0 m\u1ed9t xu h\u01b0\u1edbng \u0111\u00e3 \u0111\u01b0\u1ee3c h\u1ea7u h\u1ebft c\u00e1c nh\u00e0 giao d\u1ecbch quan s\u00e1t, v\u00e0 \u0111\u01b0\u1ee3c s\u1eed d\u1ee5ng trong th\u1ef1c hi\u1ec7n l\u1ec7nh, qu\u1ea3n l\u00fd danh m\u1ee5c (ch\u1eb3ng h\u1ea1n nh\u01b0 gi\u00e1m s\u00e1t k\u00fd qu\u1ef9), v\u00e0 c\u00e1c c\u00f4ng c\u1ee5 ph\u00e2n t\u00edch th\u1ecb tr\u01b0\u1eddng.<\/p>\n<p id=\"0038\" class=\"hh hi cl bq hj b hk hl hm hn ho hp hq hr hs ht hu eh\" data-selectable-paragraph=\"\"><a class=\"cd db hv hw hx hy\" href=\"https:\/\/www.refinitiv.com\/perspectives\/future-of-investing-trading\/trading-technology-in-2020-and-beyond\/\" target=\"_blank\" rel=\"noopener nofollow\">80% nh\u00e0 giao d\u1ecbch k\u1ef3 v\u1ecdng<\/a> AI v\u00e0 h\u1ecdc m\u00e1y s\u1ebd \u0111\u01b0\u1ee3c t\u00edch h\u1ee3p ho\u00e0n to\u00e0n v\u00e0o kh\u00f4ng gian giao d\u1ecbch trong v\u00f2ng ba \u0111\u1ebfn n\u0103m n\u0103m. T\u1ef1 \u0111\u1ed9ng h\u00f3a to\u00e0n b\u1ed9 ho\u1ea1t \u0111\u1ed9ng giao di\u1ec7n ng\u01b0\u1eddi d\u00f9ng gi\u00fap giao d\u1ecbch nhanh h\u01a1n v\u00e0 ch\u00ednh x\u00e1c h\u01a1n, \u0111\u1ed3ng th\u1eddi gi\u1ea3m chi ph\u00ed do \u00edt l\u1ed7i h\u01a1n.<\/p>\n<p id=\"2ab5\" class=\"hh hi cl bq hj b hk hl hm hn ho hp hq hr hs ht hu eh\" data-selectable-paragraph=\"\">AI v\u00e0 h\u1ecdc m\u00e1y s\u1ebd \u0111\u01b0\u1ee3c t\u00edch h\u1ee3p ho\u00e0n to\u00e0n v\u00e0o kh\u00f4ng gian giao d\u1ecbch trong v\u00f2ng ba \u0111\u1ebfn n\u0103m n\u0103m. T\u1ef1 \u0111\u1ed9ng h\u00f3a to\u00e0n b\u1ed9 ho\u1ea1t \u0111\u1ed9ng giao di\u1ec7n ng\u01b0\u1eddi d\u00f9ng gi\u00fap giao d\u1ecbch nhanh h\u01a1n v\u00e0 ch\u00ednh x\u00e1c h\u01a1n, \u0111\u1ed3ng th\u1eddi gi\u1ea3m chi ph\u00ed do \u00edt l\u1ed7i h\u01a1n. <a class=\"cd db hv hw hx hy\" href=\"https:\/\/www.bloomberg.com\/professional\/blog\/how-automation-and-artificial-intelligence-are-transforming-the-sell-side\/\" target=\"_blank\" rel=\"noopener nofollow\">Bloomberg c\u0169ng \u0111\u00e3 \u0111\u1ec1 c\u1eadp r\u1eb1ng giao d\u1ecbch ph\u00eda b\u00e1n c\u00f3 nhu c\u1ea7u t\u1ef1 \u0111\u1ed9ng h\u00f3a cao h\u01a1n<\/a>, v\u00ec t\u1ef1 \u0111\u1ed9ng h\u00f3a c\u00f3 th\u1ec3 gi\u00fap c\u00e1c nh\u00e0 giao d\u1ecbch ph\u00e2n t\u00edch v\u00e0 t\u00ednh to\u00e1n r\u1ee7i ro theo th\u1eddi gian th\u1ef1c.<\/p>\n<p id=\"2d4c\" class=\"hh hi cl bq hj b hk hl hm hn ho hp hq hr hs ht hu eh\" data-selectable-paragraph=\"\">Trong c\u00e1c ho\u1ea1t \u0111\u1ed9ng giao di\u1ec7n ng\u01b0\u1eddi d\u00f9ng, c\u00e1c t\u00ednh n\u0103ng sau \u0111\u00e2y \u0111\u00e3 \u0111\u01b0\u1ee3c t\u1ef1 \u0111\u1ed9ng h\u00f3a:<\/p>\n<ol class=\"\">\n<li id=\"e4f3\" class=\"hh hi cl bq hj b hk hl hm hn ho hp hq hr hs ht hu hz ia ib\" data-selectable-paragraph=\"\">Danh s\u00e1ch theo d\u00f5i, l\u1ecbch s\u1eed l\u1ec7nh, gi\u00e1m s\u00e1t l\u1ec7nh, ch\u1ee9c n\u0103ng th\u1ef1c hi\u1ec7n l\u1ec7nh th\u1ee7 c\u00f4ng v\u00e0 th\u00f4ng minh. Nh\u1eefng t\u00ednh n\u0103ng n\u00e0y cho ph\u00e9p c\u00e1c nh\u00e0 giao d\u1ecbch c\u00f3 m\u1ed9t b\u1ed9 ch\u1ee9c n\u0103ng ho\u00e0n ch\u1ec9nh \u0111\u1ec3 th\u1ef1c hi\u1ec7n l\u1ec7nh d\u1ec5 d\u00e0ng h\u01a1n.<\/li>\n<li id=\"33f7\" class=\"hh hi cl bq hj b hk ic hm id ho ie hq if hs ig hu hz ia ib\" data-selectable-paragraph=\"\">Gi\u00e1m s\u00e1t s\u1ed1 d\u01b0, k\u00fd qu\u1ef9 v\u00e0 giao d\u1ecbch. Vi\u1ec7c gi\u00e1m s\u00e1t li\u00ean t\u1ee5c cho ph\u00e9p c\u00e1c nh\u00e0 giao d\u1ecbch qu\u1ea3n l\u00fd danh m\u1ee5c kh\u00e1ch h\u00e0ng v\u00e0 qu\u1ea3n l\u00fd r\u1ee7i ro cho t\u1eebng l\u1ec7nh.<\/li>\n<li id=\"a47a\" class=\"hh hi cl bq hj b hk ic hm id ho ie hq if hs ig hu hz ia ib\" data-selectable-paragraph=\"\">M\u00f4-\u0111un tr\u00f2 chuy\u1ec7n, h\u1ed7 tr\u1ee3 kh\u00e1ch h\u00e0ng, thi\u1ebft l\u1eadp tham s\u1ed1 gi\u00e1, c\u1ea3nh b\u00e1o g\u1ecdi k\u00fd qu\u1ef9. Nh\u1eefng ch\u1ee9c n\u0103ng n\u00e0y gi\u00fap nh\u00e0 giao d\u1ecbch thi\u1ebft l\u1eadp giao ti\u1ebfp r\u00f5 r\u00e0ng v\u1edbi kh\u00e1ch h\u00e0ng c\u1ee7a m\u00ecnh v\u00e0 qu\u1ea3n l\u00fd t\u00e0i kho\u1ea3n giao d\u1ecbch c\u1ee7a kh\u00e1ch h\u00e0ng.<\/li>\n<li id=\"9422\" class=\"hh hi cl bq hj b hk ic hm id ho ie hq if hs ig hu hz ia ib\" data-selectable-paragraph=\"\">Tin t\u1ee9c t\u1ed5ng h\u1ee3p, video v\u00e0 c\u00e1c t\u00ednh n\u0103ng bi\u1ec3u \u0111\u1ed3 n\u00e2ng cao. V\u1edbi nh\u1eefng t\u00ednh n\u0103ng n\u00e0y, c\u00e1c nh\u00e0 giao d\u1ecbch gi\u1edd \u0111\u00e2y c\u00f3 th\u1ec3 h\u00ecnh dung \u0111i\u1ec1u ki\u1ec7n th\u1ecb tr\u01b0\u1eddng v\u00e0 c\u1eadp nh\u1eadt d\u1eef li\u1ec7u th\u1ecb tr\u01b0\u1eddng m\u1ed9t c\u00e1ch d\u1ec5 d\u00e0ng.<\/li>\n<\/ol>\n<div>&nbsp;<\/div>\n<p id=\"d69c\" class=\"hh hi cl bq hj b hk hl hm hn ho hp hq hr hs ht hu eh\" data-selectable-paragraph=\"\"><a href=\"https:\/\/www.hydrax.io\/vn\/enterprise-solutions\/front-end\/\" target=\"_blank\" rel=\"noopener\">M\u00f4-\u0111un giao di\u1ec7n Hydra X<\/a> cung c\u1ea5p c\u00e1c h\u1ec7 th\u1ed1ng Qu\u1ea3n l\u00fd L\u1ec7nh v\u00e0 Qu\u1ea3n l\u00fd Th\u1ef1c thi d\u1ec5 s\u1eed d\u1ee5ng. C\u00e1c h\u1ec7 th\u1ed1ng n\u00e0y h\u1ed7 tr\u1ee3 \u0111a thi\u1ebft b\u1ecb, b\u1ec1 m\u1eb7t t\u00f9y ch\u1ec9nh ho\u00e0n to\u00e0n, tri\u1ec3n khai d\u1ef1a tr\u00ean \u0111\u00e1m m\u00e2y v\u00e0 hi\u1ec7u su\u1ea5t c\u1ef1c cao. \u0110i\u1ec1u n\u00e0y gi\u00fap \u0111\u1ea3m b\u1ea3o r\u1eb1ng giao d\u1ecbch thu\u1eadn ti\u1ec7n v\u00e0 ch\u00ednh x\u00e1c nh\u1ea5t c\u00f3 th\u1ec3.<\/p>\n<p id=\"4579\" class=\"hh hi cl bq hj b hk hl hm hn ho hp hq hr hs ht hu eh\" data-selectable-paragraph=\"\">C\u00e1c t\u00ednh n\u0103ng giao di\u1ec7n ng\u01b0\u1eddi d\u00f9ng c\u1ef1c k\u1ef3 quan tr\u1ecdng trong vi\u1ec7c gi\u00fap gi\u1eef ch\u00e2n kh\u00e1ch h\u00e0ng v\u00e0 nhi\u1ec1u ho\u1ea1t \u0111\u1ed9ng trong s\u1ed1 n\u00e0y \u0111\u00e3 \u0111\u01b0\u1ee3c t\u1ef1 \u0111\u1ed9ng h\u00f3a \u0111\u1ec3 gi\u1ea3m nh\u00e2n l\u1ef1c v\u00e0 d\u01b0 th\u1eeba v\u1eadn h\u00e0nh, t\u1eeb \u0111\u00f3 gi\u1ea3m chi ph\u00ed ho\u1ea1t \u0111\u1ed9ng, t\u0103ng \u0111\u1ed9 ch\u00ednh x\u00e1c v\u00e0 t\u1ed1c \u0111\u1ed9 giao d\u1ecbch, \u0111i\u1ec1u n\u00e0y quan tr\u1ecdng \u0111\u1ec3 n\u00e2ng cao l\u1ee3i nhu\u1eadn c\u00f4ng ty.<\/p>\n<p id=\"f8be\" class=\"hh hi cl bq hj b hk hl hm hn ho hp hq hr hs ht hu eh\" data-selectable-paragraph=\"\">Xu h\u01b0\u1edbng t\u1ef1 \u0111\u1ed9ng h\u00f3a ng\u00e0y c\u00e0ng gia t\u0103ng \u2014 \u0111\u1eb7c bi\u1ec7t v\u1edbi s\u1ef1 ph\u00e1t tri\u1ec3n c\u1ee7a nhi\u1ec1u lo\u1ea1i t\u00e0i s\u1ea3n v\u00e0 ph\u00eda mua nh\u01b0 <a class=\"cd db hv hw hx hy\" href=\"https:\/\/www.refinitiv.com\/perspectives\/future-of-investing-trading\/automated-trading-orders-matter\/\" target=\"_blank\" rel=\"noopener nofollow\">Refinitiv<\/a>\u0111\u00e3 \u0111\u1ec1 c\u1eadp, v\u00e0 v\u1edbi s\u1ef1 ti\u1ec7n l\u1ee3i ng\u00e0y c\u00e0ng t\u0103ng trong giao d\u1ecbch nh\u01b0 \u0111\u00e3 \u0111\u1ec1 c\u1eadp \u1edf tr\u00ean.<\/p>\n<p id=\"cca7\" class=\"hh hi cl bq hj b hk hl hm hn ho hp hq hr hs ht hu eh\" data-selectable-paragraph=\"\">N\u1ebfu b\u1ea1n quan t\u00e2m \u0111\u1ebfn vi\u1ec7c t\u00ecm hi\u1ec3u th\u00eam v\u1ec1 c\u00f4ng ngh\u1ec7 giao d\u1ecbch, h\u00e3y theo d\u00f5i Hydra X tr\u00ean <a class=\"cd db hv hw hx hy\" href=\"https:\/\/www.linkedin.com\/company\/hydra-x\/\" target=\"_blank\" rel=\"noopener nofollow\">Linkedin<\/a> \u0111\u1ec3 c\u1eadp nh\u1eadt c\u00e1c c\u00f4ng ngh\u1ec7 giao d\u1ecbch m\u1edbi nh\u1ea5t. Tri\u1ec3n khai th\u1ecb tr\u01b0\u1eddng \u0111i\u1ec7n t\u1eed c\u1ee7a b\u1ea1n v\u1edbi Hydra X ngay h\u00f4m nay.<\/p><\/div><\/div><\/section><\/div><\/article><div><div class=\"jy gl n ec p\"><div class=\"n p\"><div class=\"z ab ac ae af em ah ai\">\n<\/div>\n<\/div>\n<\/div>\n<\/div>\t\t\t\t\t\t<\/div>\n\t\t\t\t<\/div>\n\t\t\t\t<div class=\"elementor-element elementor-element-c73019e elementor-widget-divider--view-line elementor-widget elementor-widget-divider\" data-id=\"c73019e\" data-element_type=\"widget\" data-widget_type=\"divider.default\">\n\t\t\t\t<div class=\"elementor-widget-container\">\n\t\t\t\t\t<div class=\"elementor-divider\">\n\t\t\t<span class=\"elementor-divider-separator\">\n\t\t\t\t\t\t<\/span>\n\t\t<\/div>\n\t\t\t\t<\/div>\n\t\t\t\t<\/div>\n\t\t\t\t<div class=\"elementor-element elementor-element-28fa8b2 elementor-widget-tablet__width-inherit elementor-widget elementor-widget-text-editor\" data-id=\"28fa8b2\" data-element_type=\"widget\" data-widget_type=\"text-editor.default\">\n\t\t\t\t<div class=\"elementor-widget-container\">\n\t\t\t\t\t\t\t<article>\n<div>\n<section class=\"eh ei ej ek el\">\n<div class=\"n p\">\n<div class=\"z ab ac ae af em ah ai\">\n<p id=\"94fc\" class=\"hh hi cl bq hj b hk hl hm hn ho hp hq hr hs ht hu eh\" data-selectable-paragraph=\"\">TI\u1ebeP THEO<\/p><\/div><\/div><\/section><\/div><\/article>\t\t\t\t\t\t<\/div>\n\t\t\t\t<\/div>\n\t\t\t\t<div class=\"elementor-element elementor-element-ea72352 elementor-widget elementor-widget-heading\" data-id=\"ea72352\" data-element_type=\"widget\" data-widget_type=\"heading.default\">\n\t\t\t\t<div class=\"elementor-widget-container\">\n\t\t\t<h3 class=\"elementor-heading-title elementor-size-default\"><a href=\"https:\/\/www.hydrax.io\/vn\/blog\/low-latency-matching-engine\/\">C\u00f4ng C\u1ee5 Gh\u00e9p L\u1ec7nh \u0110\u1ed9 Tr\u1ec5 Th\u1ea5p<\/a><\/h3>\t\t<\/div>\n\t\t\t\t<\/div>\n\t\t\t\t<div class=\"elementor-element elementor-element-751e02a elementor-widget-divider--view-line elementor-widget elementor-widget-divider\" data-id=\"751e02a\" data-element_type=\"widget\" data-widget_type=\"divider.default\">\n\t\t\t\t<div class=\"elementor-widget-container\">\n\t\t\t\t\t<div class=\"elementor-divider\">\n\t\t\t<span class=\"elementor-divider-separator\">\n\t\t\t\t\t\t<\/span>\n\t\t<\/div>\n\t\t\t\t<\/div>\n\t\t\t\t<\/div>\n\t\t\t\t<div class=\"elementor-element elementor-element-ba27c05 elementor-align-right elementor-widget elementor-widget-button\" data-id=\"ba27c05\" data-element_type=\"widget\" data-widget_type=\"button.default\">\n\t\t\t\t<div class=\"elementor-widget-container\">\n\t\t\t\t\t<div class=\"elementor-button-wrapper\">\n\t\t\t<a class=\"elementor-button elementor-button-link elementor-size-sm\" href=\"https:\/\/www.hydrax.io\/vn\/blog\/\">\n\t\t\t\t\t\t<span class=\"elementor-button-content-wrapper\">\n\t\t\t\t\t\t<span class=\"elementor-button-icon\">\n\t\t\t\t<i aria-hidden=\"true\" class=\"fas fa-angle-left\"><\/i>\t\t\t<\/span>\n\t\t\t\t\t\t\t\t\t<span class=\"elementor-button-text\">QUAY L\u1ea0I BLOG<\/span>\n\t\t\t\t\t<\/span>\n\t\t\t\t\t<\/a>\n\t\t<\/div>\n\t\t\t\t<\/div>\n\t\t\t\t<\/div>\n\t\t\t\t\t<\/div>\n\t\t<\/div>\n\t\t\t\t\t<\/div>\n\t\t<\/section>\n\t\t\t\t<\/div>","protected":false},"excerpt":{"rendered":"<p>Automated Front End Trading 31 March 2020, 01:00 PM SGT Automation in trading is a trend that has been observed by most traders, and is used in order execution, portfolio management (such as margins monitoring), and market analysis tools. 80% of traders expect AI and machine learning to be fully integrated into the trading space [&hellip;]<\/p>","protected":false},"author":4,"featured_media":7421,"parent":1158,"menu_order":0,"comment_status":"closed","ping_status":"closed","template":"","meta":{"_monsterinsights_skip_tracking":false,"_monsterinsights_sitenote_active":false,"_monsterinsights_sitenote_note":"","_monsterinsights_sitenote_category":0,"footnotes":""},"class_list":["post-7391","page","type-page","status-publish","has-post-thumbnail","hentry"],"yoast_head":"<!-- This site is optimized with the Yoast SEO plugin v23.6 - https:\/\/yoast.com\/wordpress\/plugins\/seo\/ -->\n<title>Automated Front End Trading | Hydra X Blog<\/title>\n<meta name=\"description\" content=\"Automating the front end operations as a whole enables faster and more accurate trades, and reduces cost as a result of lower error.\" \/>\n<meta name=\"robots\" content=\"index, follow, max-snippet:-1, max-image-preview:large, max-video-preview:-1\" \/>\n<link rel=\"canonical\" href=\"https:\/\/www.hydrax.io\/vn\/blog\/automated-front-end-trading\/\" \/>\n<meta property=\"og:locale\" content=\"vi_VN\" \/>\n<meta property=\"og:type\" content=\"article\" \/>\n<meta property=\"og:title\" content=\"Automated Front End Trading | Hydra X Blog\" \/>\n<meta property=\"og:description\" content=\"Automating the front end operations as a whole enables faster and more accurate trades, and reduces cost as a result of lower error.\" \/>\n<meta property=\"og:url\" content=\"https:\/\/www.hydrax.io\/vn\/blog\/automated-front-end-trading\/\" \/>\n<meta property=\"og:site_name\" content=\"Hydra X\" \/>\n<meta property=\"article:modified_time\" content=\"2025-09-15T08:43:43+00:00\" \/>\n<meta property=\"og:image\" content=\"https:\/\/www.hydrax.io\/wp-content\/uploads\/2020\/04\/Automated-Front-End-Trading-HydraX.jpg\" \/>\n\t<meta property=\"og:image:width\" content=\"1920\" \/>\n\t<meta property=\"og:image:height\" content=\"1080\" \/>\n\t<meta property=\"og:image:type\" content=\"image\/jpeg\" \/>\n<meta name=\"twitter:card\" content=\"summary_large_image\" \/>\n<meta name=\"twitter:label1\" content=\"\u01af\u1edbc t\u00ednh th\u1eddi gian \u0111\u1ecdc\" \/>\n\t<meta name=\"twitter:data1\" content=\"2 ph\u00fat\" \/>\n<script type=\"application\/ld+json\" class=\"yoast-schema-graph\">{\"@context\":\"https:\/\/schema.org\",\"@graph\":[{\"@type\":\"WebPage\",\"@id\":\"https:\/\/www.hydrax.io\/blog\/automated-front-end-trading\/\",\"url\":\"https:\/\/www.hydrax.io\/blog\/automated-front-end-trading\/\",\"name\":\"Automated Front End Trading | Hydra X Blog\",\"isPartOf\":{\"@id\":\"https:\/\/www.hydrax.io\/#website\"},\"primaryImageOfPage\":{\"@id\":\"https:\/\/www.hydrax.io\/blog\/automated-front-end-trading\/#primaryimage\"},\"image\":{\"@id\":\"https:\/\/www.hydrax.io\/blog\/automated-front-end-trading\/#primaryimage\"},\"thumbnailUrl\":\"https:\/\/www.hydrax.io\/wp-content\/uploads\/2020\/04\/Automated-Front-End-Trading-HydraX.jpg\",\"datePublished\":\"2020-04-02T03:34:20+00:00\",\"dateModified\":\"2025-09-15T08:43:43+00:00\",\"description\":\"Automating the front end operations as a whole enables faster and more accurate trades, and reduces cost as a result of lower error.\",\"breadcrumb\":{\"@id\":\"https:\/\/www.hydrax.io\/blog\/automated-front-end-trading\/#breadcrumb\"},\"inLanguage\":\"vi\",\"potentialAction\":[{\"@type\":\"ReadAction\",\"target\":[\"https:\/\/www.hydrax.io\/blog\/automated-front-end-trading\/\"]}]},{\"@type\":\"ImageObject\",\"inLanguage\":\"vi\",\"@id\":\"https:\/\/www.hydrax.io\/blog\/automated-front-end-trading\/#primaryimage\",\"url\":\"https:\/\/www.hydrax.io\/wp-content\/uploads\/2020\/04\/Automated-Front-End-Trading-HydraX.jpg\",\"contentUrl\":\"https:\/\/www.hydrax.io\/wp-content\/uploads\/2020\/04\/Automated-Front-End-Trading-HydraX.jpg\",\"width\":1920,\"height\":1080,\"caption\":\"Automated Front End Trading\"},{\"@type\":\"BreadcrumbList\",\"@id\":\"https:\/\/www.hydrax.io\/blog\/automated-front-end-trading\/#breadcrumb\",\"itemListElement\":[{\"@type\":\"ListItem\",\"position\":1,\"name\":\"Home\",\"item\":\"https:\/\/www.hydrax.io\/\"},{\"@type\":\"ListItem\",\"position\":2,\"name\":\"HydraX Blog\",\"item\":\"https:\/\/www.hydrax.io\/blog\/\"},{\"@type\":\"ListItem\",\"position\":3,\"name\":\"Automated Front End Trading | Hydra X Blog\"}]},{\"@type\":\"WebSite\",\"@id\":\"https:\/\/www.hydrax.io\/#website\",\"url\":\"https:\/\/www.hydrax.io\/\",\"name\":\"Hydra X\",\"description\":\"Professional Trading Technology\",\"publisher\":{\"@id\":\"https:\/\/www.hydrax.io\/#organization\"},\"potentialAction\":[{\"@type\":\"SearchAction\",\"target\":{\"@type\":\"EntryPoint\",\"urlTemplate\":\"https:\/\/www.hydrax.io\/?s={search_term_string}\"},\"query-input\":{\"@type\":\"PropertyValueSpecification\",\"valueRequired\":true,\"valueName\":\"search_term_string\"}}],\"inLanguage\":\"vi\"},{\"@type\":\"Organization\",\"@id\":\"https:\/\/www.hydrax.io\/#organization\",\"name\":\"Hydra X\",\"url\":\"https:\/\/www.hydrax.io\/\",\"logo\":{\"@type\":\"ImageObject\",\"inLanguage\":\"vi\",\"@id\":\"https:\/\/www.hydrax.io\/#\/schema\/logo\/image\/\",\"url\":\"https:\/\/www.hydrax.io\/wp-content\/uploads\/2019\/10\/Hydra-X-Logo-Blue.png\",\"contentUrl\":\"https:\/\/www.hydrax.io\/wp-content\/uploads\/2019\/10\/Hydra-X-Logo-Blue.png\",\"width\":1052,\"height\":849,\"caption\":\"Hydra X\"},\"image\":{\"@id\":\"https:\/\/www.hydrax.io\/#\/schema\/logo\/image\/\"}}]}<\/script>\n<!-- \/ Yoast SEO plugin. -->","yoast_head_json":{"title":"Automated Front End Trading | Hydra X Blog","description":"Automating the front end operations as a whole enables faster and more accurate trades, and reduces cost as a result of lower error.","robots":{"index":"index","follow":"follow","max-snippet":"max-snippet:-1","max-image-preview":"max-image-preview:large","max-video-preview":"max-video-preview:-1"},"canonical":"https:\/\/www.hydrax.io\/vn\/blog\/automated-front-end-trading\/","og_locale":"vi_VN","og_type":"article","og_title":"Automated Front End Trading | Hydra X Blog","og_description":"Automating the front end operations as a whole enables faster and more accurate trades, and reduces cost as a result of lower error.","og_url":"https:\/\/www.hydrax.io\/vn\/blog\/automated-front-end-trading\/","og_site_name":"Hydra X","article_modified_time":"2025-09-15T08:43:43+00:00","og_image":[{"width":1920,"height":1080,"url":"https:\/\/www.hydrax.io\/wp-content\/uploads\/2020\/04\/Automated-Front-End-Trading-HydraX.jpg","type":"image\/jpeg"}],"twitter_card":"summary_large_image","twitter_misc":{"\u01af\u1edbc t\u00ednh th\u1eddi gian \u0111\u1ecdc":"2 ph\u00fat"},"schema":{"@context":"https:\/\/schema.org","@graph":[{"@type":"WebPage","@id":"https:\/\/www.hydrax.io\/blog\/automated-front-end-trading\/","url":"https:\/\/www.hydrax.io\/blog\/automated-front-end-trading\/","name":"Automated Front End Trading | Hydra X Blog","isPartOf":{"@id":"https:\/\/www.hydrax.io\/#website"},"primaryImageOfPage":{"@id":"https:\/\/www.hydrax.io\/blog\/automated-front-end-trading\/#primaryimage"},"image":{"@id":"https:\/\/www.hydrax.io\/blog\/automated-front-end-trading\/#primaryimage"},"thumbnailUrl":"https:\/\/www.hydrax.io\/wp-content\/uploads\/2020\/04\/Automated-Front-End-Trading-HydraX.jpg","datePublished":"2020-04-02T03:34:20+00:00","dateModified":"2025-09-15T08:43:43+00:00","description":"Automating the front end operations as a whole enables faster and more accurate trades, and reduces cost as a result of lower error.","breadcrumb":{"@id":"https:\/\/www.hydrax.io\/blog\/automated-front-end-trading\/#breadcrumb"},"inLanguage":"vi","potentialAction":[{"@type":"ReadAction","target":["https:\/\/www.hydrax.io\/blog\/automated-front-end-trading\/"]}]},{"@type":"ImageObject","inLanguage":"vi","@id":"https:\/\/www.hydrax.io\/blog\/automated-front-end-trading\/#primaryimage","url":"https:\/\/www.hydrax.io\/wp-content\/uploads\/2020\/04\/Automated-Front-End-Trading-HydraX.jpg","contentUrl":"https:\/\/www.hydrax.io\/wp-content\/uploads\/2020\/04\/Automated-Front-End-Trading-HydraX.jpg","width":1920,"height":1080,"caption":"Automated Front End Trading"},{"@type":"BreadcrumbList","@id":"https:\/\/www.hydrax.io\/blog\/automated-front-end-trading\/#breadcrumb","itemListElement":[{"@type":"ListItem","position":1,"name":"Home","item":"https:\/\/www.hydrax.io\/"},{"@type":"ListItem","position":2,"name":"HydraX Blog","item":"https:\/\/www.hydrax.io\/blog\/"},{"@type":"ListItem","position":3,"name":"Automated Front End Trading | Hydra X Blog"}]},{"@type":"WebSite","@id":"https:\/\/www.hydrax.io\/#website","url":"https:\/\/www.hydrax.io\/","name":"Hydra X","description":"Professional Trading Technology","publisher":{"@id":"https:\/\/www.hydrax.io\/#organization"},"potentialAction":[{"@type":"SearchAction","target":{"@type":"EntryPoint","urlTemplate":"https:\/\/www.hydrax.io\/?s={search_term_string}"},"query-input":{"@type":"PropertyValueSpecification","valueRequired":true,"valueName":"search_term_string"}}],"inLanguage":"vi"},{"@type":"Organization","@id":"https:\/\/www.hydrax.io\/#organization","name":"Hydra X","url":"https:\/\/www.hydrax.io\/","logo":{"@type":"ImageObject","inLanguage":"vi","@id":"https:\/\/www.hydrax.io\/#\/schema\/logo\/image\/","url":"https:\/\/www.hydrax.io\/wp-content\/uploads\/2019\/10\/Hydra-X-Logo-Blue.png","contentUrl":"https:\/\/www.hydrax.io\/wp-content\/uploads\/2019\/10\/Hydra-X-Logo-Blue.png","width":1052,"height":849,"caption":"Hydra X"},"image":{"@id":"https:\/\/www.hydrax.io\/#\/schema\/logo\/image\/"}}]}},"_links":{"self":[{"href":"https:\/\/www.hydrax.io\/vn\/wp-json\/wp\/v2\/pages\/7391"}],"collection":[{"href":"https:\/\/www.hydrax.io\/vn\/wp-json\/wp\/v2\/pages"}],"about":[{"href":"https:\/\/www.hydrax.io\/vn\/wp-json\/wp\/v2\/types\/page"}],"author":[{"embeddable":true,"href":"https:\/\/www.hydrax.io\/vn\/wp-json\/wp\/v2\/users\/4"}],"replies":[{"embeddable":true,"href":"https:\/\/www.hydrax.io\/vn\/wp-json\/wp\/v2\/comments?post=7391"}],"version-history":[{"count":37,"href":"https:\/\/www.hydrax.io\/vn\/wp-json\/wp\/v2\/pages\/7391\/revisions"}],"predecessor-version":[{"id":25209,"href":"https:\/\/www.hydrax.io\/vn\/wp-json\/wp\/v2\/pages\/7391\/revisions\/25209"}],"up":[{"embeddable":true,"href":"https:\/\/www.hydrax.io\/vn\/wp-json\/wp\/v2\/pages\/1158"}],"wp:featuredmedia":[{"embeddable":true,"href":"https:\/\/www.hydrax.io\/vn\/wp-json\/wp\/v2\/media\/7421"}],"wp:attachment":[{"href":"https:\/\/www.hydrax.io\/vn\/wp-json\/wp\/v2\/media?parent=7391"}],"curies":[{"name":"wp","href":"https:\/\/api.w.org\/{rel}","templated":true}]}}