{"id":7440,"date":"2020-04-02T17:35:51","date_gmt":"2020-04-02T09:35:51","guid":{"rendered":"https:\/\/www.hydrax.io\/?page_id=7440"},"modified":"2025-09-15T17:10:09","modified_gmt":"2025-09-15T09:10:09","slug":"digital-marketplace-technology","status":"publish","type":"page","link":"https:\/\/www.hydrax.io\/vn\/blog\/digital-marketplace-technology\/","title":{"rendered":"An Overview of Digital Marketplace Technology| Hydra X Blog"},"content":{"rendered":"<div data-elementor-type=\"wp-post\" data-elementor-id=\"7440\" class=\"elementor elementor-7440\" data-elementor-post-type=\"page\">\n\t\t\t\t\t\t<section class=\"elementor-section elementor-top-section elementor-element elementor-element-7bd2e7c0 elementor-section-content-top elementor-section-boxed elementor-section-height-default elementor-section-height-default\" data-id=\"7bd2e7c0\" data-element_type=\"section\" data-settings=\"{&quot;background_background&quot;:&quot;classic&quot;,&quot;animation&quot;:&quot;none&quot;}\">\n\t\t\t\t\t\t\t<div class=\"elementor-background-overlay\"><\/div>\n\t\t\t\t\t\t\t<div class=\"elementor-container elementor-column-gap-default\">\n\t\t\t\t\t<div class=\"elementor-column elementor-col-100 elementor-top-column elementor-element elementor-element-d279c4d\" data-id=\"d279c4d\" data-element_type=\"column\">\n\t\t\t<div class=\"elementor-widget-wrap\">\n\t\t\t\t\t\t\t<\/div>\n\t\t<\/div>\n\t\t\t\t\t<\/div>\n\t\t<\/section>\n\t\t\t\t<section class=\"elementor-section elementor-top-section elementor-element elementor-element-7bcd538e elementor-section-boxed elementor-section-height-default elementor-section-height-default\" data-id=\"7bcd538e\" data-element_type=\"section\" data-settings=\"{&quot;background_background&quot;:&quot;classic&quot;}\">\n\t\t\t\t\t\t<div class=\"elementor-container elementor-column-gap-default\">\n\t\t\t\t\t<div class=\"elementor-column elementor-col-100 elementor-top-column elementor-element elementor-element-1cbba6a5\" data-id=\"1cbba6a5\" data-element_type=\"column\">\n\t\t\t<div class=\"elementor-widget-wrap elementor-element-populated\">\n\t\t\t\t\t\t<div class=\"elementor-element elementor-element-65557e37 elementor-widget elementor-widget-heading\" data-id=\"65557e37\" data-element_type=\"widget\" data-widget_type=\"heading.default\">\n\t\t\t\t<div class=\"elementor-widget-container\">\n\t\t\t<h3 class=\"elementor-heading-title elementor-size-default\">T\u1ed5ng quan v\u1ec1 C\u00f4ng ngh\u1ec7 Th\u1ecb tr\u01b0\u1eddng \u0110i\u1ec7n t\u1eed<\/h3>\t\t<\/div>\n\t\t\t\t<\/div>\n\t\t\t\t<section class=\"elementor-section elementor-inner-section elementor-element elementor-element-032ff6c elementor-section-boxed elementor-section-height-default elementor-section-height-default\" data-id=\"032ff6c\" data-element_type=\"section\">\n\t\t\t\t\t\t<div class=\"elementor-container elementor-column-gap-default\">\n\t\t\t\t\t<div class=\"elementor-column elementor-col-50 elementor-inner-column elementor-element elementor-element-f591468\" data-id=\"f591468\" data-element_type=\"column\">\n\t\t\t<div class=\"elementor-widget-wrap elementor-element-populated\">\n\t\t\t\t\t\t<div class=\"elementor-element elementor-element-177a2162 elementor-widget-tablet__width-inherit elementor-widget elementor-widget-text-editor\" data-id=\"177a2162\" data-element_type=\"widget\" data-widget_type=\"text-editor.default\">\n\t\t\t\t<div class=\"elementor-widget-container\">\n\t\t\t\t\t\t\t<article><div><section class=\"eh ei ej ek el\"><div class=\"n p\"><div class=\"z ab ac ae af em ah ai\"><p id=\"94fc\" class=\"hh hi cl bq hj b hk hl hm hn ho hp hq hr hs ht hu eh\" data-selectable-paragraph=\"\"><time class=\"article-timestamp\" datetime=\"2017-07-21T19:31:04.302Z\" data-type=\"updated\" data-status=\"localized\">27 Th\u00e1ng 3, 2020, 01:00 PM SGT<\/time><\/p><\/div><\/div><\/section><\/div><\/article>\t\t\t\t\t\t<\/div>\n\t\t\t\t<\/div>\n\t\t\t\t\t<\/div>\n\t\t<\/div>\n\t\t\t\t<div class=\"elementor-column elementor-col-50 elementor-inner-column elementor-element elementor-element-ad5d138\" data-id=\"ad5d138\" data-element_type=\"column\">\n\t\t\t<div class=\"elementor-widget-wrap\">\n\t\t\t\t\t\t\t<\/div>\n\t\t<\/div>\n\t\t\t\t\t<\/div>\n\t\t<\/section>\n\t\t\t\t<div class=\"elementor-element elementor-element-490d3ff elementor-widget-tablet__width-inherit elementor-widget elementor-widget-text-editor\" data-id=\"490d3ff\" data-element_type=\"widget\" data-widget_type=\"text-editor.default\">\n\t\t\t\t<div class=\"elementor-widget-container\">\n\t\t\t\t\t\t\t<article><section class=\"eh ei ej ek el\"><div class=\"n p\"><div class=\"z ab ac ae af em ah ai\"><p id=\"dd97\" class=\"hl hm av bn hn b ho mj hq mk ml mm mn mo mp mq hy gt\" data-selectable-paragraph=\"\"><span data-sheets-value=\"{\" data-sheets-userformat=\"{\">Duy tr\u00ec v\u1ecb th\u1ebf h\u00e0ng \u0111\u1ea7u tr\u00ean th\u1ecb tr\u01b0\u1eddng d\u01b0\u1eddng nh\u01b0 th\u00e1ch th\u1ee9c h\u01a1n bao gi\u1edd h\u1ebft, \u0111\u1eb7c bi\u1ec7t v\u1edbi s\u1ef1 gi\u00e1n \u0111o\u1ea1n k\u1ef9 thu\u1eadt s\u1ed1 trong to\u00e0n c\u1ea7u h\u00f3a ng\u00e0y nay. Duy tr\u00ec v\u1ecb th\u1ebf h\u00e0ng \u0111\u1ea7u tr\u00ean th\u1ecb tr\u01b0\u1eddng d\u01b0\u1eddng nh\u01b0 th\u00e1ch th\u1ee9c h\u01a1n bao gi\u1edd h\u1ebft, \u0111\u1eb7c bi\u1ec7t v\u1edbi s\u1ef1 gi\u00e1n \u0111o\u1ea1n k\u1ef9 thu\u1eadt s\u1ed1 trong to\u00e0n c\u1ea7u h\u00f3a ng\u00e0y nay. V\u1edbi c\u00f4ng ngh\u1ec7 \u0111i\u1ec7n t\u1eed t\u1ef1 \u0111\u1ed9ng h\u00f3a c\u00e1c ho\u1ea1t \u0111\u1ed9ng trong su\u1ed1t v\u00f2ng \u0111\u1eddi giao d\u1ecbch, \u0111i\u1ec1u n\u00e0y gi\u00fap c\u00e1c c\u00f4ng ty \u0111\u1ea1t \u0111\u01b0\u1ee3c m\u1ee5c ti\u00eau \u0111\u00f3, \u0111\u1eb7c bi\u1ec7t \u0111\u1ed1i v\u1edbi c\u00e1c nh\u00e0 t\u1ea1o l\u1eadp th\u1ecb tr\u01b0\u1eddng, n\u01a1i t\u1ed1c \u0111\u1ed9 v\u00e0 hi\u1ec7u qu\u1ea3 l\u00e0 \u01b0u ti\u00ean h\u00e0ng \u0111\u1ea7u.<\/span><\/p><p class=\"hl hm av bn hn b ho mj hq mk ml mm mn mo mp mq hy gt\" data-selectable-paragraph=\"\"><span data-sheets-value=\"{\" data-sheets-userformat=\"{\">Nhi\u1ec1u gi\u1ea3i ph\u00e1p hi\u1ec7n c\u00f3 \u0111\u01b0\u1ee3c x\u00e2y d\u1ef1ng \u0111\u1ec3 t\u1ef1 \u0111\u1ed9ng h\u00f3a c\u00e1c quy tr\u00ecnh l\u00e0m vi\u1ec7c truy\u1ec1n th\u1ed1ng nh\u1eb1m t\u0103ng hi\u1ec7u qu\u1ea3, nh\u01b0ng c\u00e1c c\u00f4ng ty c\u1ea7n ph\u1ea3i th\u1eadn tr\u1ecdng v\u00e0 ch\u00ednh x\u00e1c trong vi\u1ec7c l\u1ef1a ch\u1ecdn gi\u1ea3i ph\u00e1p ph\u00f9 h\u1ee3p. D\u01b0\u1edbi \u0111\u00e2y l\u00e0 minh h\u1ecda v\u1ec1 c\u00f4ng ngh\u1ec7 th\u1ecb tr\u01b0\u1eddng s\u1ed1 end-to-end. N\u00f3 bao g\u1ed3m nhi\u1ec1u h\u1ec7 th\u1ed1ng \u0111i\u1ec7n t\u1eed trong su\u1ed1t v\u00f2ng \u0111\u1eddi giao d\u1ecbch, t\u1eeb giao di\u1ec7n \u0111\u1ea7u cu\u1ed1i n\u01a1i c\u00e1c nh\u00e0 giao d\u1ecbch t\u01b0\u01a1ng t\u00e1c tr\u1ef1c ti\u1ebfp v\u1edbi th\u1ecb tr\u01b0\u1eddng cho \u0111\u1ebfn cu\u1ed1i giao d\u1ecbch, l\u00e0 b\u00f9 tr\u1eeb v\u00e0 thanh to\u00e1n.<\/span><\/p><\/div><\/div><\/section><\/article>\t\t\t\t\t\t<\/div>\n\t\t\t\t<\/div>\n\t\t\t\t<div class=\"elementor-element elementor-element-ff13340 elementor-widget elementor-widget-image\" data-id=\"ff13340\" data-element_type=\"widget\" data-widget_type=\"image.default\">\n\t\t\t\t<div class=\"elementor-widget-container\">\n\t\t\t\t\t\t\t\t\t\t\t\t\t<img fetchpriority=\"high\" decoding=\"async\" width=\"724\" height=\"1024\" src=\"https:\/\/www.hydrax.io\/wp-content\/uploads\/2020\/04\/Trading-Technology.jpg\" class=\"attachment-large size-large wp-image-7442\" alt=\"img\" \/>\t\t\t\t\t\t\t\t\t\t\t\t\t<\/div>\n\t\t\t\t<\/div>\n\t\t\t\t<div class=\"elementor-element elementor-element-8dd53f8 elementor-widget-tablet__width-inherit elementor-widget elementor-widget-text-editor\" data-id=\"8dd53f8\" data-element_type=\"widget\" data-widget_type=\"text-editor.default\">\n\t\t\t\t<div class=\"elementor-widget-container\">\n\t\t\t\t\t\t\t<article><section class=\"eh ei ej ek el\"><div class=\"n p\"><div class=\"z ab ac ae af em ah ai\"><p class=\"hl hm av bn hn b ho mj hq mk ml mm mn mo mp mq hy gt\" data-selectable-paragraph=\"\"><span data-sheets-value=\"{\" data-sheets-userformat=\"{\">V\u1edbi s\u1ef1 hi\u1ec3u bi\u1ebft r\u00f5 r\u00e0ng v\u1ec1 c\u00e1c c\u00f4ng ngh\u1ec7 s\u1eb5n c\u00f3, c\u00e1c c\u00f4ng ty c\u00f3 th\u1ec3 gi\u1ea3i quy\u1ebft ch\u00ednh x\u00e1c c\u00e1c v\u1ea5n \u0111\u1ec1 m\u00e0 h\u1ecd \u0111ang g\u1eb7p ph\u1ea3i b\u1eb1ng gi\u1ea3i ph\u00e1p ph\u00f9 h\u1ee3p. B\u1eb1ng c\u00e1ch n\u00e0y, c\u00e1c c\u00f4ng ty s\u1ebd c\u00f3 th\u1ec3 \u0111\u00e1p \u1ee9ng nhu c\u1ea7u c\u1ee7a th\u1ecb tr\u01b0\u1eddng v\u00e0 lu\u00f4n d\u1eabn \u0111\u1ea7u trong cu\u1ed9c ch\u1ea1y \u0111ua c\u00f4ng ngh\u1ec7.<br \/><\/span><\/p><\/div><article><div><section class=\"gt gu gv gw gx\"><div class=\"n p\"><div class=\"ai aj ak al am ki ao v\"><p id=\"4823\" class=\"hl hm av bn hn b ho mv hq mw ml mx mn my mp mz hy gt\" data-selectable-paragraph=\"\">N\u1ebfu b\u1ea1n quan t\u00e2m \u0111\u1ebfn vi\u1ec7c t\u00ecm hi\u1ec3u th\u00eam v\u1ec1 c\u00f4ng ngh\u1ec7 giao d\u1ecbch, h\u00e3y theo d\u00f5i Hydra X tr\u00ean <a class=\"cj dv mr ms mt mu\" href=\"https:\/\/www.linkedin.com\/company\/hydra-x\/\" target=\"_blank\" rel=\"noopener nofollow\">Linkedin<\/a> \u0111\u1ec3 c\u1eadp nh\u1eadt c\u00e1c c\u00f4ng ngh\u1ec7 giao d\u1ecbch m\u1edbi nh\u1ea5t. Tri\u1ec3n khai th\u1ecb tr\u01b0\u1eddng \u0111i\u1ec7n t\u1eed c\u1ee7a b\u1ea1n v\u1edbi Hydra X ngay h\u00f4m nay.<\/p><\/div><\/div><\/section><\/div><\/article><\/div><\/section><\/article>\t\t\t\t\t\t<\/div>\n\t\t\t\t<\/div>\n\t\t\t\t<div class=\"elementor-element elementor-element-c73019e elementor-widget-divider--view-line elementor-widget elementor-widget-divider\" data-id=\"c73019e\" data-element_type=\"widget\" data-widget_type=\"divider.default\">\n\t\t\t\t<div class=\"elementor-widget-container\">\n\t\t\t\t\t<div class=\"elementor-divider\">\n\t\t\t<span class=\"elementor-divider-separator\">\n\t\t\t\t\t\t<\/span>\n\t\t<\/div>\n\t\t\t\t<\/div>\n\t\t\t\t<\/div>\n\t\t\t\t<div class=\"elementor-element elementor-element-28fa8b2 elementor-widget-tablet__width-inherit elementor-widget elementor-widget-text-editor\" data-id=\"28fa8b2\" data-element_type=\"widget\" data-widget_type=\"text-editor.default\">\n\t\t\t\t<div class=\"elementor-widget-container\">\n\t\t\t\t\t\t\t<article>\n<div>\n<section class=\"eh ei ej ek el\">\n<div class=\"n p\">\n<div class=\"z ab ac ae af em ah ai\">\n<p id=\"94fc\" class=\"hh hi cl bq hj b hk hl hm hn ho hp hq hr hs ht hu eh\" data-selectable-paragraph=\"\">TI\u1ebeP THEO<\/p><\/div><\/div><\/section><\/div><\/article>\t\t\t\t\t\t<\/div>\n\t\t\t\t<\/div>\n\t\t\t\t<div class=\"elementor-element elementor-element-ea72352 elementor-widget elementor-widget-heading\" data-id=\"ea72352\" data-element_type=\"widget\" data-widget_type=\"heading.default\">\n\t\t\t\t<div class=\"elementor-widget-container\">\n\t\t\t<h3 class=\"elementor-heading-title elementor-size-default\"><a href=\"https:\/\/www.hydrax.io\/vn\/blog\/automated-front-end-trading\/\">Giao d\u1ecbch T\u1ef1 \u0111\u1ed9ng H\u00f3a Giao di\u1ec7n Ng\u01b0\u1eddi d\u00f9ng<\/a><\/h3>\t\t<\/div>\n\t\t\t\t<\/div>\n\t\t\t\t<div class=\"elementor-element elementor-element-751e02a elementor-widget-divider--view-line elementor-widget elementor-widget-divider\" data-id=\"751e02a\" data-element_type=\"widget\" data-widget_type=\"divider.default\">\n\t\t\t\t<div class=\"elementor-widget-container\">\n\t\t\t\t\t<div class=\"elementor-divider\">\n\t\t\t<span class=\"elementor-divider-separator\">\n\t\t\t\t\t\t<\/span>\n\t\t<\/div>\n\t\t\t\t<\/div>\n\t\t\t\t<\/div>\n\t\t\t\t<div class=\"elementor-element elementor-element-ba27c05 elementor-align-right elementor-widget elementor-widget-button\" data-id=\"ba27c05\" data-element_type=\"widget\" data-widget_type=\"button.default\">\n\t\t\t\t<div class=\"elementor-widget-container\">\n\t\t\t\t\t<div class=\"elementor-button-wrapper\">\n\t\t\t<a class=\"elementor-button elementor-button-link elementor-size-sm\" href=\"https:\/\/www.hydrax.io\/vn\/blog\/\">\n\t\t\t\t\t\t<span class=\"elementor-button-content-wrapper\">\n\t\t\t\t\t\t<span class=\"elementor-button-icon\">\n\t\t\t\t<i aria-hidden=\"true\" class=\"fas fa-angle-left\"><\/i>\t\t\t<\/span>\n\t\t\t\t\t\t\t\t\t<span class=\"elementor-button-text\">QUAY L\u1ea0I BLOG<\/span>\n\t\t\t\t\t<\/span>\n\t\t\t\t\t<\/a>\n\t\t<\/div>\n\t\t\t\t<\/div>\n\t\t\t\t<\/div>\n\t\t\t\t\t<\/div>\n\t\t<\/div>\n\t\t\t\t\t<\/div>\n\t\t<\/section>\n\t\t\t\t<\/div>","protected":false},"excerpt":{"rendered":"<p>An Overview of Digital Marketplace Technology 27 March 2020, 01:00 PM SGT Staying on top of the market appears to be more challenging than ever, especially with the digital disruption in today&#8217;s globalisation. Digitising business operations is one of the most efficient ways to stay competitive in today\u2019s globalisation. With electronic technology automating activities across [&hellip;]<\/p>","protected":false},"author":4,"featured_media":7475,"parent":1158,"menu_order":0,"comment_status":"closed","ping_status":"closed","template":"","meta":{"_monsterinsights_skip_tracking":false,"_monsterinsights_sitenote_active":false,"_monsterinsights_sitenote_note":"","_monsterinsights_sitenote_category":0,"footnotes":""},"class_list":["post-7440","page","type-page","status-publish","has-post-thumbnail","hentry"],"yoast_head":"<!-- This site is optimized with the Yoast SEO plugin v23.6 - https:\/\/yoast.com\/wordpress\/plugins\/seo\/ -->\n<title>An Overview of Digital Marketplace Technology | Hydra X Blog<\/title>\n<meta name=\"description\" content=\"With electronic technology automating activities across the trade lifecycle, it helps companies in achieving such objective, especially for market markers.\" \/>\n<meta name=\"robots\" content=\"index, follow, max-snippet:-1, max-image-preview:large, max-video-preview:-1\" \/>\n<link rel=\"canonical\" href=\"https:\/\/www.hydrax.io\/vn\/blog\/digital-marketplace-technology\/\" \/>\n<meta property=\"og:locale\" content=\"vi_VN\" \/>\n<meta property=\"og:type\" content=\"article\" \/>\n<meta property=\"og:title\" content=\"An Overview of Digital Marketplace Technology | Hydra X Blog\" \/>\n<meta property=\"og:description\" content=\"With electronic technology automating activities across the trade lifecycle, it helps companies in achieving such objective, especially for market markers.\" \/>\n<meta property=\"og:url\" content=\"https:\/\/www.hydrax.io\/vn\/blog\/digital-marketplace-technology\/\" \/>\n<meta property=\"og:site_name\" content=\"Hydra X\" \/>\n<meta property=\"article:modified_time\" content=\"2025-09-15T09:10:09+00:00\" \/>\n<meta property=\"og:image\" content=\"https:\/\/www.hydrax.io\/wp-content\/uploads\/2020\/04\/Electronic-Market-Tech.jpg\" \/>\n\t<meta property=\"og:image:width\" content=\"501\" \/>\n\t<meta property=\"og:image:height\" content=\"282\" \/>\n\t<meta property=\"og:image:type\" content=\"image\/jpeg\" \/>\n<meta name=\"twitter:card\" content=\"summary_large_image\" \/>\n<meta name=\"twitter:label1\" content=\"\u01af\u1edbc t\u00ednh th\u1eddi gian \u0111\u1ecdc\" \/>\n\t<meta name=\"twitter:data1\" content=\"2 ph\u00fat\" \/>\n<script type=\"application\/ld+json\" class=\"yoast-schema-graph\">{\"@context\":\"https:\/\/schema.org\",\"@graph\":[{\"@type\":\"WebPage\",\"@id\":\"https:\/\/www.hydrax.io\/blog\/digital-marketplace-technology\/\",\"url\":\"https:\/\/www.hydrax.io\/blog\/digital-marketplace-technology\/\",\"name\":\"An Overview of Digital Marketplace Technology | Hydra X Blog\",\"isPartOf\":{\"@id\":\"https:\/\/www.hydrax.io\/#website\"},\"primaryImageOfPage\":{\"@id\":\"https:\/\/www.hydrax.io\/blog\/digital-marketplace-technology\/#primaryimage\"},\"image\":{\"@id\":\"https:\/\/www.hydrax.io\/blog\/digital-marketplace-technology\/#primaryimage\"},\"thumbnailUrl\":\"https:\/\/www.hydrax.io\/wp-content\/uploads\/2020\/04\/Electronic-Market-Tech.jpg\",\"datePublished\":\"2020-04-02T09:35:51+00:00\",\"dateModified\":\"2025-09-15T09:10:09+00:00\",\"description\":\"With electronic technology automating activities across the trade lifecycle, it helps companies in achieving such objective, especially for market markers.\",\"breadcrumb\":{\"@id\":\"https:\/\/www.hydrax.io\/blog\/digital-marketplace-technology\/#breadcrumb\"},\"inLanguage\":\"vi\",\"potentialAction\":[{\"@type\":\"ReadAction\",\"target\":[\"https:\/\/www.hydrax.io\/blog\/digital-marketplace-technology\/\"]}]},{\"@type\":\"ImageObject\",\"inLanguage\":\"vi\",\"@id\":\"https:\/\/www.hydrax.io\/blog\/digital-marketplace-technology\/#primaryimage\",\"url\":\"https:\/\/www.hydrax.io\/wp-content\/uploads\/2020\/04\/Electronic-Market-Tech.jpg\",\"contentUrl\":\"https:\/\/www.hydrax.io\/wp-content\/uploads\/2020\/04\/Electronic-Market-Tech.jpg\",\"width\":501,\"height\":282,\"caption\":\"Electronic Market Technology\"},{\"@type\":\"BreadcrumbList\",\"@id\":\"https:\/\/www.hydrax.io\/blog\/digital-marketplace-technology\/#breadcrumb\",\"itemListElement\":[{\"@type\":\"ListItem\",\"position\":1,\"name\":\"Home\",\"item\":\"https:\/\/www.hydrax.io\/\"},{\"@type\":\"ListItem\",\"position\":2,\"name\":\"HydraX Blog\",\"item\":\"https:\/\/www.hydrax.io\/blog\/\"},{\"@type\":\"ListItem\",\"position\":3,\"name\":\"An Overview of Digital Marketplace Technology| Hydra X Blog\"}]},{\"@type\":\"WebSite\",\"@id\":\"https:\/\/www.hydrax.io\/#website\",\"url\":\"https:\/\/www.hydrax.io\/\",\"name\":\"Hydra X\",\"description\":\"Professional Trading Technology\",\"publisher\":{\"@id\":\"https:\/\/www.hydrax.io\/#organization\"},\"potentialAction\":[{\"@type\":\"SearchAction\",\"target\":{\"@type\":\"EntryPoint\",\"urlTemplate\":\"https:\/\/www.hydrax.io\/?s={search_term_string}\"},\"query-input\":{\"@type\":\"PropertyValueSpecification\",\"valueRequired\":true,\"valueName\":\"search_term_string\"}}],\"inLanguage\":\"vi\"},{\"@type\":\"Organization\",\"@id\":\"https:\/\/www.hydrax.io\/#organization\",\"name\":\"Hydra X\",\"url\":\"https:\/\/www.hydrax.io\/\",\"logo\":{\"@type\":\"ImageObject\",\"inLanguage\":\"vi\",\"@id\":\"https:\/\/www.hydrax.io\/#\/schema\/logo\/image\/\",\"url\":\"https:\/\/www.hydrax.io\/wp-content\/uploads\/2019\/10\/Hydra-X-Logo-Blue.png\",\"contentUrl\":\"https:\/\/www.hydrax.io\/wp-content\/uploads\/2019\/10\/Hydra-X-Logo-Blue.png\",\"width\":1052,\"height\":849,\"caption\":\"Hydra X\"},\"image\":{\"@id\":\"https:\/\/www.hydrax.io\/#\/schema\/logo\/image\/\"}}]}<\/script>\n<!-- \/ Yoast SEO plugin. -->","yoast_head_json":{"title":"An Overview of Digital Marketplace Technology | Hydra X Blog","description":"With electronic technology automating activities across the trade lifecycle, it helps companies in achieving such objective, especially for market markers.","robots":{"index":"index","follow":"follow","max-snippet":"max-snippet:-1","max-image-preview":"max-image-preview:large","max-video-preview":"max-video-preview:-1"},"canonical":"https:\/\/www.hydrax.io\/vn\/blog\/digital-marketplace-technology\/","og_locale":"vi_VN","og_type":"article","og_title":"An Overview of Digital Marketplace Technology | Hydra X Blog","og_description":"With electronic technology automating activities across the trade lifecycle, it helps companies in achieving such objective, especially for market markers.","og_url":"https:\/\/www.hydrax.io\/vn\/blog\/digital-marketplace-technology\/","og_site_name":"Hydra X","article_modified_time":"2025-09-15T09:10:09+00:00","og_image":[{"width":501,"height":282,"url":"https:\/\/www.hydrax.io\/wp-content\/uploads\/2020\/04\/Electronic-Market-Tech.jpg","type":"image\/jpeg"}],"twitter_card":"summary_large_image","twitter_misc":{"\u01af\u1edbc t\u00ednh th\u1eddi gian \u0111\u1ecdc":"2 ph\u00fat"},"schema":{"@context":"https:\/\/schema.org","@graph":[{"@type":"WebPage","@id":"https:\/\/www.hydrax.io\/blog\/digital-marketplace-technology\/","url":"https:\/\/www.hydrax.io\/blog\/digital-marketplace-technology\/","name":"An Overview of Digital Marketplace Technology | Hydra X Blog","isPartOf":{"@id":"https:\/\/www.hydrax.io\/#website"},"primaryImageOfPage":{"@id":"https:\/\/www.hydrax.io\/blog\/digital-marketplace-technology\/#primaryimage"},"image":{"@id":"https:\/\/www.hydrax.io\/blog\/digital-marketplace-technology\/#primaryimage"},"thumbnailUrl":"https:\/\/www.hydrax.io\/wp-content\/uploads\/2020\/04\/Electronic-Market-Tech.jpg","datePublished":"2020-04-02T09:35:51+00:00","dateModified":"2025-09-15T09:10:09+00:00","description":"With electronic technology automating activities across the trade lifecycle, it helps companies in achieving such objective, especially for market markers.","breadcrumb":{"@id":"https:\/\/www.hydrax.io\/blog\/digital-marketplace-technology\/#breadcrumb"},"inLanguage":"vi","potentialAction":[{"@type":"ReadAction","target":["https:\/\/www.hydrax.io\/blog\/digital-marketplace-technology\/"]}]},{"@type":"ImageObject","inLanguage":"vi","@id":"https:\/\/www.hydrax.io\/blog\/digital-marketplace-technology\/#primaryimage","url":"https:\/\/www.hydrax.io\/wp-content\/uploads\/2020\/04\/Electronic-Market-Tech.jpg","contentUrl":"https:\/\/www.hydrax.io\/wp-content\/uploads\/2020\/04\/Electronic-Market-Tech.jpg","width":501,"height":282,"caption":"Electronic Market Technology"},{"@type":"BreadcrumbList","@id":"https:\/\/www.hydrax.io\/blog\/digital-marketplace-technology\/#breadcrumb","itemListElement":[{"@type":"ListItem","position":1,"name":"Home","item":"https:\/\/www.hydrax.io\/"},{"@type":"ListItem","position":2,"name":"HydraX Blog","item":"https:\/\/www.hydrax.io\/blog\/"},{"@type":"ListItem","position":3,"name":"An Overview of Digital Marketplace Technology| Hydra X Blog"}]},{"@type":"WebSite","@id":"https:\/\/www.hydrax.io\/#website","url":"https:\/\/www.hydrax.io\/","name":"Hydra X","description":"Professional Trading Technology","publisher":{"@id":"https:\/\/www.hydrax.io\/#organization"},"potentialAction":[{"@type":"SearchAction","target":{"@type":"EntryPoint","urlTemplate":"https:\/\/www.hydrax.io\/?s={search_term_string}"},"query-input":{"@type":"PropertyValueSpecification","valueRequired":true,"valueName":"search_term_string"}}],"inLanguage":"vi"},{"@type":"Organization","@id":"https:\/\/www.hydrax.io\/#organization","name":"Hydra X","url":"https:\/\/www.hydrax.io\/","logo":{"@type":"ImageObject","inLanguage":"vi","@id":"https:\/\/www.hydrax.io\/#\/schema\/logo\/image\/","url":"https:\/\/www.hydrax.io\/wp-content\/uploads\/2019\/10\/Hydra-X-Logo-Blue.png","contentUrl":"https:\/\/www.hydrax.io\/wp-content\/uploads\/2019\/10\/Hydra-X-Logo-Blue.png","width":1052,"height":849,"caption":"Hydra X"},"image":{"@id":"https:\/\/www.hydrax.io\/#\/schema\/logo\/image\/"}}]}},"_links":{"self":[{"href":"https:\/\/www.hydrax.io\/vn\/wp-json\/wp\/v2\/pages\/7440"}],"collection":[{"href":"https:\/\/www.hydrax.io\/vn\/wp-json\/wp\/v2\/pages"}],"about":[{"href":"https:\/\/www.hydrax.io\/vn\/wp-json\/wp\/v2\/types\/page"}],"author":[{"embeddable":true,"href":"https:\/\/www.hydrax.io\/vn\/wp-json\/wp\/v2\/users\/4"}],"replies":[{"embeddable":true,"href":"https:\/\/www.hydrax.io\/vn\/wp-json\/wp\/v2\/comments?post=7440"}],"version-history":[{"count":15,"href":"https:\/\/www.hydrax.io\/vn\/wp-json\/wp\/v2\/pages\/7440\/revisions"}],"predecessor-version":[{"id":25212,"href":"https:\/\/www.hydrax.io\/vn\/wp-json\/wp\/v2\/pages\/7440\/revisions\/25212"}],"up":[{"embeddable":true,"href":"https:\/\/www.hydrax.io\/vn\/wp-json\/wp\/v2\/pages\/1158"}],"wp:featuredmedia":[{"embeddable":true,"href":"https:\/\/www.hydrax.io\/vn\/wp-json\/wp\/v2\/media\/7475"}],"wp:attachment":[{"href":"https:\/\/www.hydrax.io\/vn\/wp-json\/wp\/v2\/media?parent=7440"}],"curies":[{"name":"wp","href":"https:\/\/api.w.org\/{rel}","templated":true}]}}