{"id":7491,"date":"2020-04-14T14:53:32","date_gmt":"2020-04-14T06:53:32","guid":{"rendered":"https:\/\/www.hydrax.io\/?page_id=7491"},"modified":"2025-09-15T16:19:21","modified_gmt":"2025-09-15T08:19:21","slug":"low-latency-matching-engine","status":"publish","type":"page","link":"https:\/\/www.hydrax.io\/vn\/blog\/low-latency-matching-engine\/","title":{"rendered":"Low Latency Matching Engine | Hydra X Blog"},"content":{"rendered":"<div data-elementor-type=\"wp-post\" data-elementor-id=\"7491\" class=\"elementor elementor-7491\" data-elementor-post-type=\"page\">\n\t\t\t\t\t\t<section class=\"elementor-section elementor-top-section elementor-element elementor-element-7bd2e7c0 elementor-section-content-top elementor-section-boxed elementor-section-height-default elementor-section-height-default\" data-id=\"7bd2e7c0\" data-element_type=\"section\" data-settings=\"{&quot;background_background&quot;:&quot;classic&quot;,&quot;animation&quot;:&quot;none&quot;}\">\n\t\t\t\t\t\t\t<div class=\"elementor-background-overlay\"><\/div>\n\t\t\t\t\t\t\t<div class=\"elementor-container elementor-column-gap-default\">\n\t\t\t\t\t<div class=\"elementor-column elementor-col-100 elementor-top-column elementor-element elementor-element-d279c4d\" data-id=\"d279c4d\" data-element_type=\"column\">\n\t\t\t<div class=\"elementor-widget-wrap\">\n\t\t\t\t\t\t\t<\/div>\n\t\t<\/div>\n\t\t\t\t\t<\/div>\n\t\t<\/section>\n\t\t\t\t<section class=\"elementor-section elementor-top-section elementor-element elementor-element-7bcd538e elementor-section-boxed elementor-section-height-default elementor-section-height-default\" data-id=\"7bcd538e\" data-element_type=\"section\" data-settings=\"{&quot;background_background&quot;:&quot;classic&quot;}\">\n\t\t\t\t\t\t<div class=\"elementor-container elementor-column-gap-default\">\n\t\t\t\t\t<div class=\"elementor-column elementor-col-100 elementor-top-column elementor-element elementor-element-1cbba6a5\" data-id=\"1cbba6a5\" data-element_type=\"column\">\n\t\t\t<div class=\"elementor-widget-wrap elementor-element-populated\">\n\t\t\t\t\t\t<div class=\"elementor-element elementor-element-65557e37 elementor-widget elementor-widget-heading\" data-id=\"65557e37\" data-element_type=\"widget\" data-widget_type=\"heading.default\">\n\t\t\t\t<div class=\"elementor-widget-container\">\n\t\t\t<h3 class=\"elementor-heading-title elementor-size-default\">C\u00f4ng C\u1ee5 Gh\u00e9p L\u1ec7nh \u0110\u1ed9 Tr\u1ec5 Th\u1ea5p<\/h3>\t\t<\/div>\n\t\t\t\t<\/div>\n\t\t\t\t<section class=\"elementor-section elementor-inner-section elementor-element elementor-element-032ff6c elementor-section-boxed elementor-section-height-default elementor-section-height-default\" data-id=\"032ff6c\" data-element_type=\"section\">\n\t\t\t\t\t\t<div class=\"elementor-container elementor-column-gap-default\">\n\t\t\t\t\t<div class=\"elementor-column elementor-col-50 elementor-inner-column elementor-element elementor-element-f591468\" data-id=\"f591468\" data-element_type=\"column\">\n\t\t\t<div class=\"elementor-widget-wrap elementor-element-populated\">\n\t\t\t\t\t\t<div class=\"elementor-element elementor-element-177a2162 elementor-widget-tablet__width-inherit elementor-widget elementor-widget-text-editor\" data-id=\"177a2162\" data-element_type=\"widget\" data-widget_type=\"text-editor.default\">\n\t\t\t\t<div class=\"elementor-widget-container\">\n\t\t\t\t\t\t\t<article><div><section class=\"eh ei ej ek el\"><div class=\"n p\"><div class=\"z ab ac ae af em ah ai\"><p id=\"94fc\" class=\"hh hi cl bq hj b hk hl hm hn ho hp hq hr hs ht hu eh\" data-selectable-paragraph=\"\"><time class=\"article-timestamp\" datetime=\"2017-07-21T19:31:04.302Z\" data-type=\"updated\" data-status=\"localized\">14 Th\u00e1ng 4 2020, 03:00 PM SGT<\/time><\/p><\/div><\/div><\/section><\/div><\/article>\t\t\t\t\t\t<\/div>\n\t\t\t\t<\/div>\n\t\t\t\t\t<\/div>\n\t\t<\/div>\n\t\t\t\t<div class=\"elementor-column elementor-col-50 elementor-inner-column elementor-element elementor-element-ad5d138\" data-id=\"ad5d138\" data-element_type=\"column\">\n\t\t\t<div class=\"elementor-widget-wrap\">\n\t\t\t\t\t\t\t<\/div>\n\t\t<\/div>\n\t\t\t\t\t<\/div>\n\t\t<\/section>\n\t\t\t\t<div class=\"elementor-element elementor-element-490d3ff elementor-widget-tablet__width-inherit elementor-widget elementor-widget-text-editor\" data-id=\"490d3ff\" data-element_type=\"widget\" data-widget_type=\"text-editor.default\">\n\t\t\t\t<div class=\"elementor-widget-container\">\n\t\t\t\t\t\t\t<article>Theo Bloomberg, <a href=\"https:\/\/www.bloomberg.com\/quicktake\/automated-stock-trading\" target=\"_blank\" rel=\"noopener\">t\u01b0\u01a1ng lai s\u1ebd kh\u00f4ng ch\u1eadm l\u1ea1i<\/a>. V\u1edbi nhi\u1ec1u ng\u01b0\u1eddi tham gia h\u01a1n bao gi\u1edd h\u1ebft tr\u00ean th\u1ecb tr\u01b0\u1eddng giao d\u1ecbch, t\u1ed1c \u0111\u1ed9 giao d\u1ecbch s\u1ebd mang l\u1ea1i l\u1ee3i th\u1ebf qu\u00fd gi\u00e1 trong vi\u1ec7c n\u1eafm b\u1eaft m\u1ee9c gi\u00e1 c\u1ea1nh tranh nh\u1ea5t. C\u00e1c giao d\u1ecbch \u0111\u1ed9 tr\u1ec5 th\u1ea5p th\u1eadm ch\u00ed c\u00f2n quan tr\u1ecdng h\u01a1n \u0111\u1ed1i v\u1edbi <a href=\"https:\/\/seekingalpha.com\/article\/4075047-high-frequency-trading-impact-and-future\" target=\"_blank\" rel=\"noopener\">c\u00e1c giao d\u1ecbch t\u1ea7n su\u1ea5t cao, v\u00ec ph\u1ea7n l\u1edbn trong s\u1ed1 \u0111\u00f3 s\u1eed d\u1ee5ng c\u00e1c chi\u1ebfn l\u01b0\u1ee3c kinh doanh ch\u00eanh l\u1ec7ch gi\u00e1<\/a>, v\u1ed1n <a href=\"https:\/\/www.sciencedirect.com\/science\/article\/abs\/pii\/S0378426613003841\" target=\"_blank\" rel=\"noopener\">d\u1ef1a v\u00e0o ch\u00eanh l\u1ec7ch gi\u00e1 trong mili-gi\u00e2y \u0111\u1ec3 t\u1ea1o l\u1ee3i nhu\u1eadn<\/a>. Do \u0111\u00f3, vi\u1ec7c nh\u1ea5n m\u1ea1nh y\u1ebfu t\u1ed1 \u0111\u1ed9 tr\u1ec5 th\u1ea5p trong c\u00e1c m\u00f4-\u0111un gh\u00e9p l\u1ec7nh l\u00e0 \u0111i\u1ec1u b\u1eaft bu\u1ed9c.<p>\u00a0<\/p><p>Ngo\u00e0i \u0111\u1ed9 tr\u1ec5 th\u1ea5p, \u0111\u00e2y l\u00e0 nh\u1eefng t\u00ednh n\u0103ng kh\u00e1c gi\u00fap c\u1ea3i thi\u1ec7n m\u00f4-\u0111un gh\u00e9p l\u1ec7nh:<\/p><ol><li>H\u1ed7 tr\u1ee3 thu\u1eadt to\u00e1n Gi\u00e1\/th\u1eddi gian, gh\u00e9p l\u1ec7nh mua v\u00e0 b\u00e1n v\u1edbi \u01b0u ti\u00ean cho nh\u1eefng l\u1ec7nh \u0111\u01b0\u1ee3c nh\u1eadp v\u00e0o h\u1ec7 th\u1ed1ng tr\u01b0\u1edbc, v\u00e0 Y\u00eau c\u1ea7u B\u00e1o gi\u00e1 (RFQ), y\u00eau c\u1ea7u v\u00e0 nh\u1eadn b\u00e1o gi\u00e1 t\u1eeb c\u00e1c nh\u00e0 t\u1ea1o l\u1eadp th\u1ecb tr\u01b0\u1eddng.<\/li><li>Ph\u00e1t hi\u1ec7n h\u00e0nh vi l\u1ea1m d\u1ee5ng th\u1ecb tr\u01b0\u1eddng v\u00e0 \u0111\u1ea3m b\u1ea3o tu\u00e2n th\u1ee7 c\u00e1c quy t\u1eafc v\u00e0 quy \u0111\u1ecbnh, bao g\u1ed3m: hi\u1ec7u ch\u1ec9nh tham s\u1ed1 c\u1ea3nh b\u00e1o, gi\u00e1m s\u00e1t theo th\u1eddi gian th\u1ef1c, ph\u00e1t l\u1ea1i s\u1ed5 l\u1ec7nh v\u00e0 tr\u1ef1c quan h\u00f3a.\u00a0<\/li><li>H\u1ed7 tr\u1ee3 nhi\u1ec1u lo\u1ea1i l\u1ec7nh kh\u00e1c nhau nh\u01b0 L\u1ec7nh Gi\u1edbi h\u1ea1n, L\u1ec7nh Th\u1ecb tr\u01b0\u1eddng, L\u1ec7nh D\u1eebng, L\u1ec7nh Kh\u1edbp To\u00e0n b\u1ed9 ho\u1eb7c H\u1ee7y b\u1ecf, L\u1ec7nh H\u1ee3p l\u1ec7 \u0111\u1ebfn Ng\u00e0y, L\u1ec7nh H\u1ee3p l\u1ec7 \u0111\u1ebfn Gi\u1edd, L\u1ec7nh H\u1ee3p l\u1ec7 \u0111\u1ebfn khi H\u1ee7y b\u1ecf.<\/li><li>Nhi\u1ec1u t\u00f9y ch\u1ecdn k\u1ebft n\u1ed1i b\u00ean ngo\u00e0i, ch\u1eb3ng h\u1ea1n nh\u01b0 c\u1ed5ng API h\u1ed7 tr\u1ee3 c\u00e1c giao th\u1ee9c ti\u00eau chu\u1ea9n bao g\u1ed3m gRPC, REST v\u00e0 WebSockets v\u00e0 h\u1ed7 tr\u1ee3 FIX.<\/li><\/ol><div>\u00a0<\/div><p class=\"translation-block\">M\u00f4-\u0111un <a href=\"https:\/\/www.hydrax.io\/vn\/enterprise-solutions\/matching-engine\/\" target=\"_blank\" rel=\"noopener\">Hydra X Matching Engine<\/a> kh\u1edbp l\u1ec7nh mua v\u00e0 b\u00e1n m\u1ed9t c\u00e1ch to\u00e0n di\u1ec7n v\u00e0 gi\u00fap \u0111\u1ea3m b\u1ea3o \u0111\u1ed9 tr\u1ec5 th\u1ea5p, \u1ed5n \u0111\u1ecbnh v\u1eadn h\u00e0nh v\u00e0 giao d\u1ecbch hi\u1ec7u su\u1ea5t cao. Sau \u0111\u00e2y l\u00e0 danh s\u00e1ch c\u00e1c t\u00ednh n\u0103ng vi m\u00f4:<\/p><ol><li>Ki\u1ebfn tr\u00fac vi d\u1ecbch v\u1ee5: \u0111\u1ea3m b\u1ea3o hi\u1ec7u qu\u1ea3 v\u1eadn h\u00e0nh, kh\u1ea3 n\u0103ng d\u1ef1 ph\u00f2ng v\u00e0 kh\u00f4i ph\u1ee5c s\u1ef1 c\u1ed1. C\u1ea5u tr\u00fac n\u00e0y \u0111\u1ea3m b\u1ea3o sao ch\u00e9p d\u1eef li\u1ec7u \u0111\u1ed3ng b\u1ed9 tr\u00ean c\u00e1c tri\u1ec3n khai RDS \u0111\u1ec3 cung c\u1ea5p kh\u1ea3 n\u0103ng d\u1ef1 ph\u00f2ng d\u1eef li\u1ec7u, h\u1ed7 tr\u1ee3 chuy\u1ec3n \u0111\u1ed5i khi l\u1ed7i v\u00e0 kh\u00f4i ph\u1ee5c th\u1ea3m h\u1ecda hi\u1ec7u qu\u1ea3.<\/li><li>Ki\u1ebfn tr\u00fac c\u00f3 kh\u1ea3 n\u0103ng m\u1edf r\u1ed9ng: h\u1ed7 tr\u1ee3 tri\u1ec3n khai t\u1ea1i ch\u1ed7, tr\u00ean \u0111\u00e1m m\u00e2y ho\u1eb7c k\u1ebft h\u1ee3p, v\u00e0 m\u1edf r\u1ed9ng theo s\u1ed1 l\u01b0\u1ee3ng m\u00e1y ch\u1ee7 v\u00e0 c\u01a1 s\u1edf d\u1eef li\u1ec7u.<\/li><li>H\u1ed7 tr\u1ee3 nhi\u1ec1u lo\u1ea1i t\u00e0i s\u1ea3n: cho ph\u00e9p giao d\u1ecbch b\u1ea5t k\u1ef3 c\u00f4ng c\u1ee5 n\u00e0o \u0111\u01b0\u1ee3c giao d\u1ecbch trong s\u1ed5 l\u1ec7nh th\u00f4ng th\u01b0\u1eddng, \u0111\u1ed3ng th\u1eddi h\u1ed7 tr\u1ee3 \u0111\u1ecbnh gi\u00e1 v\u00e0 kh\u1ed1i l\u01b0\u1ee3ng v\u1edbi \u0111\u1ed9 ch\u00ednh x\u00e1c th\u1eadp ph\u00e2n t\u00f9y \u00fd.<\/li><li>X\u1eed l\u00fd \u0111a l\u00f5i v\u00e0 k\u1ebft n\u1ed1i gRPC\/protobuf t\u1ed1c \u0111\u1ed9 cao: t\u0103ng c\u01b0\u1eddng kh\u1ea3 n\u0103ng m\u1edf r\u1ed9ng.<\/li><\/ol><p id=\"4e49\" class=\"hl hm av bn hn b ho mj hq mk ml mm mn mo mp mq hy gt\" data-selectable-paragraph=\"\">\u00a0<\/p><p id=\"4e49\" class=\"hl hm av bn hn b ho mj hq mk ml mm mn mo mp mq hy gt\" data-selectable-paragraph=\"\">C\u00e1c m\u00f4-\u0111un Gh\u00e9p L\u1ec7nh l\u00e0 y\u1ebfu t\u1ed1 thi\u1ebft y\u1ebfu gi\u00fap c\u00e1c c\u00f4ng ty giao d\u1ecbch duy tr\u00ec l\u1ee3i th\u1ebf v\u00e0 c\u1ea1nh tranh trong giao d\u1ecbch \u2013 \u0111\u1eb7c bi\u1ec7t khi c\u00f3 nhi\u1ec1u ng\u01b0\u1eddi tham gia th\u1ecb tr\u01b0\u1eddng chuy\u1ec3n sang k\u1ef9 thu\u1eadt s\u1ed1. H\u01a1n n\u1eefa, xu h\u01b0\u1edbng giao d\u1ecbch nhanh s\u1ebd ti\u1ebfp t\u1ee5c gia t\u0103ng, b\u1edfi l\u1ebd giao d\u1ecbch thu\u1eadt to\u00e1n \u0111ang <a href=\"https:\/\/www.mordorintelligence.com\/industry-reports\/algorithmic-trading-market\" target=\"_blank\" rel=\"noopener\">ng\u00e0y c\u00e0ng ph\u00e1t tri\u1ec3n<\/a> khi n\u00f3 l\u00e0 m\u1ed9t trong nh\u1eefng th\u1ecb tr\u01b0\u1eddng c\u00f3 t\u00ednh thanh kho\u1ea3n cao nh\u1ea5t.<\/p><article><div><section class=\"gt gu gv gw gx\"><div class=\"n p\"><div class=\"ai aj ak al am ki ao v\"><p id=\"4823\" class=\"hl hm av bn hn b ho mv hq mw ml mx mn my mp mz hy gt\" data-selectable-paragraph=\"\">N\u1ebfu b\u1ea1n quan t\u00e2m \u0111\u1ebfn vi\u1ec7c t\u00ecm hi\u1ec3u th\u00eam v\u1ec1 c\u00f4ng ngh\u1ec7 giao d\u1ecbch, h\u00e3y theo d\u00f5i Hydra X tr\u00ean <a class=\"cj dv mr ms mt mu\" href=\"https:\/\/www.linkedin.com\/company\/hydra-x\/\" target=\"_blank\" rel=\"noopener nofollow\">Linkedin<\/a> \u0111\u1ec3 c\u1eadp nh\u1eadt c\u00e1c c\u00f4ng ngh\u1ec7 giao d\u1ecbch m\u1edbi nh\u1ea5t. Tri\u1ec3n khai th\u1ecb tr\u01b0\u1eddng \u0111i\u1ec7n t\u1eed c\u1ee7a b\u1ea1n v\u1edbi Hydra X ngay h\u00f4m nay.<\/p><\/div><\/div><\/section><\/div><\/article><\/article>\t\t\t\t\t\t<\/div>\n\t\t\t\t<\/div>\n\t\t\t\t<div class=\"elementor-element elementor-element-c73019e elementor-widget-divider--view-line elementor-widget elementor-widget-divider\" data-id=\"c73019e\" data-element_type=\"widget\" data-widget_type=\"divider.default\">\n\t\t\t\t<div class=\"elementor-widget-container\">\n\t\t\t\t\t<div class=\"elementor-divider\">\n\t\t\t<span class=\"elementor-divider-separator\">\n\t\t\t\t\t\t<\/span>\n\t\t<\/div>\n\t\t\t\t<\/div>\n\t\t\t\t<\/div>\n\t\t\t\t<div class=\"elementor-element elementor-element-28fa8b2 elementor-widget-tablet__width-inherit elementor-widget elementor-widget-text-editor\" data-id=\"28fa8b2\" data-element_type=\"widget\" data-widget_type=\"text-editor.default\">\n\t\t\t\t<div class=\"elementor-widget-container\">\n\t\t\t\t\t\t\t<article>\n<div>\n<section class=\"eh ei ej ek el\">\n<div class=\"n p\">\n<div class=\"z ab ac ae af em ah ai\">\n<p id=\"94fc\" class=\"hh hi cl bq hj b hk hl hm hn ho hp hq hr hs ht hu eh\" data-selectable-paragraph=\"\">TI\u1ebeP THEO<\/p><\/div><\/div><\/section><\/div><\/article>\t\t\t\t\t\t<\/div>\n\t\t\t\t<\/div>\n\t\t\t\t<div class=\"elementor-element elementor-element-ea72352 elementor-widget elementor-widget-heading\" data-id=\"ea72352\" data-element_type=\"widget\" data-widget_type=\"heading.default\">\n\t\t\t\t<div class=\"elementor-widget-container\">\n\t\t\t<h3 class=\"elementor-heading-title elementor-size-default\"><a href=\"https:\/\/www.hydrax.io\/vn\/blog\/rfq-trading-gaining-liquidity-access\/\">Giao d\u1ecbch RFQ: Ti\u1ebfp c\u1eadn Thanh kho\u1ea3n v\u1edbi Giao th\u1ee9c Tinh vi<\/a><\/h3>\t\t<\/div>\n\t\t\t\t<\/div>\n\t\t\t\t<div class=\"elementor-element elementor-element-751e02a elementor-widget-divider--view-line elementor-widget elementor-widget-divider\" data-id=\"751e02a\" data-element_type=\"widget\" data-widget_type=\"divider.default\">\n\t\t\t\t<div class=\"elementor-widget-container\">\n\t\t\t\t\t<div class=\"elementor-divider\">\n\t\t\t<span class=\"elementor-divider-separator\">\n\t\t\t\t\t\t<\/span>\n\t\t<\/div>\n\t\t\t\t<\/div>\n\t\t\t\t<\/div>\n\t\t\t\t<div class=\"elementor-element elementor-element-ba27c05 elementor-align-right elementor-widget elementor-widget-button\" data-id=\"ba27c05\" data-element_type=\"widget\" data-widget_type=\"button.default\">\n\t\t\t\t<div class=\"elementor-widget-container\">\n\t\t\t\t\t<div class=\"elementor-button-wrapper\">\n\t\t\t<a class=\"elementor-button elementor-button-link elementor-size-sm\" href=\"https:\/\/www.hydrax.io\/vn\/blog\/\">\n\t\t\t\t\t\t<span class=\"elementor-button-content-wrapper\">\n\t\t\t\t\t\t<span class=\"elementor-button-icon\">\n\t\t\t\t<i aria-hidden=\"true\" class=\"fas fa-angle-left\"><\/i>\t\t\t<\/span>\n\t\t\t\t\t\t\t\t\t<span class=\"elementor-button-text\">QUAY L\u1ea0I BLOG<\/span>\n\t\t\t\t\t<\/span>\n\t\t\t\t\t<\/a>\n\t\t<\/div>\n\t\t\t\t<\/div>\n\t\t\t\t<\/div>\n\t\t\t\t\t<\/div>\n\t\t<\/div>\n\t\t\t\t\t<\/div>\n\t\t<\/section>\n\t\t\t\t<\/div>","protected":false},"excerpt":{"rendered":"<p>Low Latency Matching Engine 14 April 2020, 03:00 PM SGT According to Bloomberg, the future is not going to be slow. With more players than ever in the trade market, speed of trading would provide a valuable advantage for capturing the most competitive trade prices. Low latency trades are even more important for high-frequency trades, [&hellip;]<\/p>","protected":false},"author":4,"featured_media":7492,"parent":1158,"menu_order":0,"comment_status":"closed","ping_status":"closed","template":"","meta":{"_monsterinsights_skip_tracking":false,"_monsterinsights_sitenote_active":false,"_monsterinsights_sitenote_note":"","_monsterinsights_sitenote_category":0,"footnotes":""},"class_list":["post-7491","page","type-page","status-publish","has-post-thumbnail","hentry"],"yoast_head":"<!-- This site is optimized with the Yoast SEO plugin v23.6 - https:\/\/yoast.com\/wordpress\/plugins\/seo\/ -->\n<title>Low Latency Matching Engine | Hydra X Blog<\/title>\n<meta name=\"description\" content=\"Low latency trades are even more important for high-frequency trades, given that most of them employ arbitrage strategies, which rely on millisecond pricing differences to earn profits.\" \/>\n<meta name=\"robots\" content=\"index, follow, max-snippet:-1, max-image-preview:large, max-video-preview:-1\" \/>\n<link rel=\"canonical\" href=\"https:\/\/www.hydrax.io\/vn\/blog\/low-latency-matching-engine\/\" \/>\n<meta property=\"og:locale\" content=\"vi_VN\" \/>\n<meta property=\"og:type\" content=\"article\" \/>\n<meta property=\"og:title\" content=\"Low Latency Matching Engine | Hydra X Blog\" \/>\n<meta property=\"og:description\" content=\"Low latency trades are even more important for high-frequency trades, given that most of them employ arbitrage strategies, which rely on millisecond pricing differences to earn profits.\" \/>\n<meta property=\"og:url\" content=\"https:\/\/www.hydrax.io\/vn\/blog\/low-latency-matching-engine\/\" \/>\n<meta property=\"og:site_name\" content=\"Hydra X\" \/>\n<meta property=\"article:modified_time\" content=\"2025-09-15T08:19:21+00:00\" \/>\n<meta property=\"og:image\" content=\"https:\/\/www.hydrax.io\/wp-content\/uploads\/2020\/04\/Best-Matching-Engine.jpg\" \/>\n\t<meta property=\"og:image:width\" content=\"500\" \/>\n\t<meta property=\"og:image:height\" content=\"281\" \/>\n\t<meta property=\"og:image:type\" content=\"image\/jpeg\" \/>\n<meta name=\"twitter:card\" content=\"summary_large_image\" \/>\n<meta name=\"twitter:label1\" content=\"\u01af\u1edbc t\u00ednh th\u1eddi gian \u0111\u1ecdc\" \/>\n\t<meta name=\"twitter:data1\" content=\"2 ph\u00fat\" \/>\n<script type=\"application\/ld+json\" class=\"yoast-schema-graph\">{\"@context\":\"https:\/\/schema.org\",\"@graph\":[{\"@type\":\"WebPage\",\"@id\":\"https:\/\/www.hydrax.io\/blog\/low-latency-matching-engine\/\",\"url\":\"https:\/\/www.hydrax.io\/blog\/low-latency-matching-engine\/\",\"name\":\"Low Latency Matching Engine | Hydra X Blog\",\"isPartOf\":{\"@id\":\"https:\/\/www.hydrax.io\/#website\"},\"primaryImageOfPage\":{\"@id\":\"https:\/\/www.hydrax.io\/blog\/low-latency-matching-engine\/#primaryimage\"},\"image\":{\"@id\":\"https:\/\/www.hydrax.io\/blog\/low-latency-matching-engine\/#primaryimage\"},\"thumbnailUrl\":\"https:\/\/www.hydrax.io\/wp-content\/uploads\/2020\/04\/Best-Matching-Engine.jpg\",\"datePublished\":\"2020-04-14T06:53:32+00:00\",\"dateModified\":\"2025-09-15T08:19:21+00:00\",\"description\":\"Low latency trades are even more important for high-frequency trades, given that most of them employ arbitrage strategies, which rely on millisecond pricing differences to earn profits.\",\"breadcrumb\":{\"@id\":\"https:\/\/www.hydrax.io\/blog\/low-latency-matching-engine\/#breadcrumb\"},\"inLanguage\":\"vi\",\"potentialAction\":[{\"@type\":\"ReadAction\",\"target\":[\"https:\/\/www.hydrax.io\/blog\/low-latency-matching-engine\/\"]}]},{\"@type\":\"ImageObject\",\"inLanguage\":\"vi\",\"@id\":\"https:\/\/www.hydrax.io\/blog\/low-latency-matching-engine\/#primaryimage\",\"url\":\"https:\/\/www.hydrax.io\/wp-content\/uploads\/2020\/04\/Best-Matching-Engine.jpg\",\"contentUrl\":\"https:\/\/www.hydrax.io\/wp-content\/uploads\/2020\/04\/Best-Matching-Engine.jpg\",\"width\":500,\"height\":281,\"caption\":\"Best Matching Engine Hydra X\"},{\"@type\":\"BreadcrumbList\",\"@id\":\"https:\/\/www.hydrax.io\/blog\/low-latency-matching-engine\/#breadcrumb\",\"itemListElement\":[{\"@type\":\"ListItem\",\"position\":1,\"name\":\"Home\",\"item\":\"https:\/\/www.hydrax.io\/\"},{\"@type\":\"ListItem\",\"position\":2,\"name\":\"HydraX Blog\",\"item\":\"https:\/\/www.hydrax.io\/blog\/\"},{\"@type\":\"ListItem\",\"position\":3,\"name\":\"Low Latency Matching Engine | Hydra X Blog\"}]},{\"@type\":\"WebSite\",\"@id\":\"https:\/\/www.hydrax.io\/#website\",\"url\":\"https:\/\/www.hydrax.io\/\",\"name\":\"Hydra X\",\"description\":\"Professional Trading Technology\",\"publisher\":{\"@id\":\"https:\/\/www.hydrax.io\/#organization\"},\"potentialAction\":[{\"@type\":\"SearchAction\",\"target\":{\"@type\":\"EntryPoint\",\"urlTemplate\":\"https:\/\/www.hydrax.io\/?s={search_term_string}\"},\"query-input\":{\"@type\":\"PropertyValueSpecification\",\"valueRequired\":true,\"valueName\":\"search_term_string\"}}],\"inLanguage\":\"vi\"},{\"@type\":\"Organization\",\"@id\":\"https:\/\/www.hydrax.io\/#organization\",\"name\":\"Hydra X\",\"url\":\"https:\/\/www.hydrax.io\/\",\"logo\":{\"@type\":\"ImageObject\",\"inLanguage\":\"vi\",\"@id\":\"https:\/\/www.hydrax.io\/#\/schema\/logo\/image\/\",\"url\":\"https:\/\/www.hydrax.io\/wp-content\/uploads\/2019\/10\/Hydra-X-Logo-Blue.png\",\"contentUrl\":\"https:\/\/www.hydrax.io\/wp-content\/uploads\/2019\/10\/Hydra-X-Logo-Blue.png\",\"width\":1052,\"height\":849,\"caption\":\"Hydra X\"},\"image\":{\"@id\":\"https:\/\/www.hydrax.io\/#\/schema\/logo\/image\/\"}}]}<\/script>\n<!-- \/ Yoast SEO plugin. -->","yoast_head_json":{"title":"Low Latency Matching Engine | Hydra X Blog","description":"Low latency trades are even more important for high-frequency trades, given that most of them employ arbitrage strategies, which rely on millisecond pricing differences to earn profits.","robots":{"index":"index","follow":"follow","max-snippet":"max-snippet:-1","max-image-preview":"max-image-preview:large","max-video-preview":"max-video-preview:-1"},"canonical":"https:\/\/www.hydrax.io\/vn\/blog\/low-latency-matching-engine\/","og_locale":"vi_VN","og_type":"article","og_title":"Low Latency Matching Engine | Hydra X Blog","og_description":"Low latency trades are even more important for high-frequency trades, given that most of them employ arbitrage strategies, which rely on millisecond pricing differences to earn profits.","og_url":"https:\/\/www.hydrax.io\/vn\/blog\/low-latency-matching-engine\/","og_site_name":"Hydra X","article_modified_time":"2025-09-15T08:19:21+00:00","og_image":[{"width":500,"height":281,"url":"https:\/\/www.hydrax.io\/wp-content\/uploads\/2020\/04\/Best-Matching-Engine.jpg","type":"image\/jpeg"}],"twitter_card":"summary_large_image","twitter_misc":{"\u01af\u1edbc t\u00ednh th\u1eddi gian \u0111\u1ecdc":"2 ph\u00fat"},"schema":{"@context":"https:\/\/schema.org","@graph":[{"@type":"WebPage","@id":"https:\/\/www.hydrax.io\/blog\/low-latency-matching-engine\/","url":"https:\/\/www.hydrax.io\/blog\/low-latency-matching-engine\/","name":"Low Latency Matching Engine | Hydra X Blog","isPartOf":{"@id":"https:\/\/www.hydrax.io\/#website"},"primaryImageOfPage":{"@id":"https:\/\/www.hydrax.io\/blog\/low-latency-matching-engine\/#primaryimage"},"image":{"@id":"https:\/\/www.hydrax.io\/blog\/low-latency-matching-engine\/#primaryimage"},"thumbnailUrl":"https:\/\/www.hydrax.io\/wp-content\/uploads\/2020\/04\/Best-Matching-Engine.jpg","datePublished":"2020-04-14T06:53:32+00:00","dateModified":"2025-09-15T08:19:21+00:00","description":"Low latency trades are even more important for high-frequency trades, given that most of them employ arbitrage strategies, which rely on millisecond pricing differences to earn profits.","breadcrumb":{"@id":"https:\/\/www.hydrax.io\/blog\/low-latency-matching-engine\/#breadcrumb"},"inLanguage":"vi","potentialAction":[{"@type":"ReadAction","target":["https:\/\/www.hydrax.io\/blog\/low-latency-matching-engine\/"]}]},{"@type":"ImageObject","inLanguage":"vi","@id":"https:\/\/www.hydrax.io\/blog\/low-latency-matching-engine\/#primaryimage","url":"https:\/\/www.hydrax.io\/wp-content\/uploads\/2020\/04\/Best-Matching-Engine.jpg","contentUrl":"https:\/\/www.hydrax.io\/wp-content\/uploads\/2020\/04\/Best-Matching-Engine.jpg","width":500,"height":281,"caption":"Best Matching Engine Hydra X"},{"@type":"BreadcrumbList","@id":"https:\/\/www.hydrax.io\/blog\/low-latency-matching-engine\/#breadcrumb","itemListElement":[{"@type":"ListItem","position":1,"name":"Home","item":"https:\/\/www.hydrax.io\/"},{"@type":"ListItem","position":2,"name":"HydraX Blog","item":"https:\/\/www.hydrax.io\/blog\/"},{"@type":"ListItem","position":3,"name":"Low Latency Matching Engine | Hydra X Blog"}]},{"@type":"WebSite","@id":"https:\/\/www.hydrax.io\/#website","url":"https:\/\/www.hydrax.io\/","name":"Hydra X","description":"Professional Trading Technology","publisher":{"@id":"https:\/\/www.hydrax.io\/#organization"},"potentialAction":[{"@type":"SearchAction","target":{"@type":"EntryPoint","urlTemplate":"https:\/\/www.hydrax.io\/?s={search_term_string}"},"query-input":{"@type":"PropertyValueSpecification","valueRequired":true,"valueName":"search_term_string"}}],"inLanguage":"vi"},{"@type":"Organization","@id":"https:\/\/www.hydrax.io\/#organization","name":"Hydra X","url":"https:\/\/www.hydrax.io\/","logo":{"@type":"ImageObject","inLanguage":"vi","@id":"https:\/\/www.hydrax.io\/#\/schema\/logo\/image\/","url":"https:\/\/www.hydrax.io\/wp-content\/uploads\/2019\/10\/Hydra-X-Logo-Blue.png","contentUrl":"https:\/\/www.hydrax.io\/wp-content\/uploads\/2019\/10\/Hydra-X-Logo-Blue.png","width":1052,"height":849,"caption":"Hydra X"},"image":{"@id":"https:\/\/www.hydrax.io\/#\/schema\/logo\/image\/"}}]}},"_links":{"self":[{"href":"https:\/\/www.hydrax.io\/vn\/wp-json\/wp\/v2\/pages\/7491"}],"collection":[{"href":"https:\/\/www.hydrax.io\/vn\/wp-json\/wp\/v2\/pages"}],"about":[{"href":"https:\/\/www.hydrax.io\/vn\/wp-json\/wp\/v2\/types\/page"}],"author":[{"embeddable":true,"href":"https:\/\/www.hydrax.io\/vn\/wp-json\/wp\/v2\/users\/4"}],"replies":[{"embeddable":true,"href":"https:\/\/www.hydrax.io\/vn\/wp-json\/wp\/v2\/comments?post=7491"}],"version-history":[{"count":16,"href":"https:\/\/www.hydrax.io\/vn\/wp-json\/wp\/v2\/pages\/7491\/revisions"}],"predecessor-version":[{"id":25206,"href":"https:\/\/www.hydrax.io\/vn\/wp-json\/wp\/v2\/pages\/7491\/revisions\/25206"}],"up":[{"embeddable":true,"href":"https:\/\/www.hydrax.io\/vn\/wp-json\/wp\/v2\/pages\/1158"}],"wp:featuredmedia":[{"embeddable":true,"href":"https:\/\/www.hydrax.io\/vn\/wp-json\/wp\/v2\/media\/7492"}],"wp:attachment":[{"href":"https:\/\/www.hydrax.io\/vn\/wp-json\/wp\/v2\/media?parent=7491"}],"curies":[{"name":"wp","href":"https:\/\/api.w.org\/{rel}","templated":true}]}}