{"id":9531,"date":"2021-02-12T21:02:29","date_gmt":"2021-02-12T13:02:29","guid":{"rendered":"https:\/\/www.hydrax.io\/?page_id=9531"},"modified":"2024-12-10T09:51:00","modified_gmt":"2024-12-10T01:51:00","slug":"custody","status":"publish","type":"page","link":"https:\/\/www.hydrax.io\/vn\/services\/custody\/","title":{"rendered":"Services &#8211; Custody"},"content":{"rendered":"<div data-elementor-type=\"wp-post\" data-elementor-id=\"9531\" class=\"elementor elementor-9531\" data-elementor-post-type=\"page\">\n\t\t\t\t<div class=\"elementor-element elementor-element-feecdbb e-flex e-con-boxed e-con e-parent\" data-id=\"feecdbb\" data-element_type=\"container\" data-settings=\"{&quot;background_background&quot;:&quot;classic&quot;}\">\n\t\t\t\t\t<div class=\"e-con-inner\">\n\t\t<div class=\"elementor-element elementor-element-eb188e3 e-con-full e-flex e-con e-child\" data-id=\"eb188e3\" data-element_type=\"container\">\n\t\t\t\t<div class=\"elementor-element elementor-element-ce6721b elementor-widget elementor-widget-heading\" data-id=\"ce6721b\" data-element_type=\"widget\" data-widget_type=\"heading.default\">\n\t\t\t\t<div class=\"elementor-widget-container\">\n\t\t\t<h5 class=\"elementor-heading-title elementor-size-default\">D\u1ecaCH V\u1ee4 TH\u1eca TR\u01af\u1edcNG<\/h5>\t\t<\/div>\n\t\t\t\t<\/div>\n\t\t\t\t<div class=\"elementor-element elementor-element-9d62bd7 elementor-widget elementor-widget-heading\" data-id=\"9d62bd7\" data-element_type=\"widget\" data-widget_type=\"heading.default\">\n\t\t\t\t<div class=\"elementor-widget-container\">\n\t\t\t<h2 class=\"elementor-heading-title elementor-size-default\">L\u01b0u k\u00fd<\/h2>\t\t<\/div>\n\t\t\t\t<\/div>\n\t\t\t\t<\/div>\n\t\t\t\t<div class=\"elementor-element elementor-element-22dfc4e elementor-align-left elementor-widget__width-inherit elementor-widget elementor-widget-button\" data-id=\"22dfc4e\" data-element_type=\"widget\" data-widget_type=\"button.default\">\n\t\t\t\t<div class=\"elementor-widget-container\">\n\t\t\t\t\t<div class=\"elementor-button-wrapper\">\n\t\t\t<a class=\"elementor-button elementor-button-link elementor-size-md\" href=\"#contact\">\n\t\t\t\t\t\t<span class=\"elementor-button-content-wrapper\">\n\t\t\t\t\t\t\t\t\t<span class=\"elementor-button-text\">LI\u00caN H\u1ec6 V\u1edaI CH\u00daNG T\u00d4I<\/span>\n\t\t\t\t\t<\/span>\n\t\t\t\t\t<\/a>\n\t\t<\/div>\n\t\t\t\t<\/div>\n\t\t\t\t<\/div>\n\t\t\t\t\t<\/div>\n\t\t\t\t<\/div>\n\t\t<div class=\"elementor-element elementor-element-0c04276 e-flex e-con-boxed e-con e-parent\" data-id=\"0c04276\" data-element_type=\"container\" data-settings=\"{&quot;background_background&quot;:&quot;classic&quot;}\">\n\t\t\t\t\t<div class=\"e-con-inner\">\n\t\t<div class=\"elementor-element elementor-element-b69ce04 e-con-full e-flex e-con e-child\" data-id=\"b69ce04\" data-element_type=\"container\">\n\t\t<div class=\"elementor-element elementor-element-47f227f e-con-full e-flex elementor-invisible e-con e-child\" data-id=\"47f227f\" data-element_type=\"container\" data-settings=\"{&quot;animation&quot;:&quot;fadeInUp&quot;,&quot;animation_delay&quot;:800}\">\n\t\t\t\t<div class=\"elementor-element elementor-element-4035736 elementor-widget elementor-widget-heading\" data-id=\"4035736\" data-element_type=\"widget\" data-widget_type=\"heading.default\">\n\t\t\t\t<div class=\"elementor-widget-container\">\n\t\t\t<h5 class=\"elementor-heading-title elementor-size-default\">D\u1ecaCH V\u1ee4 C\u1ee6A CH\u00daNG T\u00d4I<\/h5>\t\t<\/div>\n\t\t\t\t<\/div>\n\t\t\t\t<div class=\"elementor-element elementor-element-1f94123 elementor-widget__width-inherit elementor-widget elementor-widget-text-editor\" data-id=\"1f94123\" data-element_type=\"widget\" data-widget_type=\"text-editor.default\">\n\t\t\t\t<div class=\"elementor-widget-container translation-block\">Hydra X v\u1eadn h\u00e0nh <span class=\"responsive-text\" style=\"color: #20b3ab;font-family: 'Source Serif Pro';font-weight: 500\"><em>t\u1ed5 ch\u1ee9c l\u01b0u k\u00fd token ch\u1ee9ng kho\u00e1n l\u1edbn nh\u1ea5t trong khu v\u1ef1c<\/em><\/span>, cung c\u1ea5p c\u00e1c gi\u1ea3i ph\u00e1p l\u01b0u k\u00fd an to\u00e0n, \u0111\u1ea1t ti\u00eau chu\u1ea9n t\u1ed5 ch\u1ee9c cho c\u1ea3 t\u00e0i s\u1ea3n truy\u1ec1n th\u1ed1ng v\u00e0 t\u00e0i s\u1ea3n s\u1ed1.<\/div>\n\t\t\t\t<\/div>\n\t\t\t\t<div class=\"elementor-element elementor-element-031ea4b elementor-widget elementor-widget-image\" data-id=\"031ea4b\" data-element_type=\"widget\" data-widget_type=\"image.default\">\n\t\t\t\t<div class=\"elementor-widget-container\">\n\t\t\t\t\t\t\t\t\t\t\t\t\t<img decoding=\"async\" data-src=\"https:\/\/www.hydrax.io\/wp-content\/uploads\/2024\/11\/CMS-Custody.png\" title=\"CMS-Custody\" alt=\"\" loading=\"lazy\" src=\"data:image\/gif;base64,R0lGODlhAQABAAAAACH5BAEKAAEALAAAAAABAAEAAAICTAEAOw==\" class=\"lazyload\" style=\"--smush-placeholder-width: 736px; --smush-placeholder-aspect-ratio: 736\/270;\" \/><noscript><img decoding=\"async\" src=\"https:\/\/www.hydrax.io\/wp-content\/uploads\/2024\/11\/CMS-Custody.png\" title=\"CMS-Custody\" alt=\"\" loading=\"lazy\" \/><\/noscript>\t\t\t\t\t\t\t\t\t\t\t\t\t<\/div>\n\t\t\t\t<\/div>\n\t\t\t\t<div class=\"elementor-element elementor-element-0ac9302 elementor-widget elementor-widget-image\" data-id=\"0ac9302\" data-element_type=\"widget\" data-widget_type=\"image.default\">\n\t\t\t\t<div class=\"elementor-widget-container\">\n\t\t\t\t\t\t\t\t\t\t\t\t\t<img decoding=\"async\" data-src=\"https:\/\/www.hydrax.io\/wp-content\/uploads\/2024\/11\/Labuan-Combined.png\" title=\"Labuan-Combined\" alt=\"\" loading=\"lazy\" src=\"data:image\/gif;base64,R0lGODlhAQABAAAAACH5BAEKAAEALAAAAAABAAEAAAICTAEAOw==\" class=\"lazyload\" style=\"--smush-placeholder-width: 961px; --smush-placeholder-aspect-ratio: 961\/270;\" \/><noscript><img decoding=\"async\" src=\"https:\/\/www.hydrax.io\/wp-content\/uploads\/2024\/11\/Labuan-Combined.png\" title=\"Labuan-Combined\" alt=\"\" loading=\"lazy\" \/><\/noscript>\t\t\t\t\t\t\t\t\t\t\t\t\t<\/div>\n\t\t\t\t<\/div>\n\t\t\t\t<\/div>\n\t\t<div class=\"elementor-element elementor-element-cb7ccb8 e-con-full e-flex e-con e-child\" data-id=\"cb7ccb8\" data-element_type=\"container\">\n\t\t\t\t<div class=\"elementor-element elementor-element-6def015 elementor-widget-divider--view-line elementor-widget elementor-widget-divider\" data-id=\"6def015\" data-element_type=\"widget\" data-widget_type=\"divider.default\">\n\t\t\t\t<div class=\"elementor-widget-container\">\n\t\t\t\t\t<div class=\"elementor-divider\">\n\t\t\t<span class=\"elementor-divider-separator\">\n\t\t\t\t\t\t<\/span>\n\t\t<\/div>\n\t\t\t\t<\/div>\n\t\t\t\t<\/div>\n\t\t<div class=\"elementor-element elementor-element-6e731b9 e-con-full e-flex elementor-invisible e-con e-child\" data-id=\"6e731b9\" data-element_type=\"container\" data-settings=\"{&quot;animation&quot;:&quot;fadeInUp&quot;}\">\n\t\t\t\t<div class=\"elementor-element elementor-element-abac675 elementor-widget-tablet__width-initial elementor-widget elementor-widget-image\" data-id=\"abac675\" data-element_type=\"widget\" data-widget_type=\"image.default\">\n\t\t\t\t<div class=\"elementor-widget-container\">\n\t\t\t\t\t\t\t\t\t\t\t\t\t<img decoding=\"async\" data-src=\"https:\/\/www.hydrax.io\/wp-content\/uploads\/2024\/11\/Custody-01.png\" title=\"Custody 01\" alt=\"\" loading=\"lazy\" src=\"data:image\/gif;base64,R0lGODlhAQABAAAAACH5BAEKAAEALAAAAAABAAEAAAICTAEAOw==\" class=\"lazyload\" style=\"--smush-placeholder-width: 87px; --smush-placeholder-aspect-ratio: 87\/80;\" \/><noscript><img decoding=\"async\" src=\"https:\/\/www.hydrax.io\/wp-content\/uploads\/2024\/11\/Custody-01.png\" title=\"Custody 01\" alt=\"\" loading=\"lazy\" \/><\/noscript>\t\t\t\t\t\t\t\t\t\t\t\t\t<\/div>\n\t\t\t\t<\/div>\n\t\t<div class=\"elementor-element elementor-element-030f2d8 e-con-full e-flex e-con e-child\" data-id=\"030f2d8\" data-element_type=\"container\">\n\t\t\t\t<div class=\"elementor-element elementor-element-454d57d elementor-widget__width-initial elementor-widget elementor-widget-text-editor\" data-id=\"454d57d\" data-element_type=\"widget\" data-widget_type=\"text-editor.default\">\n\t\t\t\t<div class=\"elementor-widget-container\">\n\t\t\t\t\t\t\t<p>D\u1ecbch v\u1ee5 l\u01b0u k\u00fd c\u1ee7a ch\u00fang t\u00f4i bao g\u1ed3m qu\u1ea3n l\u00fd t\u00e0i s\u1ea3n, h\u00e0nh \u0111\u1ed9ng doanh nghi\u1ec7p v\u00e0 h\u1ea1 t\u1ea7ng b\u1ea3o m\u1eadt nhi\u1ec1u l\u1edbp, s\u1eed d\u1ee5ng m\u00f4-\u0111un b\u1ea3o m\u1eadt ph\u1ea7n c\u1ee9ng (HSM) v\u00e0 l\u01b0u tr\u1eef l\u1ea1nh.<\/p>\t\t\t\t\t\t<\/div>\n\t\t\t\t<\/div>\n\t\t\t\t<\/div>\n\t\t\t\t<\/div>\n\t\t\t\t<div class=\"elementor-element elementor-element-2786d0c elementor-widget-divider--view-line elementor-widget elementor-widget-divider\" data-id=\"2786d0c\" data-element_type=\"widget\" data-widget_type=\"divider.default\">\n\t\t\t\t<div class=\"elementor-widget-container\">\n\t\t\t\t\t<div class=\"elementor-divider\">\n\t\t\t<span class=\"elementor-divider-separator\">\n\t\t\t\t\t\t<\/span>\n\t\t<\/div>\n\t\t\t\t<\/div>\n\t\t\t\t<\/div>\n\t\t<div class=\"elementor-element elementor-element-a048318 e-con-full e-flex elementor-invisible e-con e-child\" data-id=\"a048318\" data-element_type=\"container\" data-settings=\"{&quot;animation&quot;:&quot;fadeInUp&quot;}\">\n\t\t\t\t<div class=\"elementor-element elementor-element-c8a3c89 elementor-widget-tablet__width-initial elementor-widget elementor-widget-image\" data-id=\"c8a3c89\" data-element_type=\"widget\" data-widget_type=\"image.default\">\n\t\t\t\t<div class=\"elementor-widget-container\">\n\t\t\t\t\t\t\t\t\t\t\t\t\t<img decoding=\"async\" data-src=\"https:\/\/www.hydrax.io\/wp-content\/uploads\/2024\/11\/Custody-02.png\" title=\"Custody 02\" alt=\"\" loading=\"lazy\" src=\"data:image\/gif;base64,R0lGODlhAQABAAAAACH5BAEKAAEALAAAAAABAAEAAAICTAEAOw==\" class=\"lazyload\" style=\"--smush-placeholder-width: 72px; --smush-placeholder-aspect-ratio: 72\/80;\" \/><noscript><img decoding=\"async\" src=\"https:\/\/www.hydrax.io\/wp-content\/uploads\/2024\/11\/Custody-02.png\" title=\"Custody 02\" alt=\"\" loading=\"lazy\" \/><\/noscript>\t\t\t\t\t\t\t\t\t\t\t\t\t<\/div>\n\t\t\t\t<\/div>\n\t\t<div class=\"elementor-element elementor-element-3e408ea e-con-full e-flex e-con e-child\" data-id=\"3e408ea\" data-element_type=\"container\">\n\t\t\t\t<div class=\"elementor-element elementor-element-f984961 elementor-widget__width-initial elementor-widget elementor-widget-text-editor\" data-id=\"f984961\" data-element_type=\"widget\" data-widget_type=\"text-editor.default\">\n\t\t\t\t<div class=\"elementor-widget-container\">\n\t\t\t\t\t\t\t<p>Ch\u00fang t\u00f4i tu\u00e2n th\u1ee7 c\u00e1c ti\u00eau chu\u1ea9n qu\u1ed1c t\u1ebf nh\u01b0 ISO v\u00e0 SOC2, th\u1ef1c hi\u1ec7n ki\u1ec3m to\u00e1n \u0111\u1ecbnh k\u1ef3 v\u00e0 ki\u1ec3m tra x\u00e2m nh\u1eadp \u0111\u1ec3 duy tr\u00ec m\u1ee9c \u0111\u1ed9 b\u1ea3o m\u1eadt h\u00e0ng \u0111\u1ea7u.<\/p>\t\t\t\t\t\t<\/div>\n\t\t\t\t<\/div>\n\t\t\t\t<\/div>\n\t\t\t\t<\/div>\n\t\t\t\t<div class=\"elementor-element elementor-element-b8661af elementor-widget-divider--view-line elementor-widget elementor-widget-divider\" data-id=\"b8661af\" data-element_type=\"widget\" data-widget_type=\"divider.default\">\n\t\t\t\t<div class=\"elementor-widget-container\">\n\t\t\t\t\t<div class=\"elementor-divider\">\n\t\t\t<span class=\"elementor-divider-separator\">\n\t\t\t\t\t\t<\/span>\n\t\t<\/div>\n\t\t\t\t<\/div>\n\t\t\t\t<\/div>\n\t\t<div class=\"elementor-element elementor-element-48136a1 e-con-full e-flex elementor-invisible e-con e-child\" data-id=\"48136a1\" data-element_type=\"container\" data-settings=\"{&quot;animation&quot;:&quot;fadeInUp&quot;}\">\n\t\t\t\t<div class=\"elementor-element elementor-element-6975333 elementor-widget-tablet__width-initial elementor-widget elementor-widget-image\" data-id=\"6975333\" data-element_type=\"widget\" data-widget_type=\"image.default\">\n\t\t\t\t<div class=\"elementor-widget-container\">\n\t\t\t\t\t\t\t\t\t\t\t\t\t<img decoding=\"async\" data-src=\"https:\/\/www.hydrax.io\/wp-content\/uploads\/2024\/11\/Custody-03.png\" title=\"Custody 03\" alt=\"\" loading=\"lazy\" src=\"data:image\/gif;base64,R0lGODlhAQABAAAAACH5BAEKAAEALAAAAAABAAEAAAICTAEAOw==\" class=\"lazyload\" style=\"--smush-placeholder-width: 89px; --smush-placeholder-aspect-ratio: 89\/80;\" \/><noscript><img decoding=\"async\" src=\"https:\/\/www.hydrax.io\/wp-content\/uploads\/2024\/11\/Custody-03.png\" title=\"Custody 03\" alt=\"\" loading=\"lazy\" \/><\/noscript>\t\t\t\t\t\t\t\t\t\t\t\t\t<\/div>\n\t\t\t\t<\/div>\n\t\t<div class=\"elementor-element elementor-element-28c5301 e-con-full e-flex e-con e-child\" data-id=\"28c5301\" data-element_type=\"container\">\n\t\t\t\t<div class=\"elementor-element elementor-element-e30cfb4 elementor-widget__width-initial elementor-widget elementor-widget-text-editor\" data-id=\"e30cfb4\" data-element_type=\"widget\" data-widget_type=\"text-editor.default\">\n\t\t\t\t<div class=\"elementor-widget-container\">\n\t\t\t\t\t\t\t<p>N\u1ec1n t\u1ea3ng c\u1ee7a ch\u00fang t\u00f4i t\u00edch h\u1ee3p ho\u00e0n to\u00e0n v\u1edbi c\u00e1c d\u1ecbch v\u1ee5 m\u00e3 h\u00f3a v\u00e0 s\u00e0n giao d\u1ecbch, cung c\u1ea5p gi\u1ea3i ph\u00e1p tr\u1ecdn g\u00f3i, an to\u00e0n v\u00e0 tu\u00e2n th\u1ee7 cho qu\u1ea3n l\u00fd t\u00e0i s\u1ea3n c\u1ee7a kh\u00e1ch h\u00e0ng.<\/p>\t\t\t\t\t\t<\/div>\n\t\t\t\t<\/div>\n\t\t\t\t<\/div>\n\t\t\t\t<\/div>\n\t\t\t\t<\/div>\n\t\t\t\t<\/div>\n\t\t<div class=\"elementor-element elementor-element-e90d324 e-con-full e-flex elementor-invisible e-con e-child\" data-id=\"e90d324\" data-element_type=\"container\" data-settings=\"{&quot;background_background&quot;:&quot;classic&quot;,&quot;animation&quot;:&quot;fadeInUp&quot;,&quot;animation_delay&quot;:0}\">\n\t\t\t\t<div class=\"elementor-element elementor-element-4516609 elementor-widget elementor-widget-spacer\" data-id=\"4516609\" data-element_type=\"widget\" data-widget_type=\"spacer.default\">\n\t\t\t\t<div class=\"elementor-widget-container\">\n\t\t\t\t\t<div class=\"elementor-spacer\">\n\t\t\t<div class=\"elementor-spacer-inner\"><\/div>\n\t\t<\/div>\n\t\t\t\t<\/div>\n\t\t\t\t<\/div>\n\t\t\t\t<\/div>\n\t\t\t\t\t<\/div>\n\t\t\t\t<\/div>\n\t\t<div class=\"elementor-element elementor-element-bf7beb4 e-flex e-con-boxed e-con e-parent\" data-id=\"bf7beb4\" data-element_type=\"container\" id=\"contact\" data-settings=\"{&quot;background_background&quot;:&quot;slideshow&quot;,&quot;background_slideshow_gallery&quot;:[{&quot;id&quot;:21090,&quot;url&quot;:&quot;https:\\\/\\\/www.hydrax.io\\\/wp-content\\\/uploads\\\/2024\\\/11\\\/Contact-Us.jpg&quot;}],&quot;background_slideshow_loop&quot;:&quot;yes&quot;,&quot;background_slideshow_slide_duration&quot;:5000,&quot;background_slideshow_slide_transition&quot;:&quot;fade&quot;,&quot;background_slideshow_transition_duration&quot;:500}\">\n\t\t\t\t\t<div class=\"e-con-inner\">\n\t\t<div class=\"elementor-element elementor-element-e533d6a e-con-full e-flex e-con e-child\" data-id=\"e533d6a\" data-element_type=\"container\">\n\t\t\t\t<div class=\"elementor-element elementor-element-8df655a elementor-widget__width-initial elementor-widget elementor-widget-heading\" data-id=\"8df655a\" data-element_type=\"widget\" data-widget_type=\"heading.default\">\n\t\t\t\t<div class=\"elementor-widget-container\">\n\t\t\t<h2 class=\"elementor-heading-title elementor-size-default\">Li\u00ean h\u1ec7 v\u1edbi ch\u00fang t\u00f4i<\/h2>\t\t<\/div>\n\t\t\t\t<\/div>\n\t\t\t\t<div class=\"elementor-element elementor-element-bf7f01a elementor-widget__width-initial elementor-widget elementor-widget-text-editor\" data-id=\"bf7f01a\" data-element_type=\"widget\" data-widget_type=\"text-editor.default\">\n\t\t\t\t<div class=\"elementor-widget-container\">\n\t\t\t\t\t\t\t<p>Quan t\u00e2m \u0111\u1ebfn \u0111\u1ed5i m\u1edbi? H\u00e3y li\u00ean h\u1ec7 v\u1edbi ch\u00fang t\u00f4i \u0111\u1ec3 kh\u00e1m ph\u00e1 c\u00e1c c\u01a1 h\u1ed9i.<\/p>\t\t\t\t\t\t<\/div>\n\t\t\t\t<\/div>\n\t\t\t\t<\/div>\n\t\t<div class=\"elementor-element elementor-element-2c11843 e-con-full e-flex e-con e-child\" data-id=\"2c11843\" data-element_type=\"container\">\n\t\t\t\t<div class=\"elementor-element elementor-element-db45489 elementor-widget__width-initial elementor-widget elementor-widget-html\" data-id=\"db45489\" data-element_type=\"widget\" data-widget_type=\"html.default\">\n\t\t\t\t<div class=\"elementor-widget-container\">\n\t\t\t<div class=\"_form_4\"><\/div><script src=\"https:\/\/hydrax.activehosted.com\/f\/embed.php?id=4\" charset=\"utf-8\"><\/script>\t\t<\/div>\n\t\t\t\t<\/div>\n\t\t\t\t<div class=\"elementor-element elementor-element-2f359fb elementor-widget__width-initial elementor-widget elementor-widget-text-editor\" data-id=\"2f359fb\" data-element_type=\"widget\" data-widget_type=\"text-editor.default\">\n\t\t\t\t<div class=\"elementor-widget-container\">\n\t\t\t\t\t\t\t<p>Hydra X c\u00f3 th\u1ec3 li\u00ean h\u1ec7 v\u1edbi b\u1ea1n v\u1ec1 c\u00e1c s\u1ea3n ph\u1ea9m v\u00e0 d\u1ecbch v\u1ee5 c\u1ee7a ch\u00fang t\u00f4i c\u0169ng nh\u01b0 nh\u1eefng th\u00f4ng tin m\u1edbi nh\u1ea5t trong ng\u00e0nh. B\u1ea1n c\u00f3 th\u1ec3 ch\u1ecdn kh\u00f4ng nh\u1eadn th\u00f4ng tin li\u00ean l\u1ea1c t\u1eeb ch\u00fang t\u00f4i b\u1ea5t k\u1ef3 l\u00fac n\u00e0o.<\/p>\t\t\t\t\t\t<\/div>\n\t\t\t\t<\/div>\n\t\t\t\t<\/div>\n\t\t\t\t\t<\/div>\n\t\t\t\t<\/div>\n\t\t\t\t<\/div>","protected":false},"excerpt":{"rendered":"<p>MARKET SERVICES Custody CONTACT US OUR SERVICES Hydra X operates the largest security token custodian in the region, offering secure, institutional-grade custody solutions for both traditional and digital assets. Our custody services include asset servicing, corporate actions, and a multi-layered security infrastructure, leveraging hardware security modules (HSMs) and cold storage. We comply with international standards [&hellip;]<\/p>","protected":false},"author":4,"featured_media":23636,"parent":9725,"menu_order":0,"comment_status":"closed","ping_status":"closed","template":"","meta":{"_monsterinsights_skip_tracking":false,"_monsterinsights_sitenote_active":false,"_monsterinsights_sitenote_note":"","_monsterinsights_sitenote_category":0,"footnotes":""},"class_list":["post-9531","page","type-page","status-publish","has-post-thumbnail","hentry"],"yoast_head":"<!-- This site is optimized with the Yoast SEO plugin v23.6 - https:\/\/yoast.com\/wordpress\/plugins\/seo\/ -->\n<title>Hydra X | Institutional-Grade Custody Solutions<\/title>\n<meta name=\"description\" content=\"Compliant with ISO and SOC2 standards, Hydra X offers secure, institutional-grade traditional and digital assets custody.\" \/>\n<meta name=\"robots\" content=\"index, follow, max-snippet:-1, max-image-preview:large, max-video-preview:-1\" \/>\n<link rel=\"canonical\" href=\"https:\/\/www.hydrax.io\/vn\/services\/custody\/\" \/>\n<meta property=\"og:locale\" content=\"vi_VN\" \/>\n<meta property=\"og:type\" content=\"article\" \/>\n<meta property=\"og:title\" content=\"Hydra X | Institutional-Grade Custody Solutions\" \/>\n<meta property=\"og:description\" content=\"Compliant with ISO and SOC2 standards, Hydra X offers secure, institutional-grade traditional and digital assets custody.\" \/>\n<meta property=\"og:url\" content=\"https:\/\/www.hydrax.io\/vn\/services\/custody\/\" \/>\n<meta property=\"og:site_name\" content=\"Hydra X\" \/>\n<meta property=\"article:modified_time\" content=\"2024-12-10T01:51:00+00:00\" \/>\n<meta property=\"og:image\" content=\"https:\/\/www.hydrax.io\/wp-content\/uploads\/2024\/11\/Market-Services-Custody.png\" \/>\n\t<meta property=\"og:image:width\" content=\"500\" \/>\n\t<meta property=\"og:image:height\" content=\"500\" \/>\n\t<meta property=\"og:image:type\" content=\"image\/png\" \/>\n<meta name=\"twitter:card\" content=\"summary_large_image\" \/>\n<meta name=\"twitter:label1\" content=\"\u01af\u1edbc t\u00ednh th\u1eddi gian \u0111\u1ecdc\" \/>\n\t<meta name=\"twitter:data1\" content=\"4 ph\u00fat\" \/>\n<script type=\"application\/ld+json\" class=\"yoast-schema-graph\">{\"@context\":\"https:\/\/schema.org\",\"@graph\":[{\"@type\":\"WebPage\",\"@id\":\"https:\/\/www.hydrax.io\/services\/custody\/\",\"url\":\"https:\/\/www.hydrax.io\/services\/custody\/\",\"name\":\"Hydra X | Institutional-Grade Custody Solutions\",\"isPartOf\":{\"@id\":\"https:\/\/www.hydrax.io\/#website\"},\"primaryImageOfPage\":{\"@id\":\"https:\/\/www.hydrax.io\/services\/custody\/#primaryimage\"},\"image\":{\"@id\":\"https:\/\/www.hydrax.io\/services\/custody\/#primaryimage\"},\"thumbnailUrl\":\"https:\/\/www.hydrax.io\/wp-content\/uploads\/2024\/11\/Market-Services-Custody.png\",\"datePublished\":\"2021-02-12T13:02:29+00:00\",\"dateModified\":\"2024-12-10T01:51:00+00:00\",\"description\":\"Compliant with ISO and SOC2 standards, Hydra X offers secure, institutional-grade traditional and digital assets custody.\",\"breadcrumb\":{\"@id\":\"https:\/\/www.hydrax.io\/services\/custody\/#breadcrumb\"},\"inLanguage\":\"vi\",\"potentialAction\":[{\"@type\":\"ReadAction\",\"target\":[\"https:\/\/www.hydrax.io\/services\/custody\/\"]}]},{\"@type\":\"ImageObject\",\"inLanguage\":\"vi\",\"@id\":\"https:\/\/www.hydrax.io\/services\/custody\/#primaryimage\",\"url\":\"https:\/\/www.hydrax.io\/wp-content\/uploads\/2024\/11\/Market-Services-Custody.png\",\"contentUrl\":\"https:\/\/www.hydrax.io\/wp-content\/uploads\/2024\/11\/Market-Services-Custody.png\",\"width\":500,\"height\":500},{\"@type\":\"BreadcrumbList\",\"@id\":\"https:\/\/www.hydrax.io\/services\/custody\/#breadcrumb\",\"itemListElement\":[{\"@type\":\"ListItem\",\"position\":1,\"name\":\"Home\",\"item\":\"https:\/\/www.hydrax.io\/\"},{\"@type\":\"ListItem\",\"position\":2,\"name\":\"Services\",\"item\":\"https:\/\/www.hydrax.io\/services\/\"},{\"@type\":\"ListItem\",\"position\":3,\"name\":\"Services &#8211; Custody\"}]},{\"@type\":\"WebSite\",\"@id\":\"https:\/\/www.hydrax.io\/#website\",\"url\":\"https:\/\/www.hydrax.io\/\",\"name\":\"Hydra X\",\"description\":\"Professional Trading Technology\",\"publisher\":{\"@id\":\"https:\/\/www.hydrax.io\/#organization\"},\"potentialAction\":[{\"@type\":\"SearchAction\",\"target\":{\"@type\":\"EntryPoint\",\"urlTemplate\":\"https:\/\/www.hydrax.io\/?s={search_term_string}\"},\"query-input\":{\"@type\":\"PropertyValueSpecification\",\"valueRequired\":true,\"valueName\":\"search_term_string\"}}],\"inLanguage\":\"vi\"},{\"@type\":\"Organization\",\"@id\":\"https:\/\/www.hydrax.io\/#organization\",\"name\":\"Hydra X\",\"url\":\"https:\/\/www.hydrax.io\/\",\"logo\":{\"@type\":\"ImageObject\",\"inLanguage\":\"vi\",\"@id\":\"https:\/\/www.hydrax.io\/#\/schema\/logo\/image\/\",\"url\":\"https:\/\/www.hydrax.io\/wp-content\/uploads\/2019\/10\/Hydra-X-Logo-Blue.png\",\"contentUrl\":\"https:\/\/www.hydrax.io\/wp-content\/uploads\/2019\/10\/Hydra-X-Logo-Blue.png\",\"width\":1052,\"height\":849,\"caption\":\"Hydra X\"},\"image\":{\"@id\":\"https:\/\/www.hydrax.io\/#\/schema\/logo\/image\/\"}}]}<\/script>\n<!-- \/ Yoast SEO plugin. -->","yoast_head_json":{"title":"Hydra X | Institutional-Grade Custody Solutions","description":"Compliant with ISO and SOC2 standards, Hydra X offers secure, institutional-grade traditional and digital assets custody.","robots":{"index":"index","follow":"follow","max-snippet":"max-snippet:-1","max-image-preview":"max-image-preview:large","max-video-preview":"max-video-preview:-1"},"canonical":"https:\/\/www.hydrax.io\/vn\/services\/custody\/","og_locale":"vi_VN","og_type":"article","og_title":"Hydra X | Institutional-Grade Custody Solutions","og_description":"Compliant with ISO and SOC2 standards, Hydra X offers secure, institutional-grade traditional and digital assets custody.","og_url":"https:\/\/www.hydrax.io\/vn\/services\/custody\/","og_site_name":"Hydra X","article_modified_time":"2024-12-10T01:51:00+00:00","og_image":[{"width":500,"height":500,"url":"https:\/\/www.hydrax.io\/wp-content\/uploads\/2024\/11\/Market-Services-Custody.png","type":"image\/png"}],"twitter_card":"summary_large_image","twitter_misc":{"\u01af\u1edbc t\u00ednh th\u1eddi gian \u0111\u1ecdc":"4 ph\u00fat"},"schema":{"@context":"https:\/\/schema.org","@graph":[{"@type":"WebPage","@id":"https:\/\/www.hydrax.io\/services\/custody\/","url":"https:\/\/www.hydrax.io\/services\/custody\/","name":"Hydra X | Institutional-Grade Custody Solutions","isPartOf":{"@id":"https:\/\/www.hydrax.io\/#website"},"primaryImageOfPage":{"@id":"https:\/\/www.hydrax.io\/services\/custody\/#primaryimage"},"image":{"@id":"https:\/\/www.hydrax.io\/services\/custody\/#primaryimage"},"thumbnailUrl":"https:\/\/www.hydrax.io\/wp-content\/uploads\/2024\/11\/Market-Services-Custody.png","datePublished":"2021-02-12T13:02:29+00:00","dateModified":"2024-12-10T01:51:00+00:00","description":"Compliant with ISO and SOC2 standards, Hydra X offers secure, institutional-grade traditional and digital assets custody.","breadcrumb":{"@id":"https:\/\/www.hydrax.io\/services\/custody\/#breadcrumb"},"inLanguage":"vi","potentialAction":[{"@type":"ReadAction","target":["https:\/\/www.hydrax.io\/services\/custody\/"]}]},{"@type":"ImageObject","inLanguage":"vi","@id":"https:\/\/www.hydrax.io\/services\/custody\/#primaryimage","url":"https:\/\/www.hydrax.io\/wp-content\/uploads\/2024\/11\/Market-Services-Custody.png","contentUrl":"https:\/\/www.hydrax.io\/wp-content\/uploads\/2024\/11\/Market-Services-Custody.png","width":500,"height":500},{"@type":"BreadcrumbList","@id":"https:\/\/www.hydrax.io\/services\/custody\/#breadcrumb","itemListElement":[{"@type":"ListItem","position":1,"name":"Home","item":"https:\/\/www.hydrax.io\/"},{"@type":"ListItem","position":2,"name":"Services","item":"https:\/\/www.hydrax.io\/services\/"},{"@type":"ListItem","position":3,"name":"Services &#8211; Custody"}]},{"@type":"WebSite","@id":"https:\/\/www.hydrax.io\/#website","url":"https:\/\/www.hydrax.io\/","name":"Hydra X","description":"Professional Trading Technology","publisher":{"@id":"https:\/\/www.hydrax.io\/#organization"},"potentialAction":[{"@type":"SearchAction","target":{"@type":"EntryPoint","urlTemplate":"https:\/\/www.hydrax.io\/?s={search_term_string}"},"query-input":{"@type":"PropertyValueSpecification","valueRequired":true,"valueName":"search_term_string"}}],"inLanguage":"vi"},{"@type":"Organization","@id":"https:\/\/www.hydrax.io\/#organization","name":"Hydra X","url":"https:\/\/www.hydrax.io\/","logo":{"@type":"ImageObject","inLanguage":"vi","@id":"https:\/\/www.hydrax.io\/#\/schema\/logo\/image\/","url":"https:\/\/www.hydrax.io\/wp-content\/uploads\/2019\/10\/Hydra-X-Logo-Blue.png","contentUrl":"https:\/\/www.hydrax.io\/wp-content\/uploads\/2019\/10\/Hydra-X-Logo-Blue.png","width":1052,"height":849,"caption":"Hydra X"},"image":{"@id":"https:\/\/www.hydrax.io\/#\/schema\/logo\/image\/"}}]}},"_links":{"self":[{"href":"https:\/\/www.hydrax.io\/vn\/wp-json\/wp\/v2\/pages\/9531"}],"collection":[{"href":"https:\/\/www.hydrax.io\/vn\/wp-json\/wp\/v2\/pages"}],"about":[{"href":"https:\/\/www.hydrax.io\/vn\/wp-json\/wp\/v2\/types\/page"}],"author":[{"embeddable":true,"href":"https:\/\/www.hydrax.io\/vn\/wp-json\/wp\/v2\/users\/4"}],"replies":[{"embeddable":true,"href":"https:\/\/www.hydrax.io\/vn\/wp-json\/wp\/v2\/comments?post=9531"}],"version-history":[{"count":150,"href":"https:\/\/www.hydrax.io\/vn\/wp-json\/wp\/v2\/pages\/9531\/revisions"}],"predecessor-version":[{"id":24386,"href":"https:\/\/www.hydrax.io\/vn\/wp-json\/wp\/v2\/pages\/9531\/revisions\/24386"}],"up":[{"embeddable":true,"href":"https:\/\/www.hydrax.io\/vn\/wp-json\/wp\/v2\/pages\/9725"}],"wp:featuredmedia":[{"embeddable":true,"href":"https:\/\/www.hydrax.io\/vn\/wp-json\/wp\/v2\/media\/23636"}],"wp:attachment":[{"href":"https:\/\/www.hydrax.io\/vn\/wp-json\/wp\/v2\/media?parent=9531"}],"curies":[{"name":"wp","href":"https:\/\/api.w.org\/{rel}","templated":true}]}}