{"id":9975,"date":"2021-05-19T14:30:17","date_gmt":"2021-05-19T06:30:17","guid":{"rendered":"https:\/\/www.hydrax.io\/?page_id=9975"},"modified":"2024-11-26T17:55:00","modified_gmt":"2024-11-26T09:55:00","slug":"custody-solution","status":"publish","type":"page","link":"https:\/\/www.hydrax.io\/vn\/custody-solution\/","title":{"rendered":"Technology &#8211; Digital Asset Custody"},"content":{"rendered":"<div data-elementor-type=\"wp-post\" data-elementor-id=\"9975\" class=\"elementor elementor-9975\" data-elementor-post-type=\"page\">\n\t\t\t\t<div class=\"elementor-element elementor-element-20d5a1f e-flex e-con-boxed e-con e-parent\" data-id=\"20d5a1f\" data-element_type=\"container\" data-settings=\"{&quot;background_background&quot;:&quot;classic&quot;}\">\n\t\t\t\t\t<div class=\"e-con-inner\">\n\t\t<div class=\"elementor-element elementor-element-3044898 e-con-full e-flex e-con e-child\" data-id=\"3044898\" data-element_type=\"container\">\n\t\t\t\t<div class=\"elementor-element elementor-element-fc385fd elementor-widget elementor-widget-heading\" data-id=\"fc385fd\" data-element_type=\"widget\" data-widget_type=\"heading.default\">\n\t\t\t\t<div class=\"elementor-widget-container\">\n\t\t\t<h5 class=\"elementor-heading-title elementor-size-default\">C\u00d4NG NGH\u1ec6 TH\u1eca TR\u01af\u1edcNG<\/h5>\t\t<\/div>\n\t\t\t\t<\/div>\n\t\t\t\t<div class=\"elementor-element elementor-element-486ed50 elementor-widget elementor-widget-heading\" data-id=\"486ed50\" data-element_type=\"widget\" data-widget_type=\"heading.default\">\n\t\t\t\t<div class=\"elementor-widget-container\">\n\t\t\t<h2 class=\"elementor-heading-title elementor-size-default\">L\u01b0u k\u00fd<\/h2>\t\t<\/div>\n\t\t\t\t<\/div>\n\t\t\t\t<\/div>\n\t\t\t\t<div class=\"elementor-element elementor-element-cf06aaf elementor-align-left elementor-widget__width-inherit elementor-widget elementor-widget-button\" data-id=\"cf06aaf\" data-element_type=\"widget\" data-widget_type=\"button.default\">\n\t\t\t\t<div class=\"elementor-widget-container\">\n\t\t\t\t\t<div class=\"elementor-button-wrapper\">\n\t\t\t<a class=\"elementor-button elementor-button-link elementor-size-md\" href=\"#contact\">\n\t\t\t\t\t\t<span class=\"elementor-button-content-wrapper\">\n\t\t\t\t\t\t\t\t\t<span class=\"elementor-button-text\">Y\u00caU C\u1ea6U B\u1ea2N DEMO<\/span>\n\t\t\t\t\t<\/span>\n\t\t\t\t\t<\/a>\n\t\t<\/div>\n\t\t\t\t<\/div>\n\t\t\t\t<\/div>\n\t\t\t\t\t<\/div>\n\t\t\t\t<\/div>\n\t\t<div class=\"elementor-element elementor-element-9e6ff99 e-flex e-con-boxed e-con e-parent\" data-id=\"9e6ff99\" data-element_type=\"container\" data-settings=\"{&quot;background_background&quot;:&quot;classic&quot;}\">\n\t\t\t\t\t<div class=\"e-con-inner\">\n\t\t<div class=\"elementor-element elementor-element-4361c68 e-con-full e-flex elementor-invisible e-con e-child\" data-id=\"4361c68\" data-element_type=\"container\" data-settings=\"{&quot;background_background&quot;:&quot;classic&quot;,&quot;animation&quot;:&quot;fadeInUp&quot;}\">\n\t\t\t\t<div class=\"elementor-element elementor-element-f53f0e5 elementor-widget elementor-widget-spacer\" data-id=\"f53f0e5\" data-element_type=\"widget\" data-widget_type=\"spacer.default\">\n\t\t\t\t<div class=\"elementor-widget-container\">\n\t\t\t\t\t<div class=\"elementor-spacer\">\n\t\t\t<div class=\"elementor-spacer-inner\"><\/div>\n\t\t<\/div>\n\t\t\t\t<\/div>\n\t\t\t\t<\/div>\n\t\t\t\t<\/div>\n\t\t<div class=\"elementor-element elementor-element-4cea0bf e-con-full e-flex e-con e-child\" data-id=\"4cea0bf\" data-element_type=\"container\">\n\t\t<div class=\"elementor-element elementor-element-ce5ac8e e-con-full e-flex elementor-invisible e-con e-child\" data-id=\"ce5ac8e\" data-element_type=\"container\" data-settings=\"{&quot;animation&quot;:&quot;fadeInUp&quot;,&quot;animation_delay&quot;:400}\">\n\t\t\t\t<div class=\"elementor-element elementor-element-c3ee0e8 elementor-widget elementor-widget-heading\" data-id=\"c3ee0e8\" data-element_type=\"widget\" data-widget_type=\"heading.default\">\n\t\t\t\t<div class=\"elementor-widget-container\">\n\t\t\t<h5 class=\"elementor-heading-title elementor-size-default\">C\u00d4NG NGH\u1ec6 C\u1ee6A CH\u00daNG T\u00d4I<\/h5>\t\t<\/div>\n\t\t\t\t<\/div>\n\t\t\t\t<div class=\"elementor-element elementor-element-e173bdd elementor-widget__width-inherit elementor-widget elementor-widget-text-editor\" data-id=\"e173bdd\" data-element_type=\"widget\" data-widget_type=\"text-editor.default\">\n\t\t\t\t<div class=\"elementor-widget-container\">\n\t\t\t\t\t\t\t<p class=\"translation-block\">Gi\u1ea3i ph\u00e1p Digital Asset Custody c\u1ee7a ch\u00fang t\u00f4i cung c\u1ea5p <span class=\"responsive-text\" style=\"color: #20b3ab;font-family: 'Source Serif Pro';font-weight: 500\"><em>h\u1ea1 t\u1ea7ng an to\u00e0n, tu\u00e2n th\u1ee7 quy \u0111\u1ecbnh<\/em><\/span> cho c\u00e1c kh\u00e1ch h\u00e0ng t\u1ed5 ch\u1ee9c, b\u1ea3o v\u1ec7 c\u1ea3 t\u00e0i s\u1ea3n s\u1ed1 \u0111\u01b0\u1ee3c token h\u00f3a l\u1eabn t\u00e0i s\u1ea3n s\u1ed1 truy\u1ec1n th\u1ed1ng.\u00a0<\/p>\t\t\t\t\t\t<\/div>\n\t\t\t\t<\/div>\n\t\t\t\t<div class=\"elementor-element elementor-element-88ccef5 elementor-widget__width-inherit elementor-widget elementor-widget-text-editor\" data-id=\"88ccef5\" data-element_type=\"widget\" data-widget_type=\"text-editor.default\">\n\t\t\t\t<div class=\"elementor-widget-container\">\n\t\t\t\t\t\t\t<p>S\u1eed d\u1ee5ng h\u1ec7 th\u1ed1ng v\u00ed n\u00f3ng\/l\u1ea1nh, ch\u00fang t\u00f4i c\u00e2n b\u1eb1ng kh\u1ea3 n\u0103ng thanh kho\u1ea3n t\u1ee9c th\u1eddi qua v\u00ed n\u00f3ng trong khi l\u01b0u tr\u1eef ph\u1ea7n l\u1edbn t\u00e0i s\u1ea3n trong v\u00ed l\u1ea1nh offline an to\u00e0n. C\u00e1ch ti\u1ebfp c\u1eadn k\u1ebft h\u1ee3p n\u00e0y mang l\u1ea1i l\u1ee3i \u00edch t\u1ed1i \u01b0u gi\u1eefa b\u1ea3o m\u1eadt v\u00e0 hi\u1ec7u qu\u1ea3 v\u1eadn h\u00e0nh, \u0111\u1eb7c bi\u1ec7t trong qu\u1ea3n l\u00fd t\u00e0i s\u1ea3n s\u1ed1 theo d\u1ea1ng token b\u1ea3o m\u1eadt.<\/p>\t\t\t\t\t\t<\/div>\n\t\t\t\t<\/div>\n\t\t\t\t<\/div>\n\t\t\t\t<\/div>\n\t\t\t\t\t<\/div>\n\t\t\t\t<\/div>\n\t\t<div class=\"elementor-element elementor-element-d43537f e-flex e-con-boxed e-con e-parent\" data-id=\"d43537f\" data-element_type=\"container\" data-settings=\"{&quot;background_background&quot;:&quot;classic&quot;}\">\n\t\t\t\t\t<div class=\"e-con-inner\">\n\t\t\t\t<div class=\"elementor-element elementor-element-6d59d83 elementor-widget elementor-widget-heading\" data-id=\"6d59d83\" data-element_type=\"widget\" data-widget_type=\"heading.default\">\n\t\t\t\t<div class=\"elementor-widget-container\">\n\t\t\t<h5 class=\"elementor-heading-title elementor-size-default\">C\u00c1C T\u00cdNH N\u0102NG CH\u00cdNH<\/h5>\t\t<\/div>\n\t\t\t\t<\/div>\n\t\t<div class=\"elementor-element elementor-element-ccd148e e-con-full e-flex e-con e-child\" data-id=\"ccd148e\" data-element_type=\"container\">\n\t\t<div class=\"elementor-element elementor-element-1bc79b7 e-con-full e-flex elementor-invisible e-con e-child\" data-id=\"1bc79b7\" data-element_type=\"container\" data-settings=\"{&quot;animation&quot;:&quot;fadeInUp&quot;}\">\n\t\t\t\t<div class=\"elementor-element elementor-element-490f6f3 elementor-widget-tablet__width-initial elementor-widget elementor-widget-image\" data-id=\"490f6f3\" data-element_type=\"widget\" data-widget_type=\"image.default\">\n\t\t\t\t<div class=\"elementor-widget-container\">\n\t\t\t\t\t\t\t\t\t\t\t\t\t<img decoding=\"async\" data-src=\"https:\/\/www.hydrax.io\/wp-content\/uploads\/2024\/11\/Flexible-Wallet-Structures.png\" title=\"C\u1ea5u tr\u00fac v\u00ed linh ho\u1ea1t\" alt=\"\" loading=\"lazy\" src=\"data:image\/gif;base64,R0lGODlhAQABAAAAACH5BAEKAAEALAAAAAABAAEAAAICTAEAOw==\" class=\"lazyload\" style=\"--smush-placeholder-width: 87px; --smush-placeholder-aspect-ratio: 87\/80;\" \/><noscript><img decoding=\"async\" src=\"https:\/\/www.hydrax.io\/wp-content\/uploads\/2024\/11\/Flexible-Wallet-Structures.png\" title=\"C\u1ea5u tr\u00fac v\u00ed linh ho\u1ea1t\" alt=\"\" loading=\"lazy\" \/><\/noscript>\t\t\t\t\t\t\t\t\t\t\t\t\t<\/div>\n\t\t\t\t<\/div>\n\t\t<div class=\"elementor-element elementor-element-d6b3730 e-con-full e-flex e-con e-child\" data-id=\"d6b3730\" data-element_type=\"container\">\n\t\t\t\t<div class=\"elementor-element elementor-element-24adf37 elementor-widget__width-initial elementor-widget elementor-widget-heading\" data-id=\"24adf37\" data-element_type=\"widget\" data-widget_type=\"heading.default\">\n\t\t\t\t<div class=\"elementor-widget-container\">\n\t\t\t<h2 class=\"elementor-heading-title elementor-size-default\">C\u1ea5u tr\u00fac v\u00ed linh ho\u1ea1t<\/h2>\t\t<\/div>\n\t\t\t\t<\/div>\n\t\t\t\t<div class=\"elementor-element elementor-element-26cc57a elementor-widget elementor-widget-text-editor\" data-id=\"26cc57a\" data-element_type=\"widget\" data-widget_type=\"text-editor.default\">\n\t\t\t\t<div class=\"elementor-widget-container\">\n\t\t\t\t\t\t\t<p>Cho ph\u00e9p thi\u1ebft l\u1eadp v\u00ed n\u00f3ng, v\u00ed l\u1ea1nh ho\u1eb7c k\u1ebft h\u1ee3p linh ho\u1ea1t theo nhu c\u1ea7u b\u1ea3o m\u1eadt v\u00e0 thanh kho\u1ea3n.<\/p>\t\t\t\t\t\t<\/div>\n\t\t\t\t<\/div>\n\t\t\t\t<\/div>\n\t\t\t\t<\/div>\n\t\t<div class=\"elementor-element elementor-element-6b5558d e-con-full e-flex elementor-invisible e-con e-child\" data-id=\"6b5558d\" data-element_type=\"container\" data-settings=\"{&quot;animation&quot;:&quot;fadeInUp&quot;,&quot;animation_delay&quot;:400}\">\n\t\t\t\t<div class=\"elementor-element elementor-element-5509ba3 elementor-widget-tablet__width-initial elementor-widget elementor-widget-image\" data-id=\"5509ba3\" data-element_type=\"widget\" data-widget_type=\"image.default\">\n\t\t\t\t<div class=\"elementor-widget-container\">\n\t\t\t\t\t\t\t\t\t\t\t\t\t<img decoding=\"async\" data-src=\"https:\/\/www.hydrax.io\/wp-content\/uploads\/2024\/11\/Regulatory-Compliance.png\" title=\"Tu\u00e2n th\u1ee7 quy \u0111\u1ecbnh\" alt=\"\" loading=\"lazy\" src=\"data:image\/gif;base64,R0lGODlhAQABAAAAACH5BAEKAAEALAAAAAABAAEAAAICTAEAOw==\" class=\"lazyload\" style=\"--smush-placeholder-width: 76px; --smush-placeholder-aspect-ratio: 76\/80;\" \/><noscript><img decoding=\"async\" src=\"https:\/\/www.hydrax.io\/wp-content\/uploads\/2024\/11\/Regulatory-Compliance.png\" title=\"Tu\u00e2n th\u1ee7 quy \u0111\u1ecbnh\" alt=\"\" loading=\"lazy\" \/><\/noscript>\t\t\t\t\t\t\t\t\t\t\t\t\t<\/div>\n\t\t\t\t<\/div>\n\t\t<div class=\"elementor-element elementor-element-2bee122 e-con-full e-flex e-con e-child\" data-id=\"2bee122\" data-element_type=\"container\">\n\t\t\t\t<div class=\"elementor-element elementor-element-b4acf19 elementor-widget__width-initial elementor-widget elementor-widget-heading\" data-id=\"b4acf19\" data-element_type=\"widget\" data-widget_type=\"heading.default\">\n\t\t\t\t<div class=\"elementor-widget-container\">\n\t\t\t<h2 class=\"elementor-heading-title elementor-size-default\">Tu\u00e2n th\u1ee7 quy \u0111\u1ecbnh<\/h2>\t\t<\/div>\n\t\t\t\t<\/div>\n\t\t\t\t<div class=\"elementor-element elementor-element-6c73f7e elementor-widget elementor-widget-text-editor\" data-id=\"6c73f7e\" data-element_type=\"widget\" data-widget_type=\"text-editor.default\">\n\t\t\t\t<div class=\"elementor-widget-container\">\n\t\t\t\t\t\t\t<p>Tu\u00e2n th\u1ee7 \u0111\u1ea7y \u0111\u1ee7 c\u00e1c quy \u0111\u1ecbnh v\u1edbi ti\u00eau chu\u1ea9n ISO v\u00e0 SOC2, ki\u1ec3m to\u00e1n li\u00ean t\u1ee5c \u0111\u1ea3m b\u1ea3o an to\u00e0n v\u00e0 minh b\u1ea1ch.<\/p>\t\t\t\t\t\t<\/div>\n\t\t\t\t<\/div>\n\t\t\t\t<\/div>\n\t\t\t\t<\/div>\n\t\t<div class=\"elementor-element elementor-element-ff20684 e-con-full e-flex elementor-invisible e-con e-child\" data-id=\"ff20684\" data-element_type=\"container\" data-settings=\"{&quot;animation&quot;:&quot;fadeInUp&quot;,&quot;animation_delay&quot;:800}\">\n\t\t\t\t<div class=\"elementor-element elementor-element-31a28d4 elementor-widget-tablet__width-initial elementor-widget elementor-widget-image\" data-id=\"31a28d4\" data-element_type=\"widget\" data-widget_type=\"image.default\">\n\t\t\t\t<div class=\"elementor-widget-container\">\n\t\t\t\t\t\t\t\t\t\t\t\t\t<img decoding=\"async\" data-src=\"https:\/\/www.hydrax.io\/wp-content\/uploads\/2024\/11\/Multi-layer-Security.png\" title=\"Multi-layer Security\" alt=\"\" loading=\"lazy\" src=\"data:image\/gif;base64,R0lGODlhAQABAAAAACH5BAEKAAEALAAAAAABAAEAAAICTAEAOw==\" class=\"lazyload\" style=\"--smush-placeholder-width: 93px; --smush-placeholder-aspect-ratio: 93\/80;\" \/><noscript><img decoding=\"async\" src=\"https:\/\/www.hydrax.io\/wp-content\/uploads\/2024\/11\/Multi-layer-Security.png\" title=\"Multi-layer Security\" alt=\"\" loading=\"lazy\" \/><\/noscript>\t\t\t\t\t\t\t\t\t\t\t\t\t<\/div>\n\t\t\t\t<\/div>\n\t\t<div class=\"elementor-element elementor-element-461f1b1 e-con-full e-flex e-con e-child\" data-id=\"461f1b1\" data-element_type=\"container\">\n\t\t\t\t<div class=\"elementor-element elementor-element-6c522a3 elementor-widget elementor-widget-heading\" data-id=\"6c522a3\" data-element_type=\"widget\" data-widget_type=\"heading.default\">\n\t\t\t\t<div class=\"elementor-widget-container\">\n\t\t\t<h2 class=\"elementor-heading-title elementor-size-default\">B\u1ea3o m\u1eadt nhi\u1ec1u l\u1edbp<\/h2>\t\t<\/div>\n\t\t\t\t<\/div>\n\t\t\t\t<div class=\"elementor-element elementor-element-95fa397 elementor-widget elementor-widget-text-editor\" data-id=\"95fa397\" data-element_type=\"widget\" data-widget_type=\"text-editor.default\">\n\t\t\t\t<div class=\"elementor-widget-container\">\n\t\t\t\t\t\t\t<p>S\u1eed d\u1ee5ng HSM v\u00e0 c\u01a1 ch\u1ebf \u1ee7y quy\u1ec1n \u0111a ch\u1eef k\u00fd \u0111\u1ec3 n\u00e2ng cao b\u1ea3o m\u1eadt v\u00e0 ng\u0103n ch\u1eb7n truy c\u1eadp tr\u00e1i ph\u00e9p.<\/p>\t\t\t\t\t\t<\/div>\n\t\t\t\t<\/div>\n\t\t\t\t<\/div>\n\t\t\t\t<\/div>\n\t\t\t\t<\/div>\n\t\t\t\t\t<\/div>\n\t\t\t\t<\/div>\n\t\t<div class=\"elementor-element elementor-element-d5e294e e-flex e-con-boxed e-con e-parent\" data-id=\"d5e294e\" data-element_type=\"container\" id=\"contact\" data-settings=\"{&quot;background_background&quot;:&quot;slideshow&quot;,&quot;background_slideshow_gallery&quot;:[{&quot;id&quot;:21090,&quot;url&quot;:&quot;https:\\\/\\\/www.hydrax.io\\\/wp-content\\\/uploads\\\/2024\\\/11\\\/Contact-Us.jpg&quot;}],&quot;background_slideshow_loop&quot;:&quot;yes&quot;,&quot;background_slideshow_slide_duration&quot;:5000,&quot;background_slideshow_slide_transition&quot;:&quot;fade&quot;,&quot;background_slideshow_transition_duration&quot;:500}\">\n\t\t\t\t\t<div class=\"e-con-inner\">\n\t\t<div class=\"elementor-element elementor-element-866c655 e-con-full e-flex e-con e-child\" data-id=\"866c655\" data-element_type=\"container\">\n\t\t\t\t<div class=\"elementor-element elementor-element-a15325e elementor-widget__width-initial elementor-widget elementor-widget-heading\" data-id=\"a15325e\" data-element_type=\"widget\" data-widget_type=\"heading.default\">\n\t\t\t\t<div class=\"elementor-widget-container\">\n\t\t\t<h2 class=\"elementor-heading-title elementor-size-default\">Li\u00ean h\u1ec7 v\u1edbi ch\u00fang t\u00f4i<\/h2>\t\t<\/div>\n\t\t\t\t<\/div>\n\t\t\t\t<div class=\"elementor-element elementor-element-23bf640 elementor-widget__width-initial elementor-widget elementor-widget-text-editor\" data-id=\"23bf640\" data-element_type=\"widget\" data-widget_type=\"text-editor.default\">\n\t\t\t\t<div class=\"elementor-widget-container\">\n\t\t\t\t\t\t\t<p>Quan t\u00e2m \u0111\u1ebfn \u0111\u1ed5i m\u1edbi? H\u00e3y li\u00ean h\u1ec7 v\u1edbi ch\u00fang t\u00f4i \u0111\u1ec3 kh\u00e1m ph\u00e1 c\u00e1c c\u01a1 h\u1ed9i.<\/p>\t\t\t\t\t\t<\/div>\n\t\t\t\t<\/div>\n\t\t\t\t<\/div>\n\t\t<div class=\"elementor-element elementor-element-9a75023 e-con-full e-flex e-con e-child\" data-id=\"9a75023\" data-element_type=\"container\">\n\t\t\t\t<div class=\"elementor-element elementor-element-4122d1f elementor-widget__width-initial elementor-widget elementor-widget-html\" data-id=\"4122d1f\" data-element_type=\"widget\" data-widget_type=\"html.default\">\n\t\t\t\t<div class=\"elementor-widget-container\">\n\t\t\t<div class=\"_form_4\"><\/div><script src=\"https:\/\/hydrax.activehosted.com\/f\/embed.php?id=4\" charset=\"utf-8\"><\/script>\t\t<\/div>\n\t\t\t\t<\/div>\n\t\t\t\t<div class=\"elementor-element elementor-element-43f9133 elementor-widget__width-initial elementor-widget elementor-widget-text-editor\" data-id=\"43f9133\" data-element_type=\"widget\" data-widget_type=\"text-editor.default\">\n\t\t\t\t<div class=\"elementor-widget-container\">\n\t\t\t\t\t\t\t<p>Hydra X c\u00f3 th\u1ec3 li\u00ean h\u1ec7 v\u1edbi b\u1ea1n v\u1ec1 c\u00e1c s\u1ea3n ph\u1ea9m v\u00e0 d\u1ecbch v\u1ee5 c\u1ee7a ch\u00fang t\u00f4i c\u0169ng nh\u01b0 nh\u1eefng th\u00f4ng tin m\u1edbi nh\u1ea5t trong ng\u00e0nh. B\u1ea1n c\u00f3 th\u1ec3 ch\u1ecdn kh\u00f4ng nh\u1eadn th\u00f4ng tin li\u00ean l\u1ea1c t\u1eeb ch\u00fang t\u00f4i b\u1ea5t k\u1ef3 l\u00fac n\u00e0o.<\/p>\t\t\t\t\t\t<\/div>\n\t\t\t\t<\/div>\n\t\t\t\t<\/div>\n\t\t\t\t\t<\/div>\n\t\t\t\t<\/div>\n\t\t\t\t<\/div>","protected":false},"excerpt":{"rendered":"<p>MARKET TECHNOLOGY Custody REQUEST A DEMO OUR TECHNOLOGY Our Digital Asset Custody solution provides secure, regulatory-compliant infrastructure for institutional clients, safeguarding both tokenised and traditional digital assets.\u00a0 Using a hot\/cold wallet system, we balance immediate liquidity through hot wallets while storing the majority of assets in secure, offline cold wallets. This hybrid approach offers the [&hellip;]<\/p>","protected":false},"author":4,"featured_media":23632,"parent":0,"menu_order":0,"comment_status":"closed","ping_status":"closed","template":"","meta":{"_monsterinsights_skip_tracking":false,"_monsterinsights_sitenote_active":false,"_monsterinsights_sitenote_note":"","_monsterinsights_sitenote_category":0,"footnotes":""},"class_list":["post-9975","page","type-page","status-publish","has-post-thumbnail","hentry"],"yoast_head":"<!-- This site is optimized with the Yoast SEO plugin v23.6 - https:\/\/yoast.com\/wordpress\/plugins\/seo\/ -->\n<title>Hydra X | Secure, Compliant Custody for Digital Assets<\/title>\n<meta name=\"description\" content=\"Digital Asset Custody solution safeguards assets for institutional client, equipped with ISO and SOC2 standards for regulatory compliance.\" \/>\n<meta name=\"robots\" content=\"index, follow, max-snippet:-1, max-image-preview:large, max-video-preview:-1\" \/>\n<link rel=\"canonical\" href=\"https:\/\/www.hydrax.io\/vn\/custody-solution\/\" \/>\n<meta property=\"og:locale\" content=\"vi_VN\" \/>\n<meta property=\"og:type\" content=\"article\" \/>\n<meta property=\"og:title\" content=\"Hydra X | Secure, Compliant Custody for Digital Assets\" \/>\n<meta property=\"og:description\" content=\"Digital Asset Custody solution safeguards assets for institutional client, equipped with ISO and SOC2 standards for regulatory compliance.\" \/>\n<meta property=\"og:url\" content=\"https:\/\/www.hydrax.io\/vn\/custody-solution\/\" \/>\n<meta property=\"og:site_name\" content=\"Hydra X\" \/>\n<meta property=\"article:modified_time\" content=\"2024-11-26T09:55:00+00:00\" \/>\n<meta property=\"og:image\" content=\"https:\/\/www.hydrax.io\/wp-content\/uploads\/2024\/11\/MarketTech_Custody-Square.gif\" \/>\n\t<meta property=\"og:image:width\" content=\"600\" \/>\n\t<meta property=\"og:image:height\" content=\"600\" \/>\n\t<meta property=\"og:image:type\" content=\"image\/gif\" \/>\n<meta name=\"twitter:card\" content=\"summary_large_image\" \/>\n<meta name=\"twitter:label1\" content=\"\u01af\u1edbc t\u00ednh th\u1eddi gian \u0111\u1ecdc\" \/>\n\t<meta name=\"twitter:data1\" content=\"4 ph\u00fat\" \/>\n<script type=\"application\/ld+json\" class=\"yoast-schema-graph\">{\"@context\":\"https:\/\/schema.org\",\"@graph\":[{\"@type\":\"WebPage\",\"@id\":\"https:\/\/www.hydrax.io\/custody-solution\/\",\"url\":\"https:\/\/www.hydrax.io\/custody-solution\/\",\"name\":\"Hydra X | Secure, Compliant Custody for Digital Assets\",\"isPartOf\":{\"@id\":\"https:\/\/www.hydrax.io\/#website\"},\"primaryImageOfPage\":{\"@id\":\"https:\/\/www.hydrax.io\/custody-solution\/#primaryimage\"},\"image\":{\"@id\":\"https:\/\/www.hydrax.io\/custody-solution\/#primaryimage\"},\"thumbnailUrl\":\"https:\/\/www.hydrax.io\/wp-content\/uploads\/2024\/11\/MarketTech_Custody-Square.gif\",\"datePublished\":\"2021-05-19T06:30:17+00:00\",\"dateModified\":\"2024-11-26T09:55:00+00:00\",\"description\":\"Digital Asset Custody solution safeguards assets for institutional client, equipped with ISO and SOC2 standards for regulatory compliance.\",\"breadcrumb\":{\"@id\":\"https:\/\/www.hydrax.io\/custody-solution\/#breadcrumb\"},\"inLanguage\":\"vi\",\"potentialAction\":[{\"@type\":\"ReadAction\",\"target\":[\"https:\/\/www.hydrax.io\/custody-solution\/\"]}]},{\"@type\":\"ImageObject\",\"inLanguage\":\"vi\",\"@id\":\"https:\/\/www.hydrax.io\/custody-solution\/#primaryimage\",\"url\":\"https:\/\/www.hydrax.io\/wp-content\/uploads\/2024\/11\/MarketTech_Custody-Square.gif\",\"contentUrl\":\"https:\/\/www.hydrax.io\/wp-content\/uploads\/2024\/11\/MarketTech_Custody-Square.gif\",\"width\":600,\"height\":600},{\"@type\":\"BreadcrumbList\",\"@id\":\"https:\/\/www.hydrax.io\/custody-solution\/#breadcrumb\",\"itemListElement\":[{\"@type\":\"ListItem\",\"position\":1,\"name\":\"Home\",\"item\":\"https:\/\/www.hydrax.io\/\"},{\"@type\":\"ListItem\",\"position\":2,\"name\":\"Technology &#8211; Digital Asset Custody\"}]},{\"@type\":\"WebSite\",\"@id\":\"https:\/\/www.hydrax.io\/#website\",\"url\":\"https:\/\/www.hydrax.io\/\",\"name\":\"Hydra X\",\"description\":\"Professional Trading Technology\",\"publisher\":{\"@id\":\"https:\/\/www.hydrax.io\/#organization\"},\"potentialAction\":[{\"@type\":\"SearchAction\",\"target\":{\"@type\":\"EntryPoint\",\"urlTemplate\":\"https:\/\/www.hydrax.io\/?s={search_term_string}\"},\"query-input\":{\"@type\":\"PropertyValueSpecification\",\"valueRequired\":true,\"valueName\":\"search_term_string\"}}],\"inLanguage\":\"vi\"},{\"@type\":\"Organization\",\"@id\":\"https:\/\/www.hydrax.io\/#organization\",\"name\":\"Hydra X\",\"url\":\"https:\/\/www.hydrax.io\/\",\"logo\":{\"@type\":\"ImageObject\",\"inLanguage\":\"vi\",\"@id\":\"https:\/\/www.hydrax.io\/#\/schema\/logo\/image\/\",\"url\":\"https:\/\/www.hydrax.io\/wp-content\/uploads\/2019\/10\/Hydra-X-Logo-Blue.png\",\"contentUrl\":\"https:\/\/www.hydrax.io\/wp-content\/uploads\/2019\/10\/Hydra-X-Logo-Blue.png\",\"width\":1052,\"height\":849,\"caption\":\"Hydra X\"},\"image\":{\"@id\":\"https:\/\/www.hydrax.io\/#\/schema\/logo\/image\/\"}}]}<\/script>\n<!-- \/ Yoast SEO plugin. -->","yoast_head_json":{"title":"Hydra X | Secure, Compliant Custody for Digital Assets","description":"Digital Asset Custody solution safeguards assets for institutional client, equipped with ISO and SOC2 standards for regulatory compliance.","robots":{"index":"index","follow":"follow","max-snippet":"max-snippet:-1","max-image-preview":"max-image-preview:large","max-video-preview":"max-video-preview:-1"},"canonical":"https:\/\/www.hydrax.io\/vn\/custody-solution\/","og_locale":"vi_VN","og_type":"article","og_title":"Hydra X | Secure, Compliant Custody for Digital Assets","og_description":"Digital Asset Custody solution safeguards assets for institutional client, equipped with ISO and SOC2 standards for regulatory compliance.","og_url":"https:\/\/www.hydrax.io\/vn\/custody-solution\/","og_site_name":"Hydra X","article_modified_time":"2024-11-26T09:55:00+00:00","og_image":[{"width":600,"height":600,"url":"https:\/\/www.hydrax.io\/wp-content\/uploads\/2024\/11\/MarketTech_Custody-Square.gif","type":"image\/gif"}],"twitter_card":"summary_large_image","twitter_misc":{"\u01af\u1edbc t\u00ednh th\u1eddi gian \u0111\u1ecdc":"4 ph\u00fat"},"schema":{"@context":"https:\/\/schema.org","@graph":[{"@type":"WebPage","@id":"https:\/\/www.hydrax.io\/custody-solution\/","url":"https:\/\/www.hydrax.io\/custody-solution\/","name":"Hydra X | Secure, Compliant Custody for Digital Assets","isPartOf":{"@id":"https:\/\/www.hydrax.io\/#website"},"primaryImageOfPage":{"@id":"https:\/\/www.hydrax.io\/custody-solution\/#primaryimage"},"image":{"@id":"https:\/\/www.hydrax.io\/custody-solution\/#primaryimage"},"thumbnailUrl":"https:\/\/www.hydrax.io\/wp-content\/uploads\/2024\/11\/MarketTech_Custody-Square.gif","datePublished":"2021-05-19T06:30:17+00:00","dateModified":"2024-11-26T09:55:00+00:00","description":"Digital Asset Custody solution safeguards assets for institutional client, equipped with ISO and SOC2 standards for regulatory compliance.","breadcrumb":{"@id":"https:\/\/www.hydrax.io\/custody-solution\/#breadcrumb"},"inLanguage":"vi","potentialAction":[{"@type":"ReadAction","target":["https:\/\/www.hydrax.io\/custody-solution\/"]}]},{"@type":"ImageObject","inLanguage":"vi","@id":"https:\/\/www.hydrax.io\/custody-solution\/#primaryimage","url":"https:\/\/www.hydrax.io\/wp-content\/uploads\/2024\/11\/MarketTech_Custody-Square.gif","contentUrl":"https:\/\/www.hydrax.io\/wp-content\/uploads\/2024\/11\/MarketTech_Custody-Square.gif","width":600,"height":600},{"@type":"BreadcrumbList","@id":"https:\/\/www.hydrax.io\/custody-solution\/#breadcrumb","itemListElement":[{"@type":"ListItem","position":1,"name":"Home","item":"https:\/\/www.hydrax.io\/"},{"@type":"ListItem","position":2,"name":"Technology &#8211; Digital Asset Custody"}]},{"@type":"WebSite","@id":"https:\/\/www.hydrax.io\/#website","url":"https:\/\/www.hydrax.io\/","name":"Hydra X","description":"Professional Trading Technology","publisher":{"@id":"https:\/\/www.hydrax.io\/#organization"},"potentialAction":[{"@type":"SearchAction","target":{"@type":"EntryPoint","urlTemplate":"https:\/\/www.hydrax.io\/?s={search_term_string}"},"query-input":{"@type":"PropertyValueSpecification","valueRequired":true,"valueName":"search_term_string"}}],"inLanguage":"vi"},{"@type":"Organization","@id":"https:\/\/www.hydrax.io\/#organization","name":"Hydra X","url":"https:\/\/www.hydrax.io\/","logo":{"@type":"ImageObject","inLanguage":"vi","@id":"https:\/\/www.hydrax.io\/#\/schema\/logo\/image\/","url":"https:\/\/www.hydrax.io\/wp-content\/uploads\/2019\/10\/Hydra-X-Logo-Blue.png","contentUrl":"https:\/\/www.hydrax.io\/wp-content\/uploads\/2019\/10\/Hydra-X-Logo-Blue.png","width":1052,"height":849,"caption":"Hydra X"},"image":{"@id":"https:\/\/www.hydrax.io\/#\/schema\/logo\/image\/"}}]}},"_links":{"self":[{"href":"https:\/\/www.hydrax.io\/vn\/wp-json\/wp\/v2\/pages\/9975"}],"collection":[{"href":"https:\/\/www.hydrax.io\/vn\/wp-json\/wp\/v2\/pages"}],"about":[{"href":"https:\/\/www.hydrax.io\/vn\/wp-json\/wp\/v2\/types\/page"}],"author":[{"embeddable":true,"href":"https:\/\/www.hydrax.io\/vn\/wp-json\/wp\/v2\/users\/4"}],"replies":[{"embeddable":true,"href":"https:\/\/www.hydrax.io\/vn\/wp-json\/wp\/v2\/comments?post=9975"}],"version-history":[{"count":74,"href":"https:\/\/www.hydrax.io\/vn\/wp-json\/wp\/v2\/pages\/9975\/revisions"}],"predecessor-version":[{"id":24222,"href":"https:\/\/www.hydrax.io\/vn\/wp-json\/wp\/v2\/pages\/9975\/revisions\/24222"}],"wp:featuredmedia":[{"embeddable":true,"href":"https:\/\/www.hydrax.io\/vn\/wp-json\/wp\/v2\/media\/23632"}],"wp:attachment":[{"href":"https:\/\/www.hydrax.io\/vn\/wp-json\/wp\/v2\/media?parent=9975"}],"curies":[{"name":"wp","href":"https:\/\/api.w.org\/{rel}","templated":true}]}}